{"id":295893,"date":"2021-01-27T13:32:18","date_gmt":"2021-01-27T11:32:18","guid":{"rendered":"https:\/\/www.huntersfriend.eu\/product\/gold-tip-hunter-xt-specialanpassade-pilar\/"},"modified":"2026-04-24T07:51:11","modified_gmt":"2026-04-24T05:51:11","slug":"gold-tip-hunter-xt-specialanpassade-pilar","status":"publish","type":"product","link":"https:\/\/www.huntersfriend.eu\/sv\/produkt\/gold-tip-hunter-xt-specialanpassade-pilar\/","title":{"rendered":"Gold Tip Hunter XT specialanpassade pilar"},"content":{"rendered":"<p><em><strong>Alla specialanpassade pilar handbyggs till den niv\u00e5 du \u00f6nskar. N\u00e4r de \u00e4r f\u00e4rdiga \u00e4r allt som beh\u00f6vs en f\u00e4ltspets eller bredblad, s\u00e5 \u00e4r du redo att skjuta. <\/strong><\/em><\/p>\n<p><strong>LASERSTR\u00c5LEPRECISION<\/strong><br \/>\nTack vare Gold Tips 100 % kolfiberteknik f\u00f6renas hastighet, stabilitet och styrka och g\u00f6r Hunter XT-pilarna utm\u00e4rkta f\u00f6r i stort sett alla jaktsituationer. XT-versionerna har en anm\u00e4rkningsv\u00e4rt exakt rakhetsfaktor p\u00e5 \u00b10,003&#8243;. Hunter XT har blivit lite av en butikfavorit i \u00e5r, och jag har sj\u00e4lv blivit ett stort fan. Letar du efter en riktigt bra pil som inte spr\u00e4cker budgeten, SLUTA LETA \u2013 du har hittat den! Det dr\u00f6jer inte l\u00e4nge innan du inser att du valde r\u00e4tt n\u00e4r du b\u00f6rjar skicka iv\u00e4g n\u00e5gra nerf\u00f6r banan.    <strong><br \/>\n<\/strong><\/p>\n<h3>SPECIFIKATIONER F\u00d6R GOLD TIP HUNTER:<\/h3>\n<table>\n<tbody>\n<tr>\n<td><\/td>\n<td><strong>340<\/strong><br \/>\n0,340&#8243; deflektion<br \/>\n8,9 GPI<br \/>\n+\/-0,003&#8243; rakhet<br \/>\n0,298&#8243; ytterdiameter<\/td>\n<td><strong>400<\/strong><br \/>\n0,400&#8243; deflektion<br \/>\n8,2 GPI<br \/>\n+\/-0,003&#8243; rakhet<br \/>\n0,295&#8243; ytterdiameter<\/td>\n<td><\/td>\n<\/tr>\n<\/tbody>\n<\/table>\n<p><span lang=\"EN-US\">Den h\u00e4r spine-tabellen \u00e4r normaliserad f\u00f6r moderna compoundb\u00e5gar med IBO-hastigheter mellan 280\u2013330 fps. F\u00f6r snabbare b\u00e5gar, l\u00e4s tabellen ett steg ned och \u00e5t h\u00f6ger. F\u00f6r l\u00e5ngsammare b\u00e5gar, l\u00e4s tabellen ett steg upp och \u00e5t v\u00e4nster. Tabellen g\u00e4ller inte traditionella b\u00e5gar. OBS: Faktiska pilspine-deflektioner st\u00e4mmer inte n\u00f6dv\u00e4ndigtvis med tillverkarens marknadsf\u00f6rda spine-storlekar (Gold Tip 5575, Carbon Force 200, Carbon Express 60\/75 osv.). Tillverkarens spine-storlekssystem       <\/span><strong><span lang=\"EN-US\">kan vara godtyckliga<\/span><\/strong><span lang=\"EN-US\">  (100, 200, 300, 400) och kan, men beh\u00f6ver inte, \u00e5terspegla pilarnas faktiska spine-deflektioner. Till exempel har en &#8221;Carbon Express Maxima 250&#8243; en faktisk spine-deflektion p\u00e5 0,404&#8243;, inte 0,250&#8221; som storleken antyder. I det h\u00e4r fallet \u00e4r betygssystemet godtyckligt. F\u00f6r att vara p\u00e5 den s\u00e4kra sidan, utg\u00e5 INTE fr\u00e5n att en pils angivna spine-storlek matchar pilens faktiska deflektion. Se faktiska pilspecifikationer ovan innan du anv\u00e4nder den h\u00e4r tabellen f\u00f6r att v\u00e4lja l\u00e4mplig spine-styvhet f\u00f6r din b\u00e5ge.      <em><strong>Beh\u00f6ver du hj\u00e4lp, ring v\u00e5r pro-shop p\u00e5 +358 45 208 6292 eller mejla oss f\u00f6r assistans.<\/strong><\/em><\/span><\/p>\n<p><strong>STANDARDISERADE TABELLER F\u00d6R PILSPINE\/DEFLEKTION<\/strong><\/p>\n<p>Den h\u00e4r tabellen \u00e4r normaliserad f\u00f6r moderna compoundb\u00e5gar med IBO-hastigheter mellan 280\u2013330 fps. F\u00f6r snabbare b\u00e5gar, l\u00e4s tabellen ett steg ned och \u00e5t h\u00f6ger. F\u00f6r l\u00e5ngsammare b\u00e5gar, l\u00e4s tabellen ett steg upp och \u00e5t v\u00e4nster. Tabellen g\u00e4ller inte traditionella b\u00e5gar. OBS: Faktiska pilspine-deflektioner st\u00e4mmer inte n\u00f6dv\u00e4ndigtvis med tillverkarens marknadsf\u00f6rda spine-storlekar (Gold Tip 5575, Carbon Force 200, Carbon Express 60\/75 osv.). Tillverkarens spine-storlekssystem <strong>kan vara godtyckliga<\/strong> (100, 200, 300, 400) och kan, men beh\u00f6ver inte, \u00e5terspegla pilarnas faktiska spine-deflektioner. Till exempel har en &#8221;Carbon Express Maxima 250&#8243; en faktisk spine-deflektion p\u00e5 0,404&#8243;, inte 0,250&#8221; som storleken antyder. I det h\u00e4r fallet \u00e4r betygssystemet godtyckligt. F\u00f6r att vara p\u00e5 den s\u00e4kra sidan, utg\u00e5 INTE fr\u00e5n att en pils angivna spine-storlek matchar pilens faktiska deflektion. Se faktiska pilspecifikationer ovan innan du anv\u00e4nder den h\u00e4r tabellen f\u00f6r att v\u00e4lja l\u00e4mplig spine-styvhet f\u00f6r din b\u00e5ge. Beh\u00f6ver du hj\u00e4lp, ring v\u00e5r pro-shop eller mejla oss f\u00f6r assistans.          <\/p>\n<p><strong>OM V\u00c5RT PROGRAM F\u00d6R SPECIALANPASSADE PILAR:<\/strong><\/p>\n<p><strong>VARJE PIL HANDBYGGS FR\u00c5N R\u00c5A PILSKAFT` <\/strong>Att handbygga pilar g\u00f6r att vi kan g\u00f6ra s\u00e5dant som v\u00e5ra konkurrenter i stora kedjor inte kan. Varje r\u00e5tt skaft och dess komponenter kontrolleras f\u00f6r tillverkningsfel innan montering. Varje skaft f\u00f6rbereds korrekt och varje fj\u00e4der kontrolleras f\u00f6r hand s\u00e5 att den sitter som den ska. D\u00e4refter riktas alla nockar in och varje pil kapas enligt dina specifikationer i en av v\u00e5ra h\u00f6gvarviga pils\u00e5gar p\u00e5 8 000 rpm. Sedan monterar vi dina inserts, f\u00e4ltspetsar (om de best\u00e4llts separat) och reng\u00f6r pilarna f\u00f6r att ta bort oljor eller limrester. F\u00e4rdiga pilset m\u00e5ste sedan klara en noggrann kontroll i flera steg innan de godk\u00e4nns f\u00f6r leverans till v\u00e5ra kunder. Vi inser att vi inte bygger ballistiska missiler h\u00e4r, men vi tar v\u00e5ra pilar p\u00e5 stort allvar. N\u00e4r dina specialanpassade pilar kommer vill vi att du ska bli imponerad. V\u00e5ra specialpilar levereras exakt enligt dina specifikationer och \u00e4r 100 % skjutklara. Det h\u00e4r \u00e4r den typ av service du bara f\u00e5r fr\u00e5n en riktig b\u00e5gskytte-pro-shop, och vi \u00e4r stolta \u00f6ver att s\u00e4tta en kvalitetsstandard som en maskin helt enkelt inte kan matcha.         <\/p>\n<p><strong>VARJE PIL \u00c4R SKJUTKLAR`<\/strong> L\u00e5t dig inte luras av s\u00e5 kallade &#8221;field ready arrows&#8221; som erbjuds i stora kedjor och hos m\u00e5nga \u00e5terf\u00f6rs\u00e4ljare. De \u00e4r INTE <u>f\u00e4rdiga<\/u> pilar. Kedjepilar \u00e4r helt enkelt r\u00e5a skaft i full l\u00e4ngd som maskinfj\u00e4drats med de billigaste materialen som finns (ofta fr\u00e5n utlandet). De \u00e4r definitivt INTE redo f\u00f6r anv\u00e4ndning i f\u00e4lt och deras kvalitet kan inte j\u00e4mf\u00f6ras med handbyggda specialpilar. Dessutom f\u00e5r kunden v\u00e4ldigt lite valfrihet n\u00e4r man k\u00f6per maskinfj\u00e4drade standardpilar. Oftast f\u00e5r du bara det som ligger i l\u00e5dan och s\u00e5 f\u00e5r du leva med det. Vi tycker att det \u00e4r en ganska l\u00e5g standard.      <\/p>\n<p><strong>ARBETE GJORT BARA F\u00d6R DIG` <\/strong>Specialanpassade pilar BYGGS OCH KAPAS ENLIGT DINA FAKTISKA BEST\u00c4LLNINGSSPECIFIKATIONER. Inget tillverkas i f\u00f6rv\u00e4g. Ingen process startar f\u00f6rr\u00e4n du l\u00e4gger din best\u00e4llning. Men t\u00e4nk p\u00e5 att n\u00e4r vi v\u00e4l kn\u00e4ckt \u00e4ggen och b\u00f6rjat med din omelett kan vi inte l\u00e4gga tillbaka allt i skalet f\u00f6r n\u00e5gon annan senare. Specialpilar kan inte l\u00e4ggas tillbaka i lager. N\u00e4r de v\u00e4l \u00e4r fj\u00e4drade, har inserts monterats eller kapats till l\u00e4ngd kan specialbest\u00e4llningar inte avbest\u00e4llas, returneras eller bytas \u2013 f\u00f6rutom i s\u00e4llsynta fall av tillverkningsfel eller om vi gjort fel i best\u00e4llningen. S\u00e5 var s\u00e4ker p\u00e5 dina specifikationer innan du best\u00e4ller. N\u00e4r ett specialset pilar byggs BARA F\u00d6R DIG \u00e4r de dina. Sj\u00e4lvklart, om det finns ett legitimt problem st\u00e5r vi g\u00e4rna bakom v\u00e5rt arbete och l\u00f6ser det. Men det kommer vi inte beh\u00f6va. Vi ser till att dina pilar blir grymma redan f\u00f6rsta g\u00e5ngen. Du f\u00e5r se &#8230;           <\/p>\n<p><strong>HUR L\u00c5NG TID TAR DET? N\u00c4R F\u00c5R JAG MINA PILAR?  <\/strong>Majoriteten (cirka 94 %) av v\u00e5ra specialbest\u00e4llningar i pro-shopen hanteras, byggs, inspekteras och skickas inom 2\u20134 arbetsdagar. Under de lugnare m\u00e5naderna (jan\u2013juli) sl\u00e5r vi oftast det snittet med en dag. Under de mer hektiska m\u00e5naderna (aug\u2013dec) brukar det ta en extra dag. Sammantaget \u00e4r en officiell ledtid p\u00e5 1\u20135 dagar den mest \u00e4rliga uppskattningen vi kan ge. Vi vet att v\u00e5ra kunder \u00e4r ivriga att f\u00e5 hem grejerna och komma ig\u00e5ng, s\u00e5 vi jobbar p\u00e5 och skickar ut best\u00e4llningarna s\u00e5 snabbt vi bara kan. Om det uppst\u00e5r n\u00e5gon form av problem eller undantag meddelar vi dig.      Men generellt kan du r\u00e4kna med att din specialbest\u00e4llning fr\u00e5n pro-shopen \u00e4r p\u00e5 v\u00e4g inom n\u00e5gra arbetsdagar. V\u00e5rt kundservice-mejlsystem h\u00e5ller dig uppdaterad om din orderstatus under tiden. Faktiska leveranstider varierar beroende p\u00e5 avst\u00e5ndet fr\u00e5n pro-shopen\/lagret i Finland.  <\/p>\n<table width=\"948\">\n<tbody>\n<tr>\n<td><\/td>\n<\/tr>\n<\/tbody>\n<\/table>\n","protected":false},"excerpt":{"rendered":"<p>Vi s\u00e4ljer i paket om 12, 24 st&#8230;.<\/p>\n","protected":false},"featured_media":194393,"comment_status":"open","ping_status":"closed","template":"","meta":[],"product_brand":[],"product_cat":[2555],"product_tag":[],"class_list":{"0":"post-295893","1":"product","2":"type-product","3":"status-publish","4":"has-post-thumbnail","6":"product_cat-kolfiber-handgjord","8":"first","9":"instock","10":"taxable","11":"shipping-taxable","12":"purchasable","13":"product-type-composite"},"composite_virtual":false,"composite_layout":"single","composite_add_to_cart_form_location":"default","composite_editable_in_cart":false,"composite_sold_individually_context":"product","composite_shop_price_calc":"min_max","composite_components":[{"id":"1550047357","title":"Pilskaft","description":"","query_type":"product_ids","query_ids":[219594],"default_option_id":"","thumbnail_id":"","thumbnail_src":"","quantity_min":12,"quantity_max":"","priced_individually":true,"shipped_individually":false,"optional":false,"discount":"","options_style":"dropdowns","pagination_style":"classic","display_prices":"absolute","show_sorting_options":false,"show_filtering_options":false,"attribute_filter_ids":[],"select_action":"view","product_title_visible":true,"product_descr_visible":false,"product_price_visible":false,"product_thumb_visible":false,"subtotal_visible_product":true,"subtotal_visible_cart":true,"subtotal_visible_orders":true,"product_addons_visible":true},{"id":"1550047977","title":"F\u00e4rg p\u00e5 styrfj\u00e4der","description":"<p>Det h\u00e4r \u00e4r en av de tre fj\u00e4drarna p\u00e5 pilen. Alla tre fj\u00e4drar m\u00e5ste vara av samma typ men inte samma f\u00e4rg. <\/p>\n","query_type":"product_ids","query_ids":[289307,289326,289335,289353,288891],"default_option_id":289307,"thumbnail_id":"","thumbnail_src":"","quantity_min":12,"quantity_max":"","priced_individually":false,"shipped_individually":false,"optional":false,"discount":"","options_style":"dropdowns","pagination_style":"classic","display_prices":"absolute","show_sorting_options":false,"show_filtering_options":false,"attribute_filter_ids":[],"select_action":"view","product_title_visible":true,"product_descr_visible":false,"product_price_visible":false,"product_thumb_visible":false,"subtotal_visible_product":true,"subtotal_visible_cart":true,"subtotal_visible_orders":true,"product_addons_visible":true},{"id":"1550047978","title":"F\u00e4rg p\u00e5 hen-fj\u00e4drar","description":"<p>Det h\u00e4r \u00e4r tv\u00e5 av de tre fj\u00e4drarna p\u00e5 pilen. Alla tre fj\u00e4drar m\u00e5ste vara av samma typ men inte samma f\u00e4rg. <\/p>\n","query_type":"product_ids","query_ids":[289307,289326,289335,289353,288891],"default_option_id":289307,"thumbnail_id":"","thumbnail_src":"","quantity_min":24,"quantity_max":"","priced_individually":false,"shipped_individually":false,"optional":false,"discount":"","options_style":"dropdowns","pagination_style":"classic","display_prices":"absolute","show_sorting_options":false,"show_filtering_options":false,"attribute_filter_ids":[],"select_action":"view","product_title_visible":true,"product_descr_visible":false,"product_price_visible":false,"product_thumb_visible":false,"subtotal_visible_product":true,"subtotal_visible_cart":true,"subtotal_visible_orders":true,"product_addons_visible":true}],"composite_scenarios":[],"group_of_quantity":0,"min_quantity":0,"max_quantity":"","exclude_order_quantity_value_rules":"no","exclude_category_quantity_rules":"no","combine_variations":"no","exclude_global_add_ons":false,"addons":[{"name":"Fj\u00e4dringsstil","type":"multiple_choice","position":0,"required":true,"title_format":"label","default":"","description_enable":false,"description":null,"placeholder_enable":false,"placeholder":null,"display":"select","restrictions_type":"any_text","adjust_price":false,"price":"","price_type":"flat_fee","restrictions":false,"min":"0","max":"0","options":[{"label":"Offset","price":"","price_type":"flat_fee","image":0,"visibility":true},{"label":"Helikal","price":"","price_type":"flat_fee","image":0,"visibility":true},{"label":"Rak","price":"","price_type":"flat_fee","image":0,"visibility":true}],"id":1745494242}],"_links":{"self":[{"href":"https:\/\/www.huntersfriend.eu\/sv\/wp-json\/wp\/v2\/product\/295893","targetHints":{"allow":["GET"]}}],"collection":[{"href":"https:\/\/www.huntersfriend.eu\/sv\/wp-json\/wp\/v2\/product"}],"about":[{"href":"https:\/\/www.huntersfriend.eu\/sv\/wp-json\/wp\/v2\/types\/product"}],"replies":[{"embeddable":true,"href":"https:\/\/www.huntersfriend.eu\/sv\/wp-json\/wp\/v2\/comments?post=295893"}],"wp:featuredmedia":[{"embeddable":true,"href":"https:\/\/www.huntersfriend.eu\/sv\/wp-json\/wp\/v2\/media\/194393"}],"wp:attachment":[{"href":"https:\/\/www.huntersfriend.eu\/sv\/wp-json\/wp\/v2\/media?parent=295893"}],"wp:term":[{"taxonomy":"product_brand","embeddable":true,"href":"https:\/\/www.huntersfriend.eu\/sv\/wp-json\/wp\/v2\/product_brand?post=295893"},{"taxonomy":"product_cat","embeddable":true,"href":"https:\/\/www.huntersfriend.eu\/sv\/wp-json\/wp\/v2\/product_cat?post=295893"},{"taxonomy":"product_tag","embeddable":true,"href":"https:\/\/www.huntersfriend.eu\/sv\/wp-json\/wp\/v2\/product_tag?post=295893"}],"curies":[{"name":"wp","href":"https:\/\/api.w.org\/{rel}","templated":true}]}}