{"id":295891,"date":"2019-02-13T12:38:26","date_gmt":"2019-02-13T12:38:26","guid":{"rendered":"https:\/\/www.huntersfriend.eu\/product\/easton-full-metal-jacket-fmj-5mm-kundanpassade-pilar\/"},"modified":"2026-04-24T07:51:06","modified_gmt":"2026-04-24T05:51:06","slug":"easton-full-metal-jacket-fmj-5mm-kundanpassade-pilar","status":"publish","type":"product","link":"https:\/\/www.huntersfriend.eu\/sv\/produkt\/easton-full-metal-jacket-fmj-5mm-kundanpassade-pilar\/","title":{"rendered":"Easton Full Metal Jacket FMJ 5mm kundanpassade pilar"},"content":{"rendered":"<p><em><strong>Alla kundanpassade pilar \u00e4r handgjorda och redo enligt den niv\u00e5 du \u00f6nskar. N\u00e4r de \u00e4r f\u00e4rdigst\u00e4llda beh\u00f6vs bara en tr\u00e4ningsspets eller jaktspets, sen \u00e4r du redo att skjuta. <\/strong><\/em><\/p>\n<h3>LEGENDARISK GENETIK<\/h3>\n<p>Byggd p\u00e5 axlarna av den legendariska Full Metal Jacket, tar Eastons helt nya FMJ 5mm d\u00f6dligheten hos aluminium\/karbon-kompositpilar till nya h\u00f6jder. Perfekt f\u00f6r j\u00e4gare som vill l\u00e4gga till \u00e4nnu mer r\u00f6relseenergi (KE) till sin jaktb\u00e5ge. FMJ 5mm har f\u00f6rb\u00e4ttrad sektionsdensitet, mindre yta och en reducerad diameter f\u00f6r att f\u00e5 \u00e4nnu mer kraft bakom spetsen. Full Metal Jacket 5mm har mer genomslagskraft f\u00f6r de tjocka hudarna eller benen vid din n\u00e4sta jakt p\u00e5 h\u00f6gvilt.  <\/p>\n<h3>LEGENDARISK KVALITET:<\/h3>\n<p>Easton har varit ledande inom jaktpilar sedan 1940-talet. Deras erfarenhet och teknik syns i varje produkt de tillverkar. Eastons pilskaft anv\u00e4nds av fler b\u00e5gj\u00e4gare, armborstj\u00e4gare, 3D-t\u00e4vlande, tavelskyttar och olympiska b\u00e5gskyttar \u00e4n alla andra m\u00e4rken tillsammans. S\u00e5dana siffror ljuger inte \u2013 Easton h\u00e5ller h\u00f6gsta kvalitet. K\u00e4nn dig trygg och skaffa pilar fr\u00e5n Easton, du kommer inte bli besviken.    <\/p>\n<h3>SPECIFIKATIONER F\u00d6R EASTON FULL METAL JACKET 5MM:<\/h3>\n<table>\n<tbody>\n<tr>\n<td><strong>300<\/strong><br \/>\n.300&#8243; styvhet<br \/>\n12,0 GPI<br \/>\n+\/-.002&#8243; rakhet<br \/>\n.273&#8243; ytterdiameter<\/td>\n<td><strong>340<\/strong><br \/>\n.340&#8243; styvhet<br \/>\n11,3 GPI<br \/>\n+\/-.002&#8243; rakhet<br \/>\n.269&#8243; ytterdiameter<\/td>\n<td><strong>400<\/strong><br \/>\n.400&#8243; styvhet<br \/>\n10,2 GPI<br \/>\n+\/-.002&#8243; rakhet<br \/>\n.263&#8243; ytterdiameter<\/td>\n<td><strong>500<\/strong><br \/>\n.500&#8243; styvhet<br \/>\n9,1 GPI<br \/>\n+\/-.002&#8243; rakhet<\/td>\n<\/tr>\n<\/tbody>\n<\/table>\n<p><span lang=\"EN-US\">Denna spinetabell \u00e4r normaliserad f\u00f6r moderna compoundb\u00e5gar med IBO-hastigheter mellan 280\u2013330 fps. F\u00f6r snabbare b\u00e5gar, l\u00e4s tabellen ett steg ner och till h\u00f6ger. F\u00f6r l\u00e5ngsammare b\u00e5gar, l\u00e4s tabellen ett steg upp och till v\u00e4nster. Tabellen g\u00e4ller inte f\u00f6r traditionella b\u00e5gar. OBS: Faktisk spine-deflektion matchar inte n\u00f6dv\u00e4ndigtvis tillverkarens marknadsf\u00f6rda storlekar (Gold Tip 5575, Carbon Force 200, Carbon Express 60\/75, etc.). Tillverkarnas storlekssystem       <\/span><strong><span lang=\"EN-US\">kan vara godtyckliga<\/span><\/strong><span lang=\"EN-US\">  (100, 200, 300, 400) och speglar eventuellt inte pilarnas faktiska styvhet. Till exempel har en &#8221;Carbon Express Maxima 250&#8243; en faktisk deflektion p\u00e5 .404&#8243;, inte .250&#8221; som namnet antyder. I detta fall \u00e4r beteckningen godtycklig. F\u00f6r s\u00e4kerhets skull, utg\u00e5 INTE fr\u00e5n att en pils publicerade storlek matchar dess faktiska styvhet. Se faktiska specifikationsdata ovan innan du anv\u00e4nder denna tabell f\u00f6r att v\u00e4lja r\u00e4tt styvhet f\u00f6r din b\u00e5ge.     <em><strong>Om du beh\u00f6ver hj\u00e4lp, ring v\u00e5r pro-shop p\u00e5 +358 45 208 6292 eller mejla oss f\u00f6r assistans.<\/strong><\/em><\/span><\/p>\n<h3>OM V\u00c5RT PROGRAM F\u00d6R KUNDANPASSADE PILAR:<\/h3>\n<p><strong>VARJE PIL \u00c4R HANDBYGGD FR\u00c5N R\u00c5A SKAFT` <\/strong>Att bygga pilar f\u00f6r hand g\u00f6r att vi kan g\u00f6ra saker som v\u00e5ra konkurrenter i stormarknaderna inte kan. Varje r\u00e5tt skaft och dess komponenter kontrolleras f\u00f6r tillverkningsfel f\u00f6re montering. Varje skaft f\u00f6rbereds ordentligt och varje fj\u00e4der kontrolleras manuellt f\u00f6r korrekt vidh\u00e4ftning. Sedan orienteras alla nockar och varje pil kapas enligt dina specifikationer p\u00e5 en av v\u00e5ra h\u00f6ghastighetss\u00e5gar med 8 000 varv\/min. Vi installerar sedan dina inserts, tr\u00e4ningsspetsar och reng\u00f6r pilarna f\u00f6r att ta bort oljor eller limrester. F\u00e4rdiga pilset m\u00e5ste sedan passera en grundlig kontroll i flera steg innan de godk\u00e4nns f\u00f6r leverans. Vi inser att vi inte bygger ballistiska missiler, men vi tar v\u00e5ra pilar p\u00e5 stort allvar. N\u00e4r dina kundanpassade pilar anl\u00e4nder vill vi att du ska bli imponerad. V\u00e5ra pilar levereras exakt enligt dina specifikationer och \u00e4r 100 % redo att skjutas. Detta \u00e4r den typ av service du bara kan f\u00e5 fr\u00e5n en riktig b\u00e5gskyttebutik, och vi \u00e4r stolta \u00f6ver att s\u00e4tta en kvalitetsstandard som en maskin helt enkelt inte kan matcha.         <\/p>\n<p><strong>VARJE PIL \u00c4R REDO ATT SKJUTAS`<\/strong> L\u00e5t dig inte luras av s\u00e5 kallade &#8221;f\u00e4ltklara pilar&#8221; som erbjuds i stora butikskedjor. De \u00e4r INTE <u>f\u00e4rdiga<\/u> pilar. Stormarknadspilar \u00e4r helt enkelt r\u00e5a skaft i full l\u00e4ngd som har maskinfj\u00e4drats med de billigaste tillg\u00e4ngliga materialen (ofta utomlands). De \u00e4r definitivt INTE redo f\u00f6r f\u00e4ltbruk och deras kvalitet kan inte j\u00e4mf\u00f6ras med handbyggda pilar. F\u00f6r att inte tala om att kunden har v\u00e4ldigt f\u00e5 valm\u00f6jligheter vid k\u00f6p av maskinfj\u00e4drade f\u00e4rdigprodukter. Oftast f\u00e5r du bara det som ligger i l\u00e5dan och f\u00e5r n\u00f6ja dig med det. Vi tycker att det \u00e4r en ganska l\u00e5g standard.       S\u00e5 ut\u00f6ver att ge kunderna mer kvalitet och valm\u00f6jligheter, tar vi det ett steg l\u00e4ngre genom att \u00e4ven v\u00e4ga och dokumentera varje f\u00e4rdigt pilset vi bygger. Varje f\u00e4rdigst\u00e4llt set levereras med v\u00e5rt exklusiva certifieringskort, som detaljerat visar exakt vikt och specifikationer f\u00f6r dina pilar. Skulle du n\u00e5gonsin beh\u00f6va ers\u00e4ttningspilar har du dina originalspecifikationer n\u00e4ra till hands. N\u00e4mnde vi att vi tar pilar p\u00e5 allvar? Om du inte har provat ett set matchade kundanpassade pilar tidigare, tror vi att du kommer bli imponerad fr\u00e5n allra f\u00f6rsta skottet.    <\/p>\n<p><strong>ARBETE UTF\u00d6RT JUST F\u00d6R DIG` <\/strong>Kundanpassade pilar BYGGS OCH KAPAS ENLIGT DINA FAKTISKA BEST\u00c4LLNINGSSPECIFIKATIONER. Ingenting tillverkas i f\u00f6rv\u00e4g. Ingen process p\u00e5b\u00f6rjas f\u00f6rr\u00e4n du l\u00e4gger din best\u00e4llning. Men var medveten om att n\u00e4r vi v\u00e4l har kn\u00e4ckt \u00e4ggen och b\u00f6rjat p\u00e5 din omelett, kan vi inte stoppa tillbaka allt i skalet \u00e5t n\u00e5gon annan senare. Kundanpassade pilar kan inte returneras till lager. N\u00e4r de v\u00e4l har fj\u00e4drats, f\u00e5tt inserts eller kapats till r\u00e4tt l\u00e4ngd kan best\u00e4llningar inte avbrytas, returneras eller bytas \u2013 utom i s\u00e4llsynta fall av tillverkningsfel eller butiksfel vid best\u00e4llningen. Var d\u00e4rf\u00f6r s\u00e4ker p\u00e5 dina specifikationer innan du best\u00e4ller. N\u00e4r ett kundanpassat set pilar har byggts JUST F\u00d6R DIG, \u00e4r de dina. Sj\u00e4lvklart, om det finns ett legitimt problem, st\u00e5r vi gladeligen bakom v\u00e5rt arbete och r\u00e4ttar till det. Men det kommer inte beh\u00f6vas. Vi kommer se till att dina pilar \u00e4r fantastiska redan fr\u00e5n b\u00f6rjan. Du ska f\u00e5 se &#8230;           <\/p>\n<p><strong>HUR L\u00c5NG TID TAR DET? N\u00c4R F\u00c5R JAG MINA PILAR?  <\/strong>Majoriteten (ca 94 %) av v\u00e5ra kundanpassade best\u00e4llningar behandlas, byggs, inspekteras och skickas inom 2\u20134 arbetsdagar. Under de lugnare m\u00e5naderna (jan\u2013juli) brukar vi sl\u00e5 det genomsnittet med en dag. Under de mer hektiska m\u00e5naderna (aug\u2013dec) tenderar det att ta en extra dag. Allt sammantaget \u00e4r en officiell ledtid p\u00e5 1\u20135 dagar den mest \u00e4rliga uppskattning vi kan ge. Vi vet att v\u00e5ra kunder \u00e4r ivriga att f\u00e5 sina varor och komma ig\u00e5ng, s\u00e5 vi jobbar p\u00e5 och skickar ut best\u00e4llningar s\u00e5 snabbt vi bara kan. Om det uppst\u00e5r n\u00e5got hinder eller undantag l\u00e5ter vi dig veta.      Men generellt sett kan du r\u00e4kna med att din kundanpassade best\u00e4llning \u00e4r p\u00e5 v\u00e4g inom n\u00e5gra arbetsdagar. V\u00e5rt mejlsystem f\u00f6r kundtj\u00e4nst h\u00e5ller dig uppdaterad om din orderstatus under tiden. Faktiska leveranstider varierar beroende p\u00e5 avst\u00e5ndet fr\u00e5n pro-shoppen\/lagret i Finland.  <\/p>\n","protected":false},"excerpt":{"rendered":"<p>Vi s\u00e4ljer i paket om 12, 24 st&#8230;.<\/p>\n","protected":false},"featured_media":295892,"comment_status":"open","ping_status":"closed","template":"","meta":[],"product_brand":[],"product_cat":[878],"product_tag":[],"class_list":{"0":"post-295891","1":"product","2":"type-product","3":"status-publish","4":"has-post-thumbnail","6":"product_cat-uncategorized-sv","8":"first","9":"instock","10":"taxable","11":"shipping-taxable","12":"purchasable","13":"product-type-composite"},"composite_virtual":false,"composite_layout":"single","composite_add_to_cart_form_location":"default","composite_editable_in_cart":false,"composite_sold_individually_context":"product","composite_shop_price_calc":"min_max","composite_components":[{"id":"1550047357","title":"Pilskaft","description":"","query_type":"product_ids","query_ids":[289027],"default_option_id":289027,"thumbnail_id":"","thumbnail_src":"","quantity_min":12,"quantity_max":"","priced_individually":true,"shipped_individually":false,"optional":false,"discount":"","options_style":"dropdowns","pagination_style":"classic","display_prices":"absolute","show_sorting_options":false,"show_filtering_options":false,"attribute_filter_ids":[],"select_action":"view","product_title_visible":true,"product_descr_visible":false,"product_price_visible":false,"product_thumb_visible":false,"subtotal_visible_product":true,"subtotal_visible_cart":true,"subtotal_visible_orders":true,"product_addons_visible":true},{"id":"1550047977","title":"F\u00e4rg p\u00e5 styrfj\u00e4der","description":"<p>Detta \u00e4r en av de tre fj\u00e4drarna p\u00e5 pilen. Alla tre fj\u00e4drar m\u00e5ste vara av samma typ men beh\u00f6ver inte ha samma f\u00e4rg. <\/p>\n","query_type":"product_ids","query_ids":[289307,289326,289335,289353,288891],"default_option_id":289307,"thumbnail_id":"","thumbnail_src":"","quantity_min":12,"quantity_max":"","priced_individually":false,"shipped_individually":false,"optional":false,"discount":"","options_style":"dropdowns","pagination_style":"classic","display_prices":"absolute","show_sorting_options":false,"show_filtering_options":false,"attribute_filter_ids":[],"select_action":"view","product_title_visible":true,"product_descr_visible":false,"product_price_visible":false,"product_thumb_visible":false,"subtotal_visible_product":true,"subtotal_visible_cart":true,"subtotal_visible_orders":true,"product_addons_visible":true},{"id":"1550047978","title":"F\u00e4rg p\u00e5 \u00f6vriga fj\u00e4drar","description":"<p>Dessa \u00e4r tv\u00e5 av de tre fj\u00e4drarna p\u00e5 pilen. Alla tre fj\u00e4drar m\u00e5ste vara av samma typ men beh\u00f6ver inte ha samma f\u00e4rg. <\/p>\n","query_type":"product_ids","query_ids":[289307,289326,289335,289353,288891],"default_option_id":289307,"thumbnail_id":"","thumbnail_src":"","quantity_min":24,"quantity_max":"","priced_individually":false,"shipped_individually":false,"optional":false,"discount":"","options_style":"dropdowns","pagination_style":"classic","display_prices":"absolute","show_sorting_options":false,"show_filtering_options":false,"attribute_filter_ids":[],"select_action":"view","product_title_visible":true,"product_descr_visible":false,"product_price_visible":false,"product_thumb_visible":false,"subtotal_visible_product":true,"subtotal_visible_cart":true,"subtotal_visible_orders":true,"product_addons_visible":true}],"composite_scenarios":[],"group_of_quantity":0,"min_quantity":0,"max_quantity":"","exclude_order_quantity_value_rules":"no","exclude_category_quantity_rules":"no","combine_variations":"no","exclude_global_add_ons":false,"addons":[{"name":"Fj\u00e4derstil","type":"multiple_choice","position":0,"required":true,"title_format":"label","default":"","description_enable":false,"description":null,"placeholder_enable":false,"placeholder":null,"display":"select","restrictions_type":"any_text","adjust_price":false,"price":"","price_type":"flat_fee","restrictions":false,"min":"0","max":"0","options":[{"label":"Offset","price":"","price_type":"flat_fee","image":0,"visibility":true},{"label":"Helical","price":"","price_type":"flat_fee","image":0,"visibility":true},{"label":"Rak","price":"","price_type":"flat_fee","image":0,"visibility":true}],"id":1717397523}],"_links":{"self":[{"href":"https:\/\/www.huntersfriend.eu\/sv\/wp-json\/wp\/v2\/product\/295891","targetHints":{"allow":["GET"]}}],"collection":[{"href":"https:\/\/www.huntersfriend.eu\/sv\/wp-json\/wp\/v2\/product"}],"about":[{"href":"https:\/\/www.huntersfriend.eu\/sv\/wp-json\/wp\/v2\/types\/product"}],"replies":[{"embeddable":true,"href":"https:\/\/www.huntersfriend.eu\/sv\/wp-json\/wp\/v2\/comments?post=295891"}],"wp:featuredmedia":[{"embeddable":true,"href":"https:\/\/www.huntersfriend.eu\/sv\/wp-json\/wp\/v2\/media\/295892"}],"wp:attachment":[{"href":"https:\/\/www.huntersfriend.eu\/sv\/wp-json\/wp\/v2\/media?parent=295891"}],"wp:term":[{"taxonomy":"product_brand","embeddable":true,"href":"https:\/\/www.huntersfriend.eu\/sv\/wp-json\/wp\/v2\/product_brand?post=295891"},{"taxonomy":"product_cat","embeddable":true,"href":"https:\/\/www.huntersfriend.eu\/sv\/wp-json\/wp\/v2\/product_cat?post=295891"},{"taxonomy":"product_tag","embeddable":true,"href":"https:\/\/www.huntersfriend.eu\/sv\/wp-json\/wp\/v2\/product_tag?post=295891"}],"curies":[{"name":"wp","href":"https:\/\/api.w.org\/{rel}","templated":true}]}}