{"id":295887,"date":"2019-02-13T12:05:55","date_gmt":"2019-02-13T12:05:55","guid":{"rendered":"https:\/\/www.huntersfriend.eu\/product\/black-eagle-carnivore-custom-arrows\/"},"modified":"2026-04-24T07:51:04","modified_gmt":"2026-04-24T05:51:04","slug":"black-eagle-carnivore-custom-arrows","status":"publish","type":"product","link":"https:\/\/www.huntersfriend.eu\/sv\/produkt\/black-eagle-carnivore-custom-arrows\/","title":{"rendered":"Black Eagle Carnivore Custom Arrows"},"content":{"rendered":"<p><em><strong>Alla skr\u00e4ddarsydda pilar \u00e4r handgjorda till den niv\u00e5 du \u00f6nskar. N\u00e4r de \u00e4r f\u00e4rdiga beh\u00f6ver du bara en \u00f6vningsspets eller bredbladsspets s\u00e5 \u00e4r du redo att skjuta. <\/strong><\/em><\/p>\n<p>Carnivore \u00e4r Black Eagles premium 100% koljaktskaft\/3D-skaft. Dess flygegenskaper har designats av erfarna professionella skyttar f\u00f6r att optimera hastighet, kinetisk energi och penetration f\u00f6r en m\u00e4ngd olika milj\u00f6er. Varje Carnivore \u00e4r viktsorterad och spinematchad f\u00f6r att erbjuda den mest konsekventa grupperingen. Detta skafts exceptionella h\u00e5llbarhet och precision kommer garanterat att ta hem trof\u00e9n djupt i skogen eller p\u00e5 3D-banan.   <\/p>\n<p>Sedan starten av Black Eagle Arrows har Carnivore varit en grundpelare. \u00c4ven om vi erbjuder flera typer av pilar f\u00f6r b\u00e5gar forts\u00e4tter Carnivore att vara dominerande. Som v\u00e5r flaggskeppskarbonpil f\u00f6r jakt\/target har den bevisat sig \u00f6ver hela v\u00e4rlden. Som en prisbel\u00f6nt pil forts\u00e4tter Carnivore att vara popul\u00e4r bland j\u00e4gare s\u00e5v\u00e4l som de som njuter av inomhus- och utomhusb\u00e5gskytte.   <\/p>\n<div class=\"category-seo\">Som n\u00e5gra av de b\u00e4sta pilarna f\u00f6r hjortjakt \u00e4r Carnivore k\u00e4nd f\u00f6r sin leveranshastighet fr\u00e5n l\u00e5nga avst\u00e5nd. \u00c5r efter \u00e5r forts\u00e4tter Carnivore att vara den b\u00e4sta koljaktpilen som finns. V\u00e5r \u00f6verl\u00e4gsna kolteknologi matchas med v\u00e5r grupperingsteknik, vilket g\u00f6r Carnivore till ett m\u00e5ste f\u00f6r varje sportmans koger.  <\/div>\n<div><\/div>\n<div>Hot Melt-lim rekommenderas INTE f\u00f6r anv\u00e4ndning med Black Eagle Arrow-skaft.<\/div>\n<h3>BLACK EAGLE CARNIVORE SPECIFIKATIONER:<\/h3>\n<table>\n<tbody>\n<tr>\n<td>250&#8217;s<br \/>\n.250&#8243; Deflection<br \/>\n9,7 GPI<br \/>\n+\/-.001 eller .003&#8243; Rakhet<br \/>\n.303&#8243; Y.D.<\/td>\n<td>300&#8217;s<br \/>\n.300&#8243; Deflection<br \/>\n8,5 GPI<br \/>\n+\/-.001 eller .003&#8243; Rakhet<br \/>\n.296&#8243; Y.D.<\/td>\n<td>350&#8217;s<br \/>\n.350&#8243; Deflection<br \/>\n7,5 GPI<br \/>\n+\/-.001 eller .003&#8243; Rakhet<br \/>\n.291&#8243; Y.D.<\/td>\n<td>400&#8217;s<br \/>\n.400&#8243; Deflection<br \/>\n6,8 GPI<br \/>\n+\/-.001 eller .003&#8243; Rakhet<br \/>\n.287&#8243; Y.D.<\/td>\n<\/tr>\n<\/tbody>\n<\/table>\n<p><strong>STANDARDISERADE PILSPINE\/DEFLECTION-DIAGRAM<\/strong><\/p>\n<p>Detta diagram \u00e4r normaliserat f\u00f6r moderna compoundb\u00e5gar med IBO-hastigheter mellan 280-330 fps. F\u00f6r snabbare b\u00e5gar, l\u00e4s diagrammet ett block ned\u00e5t och till h\u00f6ger. F\u00f6r l\u00e5ngsammare b\u00e5gar, l\u00e4s diagrammet ett block upp\u00e5t och till v\u00e4nster. Diagrammet \u00e4r inte till\u00e4mpligt f\u00f6r traditionella b\u00e5gar. OBS: Faktiska pilspine-deflections matchar inte n\u00f6dv\u00e4ndigtvis tillverkarens marknadsf\u00f6rda spine-storlekar (Gold Tip 5575, Carbon Force 200, Carbon Express 60\/75, etc.). Tillverkarens spine-storlekssystem <strong>kan vara godtyckliga<\/strong> (100, 200, 300, 400) och kan eller kanske inte \u00e5terspegla pilarnas faktiska spine-deflections. Till exempel har en &#8221;Carbon Express Maxima 250&#8243; en faktisk spine-deflection p\u00e5 .404&#8243;, inte .250&#8221; som storleken antyder. I detta fall \u00e4r betygssystemet godtyckligt. F\u00f6r att vara s\u00e4ker, anta INTE att en pils publicerade spine-storlek matchar pilens faktiska deflection. Se faktiska pilspecifikationsdata ovan innan du anv\u00e4nder detta diagram f\u00f6r att v\u00e4lja l\u00e4mplig spine-styvhet f\u00f6r din b\u00e5ge. Om du beh\u00f6ver hj\u00e4lp, ring v\u00e5r pro-shop eller mejla oss f\u00f6r assistans.          <\/p>\n<p><strong>STANDARDISERADE PILSPINE\/DEFLECTION-DIAGRAM<\/strong><\/p>\n<p>Detta diagram \u00e4r normaliserat f\u00f6r moderna compoundb\u00e5gar med IBO-hastigheter mellan 280-330 fps. F\u00f6r snabbare b\u00e5gar, l\u00e4s diagrammet ett block ned\u00e5t och till h\u00f6ger. F\u00f6r l\u00e5ngsammare b\u00e5gar, l\u00e4s diagrammet ett block upp\u00e5t och till v\u00e4nster. Diagrammet \u00e4r inte till\u00e4mpligt f\u00f6r traditionella b\u00e5gar. OBS: Faktiska pilspine-deflections matchar inte n\u00f6dv\u00e4ndigtvis tillverkarens marknadsf\u00f6rda spine-storlekar (Gold Tip 5575, Carbon Force 200, Carbon Express 60\/75, etc.). Tillverkarens spine-storlekssystem <strong>kan vara godtyckliga<\/strong> (100, 200, 300, 400) och kan eller kanske inte \u00e5terspegla pilarnas faktiska spine-deflections. Till exempel har en &#8221;Carbon Express Maxima 250&#8243; en faktisk spine-deflection p\u00e5 .404&#8243;, inte .250&#8221; som storleken antyder. I detta fall \u00e4r betygssystemet godtyckligt. F\u00f6r att vara s\u00e4ker, anta INTE att en pils publicerade spine-storlek matchar pilens faktiska deflection. Se faktiska pilspecifikationsdata ovan innan du anv\u00e4nder detta diagram f\u00f6r att v\u00e4lja l\u00e4mplig spine-styvhet f\u00f6r din b\u00e5ge. Om du beh\u00f6ver hj\u00e4lp, ring v\u00e5r pro-shop eller mejla oss f\u00f6r assistans.          <\/p>\n<p><strong>OM V\u00c5RT SKR\u00c4DDARSYDDA PILPROGRAM:<\/strong><\/p>\n<p><strong>VARJE PIL \u00c4R HANDBYGGD FR\u00c5N R\u00c5SKAFT`<\/strong> Att handbygga pilar g\u00f6r att vi kan g\u00f6ra saker v\u00e5ra stormarknadskonkurrenter inte kan. Varje r\u00e5skaft och dess komponenter kontrolleras f\u00f6r tillverkningsfel f\u00f6re montering. Varje skaft f\u00f6rbereds ordentligt och varje fj\u00e4der kontrolleras f\u00f6r hand f\u00f6r korrekt vidh\u00e4ftning. Sedan orienteras alla nockar och varje pil kapas till dina specifikationer p\u00e5 en av v\u00e5ra 8 000 rpm h\u00f6ghastighetspils\u00e5gar. Vi installerar sedan dina insatser, \u00f6vningsspetsar (om de best\u00e4llts separat) och reng\u00f6r pilarna f\u00f6r att ta bort eventuella oljor eller limrester. F\u00e4rdiga pilset m\u00e5ste sedan klara en grundlig flerpunktskontroll innan de godk\u00e4nns f\u00f6r leverans till v\u00e5ra kunder. Vi inser att vi inte bygger ballistiska missiler h\u00e4r, men vi \u00e4r v\u00e4ldigt seri\u00f6sa med v\u00e5ra pilar. N\u00e4r dina skr\u00e4ddarsydda pilar anl\u00e4nder vill vi att du ska bli imponerad. V\u00e5ra skr\u00e4ddarsydda pilar levereras enligt dina exakta specifikationer och de \u00e4r 100% redo att skjuta. Detta \u00e4r den typ av service du bara kan f\u00e5 fr\u00e5n en riktig b\u00e5gskytte-proshop, och vi \u00e4r stolta \u00f6ver att s\u00e4tta en kvalitetsstandard som en maskin helt enkelt inte kan matcha.         <\/p>\n<p><strong>VARJE PIL \u00c4R REDO ATT SKJUTA`<\/strong> L\u00e5t dig inte luras av de s\u00e5 kallade &#8221;f\u00e4ltf\u00e4rdiga pilarna&#8221; som erbjuds i stormarknader och hos m\u00e5nga \u00e5terf\u00f6rs\u00e4ljare. De \u00e4r INTE <u>f\u00e4rdiga<\/u> pilar. Stormarknadspilarna \u00e4r helt enkelt full\u00e4ngds r\u00e5skaft som har maskinfj\u00e4drats med de billigaste tillg\u00e4ngliga materialen (ofta utomlands). De \u00e4r verkligen INTE redo f\u00f6r f\u00e4ltbruk och deras kvalitet kan inte j\u00e4mf\u00f6ras med handbyggda skr\u00e4ddarsydda. F\u00f6r att inte tala om att kunden f\u00e5r v\u00e4ldigt lite val n\u00e4r man k\u00f6per maskinfj\u00e4drade prefab. Oftast f\u00e5r du bara vad som finns i l\u00e5dan och du f\u00e5r leva med det. Vi tycker att det \u00e4r en ganska l\u00e5g standard.      <\/p>\n<p><strong>ARBETE GJORT BARA F\u00d6R DIG`<\/strong> Skr\u00e4ddarsydda pilar \u00e4r BYGGDA OCH KAPADE ENLIGT DINA FAKTISKA BEST\u00c4LLNINGSSPECIFIKATIONER. Ingenting g\u00f6rs i f\u00f6rv\u00e4g. Ingen process b\u00f6rjar f\u00f6rr\u00e4n du l\u00e4gger din best\u00e4llning. Men var medveten om att n\u00e4r vi kn\u00e4ckt \u00e4ggen och b\u00f6rjat din omelett kan vi inte l\u00e4gga tillbaka allt i skalet \u00e5t n\u00e5gon annan senare. Skr\u00e4ddarsydda pilar kan inte returneras till lager. N\u00e4r de v\u00e4l fj\u00e4drats, f\u00e5tt insatser eller kapats till l\u00e4ngd kan best\u00e4llningar av skr\u00e4ddarsydda pilar inte avbokas, returneras eller bytas &#8211; f\u00f6rutom i s\u00e4llsynta fall av tillverkardefekter eller shop-fel p\u00e5 best\u00e4llningen. S\u00e5 var s\u00e4ker p\u00e5 dina specifikationer innan du best\u00e4ller. N\u00e4r ett skr\u00e4ddarsytt pilset v\u00e4l \u00e4r byggt BARA F\u00d6R DIG \u00e4r de dina. Naturligtvis, om det finns ett legitimt problem kommer vi g\u00e4rna att st\u00e5 bakom v\u00e5rt arbete och g\u00f6ra saker r\u00e4tt. Men vi kommer inte att beh\u00f6va det. Vi kommer att se till att dina pilar \u00e4r fantastiska f\u00f6rsta g\u00e5ngen. Du kommer att se &#8230;           <\/p>\n<p><strong>HUR L\u00c5NG TID TAR DET? N\u00c4R F\u00c5R JAG MINA PILAR?  <\/strong>Majoriteten (cirka 94%) av v\u00e5ra skr\u00e4ddarsydda pro-shop-best\u00e4llningar bearbetas, byggs, inspekteras och skickas inom 2-4 arbetsdagar. Under de lugnare m\u00e5naderna (jan-juli) sl\u00e5r vi vanligtvis det genomsnittet med en dag. Under de mer hektiska m\u00e5naderna (augusti-december) tenderar vi att ta en extra dag. S\u00e5 allt sammantaget \u00e4r en officiell 1-5 dagars ledtid den mest \u00e4rliga uppskattningen vi kan erbjuda. Vi vet att v\u00e5ra kunder \u00e4r ivriga att f\u00e5 tag p\u00e5 varorna och komma ig\u00e5ng, s\u00e5 vi h\u00e5ller huvudet nere och f\u00e5r ut v\u00e5ra best\u00e4llningar s\u00e5 snabbt vi m\u00f6jligen kan. Om det uppst\u00e5r n\u00e5got problem eller undantag kommer vi att meddela dig.      Men generellt sett \u00e4r det s\u00e4kert att anta att din skr\u00e4ddarsydda pro-shop-best\u00e4llning kommer att vara p\u00e5 v\u00e4g inom n\u00e5gra arbetsdagar. V\u00e5rt kundtj\u00e4nst-e-postsystem kommer att h\u00e5lla dig uppdaterad om din best\u00e4llningsstatus l\u00e4ngs v\u00e4gen. Faktiska leveranstider varierar beroende p\u00e5 avst\u00e5nd fr\u00e5n pro-shopen\/lagret i Finland.  <\/p>\n","protected":false},"excerpt":{"rendered":"<p>Vi s\u00e4ljer i paket om 12, 24 st&#8230;.<\/p>\n","protected":false},"featured_media":295888,"comment_status":"open","ping_status":"closed","template":"","meta":[],"product_brand":[],"product_cat":[2555],"product_tag":[],"class_list":{"0":"post-295887","1":"product","2":"type-product","3":"status-publish","4":"has-post-thumbnail","6":"product_cat-kolfiber-handgjord","8":"first","9":"instock","10":"taxable","11":"shipping-taxable","12":"purchasable","13":"product-type-composite"},"composite_virtual":false,"composite_layout":"single","composite_add_to_cart_form_location":"default","composite_editable_in_cart":false,"composite_sold_individually_context":"product","composite_shop_price_calc":"min_max","composite_components":[{"id":"1550047357","title":"Pilskaft","description":"","query_type":"product_ids","query_ids":[288996],"default_option_id":288996,"thumbnail_id":"","thumbnail_src":"","quantity_min":12,"quantity_max":"","priced_individually":true,"shipped_individually":false,"optional":false,"discount":"","options_style":"dropdowns","pagination_style":"classic","display_prices":"absolute","show_sorting_options":false,"show_filtering_options":false,"attribute_filter_ids":[],"select_action":"view","product_title_visible":true,"product_descr_visible":false,"product_price_visible":false,"product_thumb_visible":false,"subtotal_visible_product":true,"subtotal_visible_cart":true,"subtotal_visible_orders":true,"product_addons_visible":true},{"id":"1550047977","title":"Cockfj\u00e4derf\u00e4rg","description":"<p>Detta \u00e4r en av de tre fj\u00e4drarna p\u00e5 pilen. Alla tre fj\u00e4drarna m\u00e5ste vara av samma typ men inte samma f\u00e4rg. <\/p>\n","query_type":"product_ids","query_ids":[289307,289326,289335,289353,288891],"default_option_id":289307,"thumbnail_id":"","thumbnail_src":"","quantity_min":12,"quantity_max":"","priced_individually":false,"shipped_individually":false,"optional":false,"discount":"","options_style":"dropdowns","pagination_style":"classic","display_prices":"absolute","show_sorting_options":false,"show_filtering_options":false,"attribute_filter_ids":[],"select_action":"view","product_title_visible":true,"product_descr_visible":false,"product_price_visible":false,"product_thumb_visible":false,"subtotal_visible_product":true,"subtotal_visible_cart":true,"subtotal_visible_orders":true,"product_addons_visible":true},{"id":"1550047978","title":"Henfj\u00e4derf\u00e4rg","description":"<p>Dessa \u00e4r tv\u00e5 av de tre fj\u00e4drarna p\u00e5 pilen. Alla tre fj\u00e4drarna m\u00e5ste vara av samma typ men inte samma f\u00e4rg. <\/p>\n","query_type":"product_ids","query_ids":[289307,289326,289335,289353,288891],"default_option_id":289307,"thumbnail_id":"","thumbnail_src":"","quantity_min":24,"quantity_max":"","priced_individually":false,"shipped_individually":false,"optional":false,"discount":"","options_style":"dropdowns","pagination_style":"classic","display_prices":"absolute","show_sorting_options":false,"show_filtering_options":false,"attribute_filter_ids":[],"select_action":"view","product_title_visible":true,"product_descr_visible":false,"product_price_visible":false,"product_thumb_visible":false,"subtotal_visible_product":true,"subtotal_visible_cart":true,"subtotal_visible_orders":true,"product_addons_visible":true}],"composite_scenarios":[],"group_of_quantity":0,"min_quantity":0,"max_quantity":"","exclude_order_quantity_value_rules":"no","exclude_category_quantity_rules":"no","combine_variations":"no","exclude_global_add_ons":false,"addons":[{"name":"Fj\u00e4derstil","type":"multiple_choice","position":0,"required":true,"title_format":"label","default":"","description_enable":false,"description":null,"placeholder_enable":false,"placeholder":null,"display":"select","restrictions_type":"any_text","adjust_price":false,"price":"","price_type":"flat_fee","restrictions":false,"min":"0","max":"0","options":[{"label":"Offset","price":"","price_type":"flat_fee","image":0,"visibility":true},{"label":"Helical","price":"","price_type":"flat_fee","image":0,"visibility":true},{"label":"Rak","price":"","price_type":"flat_fee","image":0,"visibility":true}],"id":1745495252}],"_links":{"self":[{"href":"https:\/\/www.huntersfriend.eu\/sv\/wp-json\/wp\/v2\/product\/295887","targetHints":{"allow":["GET"]}}],"collection":[{"href":"https:\/\/www.huntersfriend.eu\/sv\/wp-json\/wp\/v2\/product"}],"about":[{"href":"https:\/\/www.huntersfriend.eu\/sv\/wp-json\/wp\/v2\/types\/product"}],"replies":[{"embeddable":true,"href":"https:\/\/www.huntersfriend.eu\/sv\/wp-json\/wp\/v2\/comments?post=295887"}],"wp:featuredmedia":[{"embeddable":true,"href":"https:\/\/www.huntersfriend.eu\/sv\/wp-json\/wp\/v2\/media\/295888"}],"wp:attachment":[{"href":"https:\/\/www.huntersfriend.eu\/sv\/wp-json\/wp\/v2\/media?parent=295887"}],"wp:term":[{"taxonomy":"product_brand","embeddable":true,"href":"https:\/\/www.huntersfriend.eu\/sv\/wp-json\/wp\/v2\/product_brand?post=295887"},{"taxonomy":"product_cat","embeddable":true,"href":"https:\/\/www.huntersfriend.eu\/sv\/wp-json\/wp\/v2\/product_cat?post=295887"},{"taxonomy":"product_tag","embeddable":true,"href":"https:\/\/www.huntersfriend.eu\/sv\/wp-json\/wp\/v2\/product_tag?post=295887"}],"curies":[{"name":"wp","href":"https:\/\/api.w.org\/{rel}","templated":true}]}}