{"id":295886,"date":"2019-02-13T09:42:09","date_gmt":"2019-02-13T09:42:09","guid":{"rendered":"https:\/\/www.huntersfriend.eu\/product\/black-eagle-outlaw-specialanpassade-pilar\/"},"modified":"2026-04-24T07:51:04","modified_gmt":"2026-04-24T05:51:04","slug":"black-eagle-outlaw-specialanpassade-pilar","status":"publish","type":"product","link":"https:\/\/www.huntersfriend.eu\/sv\/produkt\/black-eagle-outlaw-specialanpassade-pilar\/","title":{"rendered":"Black Eagle Outlaw Specialanpassade Pilar"},"content":{"rendered":"<p><em><strong>Alla specialanpassade pilar \u00e4r handgjorda och anpassade efter dina \u00f6nskem\u00e5l. N\u00e4r de \u00e4r f\u00e4rdigst\u00e4llda beh\u00f6vs bara en \u00f6vningsspets eller jaktspets, s\u00e5 \u00e4r du redo att skjuta. <\/strong><\/em><\/p>\n<p>Detta pilskaft designades specifikt f\u00f6r den tuffaste friluftsm\u00e4nniskan; det byggdes med \u00f6verl\u00e4gsen kolfiberteknik f\u00f6r att hantera den tuffhet och det slitage som uppst\u00e5r under jakt \u2013 och prislappen kommer att f\u00e5 dig att le! Designat med den perfekta balansen mellan hastighet och kinetisk energi \u00e4r detta skaft extremt m\u00e5ngsidigt f\u00f6r skjutbanan eller skogen. Precis som alla Outlaw-pilar har de testats, slagits och blodats \u2013 och de forts\u00e4tter att komma tillbaka f\u00f6r mer!<\/p>\n<p>Outlaw-pilen \u00e4r den enda pilen i sin klass med .005&#8243; rakhet eller b\u00e4ttre. Outlaw-pilarna har den b\u00e4sta toleransen, b\u00e4sta h\u00e5llbarheten och det ABSOLUT B\u00c4STA PRISET! <\/p>\n<p>Prova n\u00e5gra, och se sj\u00e4lv varf\u00f6r de \u00e4r den enda Outlaw du KAN lita p\u00e5!<\/p>\n<p>Sm\u00e4ltlim rekommenderas INTE f\u00f6r anv\u00e4ndning med Black Eagle pilskaft.<\/p>\n<table>\n<tbody>\n<tr>\n<td>\n<h3>BLACK EAGLE OUTLAW SPECIFIKATIONER:<\/h3>\n<\/td>\n<\/tr>\n<\/tbody>\n<\/table>\n<table>\n<tbody>\n<tr>\n<td>300-serien<br \/>\n.300&#8243; Deflektion<br \/>\n9.1 GPI<br \/>\n+\/-.005&#8243; Rakhet<br \/>\n.300&#8243; Y.D.<\/td>\n<td>350-serien<br \/>\n.350&#8243; Deflektion<br \/>\n8.6 GPI<br \/>\n+\/-.005&#8243; Rakhet<br \/>\n.294&#8243; Y.D.<\/td>\n<td>400-serien<br \/>\n.400&#8243; Deflektion<br \/>\n8.1 GPI<br \/>\n+\/-.005&#8243; Rakhet<br \/>\n.287&#8243; Y.D.<\/td>\n<td>500-serien<br \/>\n.500&#8243; Deflektion<br \/>\n7.4 GPI<br \/>\n+\/-.005&#8243; Rakhet<br \/>\n.287&#8243; Y.D.<\/td>\n<\/tr>\n<\/tbody>\n<\/table>\n<h3>STANDARDISERADE TABELLER F\u00d6R PILSPINE\/DEFLEKTION:<\/h3>\n<p>Denna tabell \u00e4r normaliserad f\u00f6r moderna compoundb\u00e5gar med IBO-hastigheter mellan 280-330 fps. F\u00f6r snabbare b\u00e5gar, l\u00e4s tabellen ett block ner och till h\u00f6ger. F\u00f6r l\u00e5ngsammare b\u00e5gar, l\u00e4s tabellen ett block upp och till v\u00e4nster. Tabellen \u00e4r inte till\u00e4mplig f\u00f6r traditionella b\u00e5gar. OBS: Faktiska pilspine-deflektioner matchar inte n\u00f6dv\u00e4ndigtvis tillverkarens marknadsf\u00f6rda spine-storlekar (Gold Tip 5575, Carbon Force 200, Carbon Express 60\/75, etc.). Tillverkarens system f\u00f6r spine-storlekar <strong>kan vara godtyckliga<\/strong> (100, 200, 300, 400) och kanske inte \u00e5terspeglar pilarnas faktiska spine-deflektioner. Till exempel har en &#8221;Carbon Express Maxima 250&#8243; en faktisk spine-deflektion p\u00e5 .404&#8243;, inte .250&#8221; som storleken antyder. I detta fall \u00e4r klassificeringssystemet godtyckligt. F\u00f6r att vara s\u00e4ker, ANTAR INTE att en pils publicerade spine-storlek matchar pilens faktiska deflektion. Se faktiska specifikationsdata f\u00f6r pilen ovan innan du anv\u00e4nder denna tabell f\u00f6r att v\u00e4lja en l\u00e4mplig spine-styvhet f\u00f6r din b\u00e5ge. Om du beh\u00f6ver hj\u00e4lp, ring v\u00e5r pro-shop eller mejla oss f\u00f6r assistans.          <\/p>\n<p><strong>STANDARDISERADE TABELLER F\u00d6R PILSPINE\/DEFLEKTION<\/strong><\/p>\n<p>Denna tabell \u00e4r normaliserad f\u00f6r moderna compoundb\u00e5gar med IBO-hastigheter mellan 280-330 fps. F\u00f6r snabbare b\u00e5gar, l\u00e4s tabellen ett block ner och till h\u00f6ger. F\u00f6r l\u00e5ngsammare b\u00e5gar, l\u00e4s tabellen ett block upp och till v\u00e4nster. Tabellen \u00e4r inte till\u00e4mplig f\u00f6r traditionella b\u00e5gar. OBS: Faktiska pilspine-deflektioner matchar inte n\u00f6dv\u00e4ndigtvis tillverkarens marknadsf\u00f6rda spine-storlekar (Gold Tip 5575, Carbon Force 200, Carbon Express 60\/75, etc.). Tillverkarens system f\u00f6r spine-storlekar <strong>kan vara godtyckliga<\/strong> (100, 200, 300, 400) och kanske inte \u00e5terspeglar pilarnas faktiska spine-deflektioner. Till exempel har en &#8221;Carbon Express Maxima 250&#8243; en faktisk spine-deflektion p\u00e5 .404&#8243;, inte .250&#8221; som storleken antyder. I detta fall \u00e4r klassificeringssystemet godtyckligt. F\u00f6r att vara s\u00e4ker, ANTAR INTE att en pils publicerade spine-storlek matchar pilens faktiska deflektion. Se faktiska specifikationsdata f\u00f6r pilen ovan innan du anv\u00e4nder denna tabell f\u00f6r att v\u00e4lja en l\u00e4mplig spine-styvhet f\u00f6r din b\u00e5ge. Om du beh\u00f6ver hj\u00e4lp, ring v\u00e5r pro-shop eller mejla oss f\u00f6r assistans.          <\/p>\n<p><strong>OM V\u00c5RT PROGRAM F\u00d6R SPECIALANPASSADE PILAR:<\/strong><\/p>\n<p><strong>VARJE PIL \u00c4R HANDBYGGD FR\u00c5N R\u00c5A SKAFT` <\/strong>Att handbygga pilar g\u00f6r att vi kan g\u00f6ra saker som v\u00e5ra stora konkurrenter inte kan. Varje r\u00e5tt skaft och dess komponenter kontrolleras f\u00f6r tillverkningsfel f\u00f6re montering. Varje skaft f\u00f6rbereds ordentligt och varje fj\u00e4der kontrolleras f\u00f6r hand f\u00f6r korrekt vidh\u00e4ftning. Sedan orienteras alla nockar och varje pil trimmas enligt dina specifikationer p\u00e5 en av v\u00e5ra 8 000 rpm h\u00f6ghastighetspils\u00e5gar. Vi installerar sedan dina inserts, \u00f6vningsspetsar (om de best\u00e4llts separat) och reng\u00f6r pilarna f\u00f6r att avl\u00e4gsna oljor eller limrester. F\u00e4rdiga pilset m\u00e5ste sedan genomg\u00e5 en noggrann flerpunktsinspektion innan de godk\u00e4nns f\u00f6r leverans till v\u00e5ra kunder. Vi inser att vi inte bygger ballistiska missiler h\u00e4r, men vi \u00e4r ganska seri\u00f6sa med v\u00e5ra pilar. N\u00e4r dina specialanpassade pilar anl\u00e4nder vill vi att du ska bli imponerad. V\u00e5ra specialanpassade pilar levereras enligt dina exakta specifikationer och \u00e4r 100% redo att skjutas. Detta \u00e4r den typ av service du bara kan f\u00e5 fr\u00e5n en riktig b\u00e5gskyttebutik, och vi \u00e4r stolta \u00f6ver att s\u00e4tta en kvalitetsstandard som en maskin helt enkelt inte kan matcha.         <\/p>\n<p><strong>VARJE PIL \u00c4R REDO ATT SKJUTAS`<\/strong> L\u00e5t dig inte luras av de s\u00e5 kallade &#8221;f\u00e4ltf\u00e4rdiga pilarna&#8221; som erbjuds i stora butikskedjor och av m\u00e5nga \u00e5terf\u00f6rs\u00e4ljare. De \u00e4r INTE <u>f\u00e4rdiga<\/u> pilar. Stora butikskedjors pilar \u00e4r helt enkelt full\u00e4ngds r\u00e5a skaft som maskinfj\u00e4drats med de billigaste tillg\u00e4ngliga materialen (ofta utomlands). De \u00e4r absolut INTE redo f\u00f6r f\u00e4ltbruk och deras kvalitet kan inte j\u00e4mf\u00f6ras med handbyggda specialanpassade pilar. F\u00f6r att inte tala om att kunden f\u00e5r v\u00e4ldigt lite valm\u00f6jligheter n\u00e4r de k\u00f6per maskinfj\u00e4drade prefabricerade pilar. Oftast f\u00e5r du bara det som finns i l\u00e5dan och du f\u00e5r leva med det. Vi tycker att det \u00e4r en ganska l\u00e5g standard.      <\/p>\n<p><strong>ARBETE UTF\u00d6RT BARA F\u00d6R DIG` <\/strong>Specialanpassade pilar BYGGS OCH KAPPAS ENLIGT DINA FAKTISKA BEST\u00c4LLNINGSSPECIFIKATIONER. Ingenting tillverkas i f\u00f6rv\u00e4g. Ingen process p\u00e5b\u00f6rjas f\u00f6rr\u00e4n du l\u00e4gger din best\u00e4llning. Men var medveten om att n\u00e4r vi v\u00e4l har kn\u00e4ckt \u00e4ggen och b\u00f6rjat med din omelett, kan vi inte l\u00e4gga tillbaka allt i skalet f\u00f6r n\u00e5gon annan senare. Specialanpassade pilar kan inte returneras till lager. N\u00e4r de v\u00e4l \u00e4r fj\u00e4drade, insatta eller kapade till l\u00e4ngd, kan best\u00e4llningar av specialanpassade pilar inte annulleras, returneras eller bytas ut \u2013 f\u00f6rutom i s\u00e4llsynta fall av tillverkningsfel eller butiksfel p\u00e5 best\u00e4llningen. S\u00e5 var s\u00e4ker p\u00e5 dina specifikationer innan du best\u00e4ller. N\u00e4r ett specialanpassat set med pilar \u00e4r byggt BARA F\u00d6R DIG, \u00e4r de dina. Sj\u00e4lvklart, om det finns ett legitimt problem, kommer vi gladeligen att st\u00e5 bakom v\u00e5rt arbete och r\u00e4tta till saker. Men vi kommer inte att beh\u00f6va det. Vi kommer att se till att dina pilar \u00e4r fantastiska f\u00f6rsta g\u00e5ngen. Du kommer att se&#8230;           <\/p>\n<p><strong>HUR L\u00c5NG TID TAR DET? N\u00c4R F\u00c5R JAG MINA PILAR?  <\/strong>Majoriteten (cirka 94%) av v\u00e5ra specialanpassade pro-shop-best\u00e4llningar behandlas, byggs, inspekteras och skickas inom 2-4 arbetsdagar. Under de lugnare m\u00e5naderna (jan-juli) brukar vi sl\u00e5 det genomsnittet med en dag. Under de mer hektiska m\u00e5naderna (augusti-december) tenderar vi att l\u00e4gga till en extra dag. S\u00e5 med allt i beaktande \u00e4r en officiell ledtid p\u00e5 1-5 dagar den \u00e4rligaste uppskattningen vi kan erbjuda. Vi vet att v\u00e5ra kunder \u00e4r ivriga att f\u00e5 tag p\u00e5 varorna och komma ig\u00e5ng, s\u00e5 vi jobbar h\u00e5rt och f\u00e5r ut v\u00e5ra best\u00e4llningar s\u00e5 snabbt vi bara kan. Om det uppst\u00e5r n\u00e5gon form av problem eller undantag, meddelar vi dig.      Men generellt sett \u00e4r det s\u00e4kert att anta att din specialanpassade pro-shop-best\u00e4llning kommer att vara p\u00e5 v\u00e4g inom n\u00e5gra arbetsdagar. V\u00e5rt kundtj\u00e4nstsystem via e-post kommer att h\u00e5lla dig uppdaterad om din orderstatus l\u00e4ngs v\u00e4gen. Faktiska leveranstider varierar beroende p\u00e5 avst\u00e5ndet fr\u00e5n pro-shopen\/lagret i Finland.  <\/p>\n","protected":false},"excerpt":{"rendered":"<p>Vi s\u00e4ljer i f\u00f6rpackningar om 6, 12, 18, 24 st&#8230;<\/p>\n","protected":false},"featured_media":289070,"comment_status":"open","ping_status":"closed","template":"","meta":[],"product_brand":[],"product_cat":[2555],"product_tag":[],"class_list":{"0":"post-295886","1":"product","2":"type-product","3":"status-publish","4":"has-post-thumbnail","6":"product_cat-kolfiber-handgjord","8":"first","9":"instock","10":"taxable","11":"shipping-taxable","12":"purchasable","13":"product-type-composite"},"composite_virtual":false,"composite_layout":"single","composite_add_to_cart_form_location":"default","composite_editable_in_cart":false,"composite_sold_individually_context":"product","composite_shop_price_calc":"min_max","composite_components":[{"id":"1550047357","title":"Pilskaft","description":"","query_type":"product_ids","query_ids":[289011],"default_option_id":289011,"thumbnail_id":"","thumbnail_src":"","quantity_min":12,"quantity_max":"","priced_individually":true,"shipped_individually":false,"optional":false,"discount":"","options_style":"dropdowns","pagination_style":"classic","display_prices":"absolute","show_sorting_options":false,"show_filtering_options":false,"attribute_filter_ids":[],"select_action":"view","product_title_visible":true,"product_descr_visible":false,"product_price_visible":false,"product_thumb_visible":false,"subtotal_visible_product":true,"subtotal_visible_cart":true,"subtotal_visible_orders":true,"product_addons_visible":true},{"id":"1550047977","title":"Styrfj\u00e4derf\u00e4rg","description":"<p>Detta \u00e4r en av de tre fj\u00e4drarna p\u00e5 pilen. Alla tre fj\u00e4drarna m\u00e5ste vara av samma typ men inte samma f\u00e4rg. <\/p>\n","query_type":"product_ids","query_ids":[289307,289326,289335,289353,288891],"default_option_id":289307,"thumbnail_id":"","thumbnail_src":"","quantity_min":12,"quantity_max":"","priced_individually":false,"shipped_individually":false,"optional":false,"discount":"","options_style":"dropdowns","pagination_style":"classic","display_prices":"absolute","show_sorting_options":false,"show_filtering_options":false,"attribute_filter_ids":[],"select_action":"view","product_title_visible":true,"product_descr_visible":false,"product_price_visible":false,"product_thumb_visible":false,"subtotal_visible_product":true,"subtotal_visible_cart":true,"subtotal_visible_orders":true,"product_addons_visible":true},{"id":"1550047978","title":"F\u00f6ljefj\u00e4derf\u00e4rg","description":"<p>Dessa \u00e4r tv\u00e5 av de tre fj\u00e4drarna p\u00e5 pilen. Alla tre fj\u00e4drarna m\u00e5ste vara av samma typ men inte samma f\u00e4rg. <\/p>\n","query_type":"product_ids","query_ids":[289307,289326,289335,289353,288891],"default_option_id":289307,"thumbnail_id":"","thumbnail_src":"","quantity_min":24,"quantity_max":"","priced_individually":false,"shipped_individually":false,"optional":false,"discount":"","options_style":"dropdowns","pagination_style":"classic","display_prices":"absolute","show_sorting_options":false,"show_filtering_options":false,"attribute_filter_ids":[],"select_action":"view","product_title_visible":true,"product_descr_visible":false,"product_price_visible":false,"product_thumb_visible":false,"subtotal_visible_product":true,"subtotal_visible_cart":true,"subtotal_visible_orders":true,"product_addons_visible":true}],"composite_scenarios":[],"group_of_quantity":0,"min_quantity":0,"max_quantity":"","exclude_order_quantity_value_rules":"no","exclude_category_quantity_rules":"no","combine_variations":"no","exclude_global_add_ons":false,"addons":[{"name":"Fj\u00e4derstil","type":"multiple_choice","position":0,"required":true,"title_format":"label","default":"","description_enable":false,"description":null,"placeholder_enable":false,"placeholder":null,"display":"select","restrictions_type":"any_text","adjust_price":false,"price":"","price_type":"flat_fee","restrictions":false,"min":"0","max":"0","options":[{"label":"Offset","price":"","price_type":"flat_fee","image":0,"visibility":true},{"label":"Helikal","price":"","price_type":"flat_fee","image":0,"visibility":true},{"label":"Rak","price":"","price_type":"flat_fee","image":0,"visibility":true}],"id":1745495413}],"_links":{"self":[{"href":"https:\/\/www.huntersfriend.eu\/sv\/wp-json\/wp\/v2\/product\/295886","targetHints":{"allow":["GET"]}}],"collection":[{"href":"https:\/\/www.huntersfriend.eu\/sv\/wp-json\/wp\/v2\/product"}],"about":[{"href":"https:\/\/www.huntersfriend.eu\/sv\/wp-json\/wp\/v2\/types\/product"}],"replies":[{"embeddable":true,"href":"https:\/\/www.huntersfriend.eu\/sv\/wp-json\/wp\/v2\/comments?post=295886"}],"wp:featuredmedia":[{"embeddable":true,"href":"https:\/\/www.huntersfriend.eu\/sv\/wp-json\/wp\/v2\/media\/289070"}],"wp:attachment":[{"href":"https:\/\/www.huntersfriend.eu\/sv\/wp-json\/wp\/v2\/media?parent=295886"}],"wp:term":[{"taxonomy":"product_brand","embeddable":true,"href":"https:\/\/www.huntersfriend.eu\/sv\/wp-json\/wp\/v2\/product_brand?post=295886"},{"taxonomy":"product_cat","embeddable":true,"href":"https:\/\/www.huntersfriend.eu\/sv\/wp-json\/wp\/v2\/product_cat?post=295886"},{"taxonomy":"product_tag","embeddable":true,"href":"https:\/\/www.huntersfriend.eu\/sv\/wp-json\/wp\/v2\/product_tag?post=295886"}],"curies":[{"name":"wp","href":"https:\/\/api.w.org\/{rel}","templated":true}]}}