{"id":295866,"date":"2026-04-23T12:14:01","date_gmt":"2026-04-23T10:14:01","guid":{"rendered":"https:\/\/www.huntersfriend.eu\/product\/gold-tip-gt-serien-nock\/"},"modified":"2026-04-23T12:25:28","modified_gmt":"2026-04-23T10:25:28","slug":"gold-tip-gt-serien-nock","status":"publish","type":"product","link":"https:\/\/www.huntersfriend.eu\/sv\/produkt\/gold-tip-gt-serien-nock\/","title":{"rendered":"Gold Tip GT-serien nock"},"content":{"rendered":"<p>Gold Tip Insert Nock .246 GT-serien ger en s\u00e4ker passform och f\u00f6rb\u00e4ttrar pilens precision, perfekt f\u00f6r precisionsskytte.<\/p>\n<ul>\n<li>H\u00e5llbar konstruktion<\/li>\n<li>Enkel att montera<\/li>\n<li>Precis passform f\u00f6r GT-seriens pilar<\/li>\n<li>S\u00e4kerst\u00e4ller konsekvent prestanda<\/li>\n<\/ul>\n<p>Kontakta oss g\u00e4rna f\u00f6r andra Gold Tip-produkter<\/p>\n","protected":false},"excerpt":{"rendered":"<p>Gold Tip Insert Nock .246 GT-serien ger en s\u00e4ker passform och f\u00f6rb\u00e4ttrar pilens precision, perfekt f\u00f6r precisionsskytte. H\u00e5llbar konstruktion Enkel att montera Precis passform f\u00f6r GT-seriens pilar S\u00e4kerst\u00e4ller konsekvent prestanda Kontakta oss g\u00e4rna f\u00f6r andra Gold Tip-produkter<\/p>\n","protected":false},"featured_media":295846,"comment_status":"open","ping_status":"closed","template":"","meta":[],"product_brand":[],"product_cat":[2880],"product_tag":[],"class_list":{"0":"post-295866","1":"product","2":"type-product","3":"status-publish","4":"has-post-thumbnail","6":"product_cat-nockar-och-insatser","8":"first","9":"outofstock","10":"taxable","11":"shipping-taxable","12":"purchasable","13":"product-type-variable"},"composite_virtual":false,"composite_layout":"","composite_add_to_cart_form_location":"","composite_editable_in_cart":false,"composite_sold_individually_context":"","composite_shop_price_calc":"","composite_components":[],"composite_scenarios":[],"group_of_quantity":0,"min_quantity":0,"max_quantity":"","exclude_order_quantity_value_rules":"no","exclude_category_quantity_rules":"no","combine_variations":"no","exclude_global_add_ons":[],"addons":[],"_links":{"self":[{"href":"https:\/\/www.huntersfriend.eu\/sv\/wp-json\/wp\/v2\/product\/295866","targetHints":{"allow":["GET"]}}],"collection":[{"href":"https:\/\/www.huntersfriend.eu\/sv\/wp-json\/wp\/v2\/product"}],"about":[{"href":"https:\/\/www.huntersfriend.eu\/sv\/wp-json\/wp\/v2\/types\/product"}],"replies":[{"embeddable":true,"href":"https:\/\/www.huntersfriend.eu\/sv\/wp-json\/wp\/v2\/comments?post=295866"}],"wp:featuredmedia":[{"embeddable":true,"href":"https:\/\/www.huntersfriend.eu\/sv\/wp-json\/wp\/v2\/media\/295846"}],"wp:attachment":[{"href":"https:\/\/www.huntersfriend.eu\/sv\/wp-json\/wp\/v2\/media?parent=295866"}],"wp:term":[{"taxonomy":"product_brand","embeddable":true,"href":"https:\/\/www.huntersfriend.eu\/sv\/wp-json\/wp\/v2\/product_brand?post=295866"},{"taxonomy":"product_cat","embeddable":true,"href":"https:\/\/www.huntersfriend.eu\/sv\/wp-json\/wp\/v2\/product_cat?post=295866"},{"taxonomy":"product_tag","embeddable":true,"href":"https:\/\/www.huntersfriend.eu\/sv\/wp-json\/wp\/v2\/product_tag?post=295866"}],"curies":[{"name":"wp","href":"https:\/\/api.w.org\/{rel}","templated":true}]}}