{"id":295860,"date":"2026-04-23T12:19:58","date_gmt":"2026-04-23T10:19:58","guid":{"rendered":"https:\/\/www.huntersfriend.eu\/product\/gold-tip-acculite-mini-nock\/"},"modified":"2026-04-23T12:25:27","modified_gmt":"2026-04-23T10:25:27","slug":"gold-tip-acculite-mini-nock","status":"publish","type":"product","link":"https:\/\/www.huntersfriend.eu\/sv\/produkt\/gold-tip-acculite-mini-nock\/","title":{"rendered":"Gold Tip Acculite Mini Nock"},"content":{"rendered":"<p>Gold Tip Insert Nock .246 AccuLite erbjuder h\u00f6g precision och h\u00e5llbarhet, perfekt f\u00f6r b\u00e5gskyttar som s\u00f6ker p\u00e5litlig prestanda.<\/p>\n<ul>\n<li>AccuLite-design f\u00f6r l\u00e5g vikt<\/li>\n<li>H\u00e5llbar och p\u00e5litlig<\/li>\n<li>Enkel montering<\/li>\n<li>Kompatibel med olika Gold Tip-piltyper<\/li>\n<\/ul>\n","protected":false},"excerpt":{"rendered":"<p>Gold Tip Insert Nock .246 AccuLite erbjuder h\u00f6g precision och h\u00e5llbarhet, perfekt f\u00f6r b\u00e5gskyttar som s\u00f6ker p\u00e5litlig prestanda. AccuLite-design f\u00f6r l\u00e5g vikt H\u00e5llbar och p\u00e5litlig Enkel montering Kompatibel med olika Gold Tip-piltyper<\/p>\n","protected":false},"featured_media":295853,"comment_status":"open","ping_status":"closed","template":"","meta":[],"product_brand":[],"product_cat":[2880],"product_tag":[],"class_list":{"0":"post-295860","1":"product","2":"type-product","3":"status-publish","4":"has-post-thumbnail","6":"product_cat-nockar-och-insatser","8":"first","9":"instock","10":"taxable","11":"shipping-taxable","12":"purchasable","13":"product-type-variable"},"composite_virtual":false,"composite_layout":"","composite_add_to_cart_form_location":"","composite_editable_in_cart":false,"composite_sold_individually_context":"","composite_shop_price_calc":"","composite_components":[],"composite_scenarios":[],"group_of_quantity":0,"min_quantity":0,"max_quantity":"","exclude_order_quantity_value_rules":"no","exclude_category_quantity_rules":"no","combine_variations":"no","exclude_global_add_ons":[],"addons":[],"_links":{"self":[{"href":"https:\/\/www.huntersfriend.eu\/sv\/wp-json\/wp\/v2\/product\/295860","targetHints":{"allow":["GET"]}}],"collection":[{"href":"https:\/\/www.huntersfriend.eu\/sv\/wp-json\/wp\/v2\/product"}],"about":[{"href":"https:\/\/www.huntersfriend.eu\/sv\/wp-json\/wp\/v2\/types\/product"}],"replies":[{"embeddable":true,"href":"https:\/\/www.huntersfriend.eu\/sv\/wp-json\/wp\/v2\/comments?post=295860"}],"wp:featuredmedia":[{"embeddable":true,"href":"https:\/\/www.huntersfriend.eu\/sv\/wp-json\/wp\/v2\/media\/295853"}],"wp:attachment":[{"href":"https:\/\/www.huntersfriend.eu\/sv\/wp-json\/wp\/v2\/media?parent=295860"}],"wp:term":[{"taxonomy":"product_brand","embeddable":true,"href":"https:\/\/www.huntersfriend.eu\/sv\/wp-json\/wp\/v2\/product_brand?post=295860"},{"taxonomy":"product_cat","embeddable":true,"href":"https:\/\/www.huntersfriend.eu\/sv\/wp-json\/wp\/v2\/product_cat?post=295860"},{"taxonomy":"product_tag","embeddable":true,"href":"https:\/\/www.huntersfriend.eu\/sv\/wp-json\/wp\/v2\/product_tag?post=295860"}],"curies":[{"name":"wp","href":"https:\/\/api.w.org\/{rel}","templated":true}]}}