{"id":295776,"date":"2026-04-16T07:30:35","date_gmt":"2026-04-16T05:30:35","guid":{"rendered":"https:\/\/www.huntersfriend.eu\/product\/mammoth-ranger-25-kylbox\/"},"modified":"2026-04-16T11:52:45","modified_gmt":"2026-04-16T09:52:45","slug":"mammoth-ranger-25-kylbox","status":"publish","type":"product","link":"https:\/\/www.huntersfriend.eu\/sv\/produkt\/mammoth-ranger-25-kylbox\/","title":{"rendered":"Mammoth Ranger 25 Kylbox"},"content":{"rendered":"<div class=\"vc_row wpb_row vc_row-fluid\">\n<div class=\"wpb_column vc_column_container vc_col-sm-12\">\n<div class=\"vc_column-inner\">\n<div class=\"wpb_wrapper\">\n<div class=\"wpb_text_column wpb_content_element\">\n<p>En 22,1 liters rotomgjuten kylbox med utm\u00e4rkt prestanda i kompakt design \u2013 h\u00e5ller inneh\u00e5llet kallt i 5\u20137 dagar, perfekt f\u00f6r tailgating, camping och dagsutflykter.<\/p>\n<div class=\"wpb_wrapper\">\n<p>Mammoth Ranger 25 Kylbox \u00e4r den minsta i Ranger-serien men levererar stort n\u00e4r det g\u00e4ller prestanda. Med en kapacitet p\u00e5 22,1 liter rymmer den bekv\u00e4mt upp till 35 standard 33 cl burkar \u2013 vilket g\u00f6r den perfekt f\u00f6r personligt bruk eller mindre grupputflykter. Den robusta dubbelv\u00e4ggiga rotomgjutna konstruktionen, fryskvalitetspackningen och det kraftfulla dr\u00e4neringssystemet kombineras f\u00f6r att h\u00e5lla ditt inneh\u00e5ll iskallt i upp till 7 dagar. L\u00e4tt och kompakt \u00e4r Ranger 25 enkel att transportera och passar bekv\u00e4mt i din bil, golfbil eller arbetsbil. Oavsett om du ger dig ut p\u00e5 en solocampingtur eller beh\u00f6ver p\u00e5litlig kylning p\u00e5 arbetsplatsen, har Ranger 25 dig t\u00e4ckt, medan vi t\u00e4cker din kylbox med Mammoth Coolers livstidsgaranti.    <\/p>\n<\/div>\n<\/div>\n<\/div>\n<\/div>\n<\/div>\n<\/div>\n<div class=\"vc_row wpb_row vc_row-fluid\">\n<div class=\"wpb_column vc_column_container vc_col-sm-8\">\n<div class=\"vc_column-inner\">\n<div class=\"wpb_wrapper\">\n<div class=\"wpb_text_column wpb_content_element\">\n<div class=\"wpb_wrapper\">\n<p><b>Nyckelfunktioner &amp; Detaljer<\/b><\/p>\n<ul>\n<li aria-level=\"1\">22,1 liters kapacitet (rymmer 30\u201335 standard 33 cl burkar)<\/li>\n<li aria-level=\"1\">Dubbelv\u00e4ggig rotomgjuten konstruktion med fryskvalitetspackning<\/li>\n<li aria-level=\"1\">Kraftfullt dr\u00e4neringssystem f\u00f6r enkel reng\u00f6ring<\/li>\n<li aria-level=\"1\">Halkfria gummif\u00f6tter f\u00f6r stabilitet p\u00e5 alla underlag<\/li>\n<li aria-level=\"1\">Exteri\u00f6r: 38 cm x 48 cm x 38 cm | Interi\u00f6r: 25 cm x 34 cm x 25 cm<\/li>\n<li aria-level=\"1\">Vikt: 7,8 kg.<\/li>\n<li aria-level=\"1\">Isbeh\u00e5llning: 5\u20137+ dagar vid korrekt packning<\/li>\n<li aria-level=\"1\">Livstidsgaranti f\u00f6r p\u00e5litlig prestanda<\/li>\n<\/ul>\n<\/div>\n<\/div>\n<\/div>\n<\/div>\n<\/div>\n<\/div>\n","protected":false},"excerpt":{"rendered":"<p>En 22,1 liters rotomgjuten kylbox med utm\u00e4rkt prestanda i kompakt design \u2013 h\u00e5ller inneh\u00e5llet kallt i 5\u20137 dagar, perfekt f\u00f6r tailgating, camping och dagsutflykter. Mammoth Ranger 25 Kylbox \u00e4r den minsta i Ranger-serien men levererar stort n\u00e4r det g\u00e4ller prestanda. Med en kapacitet p\u00e5 22,1 liter rymmer den bekv\u00e4mt upp till 35 standard 33 cl [&#8230;]\n","protected":false},"featured_media":295752,"comment_status":"open","ping_status":"closed","template":"","meta":[],"product_brand":[],"product_cat":[2877],"product_tag":[],"class_list":{"0":"post-295776","1":"product","2":"type-product","3":"status-publish","4":"has-post-thumbnail","6":"product_cat-kylboxar","7":"product_shipping_class-big-sv","9":"first","10":"instock","11":"taxable","12":"shipping-taxable","13":"purchasable","14":"product-type-simple"},"composite_virtual":false,"composite_layout":"","composite_add_to_cart_form_location":"","composite_editable_in_cart":false,"composite_sold_individually_context":"","composite_shop_price_calc":"","composite_components":[],"composite_scenarios":[],"group_of_quantity":0,"min_quantity":0,"max_quantity":"","exclude_order_quantity_value_rules":"no","exclude_category_quantity_rules":"no","combine_variations":"no","exclude_global_add_ons":[],"addons":[],"_links":{"self":[{"href":"https:\/\/www.huntersfriend.eu\/sv\/wp-json\/wp\/v2\/product\/295776","targetHints":{"allow":["GET"]}}],"collection":[{"href":"https:\/\/www.huntersfriend.eu\/sv\/wp-json\/wp\/v2\/product"}],"about":[{"href":"https:\/\/www.huntersfriend.eu\/sv\/wp-json\/wp\/v2\/types\/product"}],"replies":[{"embeddable":true,"href":"https:\/\/www.huntersfriend.eu\/sv\/wp-json\/wp\/v2\/comments?post=295776"}],"wp:featuredmedia":[{"embeddable":true,"href":"https:\/\/www.huntersfriend.eu\/sv\/wp-json\/wp\/v2\/media\/295752"}],"wp:attachment":[{"href":"https:\/\/www.huntersfriend.eu\/sv\/wp-json\/wp\/v2\/media?parent=295776"}],"wp:term":[{"taxonomy":"product_brand","embeddable":true,"href":"https:\/\/www.huntersfriend.eu\/sv\/wp-json\/wp\/v2\/product_brand?post=295776"},{"taxonomy":"product_cat","embeddable":true,"href":"https:\/\/www.huntersfriend.eu\/sv\/wp-json\/wp\/v2\/product_cat?post=295776"},{"taxonomy":"product_tag","embeddable":true,"href":"https:\/\/www.huntersfriend.eu\/sv\/wp-json\/wp\/v2\/product_tag?post=295776"}],"curies":[{"name":"wp","href":"https:\/\/api.w.org\/{rel}","templated":true}]}}