{"id":295774,"date":"2026-04-16T07:30:36","date_gmt":"2026-04-16T05:30:36","guid":{"rendered":"https:\/\/www.huntersfriend.eu\/product\/hornady-vibratory-trickler-krutdoserare\/"},"modified":"2026-04-16T11:52:35","modified_gmt":"2026-04-16T09:52:35","slug":"hornady-vibratory-trickler-krutdoserare","status":"publish","type":"product","link":"https:\/\/www.huntersfriend.eu\/sv\/produkt\/hornady-vibratory-trickler-krutdoserare\/","title":{"rendered":"Hornady Vibratory Trickler Krutdoserare"},"content":{"rendered":"<p>Ta krutdosering till en ny niv\u00e5 av precision och effektivitet med den nya Vibratory Trickler.<\/p>\n<p>Vibratory Trickler, som drivs av tv\u00e5 AAA-batterier, har variabla inst\u00e4llningar f\u00f6r att dosera alla typer av krut och s\u00e4kerst\u00e4ller exakt m\u00e4ngd f\u00f6r varje laddning. Den modul\u00e4ra designen inneb\u00e4r att du kan anv\u00e4nda den med eller utan basen och g\u00f6r \u00e4ven reng\u00f6ringen snabb och enkel. <\/p>\n<p>Spara tid och f\u00f6rb\u00e4ttra precision och effektivitet vid omladdning med Vibratory Trickler. H\u00f6ga, l\u00e5ga och variabla inst\u00e4llningar doserar alla former av krut. Modul\u00e4r design l\u00e5ter anv\u00e4ndaren placera Trickler-kroppen d\u00e4r den beh\u00f6vs och g\u00f6r reng\u00f6ringen snabb och enkel.  <\/p>\n<h4 role=\"heading\" aria-level=\"3\" data-uw-rm-heading=\"level\">Egenskaper:<\/h4>\n<ul>\n<li>Spara tid och f\u00f6rb\u00e4ttra precision och effektivitet vid omladdning.<\/li>\n<li>Perfekt f\u00f6r att f\u00e5 laddningar exakt likadana varje g\u00e5ng.<\/li>\n<li>H\u00f6ga, l\u00e5ga och variabla inst\u00e4llningar doserar alla former av krut.<\/li>\n<li>Modul\u00e4r design l\u00e5ter anv\u00e4ndaren placera Trickler-kroppen d\u00e4r den beh\u00f6vs.<\/li>\n<li>Bakgrundsbelysta LED-knappar.<\/li>\n<li>Snabb och enkel reng\u00f6ring.<\/li>\n<li>Drivs av tv\u00e5 AAA-batterier (ing\u00e5r ej).<\/li>\n<\/ul>\n","protected":false},"excerpt":{"rendered":"<p>Ta krutdosering till en ny niv\u00e5 av precision och effektivitet med den nya Vibratory Trickler. Vibratory Trickler, som drivs av tv\u00e5 AAA-batterier, har variabla inst\u00e4llningar f\u00f6r att dosera alla typer av krut och s\u00e4kerst\u00e4ller exakt m\u00e4ngd f\u00f6r varje laddning. Den modul\u00e4ra designen inneb\u00e4r att du kan anv\u00e4nda den med eller utan basen och g\u00f6r \u00e4ven [&#8230;]\n","protected":false},"featured_media":295767,"comment_status":"open","ping_status":"closed","template":"","meta":[],"product_brand":[],"product_cat":[2832],"product_tag":[],"class_list":{"0":"post-295774","1":"product","2":"type-product","3":"status-publish","4":"has-post-thumbnail","6":"product_cat-laddningsutrustning","8":"first","9":"instock","10":"taxable","11":"shipping-taxable","12":"purchasable","13":"product-type-simple"},"composite_virtual":false,"composite_layout":"","composite_add_to_cart_form_location":"","composite_editable_in_cart":false,"composite_sold_individually_context":"","composite_shop_price_calc":"","composite_components":[],"composite_scenarios":[],"group_of_quantity":0,"min_quantity":0,"max_quantity":"","exclude_order_quantity_value_rules":"no","exclude_category_quantity_rules":"no","combine_variations":"no","exclude_global_add_ons":[],"addons":[],"_links":{"self":[{"href":"https:\/\/www.huntersfriend.eu\/sv\/wp-json\/wp\/v2\/product\/295774","targetHints":{"allow":["GET"]}}],"collection":[{"href":"https:\/\/www.huntersfriend.eu\/sv\/wp-json\/wp\/v2\/product"}],"about":[{"href":"https:\/\/www.huntersfriend.eu\/sv\/wp-json\/wp\/v2\/types\/product"}],"replies":[{"embeddable":true,"href":"https:\/\/www.huntersfriend.eu\/sv\/wp-json\/wp\/v2\/comments?post=295774"}],"wp:featuredmedia":[{"embeddable":true,"href":"https:\/\/www.huntersfriend.eu\/sv\/wp-json\/wp\/v2\/media\/295767"}],"wp:attachment":[{"href":"https:\/\/www.huntersfriend.eu\/sv\/wp-json\/wp\/v2\/media?parent=295774"}],"wp:term":[{"taxonomy":"product_brand","embeddable":true,"href":"https:\/\/www.huntersfriend.eu\/sv\/wp-json\/wp\/v2\/product_brand?post=295774"},{"taxonomy":"product_cat","embeddable":true,"href":"https:\/\/www.huntersfriend.eu\/sv\/wp-json\/wp\/v2\/product_cat?post=295774"},{"taxonomy":"product_tag","embeddable":true,"href":"https:\/\/www.huntersfriend.eu\/sv\/wp-json\/wp\/v2\/product_tag?post=295774"}],"curies":[{"name":"wp","href":"https:\/\/api.w.org\/{rel}","templated":true}]}}