{"id":295772,"date":"2026-04-16T07:30:35","date_gmt":"2026-04-16T05:30:35","guid":{"rendered":"https:\/\/www.huntersfriend.eu\/product\/mammoth-ranger-45-kylbox\/"},"modified":"2026-04-16T11:52:33","modified_gmt":"2026-04-16T09:52:33","slug":"mammoth-ranger-45-kylbox","status":"publish","type":"product","link":"https:\/\/www.huntersfriend.eu\/sv\/produkt\/mammoth-ranger-45-kylbox\/","title":{"rendered":"Mammoth Ranger 45 Kylbox"},"content":{"rendered":"<div class=\"vc_row wpb_row vc_row-fluid\">\n<div class=\"wpb_column vc_column_container vc_col-sm-12\">\n<div class=\"vc_column-inner\">\n<div class=\"wpb_wrapper\">\n<div class=\"wpb_text_column wpb_content_element\">\n<div class=\"wpb_wrapper\">\n<p>En rotomoldad kylbox p\u00e5 41,2 liter byggd f\u00f6r extrema f\u00f6rh\u00e5llanden \u2013 ger 6\u20138 dagars ish\u00e5llning, perfekt f\u00f6r camping, fiske, jakt och off-grid-\u00e4ventyr.<\/p>\n<p>Mammoth Ranger 45 Kylbox \u00e4r utvecklad f\u00f6r friluftsentusiaster som kr\u00e4ver maximal prestanda i tuffa milj\u00f6er. Med en kapacitet p\u00e5 41,2 liter rymmer den upp till 48 standardburkar p\u00e5 33 ml och h\u00e5ller mat och dryck kall i upp till 8 dagar n\u00e4r den packas r\u00e4tt. Den robusta, dubbelv\u00e4ggiga rotomoldade konstruktionen, frysklassad packning och tjock skumisolering g\u00f6r den till ett p\u00e5litligt skydd mot v\u00e4rmen. Oavsett om du drar iv\u00e4g p\u00e5 en helgcamping eller tar dig an tuff terr\u00e4ng p\u00e5 jakt- eller fisketur ger Ranger 45 slitstyrka och ish\u00e5llning du kan lita p\u00e5. Med Mammoths livstidsgaranti i ryggen \u00e4r den h\u00e4r kylboxen byggd f\u00f6r att klara allt naturen kastar i din v\u00e4g.    <\/p>\n<\/div>\n<\/div>\n<\/div>\n<\/div>\n<\/div>\n<\/div>\n<div class=\"vc_row wpb_row vc_row-fluid\">\n<div class=\"wpb_column vc_column_container vc_col-sm-2\">\n<div class=\"vc_column-inner\">\n<div class=\"wpb_wrapper\"><\/div>\n<\/div>\n<\/div>\n<div class=\"wpb_column vc_column_container vc_col-sm-8\">\n<div class=\"vc_column-inner\">\n<div class=\"wpb_wrapper\">\n<div class=\"wpb_text_column wpb_content_element\">\n<div class=\"wpb_wrapper\">\n<p><b>Nyckelfunktioner &amp; detaljer<\/b><\/p>\n<ul>\n<li aria-level=\"1\">Kapacitet: 42,1 liter (rymmer 45\u201348 standardburkar p\u00e5 33 ml)<\/li>\n<li aria-level=\"1\">Kraftig rotomoldad konstruktion med frysklassad packning<\/li>\n<li aria-level=\"1\">Tjock skumisolering f\u00f6r exceptionell ish\u00e5llning<\/li>\n<li aria-level=\"1\">Halkfria gummif\u00f6tter som h\u00e5ller kylboxen d\u00e4r du st\u00e4ller den<\/li>\n<li aria-level=\"1\">Utv\u00e4ndigt: 17,25\u201d x 23\u201d x 16,5\u2033 | Inv\u00e4ndigt: 12,5\u201d x 17,5\u201d x 11,5\u2033<\/li>\n<li aria-level=\"1\">Vikt: 9,9 kg.<\/li>\n<li aria-level=\"1\">Ish\u00e5llning: 6\u20138 dagar n\u00e4r den \u00e4r korrekt fylld<\/li>\n<li aria-level=\"1\">Livstidsgaranti f\u00f6r extra trygghet<\/li>\n<\/ul>\n<\/div>\n<\/div>\n<\/div>\n<\/div>\n<\/div>\n<div class=\"wpb_column vc_column_container vc_col-sm-2\"><\/div>\n<\/div>\n","protected":false},"excerpt":{"rendered":"<p>En rotomoldad kylbox p\u00e5 41,2 liter byggd f\u00f6r extrema f\u00f6rh\u00e5llanden \u2013 ger 6\u20138 dagars ish\u00e5llning, perfekt f\u00f6r camping, fiske, jakt och off-grid-\u00e4ventyr. Mammoth Ranger 45 Kylbox \u00e4r utvecklad f\u00f6r friluftsentusiaster som kr\u00e4ver maximal prestanda i tuffa milj\u00f6er. Med en kapacitet p\u00e5 41,2 liter rymmer den upp till 48 standardburkar p\u00e5 33 ml och h\u00e5ller mat [&#8230;]\n","protected":false},"featured_media":295749,"comment_status":"open","ping_status":"closed","template":"","meta":[],"product_brand":[],"product_cat":[2877],"product_tag":[],"class_list":{"0":"post-295772","1":"product","2":"type-product","3":"status-publish","4":"has-post-thumbnail","6":"product_cat-kylboxar","7":"product_shipping_class-big-sv","9":"first","10":"instock","11":"taxable","12":"shipping-taxable","13":"purchasable","14":"product-type-simple"},"composite_virtual":false,"composite_layout":"","composite_add_to_cart_form_location":"","composite_editable_in_cart":false,"composite_sold_individually_context":"","composite_shop_price_calc":"","composite_components":[],"composite_scenarios":[],"group_of_quantity":0,"min_quantity":0,"max_quantity":"","exclude_order_quantity_value_rules":"no","exclude_category_quantity_rules":"no","combine_variations":"no","exclude_global_add_ons":[],"addons":[],"_links":{"self":[{"href":"https:\/\/www.huntersfriend.eu\/sv\/wp-json\/wp\/v2\/product\/295772","targetHints":{"allow":["GET"]}}],"collection":[{"href":"https:\/\/www.huntersfriend.eu\/sv\/wp-json\/wp\/v2\/product"}],"about":[{"href":"https:\/\/www.huntersfriend.eu\/sv\/wp-json\/wp\/v2\/types\/product"}],"replies":[{"embeddable":true,"href":"https:\/\/www.huntersfriend.eu\/sv\/wp-json\/wp\/v2\/comments?post=295772"}],"wp:featuredmedia":[{"embeddable":true,"href":"https:\/\/www.huntersfriend.eu\/sv\/wp-json\/wp\/v2\/media\/295749"}],"wp:attachment":[{"href":"https:\/\/www.huntersfriend.eu\/sv\/wp-json\/wp\/v2\/media?parent=295772"}],"wp:term":[{"taxonomy":"product_brand","embeddable":true,"href":"https:\/\/www.huntersfriend.eu\/sv\/wp-json\/wp\/v2\/product_brand?post=295772"},{"taxonomy":"product_cat","embeddable":true,"href":"https:\/\/www.huntersfriend.eu\/sv\/wp-json\/wp\/v2\/product_cat?post=295772"},{"taxonomy":"product_tag","embeddable":true,"href":"https:\/\/www.huntersfriend.eu\/sv\/wp-json\/wp\/v2\/product_tag?post=295772"}],"curies":[{"name":"wp","href":"https:\/\/api.w.org\/{rel}","templated":true}]}}