{"id":295728,"date":"2025-06-04T08:30:17","date_gmt":"2025-06-04T06:30:17","guid":{"rendered":"https:\/\/www.huntersfriend.eu\/product\/final-approach-knockout-ligggomsle\/"},"modified":"2026-04-15T11:47:52","modified_gmt":"2026-04-15T09:47:52","slug":"final-approach-knockout-ligggomsle","status":"publish","type":"product","link":"https:\/\/www.huntersfriend.eu\/sv\/produkt\/final-approach-knockout-ligggomsle\/","title":{"rendered":"Final Approach Knockout \u2013 liggg\u00f6msle"},"content":{"rendered":"<h1>Knockout liggg\u00f6msle<\/h1>\n<p>Vi presenterar Final Approach Knockout liggg\u00f6msle (\u201dKO\u201d) \u2013 konstruerat f\u00f6r seri\u00f6sa sj\u00f6f\u00e5gelj\u00e4gare som s\u00f6ker oslagbart kamouflage, blixtsnabb montering och l\u00e5ngvarig h\u00e5llbarhet. KO-g\u00f6mslet \u00e4r designat f\u00f6r att \u00f6vertr\u00e4ffa konkurrenterna och f\u00e4lls upp eller ihop p\u00e5 n\u00e5gra sekunder, vilket g\u00f6r det till det snabbaste och mest effektiva liggg\u00f6mslet p\u00e5 marknaden. <\/p>\n<p>Byggt med en robust, sprintl\u00f6s g\u00e5ngj\u00e4rnsram och f\u00f6rst\u00e4rkta st\u00f6dst\u00e4nger, erbjuder KO-g\u00f6mslet o\u00f6vertr\u00e4ffad styrka och stabilitet \u2013 s\u00e5 att du tryggt kan ta dig i och ur utan bekymmer. Vadderade ryggs\u00e4cksremmar garanterar bekv\u00e4m transport, medan genomt\u00e4nkta funktioner hj\u00e4lper dig att h\u00e5lla dig dold och jaga l\u00e4ngre. <\/p>\n<p>Oavsett om du \u00e4r ute p\u00e5 en snabb morgonjakt eller sitter ute hela dagen, levererar FA Knockout-g\u00f6mslet snabbhet, styrka och d\u00f6ljande d\u00e4r det betyder som mest.<\/p>\n<h2>Egenskaper<\/h2>\n<ul>\n<li>Sprintl\u00f6s g\u00e5ngj\u00e4rnsram f\u00f6r ultrasnabb montering och nedmontering<\/li>\n<li>Kraftiga st\u00f6dst\u00e4nger f\u00f6r extra h\u00e5llbarhet och viktb\u00e4rande i- och urstigning<\/li>\n<li>N\u00e4tf\u00f6nster baktill d\u00f6ljer ditt huvud medan du f\u00f6ljer f\u00e5glarna<\/li>\n<li>Original Stubble Straps f\u00f6r anpassningsbart kamouflage<\/li>\n<li>Dubbla snabb\u00f6ppningar f\u00f6r lockflaggor ger smidiga r\u00f6relser utan att du syns<\/li>\n<li>Reng\u00f6ringslucka med dragkedja f\u00f6r enkel borttagning av skr\u00e4p<\/li>\n<li>Vattenavvisande ytterskal i 600D f\u00f6r prestanda i alla v\u00e4der<\/li>\n<li>Vattent\u00e4tt golv i 1200D f\u00f6r extra skydd och komfort<\/li>\n<li>Vadderat nackst\u00f6d f\u00f6r komfort under l\u00e5nga jakter<\/li>\n<li>Rymlig sittbrunn: 107 cm L x 61 cm B<\/li>\n<li>M\u00e5tt: 102 cm B x 216 cm L x 46 cm H<\/li>\n<li>Vikt: 9,1 kg<\/li>\n<\/ul>\n","protected":false},"excerpt":{"rendered":"<p>Knockout liggg\u00f6msle Vi presenterar Final Approach Knockout liggg\u00f6msle (\u201dKO\u201d) \u2013 konstruerat f\u00f6r seri\u00f6sa sj\u00f6f\u00e5gelj\u00e4gare som s\u00f6ker oslagbart kamouflage, blixtsnabb montering och l\u00e5ngvarig h\u00e5llbarhet. KO-g\u00f6mslet \u00e4r designat f\u00f6r att \u00f6vertr\u00e4ffa konkurrenterna och f\u00e4lls upp eller ihop p\u00e5 n\u00e5gra sekunder, vilket g\u00f6r det till det snabbaste och mest effektiva liggg\u00f6mslet p\u00e5 marknaden. Byggt med en robust, sprintl\u00f6s [&#8230;]\n","protected":false},"featured_media":289667,"comment_status":"open","ping_status":"closed","template":"","meta":[],"product_brand":[],"product_cat":[2718],"product_tag":[],"class_list":{"0":"post-295728","1":"product","2":"type-product","3":"status-publish","4":"has-post-thumbnail","6":"product_cat-markgomslen","7":"product_shipping_class-big-sv","9":"first","10":"outofstock","11":"taxable","12":"shipping-taxable","13":"purchasable","14":"product-type-simple"},"composite_virtual":false,"composite_layout":"","composite_add_to_cart_form_location":"","composite_editable_in_cart":false,"composite_sold_individually_context":"","composite_shop_price_calc":"","composite_components":[],"composite_scenarios":[],"group_of_quantity":0,"min_quantity":0,"max_quantity":"","exclude_order_quantity_value_rules":"no","exclude_category_quantity_rules":"no","combine_variations":"no","exclude_global_add_ons":[],"addons":[],"_links":{"self":[{"href":"https:\/\/www.huntersfriend.eu\/sv\/wp-json\/wp\/v2\/product\/295728","targetHints":{"allow":["GET"]}}],"collection":[{"href":"https:\/\/www.huntersfriend.eu\/sv\/wp-json\/wp\/v2\/product"}],"about":[{"href":"https:\/\/www.huntersfriend.eu\/sv\/wp-json\/wp\/v2\/types\/product"}],"replies":[{"embeddable":true,"href":"https:\/\/www.huntersfriend.eu\/sv\/wp-json\/wp\/v2\/comments?post=295728"}],"wp:featuredmedia":[{"embeddable":true,"href":"https:\/\/www.huntersfriend.eu\/sv\/wp-json\/wp\/v2\/media\/289667"}],"wp:attachment":[{"href":"https:\/\/www.huntersfriend.eu\/sv\/wp-json\/wp\/v2\/media?parent=295728"}],"wp:term":[{"taxonomy":"product_brand","embeddable":true,"href":"https:\/\/www.huntersfriend.eu\/sv\/wp-json\/wp\/v2\/product_brand?post=295728"},{"taxonomy":"product_cat","embeddable":true,"href":"https:\/\/www.huntersfriend.eu\/sv\/wp-json\/wp\/v2\/product_cat?post=295728"},{"taxonomy":"product_tag","embeddable":true,"href":"https:\/\/www.huntersfriend.eu\/sv\/wp-json\/wp\/v2\/product_tag?post=295728"}],"curies":[{"name":"wp","href":"https:\/\/api.w.org\/{rel}","templated":true}]}}