{"id":295725,"date":"2025-07-30T11:22:30","date_gmt":"2025-07-30T09:22:30","guid":{"rendered":"https:\/\/www.huntersfriend.eu\/product\/final-approach-full-body-honkers\/"},"modified":"2026-04-15T11:47:50","modified_gmt":"2026-04-15T09:47:50","slug":"final-approach-full-body-honkers","status":"publish","type":"product","link":"https:\/\/www.huntersfriend.eu\/sv\/produkt\/final-approach-full-body-honkers\/","title":{"rendered":"Final Approach Full Body Honkers"},"content":{"rendered":"<p data-start=\"39\" data-end=\"365\"><strong data-start=\"39\" data-end=\"88\">FA Full Body Honkers \u2013 bulvan-set f\u00f6r kanadag\u00e5s<\/strong> inneh\u00e5ller en stor variation av olika huvudpositioner f\u00f6r din bulvanbild. Vi rekommenderar detta set f\u00f6r skalbulvaner eller som ett till\u00e4gg till en bulvanbild som bara best\u00e5r av betande g\u00e4ss, vilket hj\u00e4lper till att f\u00f6rb\u00e4ttra synligheten. Bulvanernas relativa storlek syns i produktbilderna.  <\/p>\n<p data-start=\"367\" data-end=\"442\"><strong data-start=\"367\" data-end=\"410\">Setet inneh\u00e5ller ingen f\u00f6rvaringsp\u00e5se!<\/strong> Den kan k\u00f6pas separat.<\/p>\n<ul data-start=\"444\" data-end=\"572\">\n<li data-section-id=\"10ldhqk\" data-start=\"444\" data-end=\"478\">Utm\u00e4rkt realistiskt utseende<\/li>\n<li data-section-id=\"6hetd\" data-start=\"479\" data-end=\"532\">Flexibel plastkropp som t\u00e5l tuffa f\u00f6rh\u00e5llanden<\/li>\n<li data-section-id=\"1g3gpi7\" data-start=\"533\" data-end=\"550\">Flockade huvuden<\/li>\n<li data-section-id=\"1kqws2h\" data-start=\"551\" data-end=\"572\">Stadiga metallben<\/li>\n<\/ul>\n<p data-start=\"574\" data-end=\"599\"><strong data-start=\"574\" data-end=\"599\">Paketet inneh\u00e5ller:<\/strong><\/p>\n<ul data-start=\"601\" data-end=\"715\">\n<li data-section-id=\"h0z17z\" data-start=\"601\" data-end=\"640\">En vaktande g\u00e5sbulvan<\/li>\n<li data-section-id=\"j836u1\" data-start=\"641\" data-end=\"668\">En vilande g\u00e5sbulvan<\/li>\n<li data-section-id=\"fjwp1u\" data-start=\"669\" data-end=\"698\">Fyra betande g\u00e5sbulvaner<\/li>\n<li data-section-id=\"1hgm5ba\" data-start=\"699\" data-end=\"715\">Metallben till st\u00e4llning<\/li>\n<\/ul>\n","protected":false},"excerpt":{"rendered":"<p>FA Full Body Honkers \u2013 bulvan-set f\u00f6r kanadag\u00e5s inneh\u00e5ller en stor variation av olika huvudpositioner f\u00f6r din bulvanbild. Vi rekommenderar detta set f\u00f6r skalbulvaner eller som ett till\u00e4gg till en bulvanbild som bara best\u00e5r av betande g\u00e4ss, vilket hj\u00e4lper till att f\u00f6rb\u00e4ttra synligheten. Bulvanernas relativa storlek syns i produktbilderna. Setet inneh\u00e5ller ingen f\u00f6rvaringsp\u00e5se! Den kan [&#8230;]\n","protected":false},"featured_media":295703,"comment_status":"open","ping_status":"closed","template":"","meta":[],"product_brand":[],"product_cat":[2830],"product_tag":[],"class_list":{"0":"post-295725","1":"product","2":"type-product","3":"status-publish","4":"has-post-thumbnail","6":"product_cat-gasbeten","7":"product_shipping_class-big-sv","9":"first","10":"instock","11":"sale","12":"taxable","13":"shipping-taxable","14":"purchasable","15":"product-type-simple"},"composite_virtual":false,"composite_layout":"","composite_add_to_cart_form_location":"","composite_editable_in_cart":false,"composite_sold_individually_context":"","composite_shop_price_calc":"","composite_components":[],"composite_scenarios":[],"group_of_quantity":0,"min_quantity":0,"max_quantity":"","exclude_order_quantity_value_rules":"no","exclude_category_quantity_rules":"no","combine_variations":"no","exclude_global_add_ons":[],"addons":[],"_links":{"self":[{"href":"https:\/\/www.huntersfriend.eu\/sv\/wp-json\/wp\/v2\/product\/295725","targetHints":{"allow":["GET"]}}],"collection":[{"href":"https:\/\/www.huntersfriend.eu\/sv\/wp-json\/wp\/v2\/product"}],"about":[{"href":"https:\/\/www.huntersfriend.eu\/sv\/wp-json\/wp\/v2\/types\/product"}],"replies":[{"embeddable":true,"href":"https:\/\/www.huntersfriend.eu\/sv\/wp-json\/wp\/v2\/comments?post=295725"}],"wp:featuredmedia":[{"embeddable":true,"href":"https:\/\/www.huntersfriend.eu\/sv\/wp-json\/wp\/v2\/media\/295703"}],"wp:attachment":[{"href":"https:\/\/www.huntersfriend.eu\/sv\/wp-json\/wp\/v2\/media?parent=295725"}],"wp:term":[{"taxonomy":"product_brand","embeddable":true,"href":"https:\/\/www.huntersfriend.eu\/sv\/wp-json\/wp\/v2\/product_brand?post=295725"},{"taxonomy":"product_cat","embeddable":true,"href":"https:\/\/www.huntersfriend.eu\/sv\/wp-json\/wp\/v2\/product_cat?post=295725"},{"taxonomy":"product_tag","embeddable":true,"href":"https:\/\/www.huntersfriend.eu\/sv\/wp-json\/wp\/v2\/product_tag?post=295725"}],"curies":[{"name":"wp","href":"https:\/\/api.w.org\/{rel}","templated":true}]}}