{"id":295722,"date":"2025-06-04T08:30:17","date_gmt":"2025-06-04T06:30:17","guid":{"rendered":"https:\/\/www.huntersfriend.eu\/product\/final-approach-last-pass-texas-rigs-vettvetsankare\/"},"modified":"2026-04-15T11:47:48","modified_gmt":"2026-04-15T09:47:48","slug":"final-approach-last-pass-texas-rigs-vettvetsankare","status":"publish","type":"product","link":"https:\/\/www.huntersfriend.eu\/sv\/produkt\/final-approach-last-pass-texas-rigs-vettvetsankare\/","title":{"rendered":"Final Approach Last Pass Texas Rigs \u2013 vettvetsankare"},"content":{"rendered":"<h1>Last Pass Cable Texas Rigs 60\u201d 4 oz<\/h1>\n<p>Uppgradera din utrustning f\u00f6r sj\u00f6f\u00e5geljakt med Final Approach Last Pass Cable Texas Rigs, konstruerade f\u00f6r seri\u00f6sa j\u00e4gare. Varje rigg \u00e4r 60 tum l\u00e5ng och har en slitstark 2 mm svartlackerad vajer som \u00e4r trasselfri och extremt smidig f\u00f6r problemfri utplacering och h\u00e4mtning. Utrustade med 4 oz s\u00e4nken i bly f\u00f6r s\u00e4ker placering och en extra stor M12-karbinhake med skumvaddering f\u00f6r snabb och organiserad hantering. Dessa Texas-riggar \u00e4r byggda f\u00f6r att h\u00e5lla och \u00e4r den perfekta kombinationen av styrka, enkelhet och p\u00e5litlighet i f\u00e4lt.   <\/p>\n<h2>Egenskaper<\/h2>\n<ul>\n<li>60&#8243; l\u00e4ngd \u2013 idealisk f\u00f6r de flesta jaktmilj\u00f6er.<\/li>\n<li>4 oz blys\u00e4nken \u2013 h\u00e5ller dina vettar s\u00e4kert f\u00f6rankrade p\u00e5 plats.<\/li>\n<li>2 mm svartlackerad vajer \u2013 tuff, korrosionsbest\u00e4ndig bel\u00e4ggning s\u00e4kerst\u00e4ller l\u00e5ngvarig prestanda.<\/li>\n<li>Mycket smidig och trasselfri \u2013 mjuk vajerdesign minskar trassel och g\u00f6r uppst\u00e4llning och nedmontering snabbare.<\/li>\n<li>Extra stor M12-karbinhake med skumvaddering \u2013 g\u00f6r transport och hantering enkel och bekv\u00e4m.<\/li>\n<\/ul>\n<p><em>Final Approach Last Pass 60&#8243; 4 oz. Cable Texas Rigs, 12-pack <\/em><\/p>\n","protected":false},"excerpt":{"rendered":"<p>Last Pass Cable Texas Rigs 60\u201d 4 oz Uppgradera din utrustning f\u00f6r sj\u00f6f\u00e5geljakt med Final Approach Last Pass Cable Texas Rigs, konstruerade f\u00f6r seri\u00f6sa j\u00e4gare. Varje rigg \u00e4r 60 tum l\u00e5ng och har en slitstark 2 mm svartlackerad vajer som \u00e4r trasselfri och extremt smidig f\u00f6r problemfri utplacering och h\u00e4mtning. Utrustade med 4 oz s\u00e4nken [&#8230;]\n","protected":false},"featured_media":289626,"comment_status":"open","ping_status":"closed","template":"","meta":[],"product_brand":[],"product_cat":[2803],"product_tag":[],"class_list":{"0":"post-295722","1":"product","2":"type-product","3":"status-publish","4":"has-post-thumbnail","6":"product_cat-tillbehor-for-beten","8":"first","9":"outofstock","10":"taxable","11":"shipping-taxable","12":"purchasable","13":"product-type-simple"},"composite_virtual":false,"composite_layout":"","composite_add_to_cart_form_location":"","composite_editable_in_cart":false,"composite_sold_individually_context":"","composite_shop_price_calc":"","composite_components":[],"composite_scenarios":[],"group_of_quantity":0,"min_quantity":0,"max_quantity":"","exclude_order_quantity_value_rules":"no","exclude_category_quantity_rules":"no","combine_variations":"no","exclude_global_add_ons":[],"addons":[],"_links":{"self":[{"href":"https:\/\/www.huntersfriend.eu\/sv\/wp-json\/wp\/v2\/product\/295722","targetHints":{"allow":["GET"]}}],"collection":[{"href":"https:\/\/www.huntersfriend.eu\/sv\/wp-json\/wp\/v2\/product"}],"about":[{"href":"https:\/\/www.huntersfriend.eu\/sv\/wp-json\/wp\/v2\/types\/product"}],"replies":[{"embeddable":true,"href":"https:\/\/www.huntersfriend.eu\/sv\/wp-json\/wp\/v2\/comments?post=295722"}],"wp:featuredmedia":[{"embeddable":true,"href":"https:\/\/www.huntersfriend.eu\/sv\/wp-json\/wp\/v2\/media\/289626"}],"wp:attachment":[{"href":"https:\/\/www.huntersfriend.eu\/sv\/wp-json\/wp\/v2\/media?parent=295722"}],"wp:term":[{"taxonomy":"product_brand","embeddable":true,"href":"https:\/\/www.huntersfriend.eu\/sv\/wp-json\/wp\/v2\/product_brand?post=295722"},{"taxonomy":"product_cat","embeddable":true,"href":"https:\/\/www.huntersfriend.eu\/sv\/wp-json\/wp\/v2\/product_cat?post=295722"},{"taxonomy":"product_tag","embeddable":true,"href":"https:\/\/www.huntersfriend.eu\/sv\/wp-json\/wp\/v2\/product_tag?post=295722"}],"curies":[{"name":"wp","href":"https:\/\/api.w.org\/{rel}","templated":true}]}}