{"id":295721,"date":"2025-06-04T08:30:18","date_gmt":"2025-06-04T06:30:18","guid":{"rendered":"https:\/\/www.huntersfriend.eu\/product\/final-approach-flytande-jaktvaska\/"},"modified":"2026-04-15T11:47:48","modified_gmt":"2026-04-15T09:47:48","slug":"final-approach-flytande-jaktvaska","status":"publish","type":"product","link":"https:\/\/www.huntersfriend.eu\/sv\/produkt\/final-approach-flytande-jaktvaska\/","title":{"rendered":"Final Approach flytande jaktv\u00e4ska"},"content":{"rendered":"<h1>Final Approach flytande jaktv\u00e4ska<\/h1>\n<p>Final Approach flytande jaktv\u00e4ska \u00e4r byggd f\u00f6r seri\u00f6sa j\u00e4gare som kr\u00e4ver h\u00e5llbarhet, ordning och skydd i f\u00e4lt. Den h\u00e5ller din utrustning torr, s\u00e4ker och l\u00e4tt\u00e5tkomlig \u2013 oavsett var jakten tar dig.<\/p>\n<p>Denna jaktv\u00e4ska \u00e4r tillverkad av slitstark 600D-polyester med en vattent\u00e4t gjuten botten och \u00e4r konstruerad f\u00f6r att flyta, vilket g\u00f6r den perfekt f\u00f6r \u00f6versv\u00e4mmad skog, v\u00e5tmarker eller g\u00f6mslen n\u00e4ra vatten. Det rymliga huvudfacket (25,4 cm H x 38,1 cm B x 30,5 cm D) har en l\u00f6stagbar avdelare samt inv\u00e4ndiga kl\u00e4mmor och D-ringar f\u00f6r att h\u00e5lla viktiga tillbeh\u00f6r s\u00e4krade och organiserade. <\/p>\n<p>H\u00e5ll dig redo f\u00f6r allt med en hel upps\u00e4ttning smarta f\u00f6rvaringsl\u00f6sningar:<\/p>\n<ul>\n<li>1 stor framficka med dragkedja f\u00f6r skrymmande utrustning<\/li>\n<li>1 strukturerad ammunitionsficka med sp\u00e4nne f\u00f6r l\u00f6s ammunition<\/li>\n<li>1 expanderbar genomg\u00e5ngsficka f\u00f6r extra lager eller handskar<\/li>\n<li>1 toppficka med dragkedja f\u00f6r f\u00f6rem\u00e5l du beh\u00f6ver n\u00e5 snabbt<\/li>\n<li>1 solglas\u00f6gonficka med dragkedja f\u00f6r att skydda dina glas\u00f6gon<\/li>\n<li>1 expanderbar ficka f\u00f6r vattenflaska\/termos f\u00f6r v\u00e4tska i f\u00e4lt<\/li>\n<\/ul>\n<p>Inv\u00e4ndiga genomskinliga plastfack hj\u00e4lper dig att hitta det du beh\u00f6ver snabbt, medan en inv\u00e4ndig vattent\u00e4t mobilficka skyddar din elektronik. Ett vattenavvisande lock med dubbla dragkedjor h\u00e5ller huvudfacket f\u00f6rseglat mot fukt. V\u00e4skan \u00e4r komplett med dragtappar p\u00e5 varje yttre dragkedja och en gjuten, vadderad axelrem \u2013 byggd f\u00f6r att prestera jakt efter jakt.  <\/p>\n<h2>Egenskaper<\/h2>\n<ul>\n<li>Robust konstruktion i 600D-polyester<\/li>\n<li>Flytande design med gjuten vattent\u00e4t botten<\/li>\n<li>Huvudfack: 25,4 cm H x 38,1 cm B x 30,5 cm D med l\u00f6stagbar avdelare<\/li>\n<li>Vattenavvisande huvudfack med dubbla dragkedjor<\/li>\n<li>Inv\u00e4ndig vattent\u00e4t mobilficka<\/li>\n<li>Flera inv\u00e4ndiga kl\u00e4mmor och D-ringar<\/li>\n<\/ul>\n","protected":false},"excerpt":{"rendered":"<p>Final Approach flytande jaktv\u00e4ska Final Approach flytande jaktv\u00e4ska \u00e4r byggd f\u00f6r seri\u00f6sa j\u00e4gare som kr\u00e4ver h\u00e5llbarhet, ordning och skydd i f\u00e4lt. Den h\u00e5ller din utrustning torr, s\u00e4ker och l\u00e4tt\u00e5tkomlig \u2013 oavsett var jakten tar dig. Denna jaktv\u00e4ska \u00e4r tillverkad av slitstark 600D-polyester med en vattent\u00e4t gjuten botten och \u00e4r konstruerad f\u00f6r att flyta, vilket g\u00f6r [&#8230;]\n","protected":false},"featured_media":289664,"comment_status":"open","ping_status":"closed","template":"","meta":[],"product_brand":[],"product_cat":[2566,2562],"product_tag":[],"class_list":{"0":"post-295721","1":"product","2":"type-product","3":"status-publish","4":"has-post-thumbnail","6":"product_cat-jaktvaskor","7":"product_cat-material-och-tillbehor","9":"first","10":"instock","11":"taxable","12":"shipping-taxable","13":"purchasable","14":"product-type-simple"},"composite_virtual":false,"composite_layout":"","composite_add_to_cart_form_location":"","composite_editable_in_cart":false,"composite_sold_individually_context":"","composite_shop_price_calc":"","composite_components":[],"composite_scenarios":[],"group_of_quantity":0,"min_quantity":0,"max_quantity":"","exclude_order_quantity_value_rules":"no","exclude_category_quantity_rules":"no","combine_variations":"no","exclude_global_add_ons":[],"addons":[],"_links":{"self":[{"href":"https:\/\/www.huntersfriend.eu\/sv\/wp-json\/wp\/v2\/product\/295721","targetHints":{"allow":["GET"]}}],"collection":[{"href":"https:\/\/www.huntersfriend.eu\/sv\/wp-json\/wp\/v2\/product"}],"about":[{"href":"https:\/\/www.huntersfriend.eu\/sv\/wp-json\/wp\/v2\/types\/product"}],"replies":[{"embeddable":true,"href":"https:\/\/www.huntersfriend.eu\/sv\/wp-json\/wp\/v2\/comments?post=295721"}],"wp:featuredmedia":[{"embeddable":true,"href":"https:\/\/www.huntersfriend.eu\/sv\/wp-json\/wp\/v2\/media\/289664"}],"wp:attachment":[{"href":"https:\/\/www.huntersfriend.eu\/sv\/wp-json\/wp\/v2\/media?parent=295721"}],"wp:term":[{"taxonomy":"product_brand","embeddable":true,"href":"https:\/\/www.huntersfriend.eu\/sv\/wp-json\/wp\/v2\/product_brand?post=295721"},{"taxonomy":"product_cat","embeddable":true,"href":"https:\/\/www.huntersfriend.eu\/sv\/wp-json\/wp\/v2\/product_cat?post=295721"},{"taxonomy":"product_tag","embeddable":true,"href":"https:\/\/www.huntersfriend.eu\/sv\/wp-json\/wp\/v2\/product_tag?post=295721"}],"curies":[{"name":"wp","href":"https:\/\/api.w.org\/{rel}","templated":true}]}}