{"id":295720,"date":"2025-04-02T12:08:13","date_gmt":"2025-04-02T10:08:13","guid":{"rendered":"https:\/\/www.huntersfriend.eu\/product\/final-approach-flytande-hagelgevarsfodral-3\/"},"modified":"2026-04-15T11:47:45","modified_gmt":"2026-04-15T09:47:45","slug":"final-approach-flytande-hagelgevarsfodral-3","status":"publish","type":"product","link":"https:\/\/www.huntersfriend.eu\/sv\/produkt\/final-approach-flytande-hagelgevarsfodral-3\/","title":{"rendered":"Final Approach Flytande Hagelgev\u00e4rsfodral"},"content":{"rendered":"<h1>Final Approach Flytande Hagelgev\u00e4rsfodral<\/h1>\n<p>Skydda din investering ute i f\u00e4lt! Final Approach Flytande Hagelgev\u00e4rsfodral \u00e4r vattenresistent och har alla viktiga funktioner. Den 3\/4 l\u00e5nga vattent\u00e4ta dragkedjan och sp\u00e4nnesf\u00f6rslutningen g\u00f6r det enkelt att skjuta in och ut ditt vapen ur fodralet. Detta fodral har b\u00e5de ett b\u00e4rhandtag och en justerbar axelrem. P\u00e5 fodralets framsida finns en ficka f\u00f6r choker med kardborrest\u00e4ngning. N\u00e4r du jagar kan fodralet vikas i tre delar f\u00f6r enkel f\u00f6rvaring i alla g\u00f6mslen.     <\/p>\n<h2>Egenskaper<\/h2>\n<ul>\n<li>3\/4 l\u00e5ng vattent\u00e4t dragkedja<\/li>\n<li>Sp\u00e4nnesf\u00f6rslutning<\/li>\n<li>B\u00e4rhandtag<\/li>\n<li>Justerbar axelrem<\/li>\n<li>Ficka f\u00f6r choker<\/li>\n<li>Tredelad f\u00f6r enkel f\u00f6rvaring<\/li>\n<li>132 cm fodral<\/li>\n<\/ul>\n","protected":false},"excerpt":{"rendered":"<p>Final Approach Flytande Hagelgev\u00e4rsfodral Skydda din investering ute i f\u00e4lt! Final Approach Flytande Hagelgev\u00e4rsfodral \u00e4r vattenresistent och har alla viktiga funktioner. Den 3\/4 l\u00e5nga vattent\u00e4ta dragkedjan och sp\u00e4nnesf\u00f6rslutningen g\u00f6r det enkelt att skjuta in och ut ditt vapen ur fodralet. Detta fodral har b\u00e5de ett b\u00e4rhandtag och en justerbar axelrem. P\u00e5 fodralets framsida finns en [&#8230;]\n","protected":false},"featured_media":289516,"comment_status":"open","ping_status":"closed","template":"","meta":[],"product_brand":[],"product_cat":[2569],"product_tag":[],"class_list":{"0":"post-295720","1":"product","2":"type-product","3":"status-publish","4":"has-post-thumbnail","6":"product_cat-mjuka-fodral","8":"first","9":"instock","10":"taxable","11":"shipping-taxable","12":"purchasable","13":"product-type-simple"},"composite_virtual":false,"composite_layout":"","composite_add_to_cart_form_location":"","composite_editable_in_cart":false,"composite_sold_individually_context":"","composite_shop_price_calc":"","composite_components":[],"composite_scenarios":[],"group_of_quantity":0,"min_quantity":0,"max_quantity":"","exclude_order_quantity_value_rules":"no","exclude_category_quantity_rules":"no","combine_variations":"no","exclude_global_add_ons":[],"addons":[],"_links":{"self":[{"href":"https:\/\/www.huntersfriend.eu\/sv\/wp-json\/wp\/v2\/product\/295720","targetHints":{"allow":["GET"]}}],"collection":[{"href":"https:\/\/www.huntersfriend.eu\/sv\/wp-json\/wp\/v2\/product"}],"about":[{"href":"https:\/\/www.huntersfriend.eu\/sv\/wp-json\/wp\/v2\/types\/product"}],"replies":[{"embeddable":true,"href":"https:\/\/www.huntersfriend.eu\/sv\/wp-json\/wp\/v2\/comments?post=295720"}],"wp:featuredmedia":[{"embeddable":true,"href":"https:\/\/www.huntersfriend.eu\/sv\/wp-json\/wp\/v2\/media\/289516"}],"wp:attachment":[{"href":"https:\/\/www.huntersfriend.eu\/sv\/wp-json\/wp\/v2\/media?parent=295720"}],"wp:term":[{"taxonomy":"product_brand","embeddable":true,"href":"https:\/\/www.huntersfriend.eu\/sv\/wp-json\/wp\/v2\/product_brand?post=295720"},{"taxonomy":"product_cat","embeddable":true,"href":"https:\/\/www.huntersfriend.eu\/sv\/wp-json\/wp\/v2\/product_cat?post=295720"},{"taxonomy":"product_tag","embeddable":true,"href":"https:\/\/www.huntersfriend.eu\/sv\/wp-json\/wp\/v2\/product_tag?post=295720"}],"curies":[{"name":"wp","href":"https:\/\/api.w.org\/{rel}","templated":true}]}}