{"id":295719,"date":"2021-07-07T14:20:35","date_gmt":"2021-07-07T12:20:35","guid":{"rendered":"https:\/\/www.huntersfriend.eu\/product\/final-approach-ez-grab-lockvaska\/"},"modified":"2026-04-15T11:47:45","modified_gmt":"2026-04-15T09:47:45","slug":"final-approach-ez-grab-lockvaska","status":"publish","type":"product","link":"https:\/\/www.huntersfriend.eu\/sv\/produkt\/final-approach-ez-grab-lockvaska\/","title":{"rendered":"Final Approach EZ-Grab Lockv\u00e4ska"},"content":{"rendered":"<p>Att plocka upp silhuettlockf\u00e5glar har precis blivit mycket enklare. Denna v\u00e4ska \u00e4r designad f\u00f6r att b\u00e4ras \u00f6ver axeln n\u00e4r du plockar upp silhuettlockf\u00e5glar. Dra helt enkelt de yttre flikarna till v\u00e4skans baksida och b\u00f6rja plocka upp silhuetterna. Skjut in lockpinnens \u00f6vre del \u00f6ver den \u00f6vre st\u00e5ngen och forts\u00e4tt tills du \u00e4r klar. V\u00e4skans maximala kapacitet \u00e4r 5 dussin silhuetter. Sp\u00e4nn fast allt s\u00e5 \u00e4r lockf\u00e5glarna redo f\u00f6r n\u00e4sta anv\u00e4ndning.     <\/p>\n<p><strong>Egenskaper<\/strong><\/p>\n<ul>\n<li>Unikt upph\u00e4ngningssystem f\u00f6r silhuetter<\/li>\n<li>\u00d6verlappande yttre flikar<\/li>\n<li>Axelrem<\/li>\n<li>Rymmer 5 dussin silhuetter<\/li>\n<li>600D Polyester<\/li>\n<\/ul>\n","protected":false},"excerpt":{"rendered":"<p>F\u00f6r silhuettlockf\u00e5glar<\/p>\n","protected":false},"featured_media":212616,"comment_status":"open","ping_status":"closed","template":"","meta":[],"product_brand":[],"product_cat":[2818],"product_tag":[],"class_list":{"0":"post-295719","1":"product","2":"type-product","3":"status-publish","4":"has-post-thumbnail","6":"product_cat-lockfagelsvaskor","8":"first","9":"instock","10":"taxable","11":"shipping-taxable","12":"purchasable","13":"product-type-simple"},"composite_virtual":false,"composite_layout":"","composite_add_to_cart_form_location":"","composite_editable_in_cart":false,"composite_sold_individually_context":"","composite_shop_price_calc":"","composite_components":[],"composite_scenarios":[],"group_of_quantity":0,"min_quantity":0,"max_quantity":"","exclude_order_quantity_value_rules":"no","exclude_category_quantity_rules":"no","combine_variations":"no","exclude_global_add_ons":[],"addons":[],"_links":{"self":[{"href":"https:\/\/www.huntersfriend.eu\/sv\/wp-json\/wp\/v2\/product\/295719","targetHints":{"allow":["GET"]}}],"collection":[{"href":"https:\/\/www.huntersfriend.eu\/sv\/wp-json\/wp\/v2\/product"}],"about":[{"href":"https:\/\/www.huntersfriend.eu\/sv\/wp-json\/wp\/v2\/types\/product"}],"replies":[{"embeddable":true,"href":"https:\/\/www.huntersfriend.eu\/sv\/wp-json\/wp\/v2\/comments?post=295719"}],"wp:featuredmedia":[{"embeddable":true,"href":"https:\/\/www.huntersfriend.eu\/sv\/wp-json\/wp\/v2\/media\/212616"}],"wp:attachment":[{"href":"https:\/\/www.huntersfriend.eu\/sv\/wp-json\/wp\/v2\/media?parent=295719"}],"wp:term":[{"taxonomy":"product_brand","embeddable":true,"href":"https:\/\/www.huntersfriend.eu\/sv\/wp-json\/wp\/v2\/product_brand?post=295719"},{"taxonomy":"product_cat","embeddable":true,"href":"https:\/\/www.huntersfriend.eu\/sv\/wp-json\/wp\/v2\/product_cat?post=295719"},{"taxonomy":"product_tag","embeddable":true,"href":"https:\/\/www.huntersfriend.eu\/sv\/wp-json\/wp\/v2\/product_tag?post=295719"}],"curies":[{"name":"wp","href":"https:\/\/api.w.org\/{rel}","templated":true}]}}