{"id":295717,"date":"2021-07-07T14:20:36","date_gmt":"2021-07-07T12:20:36","guid":{"rendered":"https:\/\/www.huntersfriend.eu\/product\/final-approach-helkroppsvett-for-blasgas\/"},"modified":"2026-04-15T11:47:43","modified_gmt":"2026-04-15T09:47:43","slug":"final-approach-helkroppsvett-for-blasgas","status":"publish","type":"product","link":"https:\/\/www.huntersfriend.eu\/sv\/produkt\/final-approach-helkroppsvett-for-blasgas\/","title":{"rendered":"Final Approach helkroppsvett f\u00f6r bl\u00e4sg\u00e5s"},"content":{"rendered":"<p>Final Approach Last Pass helkroppsvett f\u00f6r bl\u00e4sg\u00e5s, 6-pack.<\/p>\n<ul>\n<li>Robust blandning med mjukare plast f\u00f6r \u00f6kad h\u00e5llbarhet och b\u00e4ttre f\u00e4rgf\u00e4ste<\/li>\n<li>Uppgraderat f\u00e4rgschema f\u00f6r ett mer realistiskt utseende<\/li>\n<li>3 nykarvade huvuden f\u00f6r ett mer realistiskt bl\u00e4sg\u00e5sutseende!<\/li>\n<li>45,7 cm fiberpinnar med grepphandtag f\u00f6r enkel i- och urtagning ur marken<\/li>\n<li>Inneh\u00e5ller: 2 vilande, 2 aggressiva betare och 2 betare med kort hals<\/li>\n<\/ul>\n<p>&nbsp;<\/p>\n<p><strong>Observera: Onlinebest\u00e4llningar \u00e4r begr\u00e4nsade till en l\u00e5da per best\u00e4llning. F\u00f6r st\u00f6rre m\u00e4ngder, v\u00e4nligen kontakta kundtj\u00e4nst direkt f\u00f6r att se \u00f6ver leveranskostnaderna <\/strong><\/p>\n","protected":false},"excerpt":{"rendered":"<p>6 st\/kartong<\/p>\n<p><strong>Observera: Onlinebest\u00e4llningar \u00e4r begr\u00e4nsade till en l\u00e5da per best\u00e4llning. F\u00f6r st\u00f6rre m\u00e4ngder, v\u00e4nligen kontakta kundtj\u00e4nst direkt f\u00f6r att se \u00f6ver leveranskostnaderna <\/strong><\/p>\n","protected":false},"featured_media":208728,"comment_status":"open","ping_status":"closed","template":"","meta":[],"product_brand":[],"product_cat":[2830],"product_tag":[],"class_list":{"0":"post-295717","1":"product","2":"type-product","3":"status-publish","4":"has-post-thumbnail","6":"product_cat-gasbeten","7":"product_shipping_class-big-sv","9":"first","10":"instock","11":"sale","12":"taxable","13":"shipping-taxable","14":"purchasable","15":"product-type-simple"},"composite_virtual":false,"composite_layout":"","composite_add_to_cart_form_location":"","composite_editable_in_cart":false,"composite_sold_individually_context":"","composite_shop_price_calc":"","composite_components":[],"composite_scenarios":[],"group_of_quantity":0,"min_quantity":0,"max_quantity":"","exclude_order_quantity_value_rules":"no","exclude_category_quantity_rules":"no","combine_variations":"no","exclude_global_add_ons":[],"addons":[],"_links":{"self":[{"href":"https:\/\/www.huntersfriend.eu\/sv\/wp-json\/wp\/v2\/product\/295717","targetHints":{"allow":["GET"]}}],"collection":[{"href":"https:\/\/www.huntersfriend.eu\/sv\/wp-json\/wp\/v2\/product"}],"about":[{"href":"https:\/\/www.huntersfriend.eu\/sv\/wp-json\/wp\/v2\/types\/product"}],"replies":[{"embeddable":true,"href":"https:\/\/www.huntersfriend.eu\/sv\/wp-json\/wp\/v2\/comments?post=295717"}],"wp:featuredmedia":[{"embeddable":true,"href":"https:\/\/www.huntersfriend.eu\/sv\/wp-json\/wp\/v2\/media\/208728"}],"wp:attachment":[{"href":"https:\/\/www.huntersfriend.eu\/sv\/wp-json\/wp\/v2\/media?parent=295717"}],"wp:term":[{"taxonomy":"product_brand","embeddable":true,"href":"https:\/\/www.huntersfriend.eu\/sv\/wp-json\/wp\/v2\/product_brand?post=295717"},{"taxonomy":"product_cat","embeddable":true,"href":"https:\/\/www.huntersfriend.eu\/sv\/wp-json\/wp\/v2\/product_cat?post=295717"},{"taxonomy":"product_tag","embeddable":true,"href":"https:\/\/www.huntersfriend.eu\/sv\/wp-json\/wp\/v2\/product_tag?post=295717"}],"curies":[{"name":"wp","href":"https:\/\/api.w.org\/{rel}","templated":true}]}}