{"id":295713,"date":"2025-06-04T08:30:17","date_gmt":"2025-06-04T06:30:17","guid":{"rendered":"https:\/\/www.huntersfriend.eu\/product\/final-approach-mobile-versatile-panel-blind\/"},"modified":"2026-04-15T11:39:07","modified_gmt":"2026-04-15T09:39:07","slug":"final-approach-mobile-versatile-panel-blind","status":"publish","type":"product","link":"https:\/\/www.huntersfriend.eu\/sv\/produkt\/final-approach-mobile-versatile-panel-blind\/","title":{"rendered":"Final Approach Mobile Versatile Panel Blind"},"content":{"rendered":"<h1>M.V.P. Panel Blind<\/h1>\n<p>Final Approach M.V.P. Panel Blind \u00e4r konstruerat f\u00f6r maximal m\u00e5ngsidighet i alla vattenf\u00e5geljaktscenarier. Oavsett om du \u00e4r p\u00e5 ett f\u00e4lt, vid vattenkanten eller djupt inne i k\u00e4rret, anpassar sig detta g\u00f6msle efter dina behov. Anv\u00e4nd det som ett traditionellt panelg\u00f6msle eller dra nytta av dess modul\u00e4ra design f\u00f6r att skapa anpassade uppl\u00e4gg\u2014perfekt f\u00f6r ensamma j\u00e4gare eller grupper.  <\/p>\n<p>Ta snabbt bort en panel f\u00f6r en tv\u00e5personsuppst\u00e4llning eller tv\u00e5 paneler f\u00f6r ensam kamouflering. Sidopanelalternativet erbjuder ut\u00f6kad kamouflering f\u00f6r flera j\u00e4gare eller fungerar till och med som hundd\u00f6rr f\u00f6r din retriever. <\/p>\n<p>Utrustad med korslagda stubbremmar kan du borsta in naturlig vegetation i flera vinklar f\u00f6r f\u00f6rb\u00e4ttrad 3D-kamouflage. Vertikal borstning \u00e4r ocks\u00e5 m\u00f6jlig n\u00e4r panelerna roteras, vilket ger \u00e4nnu mer flexibilitet f\u00f6r kamouflering. Tv\u00e5 g\u00f6mslen kan enkelt kombineras f\u00f6r full 360\u00b0 t\u00e4ckning.  <\/p>\n<p>Ta din kamouflering till n\u00e4sta niv\u00e5 med det mest m\u00e5ngsidiga panelg\u00f6mslet p\u00e5 marknaden\u2014<br \/>\nM.V.P. fr\u00e5n Final Approach.<\/p>\n","protected":false},"excerpt":{"rendered":"<p>M.V.P. Panel Blind Final Approach M.V.P. Panel Blind \u00e4r konstruerat f\u00f6r maximal m\u00e5ngsidighet i alla vattenf\u00e5geljaktscenarier. Oavsett om du \u00e4r p\u00e5 ett f\u00e4lt, vid vattenkanten eller djupt inne i k\u00e4rret, anpassar sig detta g\u00f6msle efter dina behov. Anv\u00e4nd det som ett traditionellt panelg\u00f6msle eller dra nytta av dess modul\u00e4ra design f\u00f6r att skapa anpassade uppl\u00e4gg\u2014perfekt [&#8230;]\n","protected":false},"featured_media":289642,"comment_status":"open","ping_status":"closed","template":"","meta":[],"product_brand":[],"product_cat":[2718],"product_tag":[],"class_list":{"0":"post-295713","1":"product","2":"type-product","3":"status-publish","4":"has-post-thumbnail","6":"product_cat-markgomslen","7":"product_shipping_class-medium-sv","9":"first","10":"instock","11":"taxable","12":"shipping-taxable","13":"purchasable","14":"product-type-simple"},"composite_virtual":false,"composite_layout":"","composite_add_to_cart_form_location":"","composite_editable_in_cart":false,"composite_sold_individually_context":"","composite_shop_price_calc":"","composite_components":[],"composite_scenarios":[],"group_of_quantity":0,"min_quantity":0,"max_quantity":"","exclude_order_quantity_value_rules":"no","exclude_category_quantity_rules":"no","combine_variations":"no","exclude_global_add_ons":[],"addons":[],"_links":{"self":[{"href":"https:\/\/www.huntersfriend.eu\/sv\/wp-json\/wp\/v2\/product\/295713","targetHints":{"allow":["GET"]}}],"collection":[{"href":"https:\/\/www.huntersfriend.eu\/sv\/wp-json\/wp\/v2\/product"}],"about":[{"href":"https:\/\/www.huntersfriend.eu\/sv\/wp-json\/wp\/v2\/types\/product"}],"replies":[{"embeddable":true,"href":"https:\/\/www.huntersfriend.eu\/sv\/wp-json\/wp\/v2\/comments?post=295713"}],"wp:featuredmedia":[{"embeddable":true,"href":"https:\/\/www.huntersfriend.eu\/sv\/wp-json\/wp\/v2\/media\/289642"}],"wp:attachment":[{"href":"https:\/\/www.huntersfriend.eu\/sv\/wp-json\/wp\/v2\/media?parent=295713"}],"wp:term":[{"taxonomy":"product_brand","embeddable":true,"href":"https:\/\/www.huntersfriend.eu\/sv\/wp-json\/wp\/v2\/product_brand?post=295713"},{"taxonomy":"product_cat","embeddable":true,"href":"https:\/\/www.huntersfriend.eu\/sv\/wp-json\/wp\/v2\/product_cat?post=295713"},{"taxonomy":"product_tag","embeddable":true,"href":"https:\/\/www.huntersfriend.eu\/sv\/wp-json\/wp\/v2\/product_tag?post=295713"}],"curies":[{"name":"wp","href":"https:\/\/api.w.org\/{rel}","templated":true}]}}