{"id":295693,"date":"2026-03-26T13:45:54","date_gmt":"2026-03-26T11:45:54","guid":{"rendered":"https:\/\/www.huntersfriend.eu\/product\/tendy-pallium-slaktforklade\/"},"modified":"2026-04-14T12:12:24","modified_gmt":"2026-04-14T10:12:24","slug":"tendy-pallium-slaktforklade","status":"publish","type":"product","link":"https:\/\/www.huntersfriend.eu\/sv\/produkt\/tendy-pallium-slaktforklade\/","title":{"rendered":"Tendy Pallium slaktf\u00f6rkl\u00e4de"},"content":{"rendered":"<p data-start=\"39\" data-end=\"283\"><strong data-start=\"39\" data-end=\"74\">Tendy Pallium-f\u00f6rkl\u00e4det (gr\u00f6nt)<\/strong> ger p\u00e5litligt skydd i kr\u00e4vande arbetsmilj\u00f6er, s\u00e4rskilt vid k\u00f6ttbearbetning och slakt. Det kombinerar effektivt skydd med komfort tack vare sin slitstarka och flexibla konstruktion. <\/p>\n<p data-start=\"285\" data-end=\"301\"><strong data-start=\"285\" data-end=\"301\">Viktiga egenskaper<\/strong><\/p>\n<ul data-start=\"303\" data-end=\"581\">\n<li data-section-id=\"195jmlv\" data-start=\"303\" data-end=\"357\">Tillverkat av slitstarkt och flexibelt TPU-material p\u00e5 0,3 mm<\/li>\n<li data-section-id=\"6dkbw6\" data-start=\"358\" data-end=\"405\">Helt vattent\u00e4t och smutsavvisande yta<\/li>\n<li data-section-id=\"1n6zpbs\" data-start=\"406\" data-end=\"463\">Justerbara nack- och midjeremmar f\u00f6r en anpassad passform<\/li>\n<li data-section-id=\"kq5yx8\" data-start=\"464\" data-end=\"518\">Smidiga snabbsp\u00e4nnen och justeringsmekanismer<\/li>\n<li data-section-id=\"hwlgvj\" data-start=\"519\" data-end=\"581\">Justerbar l\u00e4ngd \u2013 f\u00e5llen kan klippas till \u00f6nskad storlek<\/li>\n<\/ul>\n<p data-start=\"583\" data-end=\"970\"><strong data-start=\"583\" data-end=\"626\">Ytterligare information och anv\u00e4ndningsomr\u00e5de<\/strong><br data-start=\"626\" data-end=\"629\">Tendy Pallium-f\u00f6rkl\u00e4det \u00e4r s\u00e4rskilt utformat f\u00f6r uppgifter d\u00e4r hygien, skydd och praktisk anv\u00e4ndning \u00e4r avg\u00f6rande. Det flexibla TPU-materialet f\u00f6ljer dina r\u00f6relser, vilket g\u00f6r f\u00f6rkl\u00e4det bekv\u00e4mt att b\u00e4ra \u00e4ven under l\u00e5nga arbetspass. Samtidigt ger det effektivt skydd mot v\u00e4tskor och smuts och h\u00e5ller kl\u00e4derna torra och rena.  <\/p>\n<p data-start=\"972\" data-end=\"1271\">Justerbara remmar vid b\u00e5de nacke och midja ger en s\u00e4ker och personlig passform. Den anpassningsbara l\u00e4ngden ger extra komfort f\u00f6r anv\u00e4ndare med olika l\u00e4ngd. F\u00f6rkl\u00e4det \u00e4r ocks\u00e5 mycket l\u00e4tt att underh\u00e5lla \u2013 det kan snabbt reng\u00f6ras med vatten och torkas, vilket g\u00f6r det till ett utm\u00e4rkt val f\u00f6r daglig professionell anv\u00e4ndning.  <\/p>\n<p data-start=\"1273\" data-end=\"1301\"><strong data-start=\"1273\" data-end=\"1301\">Tekniska specifikationer<\/strong><\/p>\n<ul data-start=\"1303\" data-end=\"1542\">\n<li data-section-id=\"bt80mm\" data-start=\"1303\" data-end=\"1349\">Material: TPU (termoplastisk polyuretan)<\/li>\n<li data-section-id=\"1yo1u2q\" data-start=\"1350\" data-end=\"1380\">Materialtjocklek: 0,3 mm<\/li>\n<li data-section-id=\"1wag4s4\" data-start=\"1381\" data-end=\"1397\">F\u00e4rg: Gr\u00f6n<\/li>\n<li data-section-id=\"1rip8v2\" data-start=\"1398\" data-end=\"1442\">M\u00e5tt: 120 \u00d7 90 cm (l\u00e4ngd \u00d7 bredd)<\/li>\n<li data-section-id=\"1d7df3n\" data-start=\"1443\" data-end=\"1499\">Egenskaper: Vattent\u00e4t, smutsavvisande, justerbar passform<\/li>\n<li data-section-id=\"iktkzo\" data-start=\"1500\" data-end=\"1542\">Sk\u00f6tsel: Enkel att reng\u00f6ra med vatten och torka<\/li>\n<\/ul>\n","protected":false},"excerpt":{"rendered":"<p>Tendy Pallium-f\u00f6rkl\u00e4det (gr\u00f6nt) ger p\u00e5litligt skydd i kr\u00e4vande arbetsmilj\u00f6er, s\u00e4rskilt vid k\u00f6ttbearbetning och slakt. Det kombinerar effektivt skydd med komfort tack vare sin slitstarka och flexibla konstruktion. Viktiga egenskaper Tillverkat av slitstarkt och flexibelt TPU-material p\u00e5 0,3 mm Helt vattent\u00e4t och smutsavvisande yta Justerbara nack- och midjeremmar f\u00f6r en anpassad passform Smidiga snabbsp\u00e4nnen och justeringsmekanismer [&#8230;]\n","protected":false},"featured_media":295637,"comment_status":"open","ping_status":"closed","template":"","meta":[],"product_brand":[],"product_cat":[2721,2620],"product_tag":[],"class_list":{"0":"post-295693","1":"product","2":"type-product","3":"status-publish","4":"has-post-thumbnail","6":"product_cat-hantering-och-bearbetning-av-vilt","7":"product_cat-viltbearbetning","9":"first","10":"onbackorder","11":"taxable","12":"shipping-taxable","13":"purchasable","14":"product-type-simple"},"composite_virtual":false,"composite_layout":"","composite_add_to_cart_form_location":"","composite_editable_in_cart":false,"composite_sold_individually_context":"","composite_shop_price_calc":"","composite_components":[],"composite_scenarios":[],"group_of_quantity":0,"min_quantity":0,"max_quantity":"","exclude_order_quantity_value_rules":"no","exclude_category_quantity_rules":"no","combine_variations":"no","exclude_global_add_ons":[],"addons":[],"_links":{"self":[{"href":"https:\/\/www.huntersfriend.eu\/sv\/wp-json\/wp\/v2\/product\/295693","targetHints":{"allow":["GET"]}}],"collection":[{"href":"https:\/\/www.huntersfriend.eu\/sv\/wp-json\/wp\/v2\/product"}],"about":[{"href":"https:\/\/www.huntersfriend.eu\/sv\/wp-json\/wp\/v2\/types\/product"}],"replies":[{"embeddable":true,"href":"https:\/\/www.huntersfriend.eu\/sv\/wp-json\/wp\/v2\/comments?post=295693"}],"wp:featuredmedia":[{"embeddable":true,"href":"https:\/\/www.huntersfriend.eu\/sv\/wp-json\/wp\/v2\/media\/295637"}],"wp:attachment":[{"href":"https:\/\/www.huntersfriend.eu\/sv\/wp-json\/wp\/v2\/media?parent=295693"}],"wp:term":[{"taxonomy":"product_brand","embeddable":true,"href":"https:\/\/www.huntersfriend.eu\/sv\/wp-json\/wp\/v2\/product_brand?post=295693"},{"taxonomy":"product_cat","embeddable":true,"href":"https:\/\/www.huntersfriend.eu\/sv\/wp-json\/wp\/v2\/product_cat?post=295693"},{"taxonomy":"product_tag","embeddable":true,"href":"https:\/\/www.huntersfriend.eu\/sv\/wp-json\/wp\/v2\/product_tag?post=295693"}],"curies":[{"name":"wp","href":"https:\/\/api.w.org\/{rel}","templated":true}]}}