{"id":295688,"date":"2026-03-26T13:45:55","date_gmt":"2026-03-26T11:45:55","guid":{"rendered":"https:\/\/www.huntersfriend.eu\/product\/tendy-scriptor-etikettskrivare\/"},"modified":"2026-04-14T12:11:48","modified_gmt":"2026-04-14T10:11:48","slug":"tendy-scriptor-etikettskrivare","status":"publish","type":"product","link":"https:\/\/www.huntersfriend.eu\/sv\/produkt\/tendy-scriptor-etikettskrivare\/","title":{"rendered":"Tendy Scriptor etikettskrivare"},"content":{"rendered":"<p data-start=\"39\" data-end=\"254\"><strong data-start=\"39\" data-end=\"75\">Tendy Scriptor etikettskrivare<\/strong> g\u00f6r livsmedelsm\u00e4rkning snabb, exakt och helt mobil. Den \u00e4r en idealisk l\u00f6sning n\u00e4r du vill hantera och skriva ut etiketter direkt fr\u00e5n din smartphone i alla steg av arbetsfl\u00f6det. <\/p>\n<p data-start=\"256\" data-end=\"272\"><strong data-start=\"256\" data-end=\"272\">Viktiga egenskaper<\/strong><\/p>\n<ul data-start=\"274\" data-end=\"589\">\n<li data-section-id=\"12ha47l\" data-start=\"274\" data-end=\"333\">Tr\u00e5dl\u00f6s Bluetooth-anslutning direkt till Tendy-appen<\/li>\n<li data-section-id=\"1ve2dfx\" data-start=\"334\" data-end=\"400\">Bl\u00e4ckfri termoutskrift \u2013 inget behov av bl\u00e4ckpatroner eller toner<\/li>\n<li data-section-id=\"dt1t72\" data-start=\"401\" data-end=\"479\">Skarp 203 dpi utskriftskvalitet som f\u00f6rblir tydlig \u00e4ven i minusgrader<\/li>\n<li data-section-id=\"17uckx7\" data-start=\"480\" data-end=\"529\">Automatisk data\u00f6verf\u00f6ring fr\u00e5n best\u00e4llningar till etiketter<\/li>\n<li data-section-id=\"1qfigw1\" data-start=\"530\" data-end=\"589\">Kompakt och b\u00e4rbar design med integrerad LCD-display<\/li>\n<\/ul>\n<p data-start=\"591\" data-end=\"1004\"><strong data-start=\"591\" data-end=\"634\">Ytterligare information och avsedd anv\u00e4ndning<\/strong><br data-start=\"634\" data-end=\"637\">Tendy Scriptor \u00e4r utformad f\u00f6r att f\u00f6renkla livsmedelsm\u00e4rkning, s\u00e4rskilt vid jakt, k\u00f6tthantering och direktf\u00f6rs\u00e4ljning. Tack vare Bluetooth-anslutning kan du skapa och skriva ut etiketter direkt fr\u00e5n Tendy-appen utan separata datorer eller komplicerad installation. Automatisk data\u00f6verf\u00f6ring minskar manuellt arbete och minimerar fel, vilket g\u00f6r processen smidigare och mer tillf\u00f6rlitlig.  <\/p>\n<p data-start=\"1006\" data-end=\"1308\">Termoutskriftstekniken ger exakta och h\u00e5llbara resultat utan bl\u00e4ck, vilket g\u00f6r driften underh\u00e5llsfri och kostnadseffektiv. Utskrifterna f\u00f6rblir tydliga \u00e4ven i kalla milj\u00f6er som frysar. Dess kompakta storlek, l\u00e4tta design och laddningsbara batteri g\u00f6r den till ett utm\u00e4rkt val f\u00f6r mobil anv\u00e4ndning.  <\/p>\n<p data-start=\"1310\" data-end=\"1338\"><strong data-start=\"1310\" data-end=\"1338\">Tekniska specifikationer<\/strong><\/p>\n<ul data-start=\"1340\" data-end=\"1747\">\n<li data-section-id=\"17zgylo\" data-start=\"1340\" data-end=\"1399\">Utskriftsteknik: Termoutskrift (inget bl\u00e4ck eller toner)<\/li>\n<li data-section-id=\"1dge1wh\" data-start=\"1400\" data-end=\"1427\">Anslutning: Bluetooth<\/li>\n<li data-section-id=\"1rli8w3\" data-start=\"1428\" data-end=\"1444\">Display: LCD<\/li>\n<li data-section-id=\"16trz35\" data-start=\"1445\" data-end=\"1474\">Utskriftsuppl\u00f6sning: 203 dpi<\/li>\n<li data-section-id=\"xefdif\" data-start=\"1475\" data-end=\"1502\">Utskriftshastighet: 50\u201390 mm\/s<\/li>\n<li data-section-id=\"liragy\" data-start=\"1503\" data-end=\"1529\">Etikettstorlek: 76 \u00d7 50 mm<\/li>\n<li data-section-id=\"1yvcd5k\" data-start=\"1530\" data-end=\"1564\">Batteri: 2600 mAh laddningsbart<\/li>\n<li data-section-id=\"vpofyu\" data-start=\"1565\" data-end=\"1602\">Drifttid: ca 3\u20135 timmar <\/li>\n<li data-section-id=\"h5wp3t\" data-start=\"1603\" data-end=\"1645\">Laddningstid: ca 3 timmar (USB-C) <\/li>\n<li data-section-id=\"1h6oq8j\" data-start=\"1646\" data-end=\"1679\">M\u00e5tt: 132 \u00d7 115 \u00d7 61 mm<\/li>\n<li data-section-id=\"6krmlm\" data-start=\"1680\" data-end=\"1705\">Vikt: ca 500 g <\/li>\n<li data-section-id=\"1frcbnx\" data-start=\"1706\" data-end=\"1747\">Paketet inneh\u00e5ller: 1 rulle (130 etiketter)<\/li>\n<\/ul>\n","protected":false},"excerpt":{"rendered":"<p>Tendy Scriptor etikettskrivare g\u00f6r livsmedelsm\u00e4rkning snabb, exakt och helt mobil. Den \u00e4r en idealisk l\u00f6sning n\u00e4r du vill hantera och skriva ut etiketter direkt fr\u00e5n din smartphone i alla steg av arbetsfl\u00f6det. Viktiga egenskaper Tr\u00e5dl\u00f6s Bluetooth-anslutning direkt till Tendy-appen Bl\u00e4ckfri termoutskrift \u2013 inget behov av bl\u00e4ckpatroner eller toner Skarp 203 dpi utskriftskvalitet som f\u00f6rblir tydlig [&#8230;]\n","protected":false},"featured_media":295634,"comment_status":"open","ping_status":"closed","template":"","meta":[],"product_brand":[],"product_cat":[2721,2620],"product_tag":[],"class_list":{"0":"post-295688","1":"product","2":"type-product","3":"status-publish","4":"has-post-thumbnail","6":"product_cat-hantering-och-bearbetning-av-vilt","7":"product_cat-viltbearbetning","9":"first","10":"instock","11":"taxable","12":"shipping-taxable","13":"purchasable","14":"product-type-simple"},"composite_virtual":false,"composite_layout":"","composite_add_to_cart_form_location":"","composite_editable_in_cart":false,"composite_sold_individually_context":"","composite_shop_price_calc":"","composite_components":[],"composite_scenarios":[],"group_of_quantity":0,"min_quantity":0,"max_quantity":"","exclude_order_quantity_value_rules":"no","exclude_category_quantity_rules":"no","combine_variations":"no","exclude_global_add_ons":[],"addons":[],"_links":{"self":[{"href":"https:\/\/www.huntersfriend.eu\/sv\/wp-json\/wp\/v2\/product\/295688","targetHints":{"allow":["GET"]}}],"collection":[{"href":"https:\/\/www.huntersfriend.eu\/sv\/wp-json\/wp\/v2\/product"}],"about":[{"href":"https:\/\/www.huntersfriend.eu\/sv\/wp-json\/wp\/v2\/types\/product"}],"replies":[{"embeddable":true,"href":"https:\/\/www.huntersfriend.eu\/sv\/wp-json\/wp\/v2\/comments?post=295688"}],"wp:featuredmedia":[{"embeddable":true,"href":"https:\/\/www.huntersfriend.eu\/sv\/wp-json\/wp\/v2\/media\/295634"}],"wp:attachment":[{"href":"https:\/\/www.huntersfriend.eu\/sv\/wp-json\/wp\/v2\/media?parent=295688"}],"wp:term":[{"taxonomy":"product_brand","embeddable":true,"href":"https:\/\/www.huntersfriend.eu\/sv\/wp-json\/wp\/v2\/product_brand?post=295688"},{"taxonomy":"product_cat","embeddable":true,"href":"https:\/\/www.huntersfriend.eu\/sv\/wp-json\/wp\/v2\/product_cat?post=295688"},{"taxonomy":"product_tag","embeddable":true,"href":"https:\/\/www.huntersfriend.eu\/sv\/wp-json\/wp\/v2\/product_tag?post=295688"}],"curies":[{"name":"wp","href":"https:\/\/api.w.org\/{rel}","templated":true}]}}