{"id":295687,"date":"2026-04-10T11:39:56","date_gmt":"2026-04-10T09:39:56","guid":{"rendered":"https:\/\/www.huntersfriend.eu\/product\/hawk-ultra-lite-klattrande-tradstativ\/"},"modified":"2026-04-14T12:11:38","modified_gmt":"2026-04-14T10:11:38","slug":"hawk-ultra-lite-klattrande-tradstativ","status":"publish","type":"product","link":"https:\/\/www.huntersfriend.eu\/sv\/produkt\/hawk-ultra-lite-klattrande-tradstativ\/","title":{"rendered":"Hawk Ultra-Lite kl\u00e4ttrande tr\u00e4dstativ"},"content":{"rendered":"<p><strong>EGENSKAPER<\/strong><\/p>\n<ul>\n<li>H\u00e4ngmatten\u00e4t \u2013 tryckfri komfortsits<\/li>\n<li>Auto-Latch\u2122 kabelsystem<\/li>\n<li>Fold-Flat\u2122-teknik<\/li>\n<li>Vadderade armst\u00f6d<\/li>\n<li>Justerbara kablar<\/li>\n<li>Tree Digger\u2122-t\u00e4nder<\/li>\n<li>Helsvetsad solid plattform<\/li>\n<li>Ljudl\u00f6sa Teflon\u00ae-brickor<\/li>\n<\/ul>\n<p><strong>SPECIFIKATIONER<\/strong><\/p>\n<ul>\n<li>KONSTRUKTION: Aluminium<\/li>\n<li>SITS: Justerbar<\/li>\n<li>VIKT: 9,1 kg<\/li>\n<li>PLATTFORMSSTORLEK: 51 x 69 cm<\/li>\n<li>TR\u00c4DSTORLEK: 20 cm min \u2013 51 cm max<\/li>\n<li>MAXBELASTNING: 136 kg<\/li>\n<\/ul>\n<p><strong>INNEH\u00c5LLER<\/strong><\/p>\n<ul>\n<li>[1] Helkroppssele<\/li>\n<li>[1] Par ryggs\u00e4cksremmar i neopren<\/li>\n<li>[2] Tr\u00e4dremmar med kamsp\u00e4nnen<\/li>\n<\/ul>\n","protected":false},"excerpt":{"rendered":"<p>EGENSKAPER H\u00e4ngmatten\u00e4t \u2013 tryckfri komfortsits Auto-Latch\u2122 kabelsystem Fold-Flat\u2122-teknik Vadderade armst\u00f6d Justerbara kablar Tree Digger\u2122-t\u00e4nder Helsvetsad solid plattform Ljudl\u00f6sa Teflon\u00ae-brickor SPECIFIKATIONER KONSTRUKTION: Aluminium SITS: Justerbar VIKT: 9,1 kg PLATTFORMSSTORLEK: 51 x 69 cm TR\u00c4DSTORLEK: 20 cm min \u2013 51 cm max MAXBELASTNING: 136 kg INNEH\u00c5LLER [1] Helkroppssele [1] Par ryggs\u00e4cksremmar i neopren [2] Tr\u00e4dremmar med kamsp\u00e4nnen<\/p>\n","protected":false},"featured_media":295582,"comment_status":"open","ping_status":"closed","template":"","meta":[],"product_brand":[],"product_cat":[2765,3262],"product_tag":[],"class_list":{"0":"post-295687","1":"product","2":"type-product","3":"status-publish","4":"has-post-thumbnail","6":"product_cat-fyndlada-slutrea","7":"product_cat-klatterstallningar","8":"product_shipping_class-big-sv","10":"first","11":"instock","12":"sale","13":"taxable","14":"shipping-taxable","15":"purchasable","16":"product-type-simple"},"composite_virtual":false,"composite_layout":"","composite_add_to_cart_form_location":"","composite_editable_in_cart":false,"composite_sold_individually_context":"","composite_shop_price_calc":"","composite_components":[],"composite_scenarios":[],"group_of_quantity":0,"min_quantity":0,"max_quantity":"","exclude_order_quantity_value_rules":"no","exclude_category_quantity_rules":"no","combine_variations":"no","exclude_global_add_ons":[],"addons":[],"_links":{"self":[{"href":"https:\/\/www.huntersfriend.eu\/sv\/wp-json\/wp\/v2\/product\/295687","targetHints":{"allow":["GET"]}}],"collection":[{"href":"https:\/\/www.huntersfriend.eu\/sv\/wp-json\/wp\/v2\/product"}],"about":[{"href":"https:\/\/www.huntersfriend.eu\/sv\/wp-json\/wp\/v2\/types\/product"}],"replies":[{"embeddable":true,"href":"https:\/\/www.huntersfriend.eu\/sv\/wp-json\/wp\/v2\/comments?post=295687"}],"wp:featuredmedia":[{"embeddable":true,"href":"https:\/\/www.huntersfriend.eu\/sv\/wp-json\/wp\/v2\/media\/295582"}],"wp:attachment":[{"href":"https:\/\/www.huntersfriend.eu\/sv\/wp-json\/wp\/v2\/media?parent=295687"}],"wp:term":[{"taxonomy":"product_brand","embeddable":true,"href":"https:\/\/www.huntersfriend.eu\/sv\/wp-json\/wp\/v2\/product_brand?post=295687"},{"taxonomy":"product_cat","embeddable":true,"href":"https:\/\/www.huntersfriend.eu\/sv\/wp-json\/wp\/v2\/product_cat?post=295687"},{"taxonomy":"product_tag","embeddable":true,"href":"https:\/\/www.huntersfriend.eu\/sv\/wp-json\/wp\/v2\/product_tag?post=295687"}],"curies":[{"name":"wp","href":"https:\/\/api.w.org\/{rel}","templated":true}]}}