{"id":295685,"date":"2026-03-26T13:45:56","date_gmt":"2026-03-26T11:45:56","guid":{"rendered":"https:\/\/www.huntersfriend.eu\/product\/tendy-vakuumforpackningspasar-25-x-35-cm-100-st\/"},"modified":"2026-04-14T12:11:37","modified_gmt":"2026-04-14T10:11:37","slug":"tendy-vakuumforpackningspasar-25-x-35-cm-100-st","status":"publish","type":"product","link":"https:\/\/www.huntersfriend.eu\/sv\/produkt\/tendy-vakuumforpackningspasar-25-x-35-cm-100-st\/","title":{"rendered":"Tendy Vakuumf\u00f6rpackningsp\u00e5sar 25 x 35 cm 100 st"},"content":{"rendered":"<p data-start=\"39\" data-end=\"266\"><strong data-start=\"39\" data-end=\"60\">Tendy vakuumf\u00f6rpackningsp\u00e5sar<\/strong> \u00e4r utformade f\u00f6r s\u00e4ker och l\u00e5ngvarig f\u00f6rvaring av livsmedel genom vakuumf\u00f6rsegling. P\u00e5sarna \u00e4r s\u00e4rskilt l\u00e4mpliga f\u00f6r f\u00f6rpackning av viltk\u00f6tt, fisk och andra livsmedelsprodukter f\u00f6r b\u00e5de hem- och professionellt bruk. <\/p>\n<p data-start=\"268\" data-end=\"501\">Strukturellt har p\u00e5sarna en texturerad (pr\u00e4glad) sida och en sl\u00e4t sida, vilket m\u00f6jligg\u00f6r effektiv luftavl\u00e4gsnande samt en t\u00e4t och h\u00e5llbar f\u00f6rsegling. Detta s\u00e4kerst\u00e4ller ett p\u00e5litligt vakuum och bidrar till att bevara kvaliteten p\u00e5 den f\u00f6rpackade produkten. <\/p>\n<p data-start=\"503\" data-end=\"692\"><strong data-start=\"503\" data-end=\"529\">Ytterligare information<\/strong><br data-start=\"529\" data-end=\"532\">Vakuumf\u00f6rpackningsp\u00e5sarna \u00e4r godk\u00e4nda f\u00f6r livsmedelsbruk och \u00e4r BPA-fria. De \u00e4r \u00e4ven l\u00e4mpliga f\u00f6r sous vide-matlagning, vilket \u00f6kar deras m\u00e5ngsidighet vid matlagning. <\/p>\n<p data-start=\"694\" data-end=\"837\">P\u00e5sarnas sl\u00e4ta yta g\u00f6r att etiketter f\u00e4ster v\u00e4l, vilket underl\u00e4ttar m\u00e4rkning av produkter, till exempel vid viltbearbetning. Tillverkade i EU. <\/p>\n<p data-start=\"839\" data-end=\"1181\"><strong data-start=\"839\" data-end=\"867\">Tekniska specifikationer<\/strong><br data-start=\"867\" data-end=\"870\">Tillverkare: Tendy<br data-start=\"889\" data-end=\"892\">F\u00f6rpackningsstorlek: 100 st<br data-start=\"913\" data-end=\"916\">Struktur: texturerad \/ sl\u00e4t<br data-start=\"944\" data-end=\"947\">Tjocklek: 100 \u00b5m (texturerad sida) \/ 90 \u00b5m (sl\u00e4t sida)<br data-start=\"1002\" data-end=\"1005\">Livsmedelsgodk\u00e4nd: ja<br data-start=\"1023\" data-end=\"1026\" data-is-only-node=\"\">BPA-fri: ja<br data-start=\"1039\" data-end=\"1042\">Maximal temperatur: ca 90 \u00b0C (m\u00f6jligg\u00f6r sous vide-anv\u00e4ndning)<br data-start=\"1100\" data-end=\"1103\">Tillverkningsland: EU<br data-start=\"1129\" data-end=\"1132\">Kompatibilitet: passar de flesta vakuumf\u00f6rseglare <\/p>\n","protected":false},"excerpt":{"rendered":"<p>Tendy vakuumf\u00f6rpackningsp\u00e5sar \u00e4r utformade f\u00f6r s\u00e4ker och l\u00e5ngvarig f\u00f6rvaring av livsmedel genom vakuumf\u00f6rsegling. P\u00e5sarna \u00e4r s\u00e4rskilt l\u00e4mpliga f\u00f6r f\u00f6rpackning av viltk\u00f6tt, fisk och andra livsmedelsprodukter f\u00f6r b\u00e5de hem- och professionellt bruk. Strukturellt har p\u00e5sarna en texturerad (pr\u00e4glad) sida och en sl\u00e4t sida, vilket m\u00f6jligg\u00f6r effektiv luftavl\u00e4gsnande samt en t\u00e4t och h\u00e5llbar f\u00f6rsegling. Detta s\u00e4kerst\u00e4ller ett [&#8230;]\n","protected":false},"featured_media":295623,"comment_status":"open","ping_status":"closed","template":"","meta":[],"product_brand":[],"product_cat":[2747],"product_tag":[],"class_list":{"0":"post-295685","1":"product","2":"type-product","3":"status-publish","4":"has-post-thumbnail","6":"product_cat-vakuumforpackare-och-kottkvarnar","8":"first","9":"instock","10":"taxable","11":"shipping-taxable","12":"purchasable","13":"product-type-simple"},"composite_virtual":false,"composite_layout":"","composite_add_to_cart_form_location":"","composite_editable_in_cart":false,"composite_sold_individually_context":"","composite_shop_price_calc":"","composite_components":[],"composite_scenarios":[],"group_of_quantity":0,"min_quantity":0,"max_quantity":"","exclude_order_quantity_value_rules":"no","exclude_category_quantity_rules":"no","combine_variations":"no","exclude_global_add_ons":[],"addons":[],"_links":{"self":[{"href":"https:\/\/www.huntersfriend.eu\/sv\/wp-json\/wp\/v2\/product\/295685","targetHints":{"allow":["GET"]}}],"collection":[{"href":"https:\/\/www.huntersfriend.eu\/sv\/wp-json\/wp\/v2\/product"}],"about":[{"href":"https:\/\/www.huntersfriend.eu\/sv\/wp-json\/wp\/v2\/types\/product"}],"replies":[{"embeddable":true,"href":"https:\/\/www.huntersfriend.eu\/sv\/wp-json\/wp\/v2\/comments?post=295685"}],"wp:featuredmedia":[{"embeddable":true,"href":"https:\/\/www.huntersfriend.eu\/sv\/wp-json\/wp\/v2\/media\/295623"}],"wp:attachment":[{"href":"https:\/\/www.huntersfriend.eu\/sv\/wp-json\/wp\/v2\/media?parent=295685"}],"wp:term":[{"taxonomy":"product_brand","embeddable":true,"href":"https:\/\/www.huntersfriend.eu\/sv\/wp-json\/wp\/v2\/product_brand?post=295685"},{"taxonomy":"product_cat","embeddable":true,"href":"https:\/\/www.huntersfriend.eu\/sv\/wp-json\/wp\/v2\/product_cat?post=295685"},{"taxonomy":"product_tag","embeddable":true,"href":"https:\/\/www.huntersfriend.eu\/sv\/wp-json\/wp\/v2\/product_tag?post=295685"}],"curies":[{"name":"wp","href":"https:\/\/api.w.org\/{rel}","templated":true}]}}