{"id":295681,"date":"2026-03-26T13:44:14","date_gmt":"2026-03-26T11:44:14","guid":{"rendered":"https:\/\/www.huntersfriend.eu\/product\/tinks-ceder-tackdoft-tvasprakig\/"},"modified":"2026-04-14T12:11:00","modified_gmt":"2026-04-14T10:11:00","slug":"tinks-ceder-tackdoft-tvasprakig","status":"publish","type":"product","link":"https:\/\/www.huntersfriend.eu\/sv\/produkt\/tinks-ceder-tackdoft-tvasprakig\/","title":{"rendered":"Tink&#8217;s Ceder T\u00e4ckdoft &#8211; Tv\u00e5spr\u00e5kig"},"content":{"rendered":"<p>Ett utm\u00e4rkt val f\u00f6r jakt bland cedertr\u00e4den. Tink&#8217;s Ceder T\u00e4ckdoft hj\u00e4lper dig att d\u00f6lja dina sp\u00e5r och din doftsignatur i jakttornet, i g\u00f6mslet eller vid smygjakt. Denna m\u00e5ngsidiga t\u00e4ckdoft hj\u00e4lper dig att d\u00f6lja kroppslukt och andra fr\u00e4mmande dofter med n\u00e5gra sprayningar p\u00e5 dina jaktkl\u00e4der och ditt jakttorn eller g\u00f6msle. Den flexibla formulan fungerar ocks\u00e5 utm\u00e4rkt p\u00e5 konstgjorda skrapm\u00e4rken eller fejkgrenar, eller med Tink&#8217;s Scent Bomb (ing\u00e5r ej).  <\/p>\n<p>118 ml flaska med spraytopp.<\/p>\n","protected":false},"excerpt":{"rendered":"<p>Ett utm\u00e4rkt val f\u00f6r jakt bland cedertr\u00e4den. Tink&#8217;s Ceder T\u00e4ckdoft hj\u00e4lper dig att d\u00f6lja dina sp\u00e5r och din doftsignatur i jakttornet, i g\u00f6mslet eller vid smygjakt. Denna m\u00e5ngsidiga t\u00e4ckdoft hj\u00e4lper dig att d\u00f6lja kroppslukt och andra fr\u00e4mmande dofter med n\u00e5gra sprayningar p\u00e5 dina jaktkl\u00e4der och ditt jakttorn eller g\u00f6msle. Den flexibla formulan fungerar ocks\u00e5 utm\u00e4rkt [&#8230;]\n","protected":false},"featured_media":295613,"comment_status":"open","ping_status":"closed","template":"","meta":[],"product_brand":[],"product_cat":[2765,3240],"product_tag":[],"class_list":{"0":"post-295681","1":"product","2":"type-product","3":"status-publish","4":"has-post-thumbnail","6":"product_cat-fyndlada-slutrea","7":"product_cat-dofteliminering","9":"first","10":"instock","11":"sale","12":"taxable","13":"shipping-taxable","14":"purchasable","15":"product-type-simple"},"composite_virtual":false,"composite_layout":"","composite_add_to_cart_form_location":"","composite_editable_in_cart":false,"composite_sold_individually_context":"","composite_shop_price_calc":"","composite_components":[],"composite_scenarios":[],"group_of_quantity":0,"min_quantity":0,"max_quantity":"","exclude_order_quantity_value_rules":"no","exclude_category_quantity_rules":"no","combine_variations":"no","exclude_global_add_ons":[],"addons":[],"_links":{"self":[{"href":"https:\/\/www.huntersfriend.eu\/sv\/wp-json\/wp\/v2\/product\/295681","targetHints":{"allow":["GET"]}}],"collection":[{"href":"https:\/\/www.huntersfriend.eu\/sv\/wp-json\/wp\/v2\/product"}],"about":[{"href":"https:\/\/www.huntersfriend.eu\/sv\/wp-json\/wp\/v2\/types\/product"}],"replies":[{"embeddable":true,"href":"https:\/\/www.huntersfriend.eu\/sv\/wp-json\/wp\/v2\/comments?post=295681"}],"wp:featuredmedia":[{"embeddable":true,"href":"https:\/\/www.huntersfriend.eu\/sv\/wp-json\/wp\/v2\/media\/295613"}],"wp:attachment":[{"href":"https:\/\/www.huntersfriend.eu\/sv\/wp-json\/wp\/v2\/media?parent=295681"}],"wp:term":[{"taxonomy":"product_brand","embeddable":true,"href":"https:\/\/www.huntersfriend.eu\/sv\/wp-json\/wp\/v2\/product_brand?post=295681"},{"taxonomy":"product_cat","embeddable":true,"href":"https:\/\/www.huntersfriend.eu\/sv\/wp-json\/wp\/v2\/product_cat?post=295681"},{"taxonomy":"product_tag","embeddable":true,"href":"https:\/\/www.huntersfriend.eu\/sv\/wp-json\/wp\/v2\/product_tag?post=295681"}],"curies":[{"name":"wp","href":"https:\/\/api.w.org\/{rel}","templated":true}]}}