{"id":295679,"date":"2026-03-26T13:44:04","date_gmt":"2026-03-26T11:44:04","guid":{"rendered":"https:\/\/www.huntersfriend.eu\/product\/rad-peep-sjalvinriktande-3-16\/"},"modified":"2026-04-14T12:10:58","modified_gmt":"2026-04-14T10:10:58","slug":"rad-peep-sjalvinriktande-3-16","status":"publish","type":"product","link":"https:\/\/www.huntersfriend.eu\/sv\/produkt\/rad-peep-sjalvinriktande-3-16\/","title":{"rendered":"RAD Peep \u2013 sj\u00e4lvinriktande 3\/16&#8243;"},"content":{"rendered":"<p>Detta \u00e4r ett sj\u00e4lvinriktande peepsikte som \u00e4r framtaget specifikt f\u00f6r dagens kortare b\u00e5gar. Den 38-gradiga vinklade \u00f6ppningen ger \u00e4ven skyttar med l\u00e5ng dragl\u00e4ngd ett perfekt runt h\u00e5l vid fullt uppdrag, \u00e4ven med b\u00e5gar s\u00e5 korta som 30\u201d axel till axel. Den speciella huvkonstruktionen hj\u00e4lper till att h\u00e5lla regn och solljus borta fr\u00e5n \u00f6ppningsomr\u00e5det. Riktningsstolpen p\u00e5 Maxim 38 \u00e4r separerad fr\u00e5n \u00f6ppningen med 10 grader, vilket g\u00f6r att du aldrig ser stolpen eller slangen vid fullt uppdrag.   <\/p>\n","protected":false},"excerpt":{"rendered":"<p>Detta \u00e4r ett sj\u00e4lvinriktande peepsikte som \u00e4r framtaget specifikt f\u00f6r dagens kortare b\u00e5gar. Den 38-gradiga vinklade \u00f6ppningen ger \u00e4ven skyttar med l\u00e5ng dragl\u00e4ngd ett perfekt runt h\u00e5l vid fullt uppdrag, \u00e4ven med b\u00e5gar s\u00e5 korta som 30\u201d axel till axel. Den speciella huvkonstruktionen hj\u00e4lper till att h\u00e5lla regn och solljus borta fr\u00e5n \u00f6ppningsomr\u00e5det. Riktningsstolpen p\u00e5 [&#8230;]\n","protected":false},"featured_media":295620,"comment_status":"open","ping_status":"closed","template":"","meta":[],"product_brand":[],"product_cat":[2634],"product_tag":[],"class_list":{"0":"post-295679","1":"product","2":"type-product","3":"status-publish","4":"has-post-thumbnail","6":"product_cat-sikten-nockpunkter-kindpussar-och-tillbehor","8":"first","9":"onbackorder","10":"taxable","11":"shipping-taxable","12":"purchasable","13":"product-type-simple"},"composite_virtual":false,"composite_layout":"","composite_add_to_cart_form_location":"","composite_editable_in_cart":false,"composite_sold_individually_context":"","composite_shop_price_calc":"","composite_components":[],"composite_scenarios":[],"group_of_quantity":0,"min_quantity":0,"max_quantity":"","exclude_order_quantity_value_rules":"no","exclude_category_quantity_rules":"no","combine_variations":"no","exclude_global_add_ons":[],"addons":[],"_links":{"self":[{"href":"https:\/\/www.huntersfriend.eu\/sv\/wp-json\/wp\/v2\/product\/295679","targetHints":{"allow":["GET"]}}],"collection":[{"href":"https:\/\/www.huntersfriend.eu\/sv\/wp-json\/wp\/v2\/product"}],"about":[{"href":"https:\/\/www.huntersfriend.eu\/sv\/wp-json\/wp\/v2\/types\/product"}],"replies":[{"embeddable":true,"href":"https:\/\/www.huntersfriend.eu\/sv\/wp-json\/wp\/v2\/comments?post=295679"}],"wp:featuredmedia":[{"embeddable":true,"href":"https:\/\/www.huntersfriend.eu\/sv\/wp-json\/wp\/v2\/media\/295620"}],"wp:attachment":[{"href":"https:\/\/www.huntersfriend.eu\/sv\/wp-json\/wp\/v2\/media?parent=295679"}],"wp:term":[{"taxonomy":"product_brand","embeddable":true,"href":"https:\/\/www.huntersfriend.eu\/sv\/wp-json\/wp\/v2\/product_brand?post=295679"},{"taxonomy":"product_cat","embeddable":true,"href":"https:\/\/www.huntersfriend.eu\/sv\/wp-json\/wp\/v2\/product_cat?post=295679"},{"taxonomy":"product_tag","embeddable":true,"href":"https:\/\/www.huntersfriend.eu\/sv\/wp-json\/wp\/v2\/product_tag?post=295679"}],"curies":[{"name":"wp","href":"https:\/\/api.w.org\/{rel}","templated":true}]}}