{"id":295649,"date":"2026-04-10T11:39:56","date_gmt":"2026-04-10T09:39:56","guid":{"rendered":"https:\/\/www.huntersfriend.eu\/product\/hawk-helium-xl-hang-on-plattform\/"},"modified":"2026-04-14T12:10:00","modified_gmt":"2026-04-14T10:10:00","slug":"hawk-helium-xl-hang-on-plattform","status":"publish","type":"product","link":"https:\/\/www.huntersfriend.eu\/sv\/produkt\/hawk-helium-xl-hang-on-plattform\/","title":{"rendered":"Hawk Helium XL Hang-on-plattform"},"content":{"rendered":"<p><strong>H\u00c5LL DIG L\u00c4TT, H\u00c5LL DIG ROBUST<\/strong><\/p>\n<p>Den ultimata stora och l\u00e4tta plattformen \u2013 nu beh\u00f6ver du inte l\u00e4ngre offra funktioner f\u00f6r den b\u00e4rbarhet du \u00f6nskar. Har en rymlig 24 x 30-tums plattform med extra bra grepp, kraftiga kablar, f\u00f6rstklassig pulverlackering och v\u00e4ger otroligt nog bara 5,4 kg. Denna plattform har en sitth\u00f6jd p\u00e5 20&#8243;.  <\/p>\n<p>Utrustad med HAWKs tryckavlastande Ultra Plush Memory Foam-sits f\u00f6r extra d\u00e4mpning och st\u00f6d. \u00d6verformade f\u00e4stkrokar f\u00f6r snabb och tyst montering. Tree Digger-t\u00e4nder s\u00e4kerst\u00e4ller stabilitet, och f\u00f6rstklassiga Teflon-brickor samt en solid plattformskonstruktion i ett stycke f\u00f6rhindrar gnissel fr\u00e5n att f\u00f6rst\u00f6ra din jakt. Ryggs\u00e4cksremmar ing\u00e5r.   <\/p>\n<p><em>Kompatibel med <a href=\"https:\/\/shop.hawkhunting.com\/cruzr-tree-bracket\/\" data-uw-rm-brl=\"PR\" data-uw-original-href=\"https:\/\/shop.hawkhunting.com\/cruzr-tree-bracket\/\">Hawk Cruzr-f\u00e4ste<\/a><\/em><\/p>\n<p>Alla Hawk-plattformar \u00e4r testade enligt TMA-standard och inkluderar en helkroppssele.<\/p>\n","protected":false},"excerpt":{"rendered":"<p>H\u00c5LL DIG L\u00c4TT, H\u00c5LL DIG ROBUST Den ultimata stora och l\u00e4tta plattformen \u2013 nu beh\u00f6ver du inte l\u00e4ngre offra funktioner f\u00f6r den b\u00e4rbarhet du \u00f6nskar. Har en rymlig 24 x 30-tums plattform med extra bra grepp, kraftiga kablar, f\u00f6rstklassig pulverlackering och v\u00e4ger otroligt nog bara 5,4 kg. Denna plattform har en sitth\u00f6jd p\u00e5 20&#8243;. Utrustad [&#8230;]\n","protected":false},"featured_media":295600,"comment_status":"open","ping_status":"closed","template":"","meta":[],"product_brand":[],"product_cat":[2765,3263],"product_tag":[],"class_list":{"0":"post-295649","1":"product","2":"type-product","3":"status-publish","4":"has-post-thumbnail","6":"product_cat-fyndlada-slutrea","7":"product_cat-hangande-stallningar","8":"product_shipping_class-big-sv","10":"first","11":"instock","12":"sale","13":"featured","14":"taxable","15":"shipping-taxable","16":"purchasable","17":"product-type-simple"},"composite_virtual":false,"composite_layout":"","composite_add_to_cart_form_location":"","composite_editable_in_cart":false,"composite_sold_individually_context":"","composite_shop_price_calc":"","composite_components":[],"composite_scenarios":[],"group_of_quantity":0,"min_quantity":0,"max_quantity":"","exclude_order_quantity_value_rules":"no","exclude_category_quantity_rules":"no","combine_variations":"no","exclude_global_add_ons":[],"addons":[],"_links":{"self":[{"href":"https:\/\/www.huntersfriend.eu\/sv\/wp-json\/wp\/v2\/product\/295649","targetHints":{"allow":["GET"]}}],"collection":[{"href":"https:\/\/www.huntersfriend.eu\/sv\/wp-json\/wp\/v2\/product"}],"about":[{"href":"https:\/\/www.huntersfriend.eu\/sv\/wp-json\/wp\/v2\/types\/product"}],"replies":[{"embeddable":true,"href":"https:\/\/www.huntersfriend.eu\/sv\/wp-json\/wp\/v2\/comments?post=295649"}],"wp:featuredmedia":[{"embeddable":true,"href":"https:\/\/www.huntersfriend.eu\/sv\/wp-json\/wp\/v2\/media\/295600"}],"wp:attachment":[{"href":"https:\/\/www.huntersfriend.eu\/sv\/wp-json\/wp\/v2\/media?parent=295649"}],"wp:term":[{"taxonomy":"product_brand","embeddable":true,"href":"https:\/\/www.huntersfriend.eu\/sv\/wp-json\/wp\/v2\/product_brand?post=295649"},{"taxonomy":"product_cat","embeddable":true,"href":"https:\/\/www.huntersfriend.eu\/sv\/wp-json\/wp\/v2\/product_cat?post=295649"},{"taxonomy":"product_tag","embeddable":true,"href":"https:\/\/www.huntersfriend.eu\/sv\/wp-json\/wp\/v2\/product_tag?post=295649"}],"curies":[{"name":"wp","href":"https:\/\/api.w.org\/{rel}","templated":true}]}}