{"id":295648,"date":"2026-04-10T11:39:55","date_gmt":"2026-04-10T09:39:55","guid":{"rendered":"https:\/\/www.huntersfriend.eu\/product\/hawk-warbird-klatterstallning\/"},"modified":"2026-04-14T12:09:54","modified_gmt":"2026-04-14T10:09:54","slug":"hawk-warbird-klatterstallning","status":"publish","type":"product","link":"https:\/\/www.huntersfriend.eu\/sv\/produkt\/hawk-warbird-klatterstallning\/","title":{"rendered":"Hawk Warbird kl\u00e4tterst\u00e4llning"},"content":{"rendered":"<p><em>FRAMTIDEN F\u00d6R KL\u00c4TTRANDE TR\u00c4DST\u00c4LLNINGAR<\/em><\/p>\n<p>L\u00e4tt och rakbladstunnt chassi m\u00f6ter \u00f6verl\u00e4gsen komfort f\u00f6r n\u00e4sta generations kl\u00e4tterteknik. Sling-Style-s\u00e4tet med tjock stoppning formar sig efter kroppen f\u00f6r en oslagbar komfort som HAWK\u00ae har blivit k\u00e4nt f\u00f6r. Komplett med Fold-Flat\u2122-teknik, kollapsar WARBIRD\u2122 snabbt ihop till en ultratunna storlek f\u00f6r transport. Auto-Latch\u2122-kabeln g\u00f6r s\u00e4ker tr\u00e4df\u00e4stning enkel &amp; tyst. Tree Digger\u2122-t\u00e4nder och en enkel 1-stegs nedmontering, och du har en extremt m\u00e5ngsidig tr\u00e4dst\u00e4llning!    <\/p>\n<p><strong>INKLUDERAR<\/strong><\/p>\n<ul>\n<li>[1] Hels\u00e4kerhetssele<\/li>\n<li>Ett par kamouflage ryggs\u00e4cksremmar<\/li>\n<li>[2] Cam buckle tr\u00e4dremmar<\/li>\n<li>[1] Tillbeh\u00f6rsv\u00e4ska<\/li>\n<\/ul>\n<p><strong>SPECIFIKATIONER<\/strong><\/p>\n<ul>\n<li>Vikt: 10,2 kg<\/li>\n<li>Plattformsstorlek: 53 \u00d7 86 cm<\/li>\n<li>Viktgr\u00e4ns: 136 kg<\/li>\n<\/ul>\n","protected":false},"excerpt":{"rendered":"<p>FRAMTIDEN F\u00d6R KL\u00c4TTRANDE TR\u00c4DST\u00c4LLNINGAR L\u00e4tt och rakbladstunnt chassi m\u00f6ter \u00f6verl\u00e4gsen komfort f\u00f6r n\u00e4sta generations kl\u00e4tterteknik. Sling-Style-s\u00e4tet med tjock stoppning formar sig efter kroppen f\u00f6r en oslagbar komfort som HAWK\u00ae har blivit k\u00e4nt f\u00f6r. Komplett med Fold-Flat\u2122-teknik, kollapsar WARBIRD\u2122 snabbt ihop till en ultratunna storlek f\u00f6r transport. Auto-Latch\u2122-kabeln g\u00f6r s\u00e4ker tr\u00e4df\u00e4stning enkel &amp; tyst. Tree Digger\u2122-t\u00e4nder [&#8230;]\n","protected":false},"featured_media":295586,"comment_status":"open","ping_status":"closed","template":"","meta":[],"product_brand":[],"product_cat":[2765,3262],"product_tag":[],"class_list":{"0":"post-295648","1":"product","2":"type-product","3":"status-publish","4":"has-post-thumbnail","6":"product_cat-fyndlada-slutrea","7":"product_cat-klatterstallningar","8":"product_shipping_class-big-sv","10":"first","11":"instock","12":"sale","13":"featured","14":"taxable","15":"shipping-taxable","16":"purchasable","17":"product-type-simple"},"composite_virtual":false,"composite_layout":"","composite_add_to_cart_form_location":"","composite_editable_in_cart":false,"composite_sold_individually_context":"","composite_shop_price_calc":"","composite_components":[],"composite_scenarios":[],"group_of_quantity":0,"min_quantity":0,"max_quantity":"","exclude_order_quantity_value_rules":"no","exclude_category_quantity_rules":"no","combine_variations":"no","exclude_global_add_ons":[],"addons":[],"_links":{"self":[{"href":"https:\/\/www.huntersfriend.eu\/sv\/wp-json\/wp\/v2\/product\/295648","targetHints":{"allow":["GET"]}}],"collection":[{"href":"https:\/\/www.huntersfriend.eu\/sv\/wp-json\/wp\/v2\/product"}],"about":[{"href":"https:\/\/www.huntersfriend.eu\/sv\/wp-json\/wp\/v2\/types\/product"}],"replies":[{"embeddable":true,"href":"https:\/\/www.huntersfriend.eu\/sv\/wp-json\/wp\/v2\/comments?post=295648"}],"wp:featuredmedia":[{"embeddable":true,"href":"https:\/\/www.huntersfriend.eu\/sv\/wp-json\/wp\/v2\/media\/295586"}],"wp:attachment":[{"href":"https:\/\/www.huntersfriend.eu\/sv\/wp-json\/wp\/v2\/media?parent=295648"}],"wp:term":[{"taxonomy":"product_brand","embeddable":true,"href":"https:\/\/www.huntersfriend.eu\/sv\/wp-json\/wp\/v2\/product_brand?post=295648"},{"taxonomy":"product_cat","embeddable":true,"href":"https:\/\/www.huntersfriend.eu\/sv\/wp-json\/wp\/v2\/product_cat?post=295648"},{"taxonomy":"product_tag","embeddable":true,"href":"https:\/\/www.huntersfriend.eu\/sv\/wp-json\/wp\/v2\/product_tag?post=295648"}],"curies":[{"name":"wp","href":"https:\/\/api.w.org\/{rel}","templated":true}]}}