{"id":295646,"date":"2026-04-10T11:39:56","date_gmt":"2026-04-10T09:39:56","guid":{"rendered":"https:\/\/www.huntersfriend.eu\/product\/hawk-cruzr-hangstallning\/"},"modified":"2026-04-14T12:09:43","modified_gmt":"2026-04-14T10:09:43","slug":"hawk-cruzr-hangstallning","status":"publish","type":"product","link":"https:\/\/www.huntersfriend.eu\/sv\/produkt\/hawk-cruzr-hangstallning\/","title":{"rendered":"Hawk Cruzr H\u00e4ngst\u00e4llning"},"content":{"rendered":"<p>Extrem komfort, bergstadig &amp; l\u00e4tt att h\u00e4nga upp n\u00e4r den kombineras med CRUZR\u00ae tr\u00e4dinf\u00e4stning. MeshComfort\u2122 l\u00e4ndryggsst\u00f6det formar sig efter din kropp &amp; erbjuder komfort hela dagen samt st\u00f6d f\u00f6r ryggraden. En 24&#8243; B x 30&#8243; D plattform som \u00e4r svetsad vid alla kontaktpunkter f\u00f6r att skapa en bergstadig, enhetlig design. Tysta, \u00f6vergjutna f\u00e4stkrokar och premium Teflonbrickor s\u00e4kerst\u00e4ller ljudfri, gnisselfri prestanda medan de \u00f6verdimensionerade, kraftiga plattformskablarna och Tree Digger-t\u00e4nderna ger en extra niv\u00e5 av s\u00e4kerhet och stabilitet. Valfri anv\u00e4ndning med CRUZR tr\u00e4dinf\u00e4stning erbjuder snabb, s\u00e4ker installation &amp; borttagning samt potential f\u00f6r flera platser f\u00f6r st\u00e4llningen.    <\/p>\n<p><em>*CRUZR\u2122-f\u00e4ste s\u00e4ljs separat \u2014 Valfritt f\u00f6r anv\u00e4ndning med CRUZR\u2122 Hang-On<\/em><\/p>\n<p><em>Kompatibel med Hawk Cruzr-f\u00e4ste<\/em><\/p>\n<p>Alla Hawk-st\u00e4llningar \u00e4r testade enligt TMA-standarder och inkluderar en helkroppssele.<\/p>\n","protected":false},"excerpt":{"rendered":"<p>Extrem komfort, bergstadig &amp; l\u00e4tt att h\u00e4nga upp n\u00e4r den kombineras med CRUZR\u00ae tr\u00e4dinf\u00e4stning. MeshComfort\u2122 l\u00e4ndryggsst\u00f6det formar sig efter din kropp &amp; erbjuder komfort hela dagen samt st\u00f6d f\u00f6r ryggraden. En 24&#8243; B x 30&#8243; D plattform som \u00e4r svetsad vid alla kontaktpunkter f\u00f6r att skapa en bergstadig, enhetlig design. Tysta, \u00f6vergjutna f\u00e4stkrokar och premium [&#8230;]\n","protected":false},"featured_media":295590,"comment_status":"open","ping_status":"closed","template":"","meta":[],"product_brand":[],"product_cat":[2765,3263],"product_tag":[],"class_list":{"0":"post-295646","1":"product","2":"type-product","3":"status-publish","4":"has-post-thumbnail","6":"product_cat-fyndlada-slutrea","7":"product_cat-hangande-stallningar","8":"product_shipping_class-big-sv","10":"first","11":"instock","12":"sale","13":"taxable","14":"shipping-taxable","15":"purchasable","16":"product-type-simple"},"composite_virtual":false,"composite_layout":"","composite_add_to_cart_form_location":"","composite_editable_in_cart":false,"composite_sold_individually_context":"","composite_shop_price_calc":"","composite_components":[],"composite_scenarios":[],"group_of_quantity":0,"min_quantity":0,"max_quantity":"","exclude_order_quantity_value_rules":"no","exclude_category_quantity_rules":"no","combine_variations":"no","exclude_global_add_ons":[],"addons":[],"_links":{"self":[{"href":"https:\/\/www.huntersfriend.eu\/sv\/wp-json\/wp\/v2\/product\/295646","targetHints":{"allow":["GET"]}}],"collection":[{"href":"https:\/\/www.huntersfriend.eu\/sv\/wp-json\/wp\/v2\/product"}],"about":[{"href":"https:\/\/www.huntersfriend.eu\/sv\/wp-json\/wp\/v2\/types\/product"}],"replies":[{"embeddable":true,"href":"https:\/\/www.huntersfriend.eu\/sv\/wp-json\/wp\/v2\/comments?post=295646"}],"wp:featuredmedia":[{"embeddable":true,"href":"https:\/\/www.huntersfriend.eu\/sv\/wp-json\/wp\/v2\/media\/295590"}],"wp:attachment":[{"href":"https:\/\/www.huntersfriend.eu\/sv\/wp-json\/wp\/v2\/media?parent=295646"}],"wp:term":[{"taxonomy":"product_brand","embeddable":true,"href":"https:\/\/www.huntersfriend.eu\/sv\/wp-json\/wp\/v2\/product_brand?post=295646"},{"taxonomy":"product_cat","embeddable":true,"href":"https:\/\/www.huntersfriend.eu\/sv\/wp-json\/wp\/v2\/product_cat?post=295646"},{"taxonomy":"product_tag","embeddable":true,"href":"https:\/\/www.huntersfriend.eu\/sv\/wp-json\/wp\/v2\/product_tag?post=295646"}],"curies":[{"name":"wp","href":"https:\/\/api.w.org\/{rel}","templated":true}]}}