{"id":295282,"date":"2026-03-11T14:37:15","date_gmt":"2026-03-11T12:37:15","guid":{"rendered":"https:\/\/www.huntersfriend.eu\/product\/stealthcam-fusion-max-2-viltkamera\/"},"modified":"2026-03-17T08:24:14","modified_gmt":"2026-03-17T06:24:14","slug":"stealthcam-fusion-max-2-viltkamera","status":"publish","type":"product","link":"https:\/\/www.huntersfriend.eu\/sv\/produkt\/stealthcam-fusion-max-2-viltkamera\/","title":{"rendered":"Stealthcam Fusion Max 2 Viltkamera"},"content":{"rendered":"<p>Fusion\u2122 MAX 2.0 mobil viltkamera \u2013 \u00e4nnu en utveckling i Stealth Cams Fusion X-viltkamerasortiment \u2013 erbjuder anv\u00e4ndarna samma k\u00e4rnfunktioner, plus avancerad PIR f\u00f6r l\u00e4ngre detektionsr\u00e4ckvidd, 16 GB s\u00e4kert internt minne och dubbel batteritid f\u00f6r totalt 16 AA-batterier. Denna kamera levererar nu \u00e4ven 1080P-video med ljud och \u00e4r kompatibel med Stealth Cams FieldMAX-sortiment av uppladdningsbara litiumpatroner\/batteripaket och solpaneler* som ger en alternativ str\u00f6mf\u00f6rs\u00f6rjning f\u00f6r installationer var som helst. Den har tv\u00e5 f\u00f6rinstallerade SIM-kort och v\u00e5r funktion f\u00f6r automatisk n\u00e4tverkst\u00e4ckning som kontinuerligt \u00f6vervakar AT&amp;T och Verizons signalstyrkor, vilket s\u00e4kerst\u00e4ller automatisk anslutning till det starkaste n\u00e4tverket f\u00f6r p\u00e5litlig uppkoppling via Command Pro-appen. On Demand foto- och videoinspelning tar och skickar kristallklara foton och videor med ljud i realtid, medan 24,4 meters detektions- och infrar\u00f6da blixtr\u00e4ckvidden med 0,4 sekunders utl\u00f6sarhastighet f\u00e5ngar en till sex bilder i burst-l\u00e4ge.   <\/p>\n","protected":false},"excerpt":{"rendered":"<p>Fusion\u2122 MAX 2.0 mobil viltkamera \u2013 \u00e4nnu en utveckling i Stealth Cams Fusion X-viltkamerasortiment \u2013 erbjuder anv\u00e4ndarna samma k\u00e4rnfunktioner, plus avancerad PIR f\u00f6r l\u00e4ngre detektionsr\u00e4ckvidd, 16 GB s\u00e4kert internt minne och dubbel batteritid f\u00f6r totalt 16 AA-batterier. Denna kamera levererar nu \u00e4ven 1080P-video med ljud och \u00e4r kompatibel med Stealth Cams FieldMAX-sortiment av uppladdningsbara litiumpatroner\/batteripaket [&#8230;]\n","protected":false},"featured_media":295224,"comment_status":"open","ping_status":"closed","template":"","meta":[],"product_brand":[],"product_cat":[2708],"product_tag":[],"class_list":{"0":"post-295282","1":"product","2":"type-product","3":"status-publish","4":"has-post-thumbnail","6":"product_cat-viltkameror","8":"first","9":"instock","10":"taxable","11":"shipping-taxable","12":"purchasable","13":"product-type-simple"},"composite_virtual":false,"composite_layout":"","composite_add_to_cart_form_location":"","composite_editable_in_cart":false,"composite_sold_individually_context":"","composite_shop_price_calc":"","composite_components":[],"composite_scenarios":[],"group_of_quantity":0,"min_quantity":0,"max_quantity":"","exclude_order_quantity_value_rules":"no","exclude_category_quantity_rules":"no","combine_variations":"no","exclude_global_add_ons":[],"addons":[],"_links":{"self":[{"href":"https:\/\/www.huntersfriend.eu\/sv\/wp-json\/wp\/v2\/product\/295282","targetHints":{"allow":["GET"]}}],"collection":[{"href":"https:\/\/www.huntersfriend.eu\/sv\/wp-json\/wp\/v2\/product"}],"about":[{"href":"https:\/\/www.huntersfriend.eu\/sv\/wp-json\/wp\/v2\/types\/product"}],"replies":[{"embeddable":true,"href":"https:\/\/www.huntersfriend.eu\/sv\/wp-json\/wp\/v2\/comments?post=295282"}],"wp:featuredmedia":[{"embeddable":true,"href":"https:\/\/www.huntersfriend.eu\/sv\/wp-json\/wp\/v2\/media\/295224"}],"wp:attachment":[{"href":"https:\/\/www.huntersfriend.eu\/sv\/wp-json\/wp\/v2\/media?parent=295282"}],"wp:term":[{"taxonomy":"product_brand","embeddable":true,"href":"https:\/\/www.huntersfriend.eu\/sv\/wp-json\/wp\/v2\/product_brand?post=295282"},{"taxonomy":"product_cat","embeddable":true,"href":"https:\/\/www.huntersfriend.eu\/sv\/wp-json\/wp\/v2\/product_cat?post=295282"},{"taxonomy":"product_tag","embeddable":true,"href":"https:\/\/www.huntersfriend.eu\/sv\/wp-json\/wp\/v2\/product_tag?post=295282"}],"curies":[{"name":"wp","href":"https:\/\/api.w.org\/{rel}","templated":true}]}}