{"id":295267,"date":"2026-03-11T14:37:14","date_gmt":"2026-03-11T12:37:14","guid":{"rendered":"https:\/\/www.huntersfriend.eu\/product\/sitka-stratus-2-0-jacka-elevated\/"},"modified":"2026-03-17T08:23:57","modified_gmt":"2026-03-17T06:23:57","slug":"sitka-stratus-2-0-jacka-elevated","status":"publish","type":"product","link":"https:\/\/www.huntersfriend.eu\/sv\/produkt\/sitka-stratus-2-0-jacka-elevated\/","title":{"rendered":"SITKA Stratus 2.0-jacka \u2013 Elevated"},"content":{"rendered":"<h2 data-section-id=\"pzmnbb\" data-start=\"56\" data-end=\"114\">Sitka Stratus 2.0 jaktjacka \u2013 Optifade Elevated II<\/h2>\n<p data-start=\"116\" data-end=\"652\">Sitka Stratus 2.0 jaktjacka kombinerar avancerad teknik och taktisk funktion f\u00f6r att hj\u00e4lpa dig att h\u00e5lla dig dold, varm och fokuserad i skogen. Den helt vindt\u00e4ta <strong data-start=\"288\" data-end=\"321\">WINDSTOPPER\u00ae by GORE-TEX LABS<\/strong> g\u00f6r att kall vind inte kan tr\u00e4nga igenom jackan. Det borstade yttertyget i polyester r\u00f6r sig tyst genom grenar och h\u00e5ller ljudniv\u00e5n nere n\u00e4r du byter position. Ett l\u00e4tt <strong data-start=\"499\" data-end=\"520\">LMC-fleecefoder<\/strong> ger extra v\u00e4rme utan on\u00f6dig bulk, medan de strukturella materialen ger slitstyrka precis d\u00e4r den beh\u00f6vs som mest.   <\/p>\n<p data-start=\"654\" data-end=\"1027\"><strong data-start=\"658\" data-end=\"688\">Stratus 2.0 jaktjacka<\/strong> presterar b\u00e4st under svala och bl\u00e5siga h\u00f6stdagar och som del av ett lager-p\u00e5-lager-system under kallare s\u00e4songer. Den fungerar bra p\u00e5 egen hand i mildare vinterf\u00f6rh\u00e5llanden och som mellanlager i tuffare v\u00e4der, till exempel under skalplagg. <strong data-start=\"922\" data-end=\"954\">Optifade Elevated II-m\u00f6nstret<\/strong> hj\u00e4lper dig att sm\u00e4lta in i omgivningen, s\u00e4rskilt i vinterf\u00f6rh\u00e5llanden.  <\/p>\n<h3 data-section-id=\"nucr17\" data-start=\"1029\" data-end=\"1057\">Tekniska specifikationer<\/h3>\n<ul data-start=\"1058\" data-end=\"1703\">\n<li data-section-id=\"dr6m04\" data-start=\"1058\" data-end=\"1120\">\n<p data-start=\"1060\" data-end=\"1120\"><strong data-start=\"1060\" data-end=\"1073\">Material:<\/strong> 100 % vindt\u00e4t WINDSTOPPER\u00ae by GORE-TEX LABS<\/p>\n<\/li>\n<li data-section-id=\"1p655me\" data-start=\"1121\" data-end=\"1196\">\n<p data-start=\"1123\" data-end=\"1196\"><strong data-start=\"1123\" data-end=\"1140\">Yttertyg:<\/strong> \u00c5tervunnen borstad polyester \u2013 mjuk, tyst och slitstark<\/p>\n<\/li>\n<li data-section-id=\"1c53lcn\" data-start=\"1197\" data-end=\"1269\">\n<p data-start=\"1199\" data-end=\"1269\"><strong data-start=\"1199\" data-end=\"1210\">Foder:<\/strong> LMC-fleece som ger l\u00e4tt v\u00e4rme utan on\u00f6dig bulk<\/p>\n<\/li>\n<li data-section-id=\"1lvbh8i\" data-start=\"1270\" data-end=\"1337\">\n<p data-start=\"1272\" data-end=\"1337\"><strong data-start=\"1272\" data-end=\"1284\">Fickor:<\/strong> Br\u00f6st- och handfickor med dragkedja f\u00f6r viktig utrustning<\/p>\n<\/li>\n<li data-section-id=\"1e8k0q0\" data-start=\"1338\" data-end=\"1396\">\n<p data-start=\"1340\" data-end=\"1396\"><strong data-start=\"1340\" data-end=\"1356\">Lockficka:<\/strong> Liten f\u00f6rvaringsficka med n\u00e4tbotten<\/p>\n<\/li>\n<li data-section-id=\"1s4s73y\" data-start=\"1397\" data-end=\"1468\">\n<p data-start=\"1399\" data-end=\"1468\"><strong data-start=\"1399\" data-end=\"1422\">Avst\u00e5ndsm\u00e4tarficka:<\/strong> Extern optikficka med s\u00e4ker f\u00e4stanordning<\/p>\n<\/li>\n<li data-section-id=\"1vpqnqi\" data-start=\"1469\" data-end=\"1582\">\n<p data-start=\"1471\" data-end=\"1582\"><strong data-start=\"1471\" data-end=\"1480\">Huva:<\/strong> Avtagbar huva med <strong data-start=\"1501\" data-end=\"1518\">h\u00f6rselportar<\/strong> f\u00f6r b\u00e4ttre h\u00f6rsel samtidigt som den ger v\u00e4derskydd<\/p>\n<\/li>\n<li data-section-id=\"sivs2p\" data-start=\"1583\" data-end=\"1644\">\n<p data-start=\"1585\" data-end=\"1644\"><strong data-start=\"1585\" data-end=\"1609\">S\u00e4kerhetsseleport:<\/strong> M\u00f6jligg\u00f6r anv\u00e4ndning med s\u00e4kerhetssele<\/p>\n<\/li>\n<li data-section-id=\"dkofv4\" data-start=\"1645\" data-end=\"1682\">\n<p data-start=\"1647\" data-end=\"1682\"><strong data-start=\"1647\" data-end=\"1659\">M\u00f6nster:<\/strong> Optifade Elevated II<\/p>\n<\/li>\n<li data-section-id=\"1u8kpy4\" data-start=\"1683\" data-end=\"1703\">\n<p data-start=\"1685\" data-end=\"1703\"><strong data-start=\"1685\" data-end=\"1695\">Storlekar:<\/strong> M\u20132XL<\/p>\n<\/li>\n<\/ul>\n<h3 data-section-id=\"1a2i7z0\" data-start=\"1705\" data-end=\"1742\">Varf\u00f6r v\u00e4lja Stratus Jacket 2.0<\/h3>\n<p data-start=\"1743\" data-end=\"2246\">Stratus Jacket 2.0 \u00e4r s\u00e4rskilt framtagen f\u00f6r situationer d\u00e4r vind, kyla och ljud m\u00e5ste minimeras samtidigt. <strong data-start=\"1874\" data-end=\"1900\">WINDSTOPPER-tekniken<\/strong> blockerar vind effektivt, medan det borstade och tysta yttertyget minskar ljud vid r\u00f6relse. Noggrant placerade fickor ger smidig \u00e5tkomst till viktig utrustning utan att st\u00f6ra. Den avtagbara huvan ger fri sikt och p\u00e5verkar inte h\u00f6rseln. Den s\u00e4kerhetsselekompatibla designen \u00f6kar tryggheten i f\u00e4lt.   <\/p>\n<p data-start=\"2248\" data-end=\"2466\">Med alla dessa funktioner ger <strong data-start=\"2277\" data-end=\"2299\">Stratus Jacket 2.0<\/strong> ett p\u00e5litligt och m\u00e5ngsidigt s\u00e4tt att h\u00e5lla dig varm och effektiv i skogen \u2013 ett tryggt skydd f\u00f6r j\u00e4gare som m\u00f6ter gles t\u00e4ckning och skiftande v\u00e4derf\u00f6rh\u00e5llanden.<\/p>\n","protected":false},"excerpt":{"rendered":"<p>Sitka Stratus 2.0 jaktjacka \u2013 Optifade Elevated II Sitka Stratus 2.0 jaktjacka kombinerar avancerad teknik och taktisk funktion f\u00f6r att hj\u00e4lpa dig att h\u00e5lla dig dold, varm och fokuserad i skogen. Den helt vindt\u00e4ta WINDSTOPPER\u00ae by GORE-TEX LABS g\u00f6r att kall vind inte kan tr\u00e4nga igenom jackan. Det borstade yttertyget i polyester r\u00f6r sig tyst [&#8230;]\n","protected":false},"featured_media":295202,"comment_status":"open","ping_status":"closed","template":"","meta":[],"product_brand":[],"product_cat":[2741],"product_tag":[],"class_list":{"0":"post-295267","1":"product","2":"type-product","3":"status-publish","4":"has-post-thumbnail","6":"product_cat-jackor","8":"first","9":"instock","10":"taxable","11":"shipping-taxable","12":"purchasable","13":"product-type-variable"},"composite_virtual":false,"composite_layout":"","composite_add_to_cart_form_location":"","composite_editable_in_cart":false,"composite_sold_individually_context":"","composite_shop_price_calc":"","composite_components":[],"composite_scenarios":[],"group_of_quantity":0,"min_quantity":0,"max_quantity":"","exclude_order_quantity_value_rules":"no","exclude_category_quantity_rules":"no","combine_variations":"no","exclude_global_add_ons":[],"addons":[],"_links":{"self":[{"href":"https:\/\/www.huntersfriend.eu\/sv\/wp-json\/wp\/v2\/product\/295267","targetHints":{"allow":["GET"]}}],"collection":[{"href":"https:\/\/www.huntersfriend.eu\/sv\/wp-json\/wp\/v2\/product"}],"about":[{"href":"https:\/\/www.huntersfriend.eu\/sv\/wp-json\/wp\/v2\/types\/product"}],"replies":[{"embeddable":true,"href":"https:\/\/www.huntersfriend.eu\/sv\/wp-json\/wp\/v2\/comments?post=295267"}],"wp:featuredmedia":[{"embeddable":true,"href":"https:\/\/www.huntersfriend.eu\/sv\/wp-json\/wp\/v2\/media\/295202"}],"wp:attachment":[{"href":"https:\/\/www.huntersfriend.eu\/sv\/wp-json\/wp\/v2\/media?parent=295267"}],"wp:term":[{"taxonomy":"product_brand","embeddable":true,"href":"https:\/\/www.huntersfriend.eu\/sv\/wp-json\/wp\/v2\/product_brand?post=295267"},{"taxonomy":"product_cat","embeddable":true,"href":"https:\/\/www.huntersfriend.eu\/sv\/wp-json\/wp\/v2\/product_cat?post=295267"},{"taxonomy":"product_tag","embeddable":true,"href":"https:\/\/www.huntersfriend.eu\/sv\/wp-json\/wp\/v2\/product_tag?post=295267"}],"curies":[{"name":"wp","href":"https:\/\/api.w.org\/{rel}","templated":true}]}}