{"id":295118,"date":"2026-03-04T08:35:44","date_gmt":"2026-03-04T06:35:44","guid":{"rendered":"https:\/\/www.huntersfriend.eu\/product\/shocq-bow-digital-scale\/"},"modified":"2026-03-04T13:24:31","modified_gmt":"2026-03-04T11:24:31","slug":"shocq-bow-digital-scale","status":"publish","type":"product","link":"https:\/\/www.huntersfriend.eu\/sv\/produkt\/shocq-bow-digital-scale\/","title":{"rendered":"Shocq Bow Digital Scale"},"content":{"rendered":"<p class=\"lead\">Shocq Bowscale Digital m\u00e4ter noggrant b\u00e5gens dragvikt med topp- och h\u00e5llfunktioner f\u00f6r omfattande analys.<\/p>\n<ul>\n<li>Enkel att anv\u00e4nda<\/li>\n<li>H\u00f6gprecisionssensorer<\/li>\n<li>\u00d6verbelastningsindikator<\/li>\n<li>Digital v\u00e5g designad f\u00f6r att m\u00e4ta b\u00e5gens dragvikt upp till 50 kg (110 lbs).<\/li>\n<li>Topp- och h\u00e5llfunktioner f\u00f6r att f\u00e5nga maximal dragvikt.<\/li>\n<li>Enheter kan v\u00e4xlas mellan kilogram och pund.<\/li>\n<li>L\u00e4ttavl\u00e4st digital display s\u00e4kerst\u00e4ller tydlig visning av m\u00e4tningar.<\/li>\n<li>Kompakt och portabel design f\u00f6r bekv\u00e4m anv\u00e4ndning i olika milj\u00f6er.<\/li>\n<\/ul>\n","protected":false},"excerpt":{"rendered":"<p>Shocq Bowscale Digital m\u00e4ter noggrant b\u00e5gens dragvikt med topp- och h\u00e5llfunktioner f\u00f6r omfattande analys. Enkel att anv\u00e4nda H\u00f6gprecisionssensorer \u00d6verbelastningsindikator Digital v\u00e5g designad f\u00f6r att m\u00e4ta b\u00e5gens dragvikt upp till 50 kg (110 lbs). Topp- och h\u00e5llfunktioner f\u00f6r att f\u00e5nga maximal dragvikt. Enheter kan v\u00e4xlas mellan kilogram och pund. L\u00e4ttavl\u00e4st digital display s\u00e4kerst\u00e4ller tydlig visning av [&#8230;]\n","protected":false},"featured_media":294883,"comment_status":"open","ping_status":"closed","template":"","meta":[],"product_brand":[],"product_cat":[2633,2631,2632],"product_tag":[],"class_list":{"0":"post-295118","1":"product","2":"type-product","3":"status-publish","4":"has-post-thumbnail","6":"product_cat-diverse-bagskytte","7":"product_cat-trimningsverktyg-bagskytte","8":"product_cat-vagar-och-kronografer","10":"first","11":"onbackorder","12":"taxable","13":"shipping-taxable","14":"purchasable","15":"product-type-simple"},"composite_virtual":false,"composite_layout":"","composite_add_to_cart_form_location":"","composite_editable_in_cart":false,"composite_sold_individually_context":"","composite_shop_price_calc":"","composite_components":[],"composite_scenarios":[],"group_of_quantity":0,"min_quantity":0,"max_quantity":"","exclude_order_quantity_value_rules":"no","exclude_category_quantity_rules":"no","combine_variations":"no","exclude_global_add_ons":[],"addons":[],"_links":{"self":[{"href":"https:\/\/www.huntersfriend.eu\/sv\/wp-json\/wp\/v2\/product\/295118","targetHints":{"allow":["GET"]}}],"collection":[{"href":"https:\/\/www.huntersfriend.eu\/sv\/wp-json\/wp\/v2\/product"}],"about":[{"href":"https:\/\/www.huntersfriend.eu\/sv\/wp-json\/wp\/v2\/types\/product"}],"replies":[{"embeddable":true,"href":"https:\/\/www.huntersfriend.eu\/sv\/wp-json\/wp\/v2\/comments?post=295118"}],"wp:featuredmedia":[{"embeddable":true,"href":"https:\/\/www.huntersfriend.eu\/sv\/wp-json\/wp\/v2\/media\/294883"}],"wp:attachment":[{"href":"https:\/\/www.huntersfriend.eu\/sv\/wp-json\/wp\/v2\/media?parent=295118"}],"wp:term":[{"taxonomy":"product_brand","embeddable":true,"href":"https:\/\/www.huntersfriend.eu\/sv\/wp-json\/wp\/v2\/product_brand?post=295118"},{"taxonomy":"product_cat","embeddable":true,"href":"https:\/\/www.huntersfriend.eu\/sv\/wp-json\/wp\/v2\/product_cat?post=295118"},{"taxonomy":"product_tag","embeddable":true,"href":"https:\/\/www.huntersfriend.eu\/sv\/wp-json\/wp\/v2\/product_tag?post=295118"}],"curies":[{"name":"wp","href":"https:\/\/api.w.org\/{rel}","templated":true}]}}