{"id":295101,"date":"2026-02-25T08:58:16","date_gmt":"2026-02-25T06:58:16","guid":{"rendered":"https:\/\/www.huntersfriend.eu\/product\/armytek-elf-c1-usb-c-pcb-vit\/"},"modified":"2026-03-04T13:23:08","modified_gmt":"2026-03-04T11:23:08","slug":"armytek-elf-c1-usb-c-pcb-vit","status":"publish","type":"product","link":"https:\/\/www.huntersfriend.eu\/sv\/produkt\/armytek-elf-c1-usb-c-pcb-vit\/","title":{"rendered":"Armytek Elf C1 USB-C PCB Vit"},"content":{"rendered":"<p data-start=\"0\" data-end=\"519\"><strong data-start=\"0\" data-end=\"70\">Armytek Elf C1 multifunktionell ficklampa med Micro USB-anslutning.<\/strong>  Den kombinerar toppmodern ljusstyrka, enkel anv\u00e4ndning och rekordl\u00e5ng batteritid. Ett m\u00e5ngsidigt och kompakt ljus f\u00f6r varje hush\u00e5ll s\u00e5v\u00e4l som utomhusaktiviteter. Utrustad med ett 18650 900 mAh-batteri erbjuder lampan upp till 200 dagars drifttid p\u00e5 l\u00e4gsta ljusstyrka. Bekv\u00e4m Micro-USB-laddning g\u00f6r att du kan ladda den n\u00e4stan var som helst. Och n\u00e4r den \u00e4r ansluten via Micro-USB kan du anv\u00e4nda lampan som en lampa utan att t\u00f6mma batteriet.    <\/p>\n<p data-start=\"521\" data-end=\"690\">Paketet inneh\u00e5ller (oavsett modell): ficklampan, Micro-USB-laddkabel, 18650 900 mAh litiumjonbatteri, b\u00e4lteskl\u00e4mma, pannband, 2 O-ringar och bruksanvisning.<\/p>\n<p data-start=\"521\" data-end=\"690\">6 anv\u00e4ndningsl\u00e4gen<\/p>\n<p data-start=\"692\" data-end=\"877\" data-is-last-node=\"\" data-is-only-node=\"\"><strong data-start=\"692\" data-end=\"707\">Ljusstyrka:<\/strong> Vit 1000 lm<br data-start=\"736\" data-end=\"739\"><strong data-start=\"739\" data-end=\"757\" data-is-only-node=\"\">Ljusr\u00e4ckvidd:<\/strong> 103 m<br data-start=\"825\" data-end=\"828\"><strong data-start=\"828\" data-end=\"850\">St\u00f6tt\u00e5lighet:<\/strong> t\u00e5l fall fr\u00e5n 10 m<\/p>\n","protected":false},"excerpt":{"rendered":"<p>Armytek Elf C1 multifunktionell ficklampa med Micro USB-anslutning. Den kombinerar toppmodern ljusstyrka, enkel anv\u00e4ndning och rekordl\u00e5ng batteritid. Ett m\u00e5ngsidigt och kompakt ljus f\u00f6r varje hush\u00e5ll s\u00e5v\u00e4l som utomhusaktiviteter. Utrustad med ett 18650 900 mAh-batteri erbjuder lampan upp till 200 dagars drifttid p\u00e5 l\u00e4gsta ljusstyrka. Bekv\u00e4m Micro-USB-laddning g\u00f6r att du kan ladda den n\u00e4stan var som [&#8230;]\n","protected":false},"featured_media":294577,"comment_status":"open","ping_status":"closed","template":"","meta":[],"product_brand":[],"product_cat":[2525],"product_tag":[],"class_list":{"0":"post-295101","1":"product","2":"type-product","3":"status-publish","4":"has-post-thumbnail","6":"product_cat-jaktlampor","8":"first","9":"instock","10":"taxable","11":"shipping-taxable","12":"purchasable","13":"product-type-simple"},"composite_virtual":false,"composite_layout":"","composite_add_to_cart_form_location":"","composite_editable_in_cart":false,"composite_sold_individually_context":"","composite_shop_price_calc":"","composite_components":[],"composite_scenarios":[],"group_of_quantity":0,"min_quantity":0,"max_quantity":"","exclude_order_quantity_value_rules":"no","exclude_category_quantity_rules":"no","combine_variations":"no","exclude_global_add_ons":[],"addons":[],"_links":{"self":[{"href":"https:\/\/www.huntersfriend.eu\/sv\/wp-json\/wp\/v2\/product\/295101","targetHints":{"allow":["GET"]}}],"collection":[{"href":"https:\/\/www.huntersfriend.eu\/sv\/wp-json\/wp\/v2\/product"}],"about":[{"href":"https:\/\/www.huntersfriend.eu\/sv\/wp-json\/wp\/v2\/types\/product"}],"replies":[{"embeddable":true,"href":"https:\/\/www.huntersfriend.eu\/sv\/wp-json\/wp\/v2\/comments?post=295101"}],"wp:featuredmedia":[{"embeddable":true,"href":"https:\/\/www.huntersfriend.eu\/sv\/wp-json\/wp\/v2\/media\/294577"}],"wp:attachment":[{"href":"https:\/\/www.huntersfriend.eu\/sv\/wp-json\/wp\/v2\/media?parent=295101"}],"wp:term":[{"taxonomy":"product_brand","embeddable":true,"href":"https:\/\/www.huntersfriend.eu\/sv\/wp-json\/wp\/v2\/product_brand?post=295101"},{"taxonomy":"product_cat","embeddable":true,"href":"https:\/\/www.huntersfriend.eu\/sv\/wp-json\/wp\/v2\/product_cat?post=295101"},{"taxonomy":"product_tag","embeddable":true,"href":"https:\/\/www.huntersfriend.eu\/sv\/wp-json\/wp\/v2\/product_tag?post=295101"}],"curies":[{"name":"wp","href":"https:\/\/api.w.org\/{rel}","templated":true}]}}