{"id":295100,"date":"2026-02-25T08:58:20","date_gmt":"2026-02-25T06:58:20","guid":{"rendered":"https:\/\/www.huntersfriend.eu\/product\/jetboil-micromo-08-l-carbon-gaskok\/"},"modified":"2026-03-04T13:23:03","modified_gmt":"2026-03-04T11:23:03","slug":"jetboil-micromo-08-l-carbon-gaskok","status":"publish","type":"product","link":"https:\/\/www.huntersfriend.eu\/sv\/produkt\/jetboil-micromo-08-l-carbon-gaskok\/","title":{"rendered":"Jetboil MicroMo 0,8 L Carbon Gask\u00f6k"},"content":{"rendered":"<p data-start=\"0\" data-end=\"52\"><strong data-start=\"0\" data-end=\"50\">MicroMo Kompakt H\u00f6gpresterande Campingk\u00f6k<\/strong><\/p>\n<p data-start=\"54\" data-end=\"304\">MicroMo \u00e4r ett litet men kraftfullt campingk\u00f6k designat f\u00f6r mobil vandring och l\u00e4ttviktspackningar. N\u00e4r du beh\u00f6ver ett snabbt, p\u00e5litligt och l\u00e4ttkontrollerat k\u00f6k f\u00f6r 1\u20132 personer, kokar detta k\u00f6k enkelt vatten, sjuder mat och sm\u00e4lter sn\u00f6. <\/p>\n<h3 data-start=\"306\" data-end=\"322\">Nyckelfunktioner<\/h3>\n<ul data-start=\"323\" data-end=\"667\">\n<li data-start=\"323\" data-end=\"376\">\n<p data-start=\"325\" data-end=\"376\">Extremt l\u00e4tt system \u2013 s\u00e5 lite som 340 g<\/p>\n<\/li>\n<li data-start=\"377\" data-end=\"461\">\n<p data-start=\"379\" data-end=\"461\">Thermo-Regulate konstanttrycksbr\u00e4nnare s\u00e4kerst\u00e4ller j\u00e4mn effekt och sparar gas<\/p>\n<\/li>\n<li data-start=\"462\" data-end=\"541\">\n<p data-start=\"464\" data-end=\"541\">Kokar 1 L vatten p\u00e5 cirka 2 minuter tack vare FluxRing v\u00e4rmev\u00e4xlaren<\/p>\n<\/li>\n<li data-start=\"542\" data-end=\"602\">\n<p data-start=\"544\" data-end=\"602\">Kompakt design: alla komponenter kan packas ihop f\u00f6r f\u00f6rvaring<\/p>\n<\/li>\n<li data-start=\"603\" data-end=\"667\">\n<p data-start=\"605\" data-end=\"667\">Integrerad piezo-knappst\u00e4ndning f\u00f6r s\u00e4ker och snabb anv\u00e4ndning<\/p>\n<\/li>\n<\/ul>\n<h3 data-start=\"669\" data-end=\"710\">Ytterligare information &amp; Avsedd anv\u00e4ndning<\/h3>\n<p data-start=\"711\" data-end=\"1211\">MicroMo \u00e4r designad f\u00f6r vandrare som v\u00e4rdes\u00e4tter l\u00e5g vikt men inte vill kompromissa med k\u00f6kets prestanda. Thermo-Regulate konstanttrycksbr\u00e4nnaren levererar j\u00e4mn v\u00e4rme \u00e4ven i kalla f\u00f6rh\u00e5llanden ner till \u20136,5 \u00b0C och fungerar tillf\u00f6rlitligt p\u00e5 h\u00f6ga h\u00f6jder. Den reglerade l\u00e5gan m\u00f6jligg\u00f6r exakt kontroll, vilket g\u00f6r det enkelt att inte bara koka vatten snabbt utan ocks\u00e5 att sjuda mat utan st\u00e4ndig l\u00e5gjustering. Effektiv gasanv\u00e4ndning minskar m\u00e4ngden br\u00e4nsle du beh\u00f6ver b\u00e4ra, vilket bidrar till en l\u00e4ttare utrustningsupps\u00e4ttning.   <\/p>\n<p data-start=\"1213\" data-end=\"1618\">Praktiskhet \u00e4r inbyggd i varje detalj. Den isolerade kokkoppen fungerar \u00e4ven som dricksk\u00e4rl, och det transparenta locket med drickspip g\u00f6r det enkelt att anv\u00e4nda p\u00e5 spr\u00e5ng. F\u00f6rvaringsutrymmet inuti locket h\u00e5ller gasbeh\u00e5llarstativet organiserat, och det fasta handtaget s\u00e4kerst\u00e4ller s\u00e4ker hantering. Den l\u00e5gprofilerade kastrullen g\u00f6r det ocks\u00e5 m\u00f6jligt att \u00e4ta direkt ur den, vilket minskar behovet av extra disk p\u00e5 din resa.   <\/p>\n<h3 data-start=\"1620\" data-end=\"1648\">Tekniska specifikationer<\/h3>\n<ul data-start=\"1649\" data-end=\"2302\" data-is-last-node=\"\" data-is-only-node=\"\">\n<li data-start=\"1649\" data-end=\"1672\">\n<p data-start=\"1651\" data-end=\"1672\">Kastrullkapacitet: 0,8 L<\/p>\n<\/li>\n<li data-start=\"1673\" data-end=\"1703\">\n<p data-start=\"1675\" data-end=\"1703\">Vikt: s\u00e5 lite som 340 g<\/p>\n<\/li>\n<li data-start=\"1704\" data-end=\"1748\">\n<p data-start=\"1706\" data-end=\"1748\">Koktid: 1 L vatten p\u00e5 ca 2 min <\/p>\n<\/li>\n<li data-start=\"1749\" data-end=\"1809\">\n<p data-start=\"1751\" data-end=\"1809\">Br\u00e4nnare: Jetboil Thermo-Regulate konstanttrycksbr\u00e4nnare<\/p>\n<\/li>\n<li data-start=\"1810\" data-end=\"1852\">\n<p data-start=\"1812\" data-end=\"1852\">T\u00e4ndning: integrerad piezo-knapp<\/p>\n<\/li>\n<li data-start=\"1853\" data-end=\"1918\">\n<p data-start=\"1855\" data-end=\"1918\">Driftstemperatur: j\u00e4mn prestanda ner till \u20136,5 \u00b0C<\/p>\n<\/li>\n<li data-start=\"1919\" data-end=\"1982\">\n<p data-start=\"1921\" data-end=\"1982\">Br\u00e4nsle: standard g\u00e4ngad campinggasbeh\u00e5llare (ing\u00e5r ej)<\/p>\n<\/li>\n<li data-start=\"1983\" data-end=\"2036\">\n<p data-start=\"1985\" data-end=\"2036\">Packm\u00e5tt: H\u00f6jd 165 mm, Diameter 104 mm<\/p>\n<\/li>\n<li data-start=\"2037\" data-end=\"2088\">\n<p data-start=\"2039\" data-end=\"2088\">V\u00e4rme\u00f6verf\u00f6ring: patenterad FluxRing v\u00e4rmev\u00e4xlare<\/p>\n<\/li>\n<li data-start=\"2089\" data-end=\"2183\">\n<p data-start=\"2091\" data-end=\"2183\">Paketet inneh\u00e5ller: br\u00e4nnare, kopp, dricklock, isolerande hylsa, st\u00f6d f\u00f6r gasbeh\u00e5llare (gasbeh\u00e5llare ing\u00e5r ej)<\/p>\n<\/li>\n<li data-start=\"2184\" data-end=\"2243\">\n<p data-start=\"2186\" data-end=\"2243\">Garanti: 2 \u00e5r (material- och tillverkningsfel)<\/p>\n<\/li>\n<li data-start=\"2244\" data-end=\"2302\" data-is-last-node=\"\">\n<p data-start=\"2246\" data-end=\"2302\" data-is-last-node=\"\">Gasf\u00f6rbrukning: upp till 24 L vatten per 230 g Jetpower gas<\/p>\n<\/li>\n<\/ul>\n","protected":false},"excerpt":{"rendered":"<p>MicroMo Kompakt H\u00f6gpresterande Campingk\u00f6k MicroMo \u00e4r ett litet men kraftfullt campingk\u00f6k designat f\u00f6r mobil vandring och l\u00e4ttviktspackningar. N\u00e4r du beh\u00f6ver ett snabbt, p\u00e5litligt och l\u00e4ttkontrollerat k\u00f6k f\u00f6r 1\u20132 personer, kokar detta k\u00f6k enkelt vatten, sjuder mat och sm\u00e4lter sn\u00f6. Nyckelfunktioner Extremt l\u00e4tt system \u2013 s\u00e5 lite som 340 g Thermo-Regulate konstanttrycksbr\u00e4nnare s\u00e4kerst\u00e4ller j\u00e4mn effekt och [&#8230;]\n","protected":false},"featured_media":294697,"comment_status":"open","ping_status":"closed","template":"","meta":[],"product_brand":[],"product_cat":[2567],"product_tag":[],"class_list":{"0":"post-295100","1":"product","2":"type-product","3":"status-publish","4":"has-post-thumbnail","6":"product_cat-campingtillbehor","8":"first","9":"instock","10":"taxable","11":"shipping-taxable","12":"purchasable","13":"product-type-simple"},"composite_virtual":false,"composite_layout":"","composite_add_to_cart_form_location":"","composite_editable_in_cart":false,"composite_sold_individually_context":"","composite_shop_price_calc":"","composite_components":[],"composite_scenarios":[],"group_of_quantity":0,"min_quantity":0,"max_quantity":"","exclude_order_quantity_value_rules":"no","exclude_category_quantity_rules":"no","combine_variations":"no","exclude_global_add_ons":[],"addons":[],"_links":{"self":[{"href":"https:\/\/www.huntersfriend.eu\/sv\/wp-json\/wp\/v2\/product\/295100","targetHints":{"allow":["GET"]}}],"collection":[{"href":"https:\/\/www.huntersfriend.eu\/sv\/wp-json\/wp\/v2\/product"}],"about":[{"href":"https:\/\/www.huntersfriend.eu\/sv\/wp-json\/wp\/v2\/types\/product"}],"replies":[{"embeddable":true,"href":"https:\/\/www.huntersfriend.eu\/sv\/wp-json\/wp\/v2\/comments?post=295100"}],"wp:featuredmedia":[{"embeddable":true,"href":"https:\/\/www.huntersfriend.eu\/sv\/wp-json\/wp\/v2\/media\/294697"}],"wp:attachment":[{"href":"https:\/\/www.huntersfriend.eu\/sv\/wp-json\/wp\/v2\/media?parent=295100"}],"wp:term":[{"taxonomy":"product_brand","embeddable":true,"href":"https:\/\/www.huntersfriend.eu\/sv\/wp-json\/wp\/v2\/product_brand?post=295100"},{"taxonomy":"product_cat","embeddable":true,"href":"https:\/\/www.huntersfriend.eu\/sv\/wp-json\/wp\/v2\/product_cat?post=295100"},{"taxonomy":"product_tag","embeddable":true,"href":"https:\/\/www.huntersfriend.eu\/sv\/wp-json\/wp\/v2\/product_tag?post=295100"}],"curies":[{"name":"wp","href":"https:\/\/api.w.org\/{rel}","templated":true}]}}