{"id":295069,"date":"2026-02-25T08:56:55","date_gmt":"2026-02-25T06:56:55","guid":{"rendered":"https:\/\/www.huntersfriend.eu\/product\/hme-pro-series-deer-drag\/"},"modified":"2026-03-04T13:23:01","modified_gmt":"2026-03-04T11:23:01","slug":"hme-pro-series-deer-drag","status":"publish","type":"product","link":"https:\/\/www.huntersfriend.eu\/sv\/produkt\/hme-pro-series-deer-drag\/","title":{"rendered":"HME Pro Series Deer Drag"},"content":{"rendered":"<p data-start=\"0\" data-end=\"270\"><strong data-start=\"0\" data-end=\"28\">HME Pro Series Deer Drag<\/strong> viltredskap \u00e4r l\u00e4mplig f\u00f6r att dra ut alla typer av r\u00e5djur eller \u00e4lg ur terr\u00e4ngen. Det dubbla handtaget g\u00f6r dragningen betydligt enklare, oavsett om en eller flera personer drar. Bekv\u00e4m att b\u00e4ra med sig, till exempel i en ryggs\u00e4ck.  <\/p>\n<p data-start=\"272\" data-end=\"293\" data-is-last-node=\"\" data-is-only-node=\"\"><strong data-start=\"272\" data-end=\"283\">Vikt:<\/strong> 380 g<\/p>\n","protected":false},"excerpt":{"rendered":"<p>HME Pro Series Deer Drag viltredskap \u00e4r l\u00e4mplig f\u00f6r att dra ut alla typer av r\u00e5djur eller \u00e4lg ur terr\u00e4ngen. Det dubbla handtaget g\u00f6r dragningen betydligt enklare, oavsett om en eller flera personer drar. Bekv\u00e4m att b\u00e4ra med sig, till exempel i en ryggs\u00e4ck. Vikt: 380 g<\/p>\n","protected":false},"featured_media":294596,"comment_status":"open","ping_status":"closed","template":"","meta":[],"product_brand":[],"product_cat":[2721,2568],"product_tag":[],"class_list":{"0":"post-295069","1":"product","2":"type-product","3":"status-publish","4":"has-post-thumbnail","6":"product_cat-hantering-och-bearbetning-av-vilt","7":"product_cat-jakt-tillbehor","9":"first","10":"instock","11":"taxable","12":"shipping-taxable","13":"purchasable","14":"product-type-simple"},"composite_virtual":false,"composite_layout":"","composite_add_to_cart_form_location":"","composite_editable_in_cart":false,"composite_sold_individually_context":"","composite_shop_price_calc":"","composite_components":[],"composite_scenarios":[],"group_of_quantity":0,"min_quantity":0,"max_quantity":"","exclude_order_quantity_value_rules":"no","exclude_category_quantity_rules":"no","combine_variations":"no","exclude_global_add_ons":[],"addons":[],"_links":{"self":[{"href":"https:\/\/www.huntersfriend.eu\/sv\/wp-json\/wp\/v2\/product\/295069","targetHints":{"allow":["GET"]}}],"collection":[{"href":"https:\/\/www.huntersfriend.eu\/sv\/wp-json\/wp\/v2\/product"}],"about":[{"href":"https:\/\/www.huntersfriend.eu\/sv\/wp-json\/wp\/v2\/types\/product"}],"replies":[{"embeddable":true,"href":"https:\/\/www.huntersfriend.eu\/sv\/wp-json\/wp\/v2\/comments?post=295069"}],"wp:featuredmedia":[{"embeddable":true,"href":"https:\/\/www.huntersfriend.eu\/sv\/wp-json\/wp\/v2\/media\/294596"}],"wp:attachment":[{"href":"https:\/\/www.huntersfriend.eu\/sv\/wp-json\/wp\/v2\/media?parent=295069"}],"wp:term":[{"taxonomy":"product_brand","embeddable":true,"href":"https:\/\/www.huntersfriend.eu\/sv\/wp-json\/wp\/v2\/product_brand?post=295069"},{"taxonomy":"product_cat","embeddable":true,"href":"https:\/\/www.huntersfriend.eu\/sv\/wp-json\/wp\/v2\/product_cat?post=295069"},{"taxonomy":"product_tag","embeddable":true,"href":"https:\/\/www.huntersfriend.eu\/sv\/wp-json\/wp\/v2\/product_tag?post=295069"}],"curies":[{"name":"wp","href":"https:\/\/api.w.org\/{rel}","templated":true}]}}