{"id":295030,"date":"2026-03-04T08:35:23","date_gmt":"2026-03-04T06:35:23","guid":{"rendered":"https:\/\/www.huntersfriend.eu\/product\/lowa-zephyr-gtx-mid-tf-jaktkangor\/"},"modified":"2026-03-04T13:21:25","modified_gmt":"2026-03-04T11:21:25","slug":"lowa-zephyr-gtx-mid-tf-jaktkangor","status":"publish","type":"product","link":"https:\/\/www.huntersfriend.eu\/sv\/produkt\/lowa-zephyr-gtx-mid-tf-jaktkangor\/","title":{"rendered":"Lowa Zephyr GTX Mid TF jaktk\u00e4ngor"},"content":{"rendered":"<div class=\"flex flex-col text-sm\">\n<article class=\"text-token-text-primary w-full focus:outline-none [--shadow-height:45px] has-data-writing-block:pointer-events-none has-data-writing-block:-mt-(--shadow-height) has-data-writing-block:pt-(--shadow-height) [&amp;:has([data-writing-block])&gt;*]:pointer-events-auto scroll-mt-[calc(var(--header-height)+min(200px,max(70px,20svh)))]\" dir=\"auto\" tabindex=\"-1\" data-turn-id=\"request-WEB:fe18f480-f2ad-4dc8-93ff-d1ee66428b4a-5\" data-testid=\"conversation-turn-12\" data-scroll-anchor=\"true\" data-turn=\"assistant\">\n<div class=\"text-base my-auto mx-auto pb-10 [--thread-content-margin:--spacing(4)] @w-sm\/main:[--thread-content-margin:--spacing(6)] @w-lg\/main:[--thread-content-margin:--spacing(16)] px-(--thread-content-margin)\">\n<div class=\"[--thread-content-max-width:40rem] @w-lg\/main:[--thread-content-max-width:48rem] mx-auto max-w-(--thread-content-max-width) flex-1 group\/turn-messages focus-visible:outline-hidden relative flex w-full min-w-0 flex-col agent-turn\" tabindex=\"-1\">\n<div class=\"flex max-w-full flex-col grow\">\n<div class=\"min-h-8 text-message relative flex w-full flex-col items-end gap-2 text-start break-words whitespace-normal [.text-message+&amp;]:mt-1\" dir=\"auto\" data-message-author-role=\"assistant\" data-message-id=\"c6a3b8aa-52f7-48ab-b0e0-988f95372eab\" data-message-model-slug=\"gpt-5-2\">\n<div class=\"flex w-full flex-col gap-1 empty:hidden first:pt-[1px]\">\n<div class=\"markdown prose dark:prose-invert w-full wrap-break-word light markdown-new-styling\">\n<p data-start=\"0\" data-end=\"63\"><strong data-start=\"0\" data-end=\"61\">Zephyr GTX Mid TF \u2013 smidighet och skydd i ett paket<\/strong><\/p>\n<p data-start=\"0\" data-end=\"63\"><span data-text-color=\"alert\"><strong>STORLEKAR anges i UK-storlekar<\/strong><\/span><\/p>\n<p data-start=\"0\" data-end=\"63\">Zephyr GTX Mid TF \u00e4r designad f\u00f6r dig som beh\u00f6ver en kombination av l\u00e4tthet, h\u00e5llbarhet och p\u00e5litligt skydd i varierande f\u00f6rh\u00e5llanden. Modellen levererar samma h\u00f6ga prestanda som \u00f6vriga i serien, men det mellanh\u00f6ga skaftet ger st\u00f6rre smidighet och r\u00f6relsefrihet utan att tumma p\u00e5 komfort eller s\u00e4kerhet. <\/p>\n<h3 data-start=\"393\" data-end=\"411\">Huvudegenskaper<\/h3>\n<ul data-start=\"412\" data-end=\"680\">\n<li data-start=\"412\" data-end=\"461\">\n<p data-start=\"414\" data-end=\"461\">Vattent\u00e4tt Gore-Tex\u00ae-membran som andas.<\/p>\n<\/li>\n<li data-start=\"462\" data-end=\"521\">\n<p data-start=\"464\" data-end=\"521\">L\u00e4tt men st\u00f6djande konstruktion f\u00f6r aktivt bruk.<\/p>\n<\/li>\n<li data-start=\"522\" data-end=\"564\">\n<p data-start=\"524\" data-end=\"564\">Uttagbar innersula f\u00f6r personlig passform.<\/p>\n<\/li>\n<li data-start=\"565\" data-end=\"612\">\n<p data-start=\"567\" data-end=\"612\">Yttersula med bra grepp f\u00f6r olika terr\u00e4nger.<\/p>\n<\/li>\n<li data-start=\"613\" data-end=\"661\">\n<p data-start=\"615\" data-end=\"661\">Utm\u00e4rkt balans mellan komfort och h\u00e5llbarhet.<\/p>\n<\/li>\n<li data-start=\"662\" data-end=\"680\">\n<p data-start=\"664\" data-end=\"680\">F\u00e4rg: Desert.<\/p>\n<\/li>\n<\/ul>\n<h3 data-start=\"682\" data-end=\"708\">Anv\u00e4ndning och prestanda<\/h3>\n<p data-start=\"709\" data-end=\"1019\">Zephyr GTX Mid TF \u00e4r ett perfekt val f\u00f6r myndighetspersonal, v\u00e4ktare och aktiva vandrare som tillbringar l\u00e5nga pass i kr\u00e4vande terr\u00e4ng. Det vattent\u00e4ta Gore-Tex\u00ae-membranet h\u00e5ller f\u00f6tterna torra och bekvma i alla v\u00e4der, medan den l\u00e4tta konstruktionen g\u00f6r k\u00e4ngan l\u00e4mplig f\u00f6r l\u00e5ngvarig anv\u00e4ndning. <\/p>\n<p data-start=\"1021\" data-end=\"1317\">Den slitstarka yttersulan med h\u00f6gt grepp s\u00e4kerst\u00e4ller bra f\u00e4ste p\u00e5 steniga stigar och hala underlag. Det mellanh\u00f6ga skaftet f\u00f6rb\u00e4ttrar r\u00f6rligheten och smidigheten samtidigt som det ger tillr\u00e4ckligt fotledsst\u00f6d och skydd. Den uttagbara innersulan m\u00f6jligg\u00f6r personliga justeringar f\u00f6r \u00e4nnu b\u00e4ttre komfort.  <\/p>\n<p data-start=\"1319\" data-end=\"1457\">Kombinationen av nubuckl\u00e4der och tekniska material garanterar l\u00e5ngvarig h\u00e5llbarhet och p\u00e5litlig prestanda \u00e4ven vid tung anv\u00e4ndning.<\/p>\n<h3 data-start=\"1459\" data-end=\"1493\">Varf\u00f6r v\u00e4lja Zephyr GTX Mid TF<\/h3>\n<p data-start=\"1494\" data-end=\"1736\">Om du letar efter en l\u00e4tt, vattent\u00e4t och m\u00e5ngsidig k\u00e4nga som erbjuder b\u00e5de r\u00f6relsefrihet och p\u00e5litligt grepp \u00e4r Zephyr GTX Mid TF ett utm\u00e4rkt val. Den passar perfekt f\u00f6r varierande f\u00f6rh\u00e5llanden och aktiv anv\u00e4ndning \u00e5ret runt. <\/p>\n<h3 data-start=\"1738\" data-end=\"1768\">Tekniska specifikationer<\/h3>\n<p data-start=\"1770\" data-end=\"1789\"><strong data-start=\"1770\" data-end=\"1787\">M\u00e5tt:<\/strong><\/p>\n<ul data-start=\"1790\" data-end=\"1935\">\n<li data-start=\"1790\" data-end=\"1822\">\n<p data-start=\"1792\" data-end=\"1822\">Vikt: 1 000 g\/par (UK 8).<\/p>\n<\/li>\n<li data-start=\"1823\" data-end=\"1873\">\n<p data-start=\"1825\" data-end=\"1873\">Skafth\u00f6jd: 150 mm (yttre) \/ 120 mm (inre).<\/p>\n<\/li>\n<li data-start=\"1874\" data-end=\"1935\">\n<p data-start=\"1876\" data-end=\"1935\">Design: Mellanh\u00f6gt skaft, avsedd f\u00f6r professionellt bruk och f\u00e4ltbruk.<\/p>\n<\/li>\n<\/ul>\n<p data-start=\"1937\" data-end=\"1953\"><strong data-start=\"1937\" data-end=\"1951\">Material:<\/strong><\/p>\n<ul data-start=\"1954\" data-end=\"2103\">\n<li data-start=\"1954\" data-end=\"1992\">\n<p data-start=\"1956\" data-end=\"1992\">Ovandel: Nubuckl\u00e4der och textil.<\/p>\n<\/li>\n<li data-start=\"1993\" data-end=\"2024\">\n<p data-start=\"1995\" data-end=\"2024\">Mellansula: Polyuretan (PU).<\/p>\n<\/li>\n<li data-start=\"2025\" data-end=\"2103\">\n<p data-start=\"2027\" data-end=\"2103\">Yttersula: Gummiblandning som ger utm\u00e4rkt grepp och slitstyrka.<\/p>\n<\/li>\n<\/ul>\n<p data-start=\"2105\" data-end=\"2139\"><strong data-start=\"2105\" data-end=\"2137\">Egenskaper och certifieringar:<\/strong><\/p>\n<ul data-start=\"2140\" data-end=\"2325\" data-is-last-node=\"\" data-is-only-node=\"\">\n<li data-start=\"2140\" data-end=\"2174\">\n<p data-start=\"2142\" data-end=\"2174\">Vattent\u00e4tt Gore-Tex\u00ae-membran.<\/p>\n<\/li>\n<li data-start=\"2175\" data-end=\"2217\">\n<p data-start=\"2177\" data-end=\"2217\">Uttagbar innersula f\u00f6r personlig passform.<\/p>\n<\/li>\n<li data-start=\"2218\" data-end=\"2273\">\n<p data-start=\"2220\" data-end=\"2273\">L\u00e4tt och stabil konstruktion f\u00f6r aktivt bruk.<\/p>\n<\/li>\n<li data-start=\"2274\" data-end=\"2325\" data-is-last-node=\"\">\n<p data-start=\"2276\" data-end=\"2325\" data-is-last-node=\"\">L\u00e5ngvarig h\u00e5llbarhet f\u00f6r olika milj\u00f6er.<\/p>\n<\/li>\n<\/ul>\n<\/div>\n<\/div>\n<\/div>\n<\/div>\n<div class=\"z-0 flex min-h-[46px] justify-start\"><\/div>\n<\/div>\n<\/div>\n<\/article>\n<\/div>\n<div class=\"pointer-events-none h-px w-px absolute bottom-0\" aria-hidden=\"true\" data-edge=\"true\"><\/div>\n","protected":false},"excerpt":{"rendered":"<p>Zephyr GTX Mid TF \u2013 smidighet och skydd i ett paket STORLEKAR anges i UK-storlekar Zephyr GTX Mid TF \u00e4r designad f\u00f6r dig som beh\u00f6ver en kombination av l\u00e4tthet, h\u00e5llbarhet och p\u00e5litligt skydd i varierande f\u00f6rh\u00e5llanden. Modellen levererar samma h\u00f6ga prestanda som \u00f6vriga i serien, men det mellanh\u00f6ga skaftet ger st\u00f6rre smidighet och r\u00f6relsefrihet utan [&#8230;]\n","protected":false},"featured_media":294911,"comment_status":"open","ping_status":"closed","template":"","meta":[],"product_brand":[],"product_cat":[2835],"product_tag":[],"class_list":{"0":"post-295030","1":"product","2":"type-product","3":"status-publish","4":"has-post-thumbnail","6":"product_cat-jaktkangor","7":"product_shipping_class-medium-sv","9":"first","10":"instock","11":"taxable","12":"shipping-taxable","13":"purchasable","14":"product-type-variable"},"composite_virtual":false,"composite_layout":"","composite_add_to_cart_form_location":"","composite_editable_in_cart":false,"composite_sold_individually_context":"","composite_shop_price_calc":"","composite_components":[],"composite_scenarios":[],"group_of_quantity":0,"min_quantity":0,"max_quantity":"","exclude_order_quantity_value_rules":"no","exclude_category_quantity_rules":"no","combine_variations":"no","exclude_global_add_ons":[],"addons":[],"_links":{"self":[{"href":"https:\/\/www.huntersfriend.eu\/sv\/wp-json\/wp\/v2\/product\/295030","targetHints":{"allow":["GET"]}}],"collection":[{"href":"https:\/\/www.huntersfriend.eu\/sv\/wp-json\/wp\/v2\/product"}],"about":[{"href":"https:\/\/www.huntersfriend.eu\/sv\/wp-json\/wp\/v2\/types\/product"}],"replies":[{"embeddable":true,"href":"https:\/\/www.huntersfriend.eu\/sv\/wp-json\/wp\/v2\/comments?post=295030"}],"wp:featuredmedia":[{"embeddable":true,"href":"https:\/\/www.huntersfriend.eu\/sv\/wp-json\/wp\/v2\/media\/294911"}],"wp:attachment":[{"href":"https:\/\/www.huntersfriend.eu\/sv\/wp-json\/wp\/v2\/media?parent=295030"}],"wp:term":[{"taxonomy":"product_brand","embeddable":true,"href":"https:\/\/www.huntersfriend.eu\/sv\/wp-json\/wp\/v2\/product_brand?post=295030"},{"taxonomy":"product_cat","embeddable":true,"href":"https:\/\/www.huntersfriend.eu\/sv\/wp-json\/wp\/v2\/product_cat?post=295030"},{"taxonomy":"product_tag","embeddable":true,"href":"https:\/\/www.huntersfriend.eu\/sv\/wp-json\/wp\/v2\/product_tag?post=295030"}],"curies":[{"name":"wp","href":"https:\/\/api.w.org\/{rel}","templated":true}]}}