{"id":295023,"date":"2026-03-04T08:35:36","date_gmt":"2026-03-04T06:35:36","guid":{"rendered":"https:\/\/www.huntersfriend.eu\/product\/duke-body-trap-155-2\/"},"modified":"2026-03-04T13:21:14","modified_gmt":"2026-03-04T11:21:14","slug":"duke-body-trap-155-2","status":"publish","type":"product","link":"https:\/\/www.huntersfriend.eu\/sv\/produkt\/duke-body-trap-155-2\/","title":{"rendered":"Duke Body Trap 155-2"},"content":{"rendered":"<h3>K\u00e4ft\u00f6ppning: 5&#8243; \/ 12,7 cm<br \/>\nM\u00e5l: M\u00e5rd, murmeldjur, tv\u00e4ttbj\u00f6rn eller liknande storlek<\/h3>\n","protected":false},"excerpt":{"rendered":"<p>K\u00e4ft\u00f6ppning: 5&#8243; \/ 12,7 cm M\u00e5l: M\u00e5rd, murmeldjur, tv\u00e4ttbj\u00f6rn eller liknande storlek<\/p>\n","protected":false},"featured_media":294851,"comment_status":"open","ping_status":"closed","template":"","meta":[],"product_brand":[],"product_cat":[2696],"product_tag":[],"class_list":{"0":"post-295023","1":"product","2":"type-product","3":"status-publish","4":"has-post-thumbnail","6":"product_cat-fallor-och-fangsttillbehor","8":"first","9":"instock","10":"taxable","11":"shipping-taxable","12":"purchasable","13":"product-type-simple"},"composite_virtual":false,"composite_layout":"","composite_add_to_cart_form_location":"","composite_editable_in_cart":false,"composite_sold_individually_context":"","composite_shop_price_calc":"","composite_components":[],"composite_scenarios":[],"group_of_quantity":0,"min_quantity":0,"max_quantity":"","exclude_order_quantity_value_rules":"no","exclude_category_quantity_rules":"no","combine_variations":"no","exclude_global_add_ons":[],"addons":[],"_links":{"self":[{"href":"https:\/\/www.huntersfriend.eu\/sv\/wp-json\/wp\/v2\/product\/295023","targetHints":{"allow":["GET"]}}],"collection":[{"href":"https:\/\/www.huntersfriend.eu\/sv\/wp-json\/wp\/v2\/product"}],"about":[{"href":"https:\/\/www.huntersfriend.eu\/sv\/wp-json\/wp\/v2\/types\/product"}],"replies":[{"embeddable":true,"href":"https:\/\/www.huntersfriend.eu\/sv\/wp-json\/wp\/v2\/comments?post=295023"}],"wp:featuredmedia":[{"embeddable":true,"href":"https:\/\/www.huntersfriend.eu\/sv\/wp-json\/wp\/v2\/media\/294851"}],"wp:attachment":[{"href":"https:\/\/www.huntersfriend.eu\/sv\/wp-json\/wp\/v2\/media?parent=295023"}],"wp:term":[{"taxonomy":"product_brand","embeddable":true,"href":"https:\/\/www.huntersfriend.eu\/sv\/wp-json\/wp\/v2\/product_brand?post=295023"},{"taxonomy":"product_cat","embeddable":true,"href":"https:\/\/www.huntersfriend.eu\/sv\/wp-json\/wp\/v2\/product_cat?post=295023"},{"taxonomy":"product_tag","embeddable":true,"href":"https:\/\/www.huntersfriend.eu\/sv\/wp-json\/wp\/v2\/product_tag?post=295023"}],"curies":[{"name":"wp","href":"https:\/\/api.w.org\/{rel}","templated":true}]}}