{"id":295012,"date":"2026-03-04T08:35:25","date_gmt":"2026-03-04T06:35:25","guid":{"rendered":"https:\/\/www.huntersfriend.eu\/product\/lowa-renegade-gtx-mid-jaktkangor\/"},"modified":"2026-03-04T13:21:12","modified_gmt":"2026-03-04T11:21:12","slug":"lowa-renegade-gtx-mid-jaktkangor","status":"publish","type":"product","link":"https:\/\/www.huntersfriend.eu\/sv\/produkt\/lowa-renegade-gtx-mid-jaktkangor\/","title":{"rendered":"Lowa Renegade GTX Mid jaktk\u00e4ngor"},"content":{"rendered":"<div class=\"flex flex-col text-sm\">\n<article class=\"text-token-text-primary w-full focus:outline-none [--shadow-height:45px] has-data-writing-block:pointer-events-none has-data-writing-block:-mt-(--shadow-height) has-data-writing-block:pt-(--shadow-height) [&amp;:has([data-writing-block])&gt;*]:pointer-events-auto scroll-mt-[calc(var(--header-height)+min(200px,max(70px,20svh)))]\" dir=\"auto\" tabindex=\"-1\" data-turn-id=\"request-WEB:fe18f480-f2ad-4dc8-93ff-d1ee66428b4a-2\" data-testid=\"conversation-turn-6\" data-scroll-anchor=\"true\" data-turn=\"assistant\">\n<div class=\"text-base my-auto mx-auto pb-10 [--thread-content-margin:--spacing(4)] @w-sm\/main:[--thread-content-margin:--spacing(6)] @w-lg\/main:[--thread-content-margin:--spacing(16)] px-(--thread-content-margin)\">\n<div class=\"[--thread-content-max-width:40rem] @w-lg\/main:[--thread-content-max-width:48rem] mx-auto max-w-(--thread-content-max-width) flex-1 group\/turn-messages focus-visible:outline-hidden relative flex w-full min-w-0 flex-col agent-turn\" tabindex=\"-1\">\n<div class=\"flex max-w-full flex-col grow\">\n<div class=\"min-h-8 text-message relative flex w-full flex-col items-end gap-2 text-start break-words whitespace-normal [.text-message+&amp;]:mt-1\" dir=\"auto\" data-message-author-role=\"assistant\" data-message-id=\"510c8589-6d86-4c94-a9a4-bf8d1a027fb1\" data-message-model-slug=\"gpt-5-2\">\n<div class=\"flex w-full flex-col gap-1 empty:hidden first:pt-[1px]\">\n<div class=\"markdown prose dark:prose-invert w-full wrap-break-word light markdown-new-styling\">\n<p data-start=\"0\" data-end=\"76\"><strong data-start=\"0\" data-end=\"74\">Renegade GTX Mid \u2013 den perfekta vandringsk\u00e4ngan med ett legendariskt rykte<\/strong><\/p>\n<p data-start=\"0\" data-end=\"76\"><span data-text-color=\"alert\"><strong>STORLEKARNA \u00e4r UK-storlekar<\/strong><\/span><\/p>\n<p data-start=\"78\" data-end=\"415\">Renegade GTX Mid \u00e4r en av v\u00e4rldens mest popul\u00e4ra vandringsk\u00e4ngor \u2013 och det av goda sk\u00e4l. Den h\u00e4r modellen kombinerar suver\u00e4n passform, slitstyrka och komfort p\u00e5 ett s\u00e4tt som g\u00f6r den till en p\u00e5litlig f\u00f6ljeslagare f\u00f6r dagsturer s\u00e5v\u00e4l som l\u00e4ngre vandringar. Den l\u00e4tta men stabila konstruktionen ger tryggt grepp i all terr\u00e4ng och i alla v\u00e4derf\u00f6rh\u00e5llanden.  <\/p>\n<h3 data-start=\"417\" data-end=\"435\">Nyckelfunktioner<\/h3>\n<ul data-start=\"436\" data-end=\"824\">\n<li data-start=\"436\" data-end=\"485\">\n<p data-start=\"438\" data-end=\"485\">Vattent\u00e4tt och andningsbart Gore-Tex\u00ae-membran.<\/p>\n<\/li>\n<li data-start=\"486\" data-end=\"554\">\n<p data-start=\"488\" data-end=\"554\">Ovandelsmaterial i 1,6 mm tjockt nubuckl\u00e4der f\u00f6r slitstyrka och skydd.<\/p>\n<\/li>\n<li data-start=\"555\" data-end=\"610\">\n<p data-start=\"557\" data-end=\"610\">DuraPU\u00ae-mellansula som kombinerar stabilitet och d\u00e4mpning.<\/p>\n<\/li>\n<li data-start=\"611\" data-end=\"654\">\n<p data-start=\"613\" data-end=\"654\">Vibram\u00ae EVO-yttersula f\u00f6r utm\u00e4rkt grepp.<\/p>\n<\/li>\n<li data-start=\"655\" data-end=\"729\">\n<p data-start=\"657\" data-end=\"729\">MONOWRAP\u00ae-ramkonstruktion f\u00f6r b\u00e4ttre fotst\u00f6d och skydd.<\/p>\n<\/li>\n<li data-start=\"730\" data-end=\"798\">\n<p data-start=\"732\" data-end=\"798\">Flexibel men st\u00f6djande 7\/8 TPU-stabilisator f\u00f6r optimal r\u00f6relse.<\/p>\n<\/li>\n<li data-start=\"799\" data-end=\"824\">\n<p data-start=\"801\" data-end=\"824\">F\u00e4rg: Olive\/Mustard.<\/p>\n<\/li>\n<\/ul>\n<h3 data-start=\"826\" data-end=\"852\">Anv\u00e4ndning och prestanda<\/h3>\n<p data-start=\"853\" data-end=\"1421\">Renegade GTX Mid \u00e4r gjord f\u00f6r m\u00e5ngsidig anv\u00e4ndning \u2013 passar f\u00f6r friluftsliv, trekking och vandring i varierad terr\u00e4ng. Gore-Tex\u00ae-membranet h\u00e5ller f\u00f6tterna torra, samtidigt som andningsf\u00f6rm\u00e5gan ger komfort i alla v\u00e4der. MONOWRAP\u00ae-konstruktionen st\u00f6ttar foten p\u00e5 oj\u00e4mna underlag, och DuraPU\u00ae-mellansulan d\u00e4mpar st\u00f6tar \u00e4ven p\u00e5 l\u00e4ngre turer. Vibram\u00ae EVO-yttersulan ger p\u00e5litligt f\u00e4ste p\u00e5 steniga stigar, skogsv\u00e4gar och v\u00e5ta underlag. Renegade GTX Mid \u00e4r ocks\u00e5 k\u00e4nd f\u00f6r sin enast\u00e5ende passform, vilket g\u00f6r den bekv\u00e4m redan fr\u00e5n f\u00f6rsta anv\u00e4ndningen.    <\/p>\n<h3 data-start=\"1423\" data-end=\"1456\">Varf\u00f6r v\u00e4lja Renegade GTX Mid<\/h3>\n<p data-start=\"1457\" data-end=\"1695\">Om du vill ha en k\u00e4nga som kombinerar vandringsk\u00e4ngans slitstyrka och st\u00f6d med en sneakers komfort \u00e4r Renegade GTX Mid r\u00e4tt val. Den \u00e4r p\u00e5litlig, m\u00e5ngsidig och sk\u00f6n att b\u00e4ra \u00e5ret runt i alla f\u00f6rh\u00e5llanden. <\/p>\n<h3 data-start=\"1697\" data-end=\"1727\">Tekniska specifikationer<\/h3>\n<p data-start=\"1729\" data-end=\"1748\"><strong data-start=\"1729\" data-end=\"1746\">M\u00e5tt:<\/strong><\/p>\n<ul data-start=\"1749\" data-end=\"1861\">\n<li data-start=\"1749\" data-end=\"1781\">\n<p data-start=\"1751\" data-end=\"1781\">Vikt: 1 110 g\/par (UK 8).<\/p>\n<\/li>\n<li data-start=\"1782\" data-end=\"1861\">\n<p data-start=\"1784\" data-end=\"1861\">Skafth\u00f6jd: Mid-cut, ger en optimal balans mellan st\u00f6d och r\u00f6rlighet.<\/p>\n<\/li>\n<\/ul>\n<p data-start=\"1863\" data-end=\"1879\"><strong data-start=\"1863\" data-end=\"1877\">Material:<\/strong><\/p>\n<ul data-start=\"1880\" data-end=\"1982\">\n<li data-start=\"1880\" data-end=\"1911\">\n<p data-start=\"1882\" data-end=\"1911\">Ovandelsmaterial: 100 % nubuckl\u00e4der.<\/p>\n<\/li>\n<li data-start=\"1912\" data-end=\"1948\">\n<p data-start=\"1914\" data-end=\"1948\">Mellansula: 100 % polyuretan (PU).<\/p>\n<\/li>\n<li data-start=\"1949\" data-end=\"1982\">\n<p data-start=\"1951\" data-end=\"1982\">Yttersula: Vibram\u00ae EVO, gummi.<\/p>\n<\/li>\n<\/ul>\n<p data-start=\"1984\" data-end=\"2016\"><strong data-start=\"1984\" data-end=\"2014\">Funktioner och teknologier:<\/strong><\/p>\n<ul data-start=\"2017\" data-end=\"2207\" data-is-last-node=\"\" data-is-only-node=\"\">\n<li data-start=\"2017\" data-end=\"2076\">\n<p data-start=\"2019\" data-end=\"2076\">Gore-Tex\u00ae-membran f\u00f6r vattent\u00e4thet och andningsf\u00f6rm\u00e5ga.<\/p>\n<\/li>\n<li data-start=\"2077\" data-end=\"2118\">\n<p data-start=\"2079\" data-end=\"2118\">DuraPU\u00ae-mellansula f\u00f6r st\u00f6td\u00e4mpning.<\/p>\n<\/li>\n<li data-start=\"2119\" data-end=\"2164\">\n<p data-start=\"2121\" data-end=\"2164\">MONOWRAP\u00ae-konstruktion f\u00f6r extra st\u00f6d.<\/p>\n<\/li>\n<li data-start=\"2165\" data-end=\"2207\" data-is-last-node=\"\">\n<p data-start=\"2167\" data-end=\"2207\" data-is-last-node=\"\">7\/8 TPU-stabilisator f\u00f6r optimal r\u00f6relse.<\/p>\n<\/li>\n<\/ul>\n<\/div>\n<\/div>\n<\/div>\n<\/div>\n<div class=\"z-0 flex min-h-[46px] justify-start\"><\/div>\n<\/div>\n<\/div>\n<\/article>\n<\/div>\n<div class=\"pointer-events-none h-px w-px absolute bottom-0\" aria-hidden=\"true\" data-edge=\"true\"><\/div>\n","protected":false},"excerpt":{"rendered":"<p>Renegade GTX Mid \u2013 den perfekta vandringsk\u00e4ngan med ett legendariskt rykte STORLEKARNA \u00e4r UK-storlekar Renegade GTX Mid \u00e4r en av v\u00e4rldens mest popul\u00e4ra vandringsk\u00e4ngor \u2013 och det av goda sk\u00e4l. Den h\u00e4r modellen kombinerar suver\u00e4n passform, slitstyrka och komfort p\u00e5 ett s\u00e4tt som g\u00f6r den till en p\u00e5litlig f\u00f6ljeslagare f\u00f6r dagsturer s\u00e5v\u00e4l som l\u00e4ngre vandringar. [&#8230;]\n","protected":false},"featured_media":294894,"comment_status":"open","ping_status":"closed","template":"","meta":[],"product_brand":[],"product_cat":[2835],"product_tag":[],"class_list":{"0":"post-295012","1":"product","2":"type-product","3":"status-publish","4":"has-post-thumbnail","6":"product_cat-jaktkangor","7":"product_shipping_class-medium-sv","9":"first","10":"instock","11":"sale","12":"taxable","13":"shipping-taxable","14":"purchasable","15":"product-type-variable"},"composite_virtual":false,"composite_layout":"","composite_add_to_cart_form_location":"","composite_editable_in_cart":false,"composite_sold_individually_context":"","composite_shop_price_calc":"","composite_components":[],"composite_scenarios":[],"group_of_quantity":0,"min_quantity":0,"max_quantity":"","exclude_order_quantity_value_rules":"no","exclude_category_quantity_rules":"no","combine_variations":"no","exclude_global_add_ons":[],"addons":[],"_links":{"self":[{"href":"https:\/\/www.huntersfriend.eu\/sv\/wp-json\/wp\/v2\/product\/295012","targetHints":{"allow":["GET"]}}],"collection":[{"href":"https:\/\/www.huntersfriend.eu\/sv\/wp-json\/wp\/v2\/product"}],"about":[{"href":"https:\/\/www.huntersfriend.eu\/sv\/wp-json\/wp\/v2\/types\/product"}],"replies":[{"embeddable":true,"href":"https:\/\/www.huntersfriend.eu\/sv\/wp-json\/wp\/v2\/comments?post=295012"}],"wp:featuredmedia":[{"embeddable":true,"href":"https:\/\/www.huntersfriend.eu\/sv\/wp-json\/wp\/v2\/media\/294894"}],"wp:attachment":[{"href":"https:\/\/www.huntersfriend.eu\/sv\/wp-json\/wp\/v2\/media?parent=295012"}],"wp:term":[{"taxonomy":"product_brand","embeddable":true,"href":"https:\/\/www.huntersfriend.eu\/sv\/wp-json\/wp\/v2\/product_brand?post=295012"},{"taxonomy":"product_cat","embeddable":true,"href":"https:\/\/www.huntersfriend.eu\/sv\/wp-json\/wp\/v2\/product_cat?post=295012"},{"taxonomy":"product_tag","embeddable":true,"href":"https:\/\/www.huntersfriend.eu\/sv\/wp-json\/wp\/v2\/product_tag?post=295012"}],"curies":[{"name":"wp","href":"https:\/\/api.w.org\/{rel}","templated":true}]}}