{"id":294985,"date":"2026-02-25T09:42:14","date_gmt":"2026-02-25T07:42:14","guid":{"rendered":"https:\/\/www.huntersfriend.eu\/product\/sordin-sordin-supreme-t2-laderhorselskydd\/"},"modified":"2026-03-04T13:20:55","modified_gmt":"2026-03-04T11:20:55","slug":"sordin-sordin-supreme-t2-laderhorselskydd","status":"publish","type":"product","link":"https:\/\/www.huntersfriend.eu\/sv\/produkt\/sordin-sordin-supreme-t2-laderhorselskydd\/","title":{"rendered":"Sordin Sordin Supreme T2 l\u00e4derh\u00f6rselskydd"},"content":{"rendered":"<p data-start=\"0\" data-end=\"68\"><strong data-start=\"0\" data-end=\"68\">Sordin Supreme T2 l\u00e4derh\u00f6rselskydd \u2013 F\u00f6r kr\u00e4vande anv\u00e4ndning<\/strong><\/p>\n<p data-start=\"70\" data-end=\"624\">De <strong data-start=\"74\" data-end=\"95\">Sordin Supreme T2<\/strong> aktiva h\u00f6rselskydden \u00e4r specifikt utvecklade f\u00f6r milit\u00e4rt och polisi\u00e4rt bruk, d\u00e4r b\u00e5de utm\u00e4rkt skydd och p\u00e5litlig h\u00f6rself\u00f6rm\u00e5ga kr\u00e4vs under alla f\u00f6rh\u00e5llanden. Den l\u00e5gprofilerade designen m\u00f6jligg\u00f6r anv\u00e4ndning med gev\u00e4r, och l\u00e4derhuvudbandet f\u00f6rb\u00e4ttrar b\u00e5de komfort och h\u00e5llbarhet. Skydden reducerar skadliga ljudniv\u00e5er fr\u00e5n skott och andra h\u00f6ga ljud samtidigt som de till\u00e5ter viktiga omgivande ljud att passera naturligt \u2013 vilket m\u00f6jligg\u00f6r s\u00e4ker kommunikation, uppt\u00e4ckt av varningssignaler och situationsmedvetenhet.  <\/p>\n<p data-start=\"626\" data-end=\"1168\">Vattent\u00e4ta mikrofoner och h\u00f6gkvalitativa h\u00f6gtalare i b\u00e5da h\u00f6rselk\u00e5porna s\u00e4kerst\u00e4ller utm\u00e4rkt riktningsh\u00f6rsel och tydlig kommunikation \u00e4ven under extrema f\u00f6rh\u00e5llanden. Med Sordin Hear2 ljudprofiler kan anv\u00e4ndare v\u00e4lja mellan fyra olika l\u00e4gen: en allm\u00e4n taktisk inst\u00e4llning, den f\u00f6rst\u00e4rkande Dual-profilen f\u00f6r tysta milj\u00f6er, Comfort-l\u00e4get f\u00f6r bullriga omgivningar, eller det helt passiva Ambient Off-l\u00e4get. H\u00f6rselskydden st\u00f6der \u00e4ven Sordin T2 Flex Com CC kommunikationssystem, vilket m\u00f6jligg\u00f6r integration i kr\u00e4vande teamkommunikationsupps\u00e4ttningar.  <\/p>\n<hr data-start=\"1170\" data-end=\"1173\">\n<h3 data-start=\"1175\" data-end=\"1203\">Tekniska specifikationer<\/h3>\n<ul data-start=\"1205\" data-end=\"1941\">\n<li data-start=\"1205\" data-end=\"1258\">\n<p data-start=\"1207\" data-end=\"1258\">L\u00e5gprofilerad design, l\u00e4mplig f\u00f6r anv\u00e4ndning med gev\u00e4r<\/p>\n<\/li>\n<li data-start=\"1259\" data-end=\"1333\">\n<p data-start=\"1261\" data-end=\"1333\">Vattent\u00e4ta mikrofoner p\u00e5 b\u00e5da sidor f\u00f6r utm\u00e4rkt riktningsh\u00f6rsel<\/p>\n<\/li>\n<li data-start=\"1334\" data-end=\"1395\">\n<p data-start=\"1336\" data-end=\"1395\">Fyra ljudprofiler: Tactical, Dual, Comfort, Ambient Off<\/p>\n<\/li>\n<li data-start=\"1396\" data-end=\"1458\">\n<p data-start=\"1398\" data-end=\"1458\">L\u00e4ttanv\u00e4nda knappar, tv\u00e5 AUX 3,5 mm-portar (h\u00f6ger och v\u00e4nster)<\/p>\n<\/li>\n<li data-start=\"1459\" data-end=\"1539\">\n<p data-start=\"1461\" data-end=\"1539\">Tv\u00e5 h\u00f6gtalare i varje k\u00e5pa: en f\u00f6r omgivande ljud, en f\u00f6r radiokommunikation<\/p>\n<\/li>\n<li data-start=\"1540\" data-end=\"1608\">\n<p data-start=\"1542\" data-end=\"1608\">Radio- och kommunikationsfunktioner fungerar \u00e4ven utan batterier<\/p>\n<\/li>\n<li data-start=\"1609\" data-end=\"1711\">\n<p data-start=\"1611\" data-end=\"1711\">Vattenresistent konstruktion (upp till 2 m), elektronik inkapslad med lack- och polymerlager<\/p>\n<\/li>\n<li data-start=\"1712\" data-end=\"1773\">\n<p data-start=\"1714\" data-end=\"1773\">Automatisk avst\u00e4ngning efter 4 timmar, batterisparfunktion<\/p>\n<\/li>\n<li data-start=\"1774\" data-end=\"1857\">\n<p data-start=\"1776\" data-end=\"1857\">Batteri: 1 \u00d7 AA\/LR06 (ing\u00e5r) eller uppladdningsbart 14500 Li-ion-batteri (tillval)<\/p>\n<\/li>\n<li data-start=\"1858\" data-end=\"1906\">\n<p data-start=\"1860\" data-end=\"1906\">Batteritid: \u00f6ver 70 timmar vid normal volym<\/p>\n<\/li>\n<li data-start=\"1907\" data-end=\"1924\">\n<p data-start=\"1909\" data-end=\"1924\">Vikt: 308 g<\/p>\n<\/li>\n<li data-start=\"1925\" data-end=\"1941\">\n<p data-start=\"1927\" data-end=\"1941\">F\u00e4rg: Svart<\/p>\n<\/li>\n<\/ul>\n<p data-start=\"1943\" data-end=\"2006\"><strong data-start=\"1943\" data-end=\"2004\">Bullerd\u00e4mpningsv\u00e4rden (med Memory Foam t\u00e4tningsringar):<\/strong><\/p>\n<ul data-start=\"2007\" data-end=\"2061\">\n<li data-start=\"2007\" data-end=\"2031\">\n<p data-start=\"2009\" data-end=\"2031\">SNR 29 dB, NRR 23 dB<\/p>\n<\/li>\n<li data-start=\"2032\" data-end=\"2061\">\n<p data-start=\"2034\" data-end=\"2061\">H=32 dB, M=27 dB, L=20 dB<\/p>\n<\/li>\n<\/ul>\n<p data-start=\"2063\" data-end=\"2101\"><strong data-start=\"2063\" data-end=\"2099\">Dubbelt skydd (med \u00f6ronproppar):<\/strong><\/p>\n<ul data-start=\"2102\" data-end=\"2347\">\n<li data-start=\"2102\" data-end=\"2126\">\n<p data-start=\"2104\" data-end=\"2126\">SNR 40 dB, NRR 35 dB<\/p>\n<\/li>\n<li data-start=\"2127\" data-end=\"2156\">\n<p data-start=\"2129\" data-end=\"2156\">H=38 dB, M=38 dB, L=36 dB<\/p>\n<\/li>\n<li data-start=\"2158\" data-end=\"2201\">\n<p data-start=\"2160\" data-end=\"2201\">Driftstemperatur: \u201340 \u00b0C till +55 \u00b0C<\/p>\n<\/li>\n<li data-start=\"2202\" data-end=\"2271\">\n<p data-start=\"2204\" data-end=\"2271\">Certifieringar: EN 352-serien, MIL-STD-810H, EMC-MIL-STD-461G, CE<\/p>\n<\/li>\n<li data-start=\"2272\" data-end=\"2312\">\n<p data-start=\"2274\" data-end=\"2312\">Milj\u00f6direktiv: RoHS, WEEE<\/p>\n<\/li>\n<li data-start=\"2313\" data-end=\"2347\">\n<p data-start=\"2315\" data-end=\"2347\">Tillverkningsland: Sverige<\/p>\n<\/li>\n<\/ul>\n<p data-start=\"2349\" data-end=\"2826\" data-is-last-node=\"\" data-is-only-node=\"\">De <strong data-start=\"2353\" data-end=\"2374\">Sordin Supreme T2<\/strong> h\u00f6rselskydden erbjuder den perfekta kombinationen av skydd, anpassningsf\u00f6rm\u00e5ga och kommunikationsfunktioner. Deras modul\u00e4ra FLEX-design m\u00f6jligg\u00f6r flera monteringsalternativ, fr\u00e5n ett traditionellt huvudband till hj\u00e4lmf\u00e4sten, och ett brett utbud av tillbeh\u00f6r s\u00e4kerst\u00e4ller anpassning f\u00f6r att m\u00f6ta specifika behov. Detta g\u00f6r dem till en p\u00e5litlig och l\u00e5ngvarig l\u00f6sning f\u00f6r de mest kr\u00e4vande uppgifterna, d\u00e4r h\u00f6rselskydd och situationsmedvetenhet inte kan kompromissas.  <\/p>\n","protected":false},"excerpt":{"rendered":"<p>Sordin Supreme T2 l\u00e4derh\u00f6rselskydd \u2013 F\u00f6r kr\u00e4vande anv\u00e4ndning De Sordin Supreme T2 aktiva h\u00f6rselskydden \u00e4r specifikt utvecklade f\u00f6r milit\u00e4rt och polisi\u00e4rt bruk, d\u00e4r b\u00e5de utm\u00e4rkt skydd och p\u00e5litlig h\u00f6rself\u00f6rm\u00e5ga kr\u00e4vs under alla f\u00f6rh\u00e5llanden. Den l\u00e5gprofilerade designen m\u00f6jligg\u00f6r anv\u00e4ndning med gev\u00e4r, och l\u00e4derhuvudbandet f\u00f6rb\u00e4ttrar b\u00e5de komfort och h\u00e5llbarhet. Skydden reducerar skadliga ljudniv\u00e5er fr\u00e5n skott och andra [&#8230;]\n","protected":false},"featured_media":294605,"comment_status":"open","ping_status":"closed","template":"","meta":[],"product_brand":[],"product_cat":[2692],"product_tag":[],"class_list":{"0":"post-294985","1":"product","2":"type-product","3":"status-publish","4":"has-post-thumbnail","6":"product_cat-ogon-och-horselskydd","8":"first","9":"instock","10":"taxable","11":"shipping-taxable","12":"purchasable","13":"product-type-variable"},"composite_virtual":false,"composite_layout":"","composite_add_to_cart_form_location":"","composite_editable_in_cart":false,"composite_sold_individually_context":"","composite_shop_price_calc":"","composite_components":[],"composite_scenarios":[],"group_of_quantity":0,"min_quantity":0,"max_quantity":"","exclude_order_quantity_value_rules":"no","exclude_category_quantity_rules":"no","combine_variations":"no","exclude_global_add_ons":[],"addons":[],"_links":{"self":[{"href":"https:\/\/www.huntersfriend.eu\/sv\/wp-json\/wp\/v2\/product\/294985","targetHints":{"allow":["GET"]}}],"collection":[{"href":"https:\/\/www.huntersfriend.eu\/sv\/wp-json\/wp\/v2\/product"}],"about":[{"href":"https:\/\/www.huntersfriend.eu\/sv\/wp-json\/wp\/v2\/types\/product"}],"replies":[{"embeddable":true,"href":"https:\/\/www.huntersfriend.eu\/sv\/wp-json\/wp\/v2\/comments?post=294985"}],"wp:featuredmedia":[{"embeddable":true,"href":"https:\/\/www.huntersfriend.eu\/sv\/wp-json\/wp\/v2\/media\/294605"}],"wp:attachment":[{"href":"https:\/\/www.huntersfriend.eu\/sv\/wp-json\/wp\/v2\/media?parent=294985"}],"wp:term":[{"taxonomy":"product_brand","embeddable":true,"href":"https:\/\/www.huntersfriend.eu\/sv\/wp-json\/wp\/v2\/product_brand?post=294985"},{"taxonomy":"product_cat","embeddable":true,"href":"https:\/\/www.huntersfriend.eu\/sv\/wp-json\/wp\/v2\/product_cat?post=294985"},{"taxonomy":"product_tag","embeddable":true,"href":"https:\/\/www.huntersfriend.eu\/sv\/wp-json\/wp\/v2\/product_tag?post=294985"}],"curies":[{"name":"wp","href":"https:\/\/api.w.org\/{rel}","templated":true}]}}