{"id":294984,"date":"2026-02-25T08:58:21","date_gmt":"2026-02-25T06:58:21","guid":{"rendered":"https:\/\/www.huntersfriend.eu\/product\/jetboil-canister-stabilizer-2-0-gasbehallarstativ\/"},"modified":"2026-03-04T13:20:55","modified_gmt":"2026-03-04T11:20:55","slug":"jetboil-canister-stabilizer-2-0-gasbehallarstativ","status":"publish","type":"product","link":"https:\/\/www.huntersfriend.eu\/sv\/produkt\/jetboil-canister-stabilizer-2-0-gasbehallarstativ\/","title":{"rendered":"Jetboil Canister Stabilizer 2.0 gasbeh\u00e5llarstativ"},"content":{"rendered":"<div class=\"flex flex-col text-sm\">\n<article class=\"text-token-text-primary w-full focus:outline-none [--shadow-height:45px] has-data-writing-block:pointer-events-none has-data-writing-block:-mt-(--shadow-height) has-data-writing-block:pt-(--shadow-height) [&amp;:has([data-writing-block])&gt;*]:pointer-events-auto scroll-mt-[calc(var(--header-height)+min(200px,max(70px,20svh)))]\" dir=\"auto\" tabindex=\"-1\" data-turn-id=\"request-WEB:29430d18-0b38-4653-b49c-0333433d1bdb-2\" data-testid=\"conversation-turn-6\" data-scroll-anchor=\"true\" data-turn=\"assistant\">\n<div class=\"text-base my-auto mx-auto pb-10 [--thread-content-margin:--spacing(4)] @w-sm\/main:[--thread-content-margin:--spacing(6)] @w-lg\/main:[--thread-content-margin:--spacing(16)] px-(--thread-content-margin)\">\n<div class=\"[--thread-content-max-width:40rem] @w-lg\/main:[--thread-content-max-width:48rem] mx-auto max-w-(--thread-content-max-width) flex-1 group\/turn-messages focus-visible:outline-hidden relative flex w-full min-w-0 flex-col agent-turn\" tabindex=\"-1\">\n<div class=\"flex max-w-full flex-col grow\">\n<div class=\"min-h-8 text-message relative flex w-full flex-col items-end gap-2 text-start break-words whitespace-normal [.text-message+&amp;]:mt-1\" dir=\"auto\" data-message-author-role=\"assistant\" data-message-id=\"d1c7ba9e-2e83-4b7a-9804-d4ea2423695b\" data-message-model-slug=\"gpt-5-2\">\n<div class=\"flex w-full flex-col gap-1 empty:hidden first:pt-[1px]\">\n<div class=\"markdown prose dark:prose-invert w-full wrap-break-word light markdown-new-styling\">\n<p data-start=\"0\" data-end=\"120\">Ett hopf\u00e4llbart st\u00f6d som placeras under gasbeh\u00e5llaren till ditt campingk\u00f6k och g\u00f6r anv\u00e4ndningen s\u00e4krare och mer stabil.<\/p>\n<p data-start=\"122\" data-end=\"215\">Ny version som f\u00e5r plats smidigt i br\u00e4nnaren vid f\u00f6rvaring. Kompatibel med Jetboil-k\u00f6k. <\/p>\n<p data-start=\"217\" data-end=\"313\">Utformad f\u00f6r Jetboil JetPower-gasbeh\u00e5llare. Passar alla standardgaskassetter (100 g\u2013450 g). <\/p>\n<p data-start=\"315\" data-end=\"428\" data-is-last-node=\"\" data-is-only-node=\"\">Vikt: 30 g<br data-start=\"327\" data-end=\"330\">M\u00e5tt (packad): H\u00f6jd 15 mm, bredd 80 mm<br data-start=\"376\" data-end=\"379\">M\u00e5tt (utf\u00e4lld): H\u00f6jd 22 mm, bredd 190 mm<\/p>\n<\/div>\n<\/div>\n<\/div>\n<\/div>\n<div class=\"z-0 flex min-h-[46px] justify-start\"><\/div>\n<\/div>\n<\/div>\n<\/article>\n<\/div>\n<div class=\"pointer-events-none h-px w-px absolute bottom-0\" aria-hidden=\"true\" data-edge=\"true\"><\/div>\n","protected":false},"excerpt":{"rendered":"<p>Ett hopf\u00e4llbart st\u00f6d som placeras under gasbeh\u00e5llaren till ditt campingk\u00f6k och g\u00f6r anv\u00e4ndningen s\u00e4krare och mer stabil. Ny version som f\u00e5r plats smidigt i br\u00e4nnaren vid f\u00f6rvaring. Kompatibel med Jetboil-k\u00f6k. Utformad f\u00f6r Jetboil JetPower-gasbeh\u00e5llare. Passar alla standardgaskassetter (100 g\u2013450 g). Vikt: 30 gM\u00e5tt (packad): H\u00f6jd 15 mm, bredd 80 mmM\u00e5tt (utf\u00e4lld): H\u00f6jd 22 mm, bredd [&#8230;]\n","protected":false},"featured_media":294656,"comment_status":"open","ping_status":"closed","template":"","meta":[],"product_brand":[],"product_cat":[2567],"product_tag":[],"class_list":{"0":"post-294984","1":"product","2":"type-product","3":"status-publish","4":"has-post-thumbnail","6":"product_cat-campingtillbehor","8":"first","9":"instock","10":"taxable","11":"shipping-taxable","12":"purchasable","13":"product-type-simple"},"composite_virtual":false,"composite_layout":"","composite_add_to_cart_form_location":"","composite_editable_in_cart":false,"composite_sold_individually_context":"","composite_shop_price_calc":"","composite_components":[],"composite_scenarios":[],"group_of_quantity":0,"min_quantity":0,"max_quantity":"","exclude_order_quantity_value_rules":"no","exclude_category_quantity_rules":"no","combine_variations":"no","exclude_global_add_ons":[],"addons":[],"_links":{"self":[{"href":"https:\/\/www.huntersfriend.eu\/sv\/wp-json\/wp\/v2\/product\/294984","targetHints":{"allow":["GET"]}}],"collection":[{"href":"https:\/\/www.huntersfriend.eu\/sv\/wp-json\/wp\/v2\/product"}],"about":[{"href":"https:\/\/www.huntersfriend.eu\/sv\/wp-json\/wp\/v2\/types\/product"}],"replies":[{"embeddable":true,"href":"https:\/\/www.huntersfriend.eu\/sv\/wp-json\/wp\/v2\/comments?post=294984"}],"wp:featuredmedia":[{"embeddable":true,"href":"https:\/\/www.huntersfriend.eu\/sv\/wp-json\/wp\/v2\/media\/294656"}],"wp:attachment":[{"href":"https:\/\/www.huntersfriend.eu\/sv\/wp-json\/wp\/v2\/media?parent=294984"}],"wp:term":[{"taxonomy":"product_brand","embeddable":true,"href":"https:\/\/www.huntersfriend.eu\/sv\/wp-json\/wp\/v2\/product_brand?post=294984"},{"taxonomy":"product_cat","embeddable":true,"href":"https:\/\/www.huntersfriend.eu\/sv\/wp-json\/wp\/v2\/product_cat?post=294984"},{"taxonomy":"product_tag","embeddable":true,"href":"https:\/\/www.huntersfriend.eu\/sv\/wp-json\/wp\/v2\/product_tag?post=294984"}],"curies":[{"name":"wp","href":"https:\/\/api.w.org\/{rel}","templated":true}]}}