{"id":294980,"date":"2026-03-04T08:33:55","date_gmt":"2026-03-04T06:33:55","guid":{"rendered":"https:\/\/www.huntersfriend.eu\/product\/lucky-hd-mottagare-2-0-for-fjarrkontroll\/"},"modified":"2026-03-04T13:20:22","modified_gmt":"2026-03-04T11:20:22","slug":"lucky-hd-mottagare-2-0-for-fjarrkontroll","status":"publish","type":"product","link":"https:\/\/www.huntersfriend.eu\/sv\/produkt\/lucky-hd-mottagare-2-0-for-fjarrkontroll\/","title":{"rendered":"Lucky HD-mottagare 2.0 f\u00f6r fj\u00e4rrkontroll"},"content":{"rendered":"<p data-start=\"0\" data-end=\"284\">Lucky HD-mottagare 2.0 \u00e4r ett tillbeh\u00f6r till fj\u00e4rrkontrollsetet Lucky Duck HD 2.0. Mottagaren ansluts till Lucky Duck Robo Duck, varp\u00e5 du kan styra din Robo Duck med fj\u00e4rrkontrollen Lucky Duck HD 2.0. Varje Robo Duck som ska styras kr\u00e4ver en egen mottagare.  <\/p>\n<p data-start=\"286\" data-end=\"352\" data-is-last-node=\"\" data-is-only-node=\"\">Lucky HD-mottagare 2.0 \u00e4r endast kompatibel med produkter fr\u00e5n Lucky Duck.<\/p>\n","protected":false},"excerpt":{"rendered":"<p>Lucky HD-mottagare 2.0 \u00e4r ett tillbeh\u00f6r till fj\u00e4rrkontrollsetet Lucky Duck HD 2.0. Mottagaren ansluts till Lucky Duck Robo Duck, varp\u00e5 du kan styra din Robo Duck med fj\u00e4rrkontrollen Lucky Duck HD 2.0. Varje Robo Duck som ska styras kr\u00e4ver en egen mottagare. Lucky HD-mottagare 2.0 \u00e4r endast kompatibel med produkter fr\u00e5n Lucky Duck.<\/p>\n","protected":false},"featured_media":294886,"comment_status":"open","ping_status":"closed","template":"","meta":[],"product_brand":[],"product_cat":[2528],"product_tag":[],"class_list":{"0":"post-294980","1":"product","2":"type-product","3":"status-publish","4":"has-post-thumbnail","6":"product_cat-rorliga-lockfaglar","8":"first","9":"instock","10":"taxable","11":"shipping-taxable","12":"purchasable","13":"product-type-simple"},"composite_virtual":false,"composite_layout":"","composite_add_to_cart_form_location":"","composite_editable_in_cart":false,"composite_sold_individually_context":"","composite_shop_price_calc":"","composite_components":[],"composite_scenarios":[],"group_of_quantity":0,"min_quantity":0,"max_quantity":"","exclude_order_quantity_value_rules":"no","exclude_category_quantity_rules":"no","combine_variations":"no","exclude_global_add_ons":[],"addons":[],"_links":{"self":[{"href":"https:\/\/www.huntersfriend.eu\/sv\/wp-json\/wp\/v2\/product\/294980","targetHints":{"allow":["GET"]}}],"collection":[{"href":"https:\/\/www.huntersfriend.eu\/sv\/wp-json\/wp\/v2\/product"}],"about":[{"href":"https:\/\/www.huntersfriend.eu\/sv\/wp-json\/wp\/v2\/types\/product"}],"replies":[{"embeddable":true,"href":"https:\/\/www.huntersfriend.eu\/sv\/wp-json\/wp\/v2\/comments?post=294980"}],"wp:featuredmedia":[{"embeddable":true,"href":"https:\/\/www.huntersfriend.eu\/sv\/wp-json\/wp\/v2\/media\/294886"}],"wp:attachment":[{"href":"https:\/\/www.huntersfriend.eu\/sv\/wp-json\/wp\/v2\/media?parent=294980"}],"wp:term":[{"taxonomy":"product_brand","embeddable":true,"href":"https:\/\/www.huntersfriend.eu\/sv\/wp-json\/wp\/v2\/product_brand?post=294980"},{"taxonomy":"product_cat","embeddable":true,"href":"https:\/\/www.huntersfriend.eu\/sv\/wp-json\/wp\/v2\/product_cat?post=294980"},{"taxonomy":"product_tag","embeddable":true,"href":"https:\/\/www.huntersfriend.eu\/sv\/wp-json\/wp\/v2\/product_tag?post=294980"}],"curies":[{"name":"wp","href":"https:\/\/api.w.org\/{rel}","templated":true}]}}