{"id":294937,"date":"2026-03-04T08:35:44","date_gmt":"2026-03-04T06:35:44","guid":{"rendered":"https:\/\/www.huntersfriend.eu\/product\/shocq-bow-digital-pro-vag\/"},"modified":"2026-03-04T13:18:12","modified_gmt":"2026-03-04T11:18:12","slug":"shocq-bow-digital-pro-vag","status":"publish","type":"product","link":"https:\/\/www.huntersfriend.eu\/sv\/produkt\/shocq-bow-digital-pro-vag\/","title":{"rendered":"Shocq Bow Digital Pro-v\u00e5g"},"content":{"rendered":"<p>Handh\u00e5llen digital pro-b\u00e5gv\u00e5g med LED-sk\u00e4rm, peak hold och let-off-visning. M\u00e4ter upp till 110 lbs och har ett ergonomiskt grepp.<\/p>\n<ul>\n<li>Handh\u00e5llen digital b\u00e5gv\u00e5g<\/li>\n<li>LED-display f\u00f6r tydliga avl\u00e4sningar<\/li>\n<li>Visning av let-off i procent<\/li>\n<li>M\u00e4ter upp till 110 lbs<\/li>\n<li>V\u00e4xla mellan kg\/lb<\/li>\n<li>Peak hold-funktion<\/li>\n<li>Indikatorer f\u00f6r \u00f6verbelastning och l\u00e5g batteriniv\u00e5<\/li>\n<li>Automatisk avst\u00e4ngning<\/li>\n<li>Ergonomiskt grepp<\/li>\n<\/ul>\n","protected":false},"excerpt":{"rendered":"<p>Handh\u00e5llen digital pro-b\u00e5gv\u00e5g med LED-sk\u00e4rm, peak hold och let-off-visning. M\u00e4ter upp till 110 lbs och har ett ergonomiskt grepp. Handh\u00e5llen digital b\u00e5gv\u00e5g LED-display f\u00f6r tydliga avl\u00e4sningar Visning av let-off i procent M\u00e4ter upp till 110 lbs V\u00e4xla mellan kg\/lb Peak hold-funktion Indikatorer f\u00f6r \u00f6verbelastning och l\u00e5g batteriniv\u00e5 Automatisk avst\u00e4ngning Ergonomiskt grepp<\/p>\n","protected":false},"featured_media":294874,"comment_status":"open","ping_status":"closed","template":"","meta":[],"product_brand":[],"product_cat":[2633,2631,2632],"product_tag":[],"class_list":{"0":"post-294937","1":"product","2":"type-product","3":"status-publish","4":"has-post-thumbnail","6":"product_cat-diverse-bagskytte","7":"product_cat-trimningsverktyg-bagskytte","8":"product_cat-vagar-och-kronografer","10":"first","11":"instock","12":"taxable","13":"shipping-taxable","14":"purchasable","15":"product-type-simple"},"composite_virtual":false,"composite_layout":"","composite_add_to_cart_form_location":"","composite_editable_in_cart":false,"composite_sold_individually_context":"","composite_shop_price_calc":"","composite_components":[],"composite_scenarios":[],"group_of_quantity":0,"min_quantity":0,"max_quantity":"","exclude_order_quantity_value_rules":"no","exclude_category_quantity_rules":"no","combine_variations":"no","exclude_global_add_ons":[],"addons":[],"_links":{"self":[{"href":"https:\/\/www.huntersfriend.eu\/sv\/wp-json\/wp\/v2\/product\/294937","targetHints":{"allow":["GET"]}}],"collection":[{"href":"https:\/\/www.huntersfriend.eu\/sv\/wp-json\/wp\/v2\/product"}],"about":[{"href":"https:\/\/www.huntersfriend.eu\/sv\/wp-json\/wp\/v2\/types\/product"}],"replies":[{"embeddable":true,"href":"https:\/\/www.huntersfriend.eu\/sv\/wp-json\/wp\/v2\/comments?post=294937"}],"wp:featuredmedia":[{"embeddable":true,"href":"https:\/\/www.huntersfriend.eu\/sv\/wp-json\/wp\/v2\/media\/294874"}],"wp:attachment":[{"href":"https:\/\/www.huntersfriend.eu\/sv\/wp-json\/wp\/v2\/media?parent=294937"}],"wp:term":[{"taxonomy":"product_brand","embeddable":true,"href":"https:\/\/www.huntersfriend.eu\/sv\/wp-json\/wp\/v2\/product_brand?post=294937"},{"taxonomy":"product_cat","embeddable":true,"href":"https:\/\/www.huntersfriend.eu\/sv\/wp-json\/wp\/v2\/product_cat?post=294937"},{"taxonomy":"product_tag","embeddable":true,"href":"https:\/\/www.huntersfriend.eu\/sv\/wp-json\/wp\/v2\/product_tag?post=294937"}],"curies":[{"name":"wp","href":"https:\/\/api.w.org\/{rel}","templated":true}]}}