{"id":294341,"date":"2026-01-14T15:20:58","date_gmt":"2026-01-14T13:20:58","guid":{"rendered":"https:\/\/www.huntersfriend.eu\/product\/alpen-optics-creston-xp-7x24-oled-avstandsmatare\/"},"modified":"2026-02-02T13:24:18","modified_gmt":"2026-02-02T11:24:18","slug":"alpen-optics-creston-xp-7x24-oled-avstandsmatare","status":"publish","type":"product","link":"https:\/\/www.huntersfriend.eu\/sv\/produkt\/alpen-optics-creston-xp-7x24-oled-avstandsmatare\/","title":{"rendered":"Alpen Optics Creston XP 7&#215;24 OLED avst\u00e5ndsm\u00e4tare"},"content":{"rendered":"<h1 id=\"description\">Funktioner<\/h1>\n<ul>\n<li>OLED-projicerad r\u00f6d avl\u00e4sning med justerbar ljusstyrka<\/li>\n<li>LOS- och HCD-skanningsl\u00e4gen<\/li>\n<li>Kompakt och konturerad design f\u00f6r b\u00e4sta passform och grepp<\/li>\n<li>7x f\u00f6rstoring med en 24 mm objektivlins<\/li>\n<li>H\u00e5rd m\u00e5l-m\u00e4tning upp till 2500 yards (1828 meter)<\/li>\n<li>Mjuk m\u00e5l-m\u00e4tning upp till 700 yards (640 meter)<\/li>\n<li>Riktmedlet kan d\u00e4mpas\/\u00f6ka ljusstyrkan till 6 olika niv\u00e5er f\u00f6r svagt ljus och ljusa f\u00f6rh\u00e5llanden<\/li>\n<li>V\u00e4lj mellan yards eller meter<\/li>\n<li>Vattent\u00e5lig IPX4-klassning<\/li>\n<li>Flerlagerbehandlad lins<\/li>\n<li>Fodral och snodd ing\u00e5r<\/li>\n<li>(1) CR2-batteri ing\u00e5r<\/li>\n<\/ul>\n","protected":false},"excerpt":{"rendered":"<p>Funktioner OLED-projicerad r\u00f6d avl\u00e4sning med justerbar ljusstyrka LOS- och HCD-skanningsl\u00e4gen Kompakt och konturerad design f\u00f6r b\u00e4sta passform och grepp 7x f\u00f6rstoring med en 24 mm objektivlins H\u00e5rd m\u00e5l-m\u00e4tning upp till 2500 yards (1828 meter) Mjuk m\u00e5l-m\u00e4tning upp till 700 yards (640 meter) Riktmedlet kan d\u00e4mpas\/\u00f6ka ljusstyrkan till 6 olika niv\u00e5er f\u00f6r svagt ljus och ljusa [&#8230;]\n","protected":false},"featured_media":294309,"comment_status":"open","ping_status":"closed","template":"","meta":[],"product_brand":[],"product_cat":[2829],"product_tag":[],"class_list":{"0":"post-294341","1":"product","2":"type-product","3":"status-publish","4":"has-post-thumbnail","6":"product_cat-avstandsmatare","8":"first","9":"instock","10":"taxable","11":"shipping-taxable","12":"purchasable","13":"product-type-simple"},"composite_virtual":false,"composite_layout":"","composite_add_to_cart_form_location":"","composite_editable_in_cart":false,"composite_sold_individually_context":"","composite_shop_price_calc":"","composite_components":[],"composite_scenarios":[],"group_of_quantity":0,"min_quantity":0,"max_quantity":"","exclude_order_quantity_value_rules":"no","exclude_category_quantity_rules":"no","combine_variations":"no","exclude_global_add_ons":[],"addons":[],"_links":{"self":[{"href":"https:\/\/www.huntersfriend.eu\/sv\/wp-json\/wp\/v2\/product\/294341","targetHints":{"allow":["GET"]}}],"collection":[{"href":"https:\/\/www.huntersfriend.eu\/sv\/wp-json\/wp\/v2\/product"}],"about":[{"href":"https:\/\/www.huntersfriend.eu\/sv\/wp-json\/wp\/v2\/types\/product"}],"replies":[{"embeddable":true,"href":"https:\/\/www.huntersfriend.eu\/sv\/wp-json\/wp\/v2\/comments?post=294341"}],"wp:featuredmedia":[{"embeddable":true,"href":"https:\/\/www.huntersfriend.eu\/sv\/wp-json\/wp\/v2\/media\/294309"}],"wp:attachment":[{"href":"https:\/\/www.huntersfriend.eu\/sv\/wp-json\/wp\/v2\/media?parent=294341"}],"wp:term":[{"taxonomy":"product_brand","embeddable":true,"href":"https:\/\/www.huntersfriend.eu\/sv\/wp-json\/wp\/v2\/product_brand?post=294341"},{"taxonomy":"product_cat","embeddable":true,"href":"https:\/\/www.huntersfriend.eu\/sv\/wp-json\/wp\/v2\/product_cat?post=294341"},{"taxonomy":"product_tag","embeddable":true,"href":"https:\/\/www.huntersfriend.eu\/sv\/wp-json\/wp\/v2\/product_tag?post=294341"}],"curies":[{"name":"wp","href":"https:\/\/api.w.org\/{rel}","templated":true}]}}