{"id":294323,"date":"2026-01-14T15:20:57","date_gmt":"2026-01-14T13:20:57","guid":{"rendered":"https:\/\/www.huntersfriend.eu\/product\/kamik-canuck-vinterkanga\/"},"modified":"2026-02-02T13:24:14","modified_gmt":"2026-02-02T11:24:14","slug":"kamik-canuck-vinterkanga","status":"publish","type":"product","link":"https:\/\/www.huntersfriend.eu\/sv\/produkt\/kamik-canuck-vinterkanga\/","title":{"rendered":"Kamik Canuck Vinterk\u00e4nga"},"content":{"rendered":"<p>Redo att er\u00f6vra vintern? Glid in i Canuck vinterk\u00e4ngor och l\u00e5t \u00e4ventyren b\u00f6rja! Tillverkade med en s\u00f6m-f\u00f6rseglad vattent\u00e4t nylon, en justerbar sn\u00f6krage och mellanfot med sn\u00f6rl\u00e5s, samt ett syntetiskt gummiskal, kommer dina f\u00f6tter att h\u00e5lla sig torra oavsett hur djupt sn\u00f6n ligger. Detta h\u00f6gpresterande par har Zylex\u00ae termisk isolering tillsammans med ett fukttransporterande foder som \u00e4r utformat f\u00f6r att h\u00e5lla dina f\u00f6tter varma, s\u00e5 att du kan fokusera p\u00e5 uppgiften och inte kylan under dig. Sn\u00f6storm? Inga problem: Djupa, sj\u00e4lvreng\u00f6rande m\u00f6nster ger \u00f6verl\u00e4gset grepp, s\u00e5 att du kan vandra s\u00e4kert i sn\u00f6iga f\u00f6rh\u00e5llanden.     <\/p>\n<ul>\n<li><strong>S\u00f6m-f\u00f6rseglad vattent\u00e4t 1000 denier nylon\u00f6verdel:<\/strong> Ett veganv\u00e4nligt och rivt\u00e5ligt material.<\/li>\n<li><strong>Justerbar sn\u00f6krage med sn\u00f6rl\u00e5s:<\/strong> H\u00e5ller sn\u00f6n ute.<\/li>\n<li><strong>8 mm Zylex\u00ae urtagbart foder (97 % \u00e5tervunnet material):<\/strong> Ger skydd mot kyla ner till -40 \u00b0C.<\/li>\n<li><strong>Fukttransporterande foder:<\/strong> H\u00e5ller f\u00f6tterna extra torra.<\/li>\n<li><strong>Justerbar sn\u00f6rning \u00f6ver mellanfoten med sn\u00f6rl\u00e5s:<\/strong> S\u00e5 att dina k\u00e4ngor sitter kvar oavsett aktivitet.<\/li>\n<li><strong>Vattent\u00e4tt och \u00e5tervinningsbart l\u00e4ttviktsskal i syntetiskt GROUND-CTRL Rubber\u2122:<\/strong> H\u00e5ller v\u00e4tan ute.<\/li>\n<li><strong>Yttersulan ger grepp i sn\u00f6iga f\u00f6rh\u00e5llanden.<\/strong><\/li>\n<li><strong>H\u00f6jd:<\/strong> 38,5 cm<\/li>\n<li><strong>Vikt:<\/strong> 1724 g per par<\/li>\n<li><strong>Omkrets:<\/strong> 42,5 cm (storlek 9)<\/li>\n<\/ul>\n<p>Matcha v\u00e5ra k\u00e4ngor med dina behov av v\u00e4rme beroende p\u00e5 dina aktivitetsniv\u00e5er och v\u00e4derf\u00f6rh\u00e5llanden.<\/p>\n<p>Alla material och s\u00f6mmar (synliga och osynliga) \u00e4r speciellt behandlade med vattent\u00e4ta tejper och t\u00e4tningsmedel f\u00f6r att blockera fukt och h\u00e5lla f\u00f6tterna helt torra.<\/p>\n<p>L\u00e4tt och stark, v\u00e5r egenutvecklade teknik erbjuder \u00f6verl\u00e4gset grepp och flexibilitet och \u00e4r 100 % \u00e5tervinningsbar.<\/p>\n<p>Urtagbara foder: S\u00e4kerst\u00e4ller optimal v\u00e4rme. H\u00e5llbara och tillverkade med upp till 100 % \u00e5tervunnet material. <\/p>\n","protected":false},"excerpt":{"rendered":"<p>Redo att er\u00f6vra vintern? Glid in i Canuck vinterk\u00e4ngor och l\u00e5t \u00e4ventyren b\u00f6rja! Tillverkade med en s\u00f6m-f\u00f6rseglad vattent\u00e4t nylon, en justerbar sn\u00f6krage och mellanfot med sn\u00f6rl\u00e5s, samt ett syntetiskt gummiskal, kommer dina f\u00f6tter att h\u00e5lla sig torra oavsett hur djupt sn\u00f6n ligger. Detta h\u00f6gpresterande par har Zylex\u00ae termisk isolering tillsammans med ett fukttransporterande foder som [&#8230;]\n","protected":false},"featured_media":294300,"comment_status":"open","ping_status":"closed","template":"","meta":[],"product_brand":[],"product_cat":[2666],"product_tag":[],"class_list":{"0":"post-294323","1":"product","2":"type-product","3":"status-publish","4":"has-post-thumbnail","6":"product_cat-vinterjaktkangor","8":"first","9":"instock","10":"taxable","11":"shipping-taxable","12":"purchasable","13":"product-type-variable"},"composite_virtual":false,"composite_layout":"","composite_add_to_cart_form_location":"","composite_editable_in_cart":false,"composite_sold_individually_context":"","composite_shop_price_calc":"","composite_components":[],"composite_scenarios":[],"group_of_quantity":0,"min_quantity":0,"max_quantity":"","exclude_order_quantity_value_rules":"no","exclude_category_quantity_rules":"no","combine_variations":"no","exclude_global_add_ons":[],"addons":[],"_links":{"self":[{"href":"https:\/\/www.huntersfriend.eu\/sv\/wp-json\/wp\/v2\/product\/294323","targetHints":{"allow":["GET"]}}],"collection":[{"href":"https:\/\/www.huntersfriend.eu\/sv\/wp-json\/wp\/v2\/product"}],"about":[{"href":"https:\/\/www.huntersfriend.eu\/sv\/wp-json\/wp\/v2\/types\/product"}],"replies":[{"embeddable":true,"href":"https:\/\/www.huntersfriend.eu\/sv\/wp-json\/wp\/v2\/comments?post=294323"}],"wp:featuredmedia":[{"embeddable":true,"href":"https:\/\/www.huntersfriend.eu\/sv\/wp-json\/wp\/v2\/media\/294300"}],"wp:attachment":[{"href":"https:\/\/www.huntersfriend.eu\/sv\/wp-json\/wp\/v2\/media?parent=294323"}],"wp:term":[{"taxonomy":"product_brand","embeddable":true,"href":"https:\/\/www.huntersfriend.eu\/sv\/wp-json\/wp\/v2\/product_brand?post=294323"},{"taxonomy":"product_cat","embeddable":true,"href":"https:\/\/www.huntersfriend.eu\/sv\/wp-json\/wp\/v2\/product_cat?post=294323"},{"taxonomy":"product_tag","embeddable":true,"href":"https:\/\/www.huntersfriend.eu\/sv\/wp-json\/wp\/v2\/product_tag?post=294323"}],"curies":[{"name":"wp","href":"https:\/\/api.w.org\/{rel}","templated":true}]}}