{"id":294281,"date":"2026-01-29T12:13:31","date_gmt":"2026-01-29T10:13:31","guid":{"rendered":"https:\/\/www.huntersfriend.eu\/product\/sitka-stratus-bib-2-0-elevated\/"},"modified":"2026-02-02T11:27:35","modified_gmt":"2026-02-02T09:27:35","slug":"sitka-stratus-bib-2-0-elevated","status":"publish","type":"product","link":"https:\/\/www.huntersfriend.eu\/sv\/produkt\/sitka-stratus-bib-2-0-elevated\/","title":{"rendered":"SITKA Stratus Bib 2.0 \u2013 Elevated"},"content":{"rendered":"<p data-start=\"0\" data-end=\"68\"><strong data-start=\"0\" data-end=\"68\">Sitka Stratus Bib 2.0 Insulated \u2013 Optifade Elevated II<\/strong><\/p>\n<p data-start=\"70\" data-end=\"576\">Sitka Stratus Bib 2.0 isolerade h\u00e4ngselbyxor levererar en h\u00f6gpresterande kombination av vindskydd, v\u00e4rme och praktisk anv\u00e4ndning \u2013 vilket g\u00f6r dem till en perfekt f\u00f6ljeslagare i kalla, bl\u00e5siga f\u00f6rh\u00e5llanden. Optifade Elevated II-kamouflaget hj\u00e4lper dig att sm\u00e4lta in i en m\u00e4ngd olika terr\u00e4nger, s\u00e4rskilt sn\u00f6iga milj\u00f6er, medan noggrant utvalda material f\u00f6rb\u00e4ttrar komforten och h\u00e5llbarheten. Stratus Bib 2.0 passar bra f\u00f6r b\u00e5de aktiv r\u00f6relse och passjakt, d\u00e4r r\u00f6rlighet, v\u00e4rme och tyst prestanda \u00e4r avg\u00f6rande.  <\/p>\n<p data-start=\"578\" data-end=\"1378\">Stratus Bib 2.0 h\u00e5ller j\u00e4mna steg i situationer d\u00e4r du v\u00e4xlar mellan r\u00f6relse och stillhet. De \u00e4r ett utm\u00e4rkt val som vinterutrustning f\u00f6r passjakt och fungerar s\u00e4rskilt bra f\u00f6r drevjakt och \u00e4lgjakt. WINDSTOPPER\u00ae-tekniken blockerar vindgenomtr\u00e4ngning, medan det borstade \u00e5tervunna polyestermaterialet och LMC-fleecefodret ger en tyst, mjuk och varm k\u00e4nsla. Det noppningsfria tyget p\u00e5 underbenen motst\u00e5r slitage och s\u00e4kerst\u00e4ller l\u00e5ngvarig h\u00e5llbarhet i omr\u00e5den med h\u00f6g n\u00f6tning. Flera fickl\u00f6sningar \u2013 som \u00f6ppna handfickor och l\u00e5rfickor med tryckknapp \u2013 m\u00f6jligg\u00f6r organiserad, tyst f\u00f6rvaring av utrustning. En dragkedja mitt fram och 7\/8-l\u00e5nga sidodragkedjor g\u00f6r det enkelt att ta p\u00e5 och av h\u00e4ngselbyxorna, \u00e4ven med st\u00f6vlar. Justerbara h\u00e4ngslen s\u00e4kerst\u00e4ller en s\u00e4ker, bekv\u00e4m passform vid lager-p\u00e5-lager-kl\u00e4dsel.      <\/p>\n<h3 data-start=\"1380\" data-end=\"1408\">Tekniska specifikationer<\/h3>\n<ul data-start=\"1409\" data-end=\"1991\">\n<li data-start=\"1409\" data-end=\"1471\">\n<p data-start=\"1411\" data-end=\"1471\"><strong data-start=\"1411\" data-end=\"1424\">Material:<\/strong> 100 % vindt\u00e4tt WINDSTOPPER\u00ae fr\u00e5n GORE-TEX LABS<\/p>\n<\/li>\n<li data-start=\"1472\" data-end=\"1546\">\n<p data-start=\"1474\" data-end=\"1546\"><strong data-start=\"1474\" data-end=\"1490\">Yttertyg:<\/strong> \u00c5tervunnen borstad polyester \u2013 tyst, mjukt och slitstarkt<\/p>\n<\/li>\n<li data-start=\"1547\" data-end=\"1605\">\n<p data-start=\"1549\" data-end=\"1605\"><strong data-start=\"1549\" data-end=\"1560\">Foder:<\/strong> \u00c5tervunnen LMC-fleece f\u00f6r l\u00e4tt v\u00e4rme<\/p>\n<\/li>\n<li data-start=\"1606\" data-end=\"1697\">\n<p data-start=\"1608\" data-end=\"1697\"><strong data-start=\"1608\" data-end=\"1629\">Nedre benpaneler:<\/strong> Noppningsfri \u00e5tervunnen polyester f\u00f6r \u00f6kad n\u00f6tningsbest\u00e4ndighet<\/p>\n<\/li>\n<li data-start=\"1698\" data-end=\"1769\">\n<p data-start=\"1700\" data-end=\"1769\"><strong data-start=\"1700\" data-end=\"1712\">Fickor:<\/strong> \u00d6ppna handfickor och tysta l\u00e5rfickor med tryckknapp<\/p>\n<\/li>\n<li data-start=\"1770\" data-end=\"1853\">\n<p data-start=\"1772\" data-end=\"1853\"><strong data-start=\"1772\" data-end=\"1784\">Dragkedjor:<\/strong> Dragkedja mitt fram plus 7\/8-l\u00e5nga sidodragkedjor f\u00f6r enkel p\u00e5kl\u00e4dning<\/p>\n<\/li>\n<li data-start=\"1854\" data-end=\"1929\">\n<p data-start=\"1856\" data-end=\"1929\"><strong data-start=\"1856\" data-end=\"1871\">H\u00e4ngslen:<\/strong> Justerbara h\u00e4ngslen f\u00f6r en anpassad, bekv\u00e4m passform<\/p>\n<\/li>\n<li data-start=\"1930\" data-end=\"1970\">\n<p data-start=\"1932\" data-end=\"1970\"><strong data-start=\"1932\" data-end=\"1947\">Kamouflage:<\/strong> Optifade Elevated II<\/p>\n<\/li>\n<li data-start=\"1971\" data-end=\"1991\">\n<p data-start=\"1973\" data-end=\"1991\"><strong data-start=\"1973\" data-end=\"1983\">Storlekar:<\/strong> M\u20132XL<\/p>\n<\/li>\n<\/ul>\n<h3 data-start=\"1993\" data-end=\"2027\">Varf\u00f6r v\u00e4lja Stratus Bib 2.0?<\/h3>\n<p data-start=\"2028\" data-end=\"2610\" data-is-last-node=\"\" data-is-only-node=\"\">Stratus Bib 2.0 isolerade h\u00e4ngselbyxor ger utm\u00e4rkt vindskydd kombinerat med v\u00e4rme och r\u00f6relsefrihet. WINDSTOPPER\u00ae-tekniken hindrar kall luft fr\u00e5n att tr\u00e4nga in, medan fleecefodret hj\u00e4lper till att reglera kroppsv\u00e4rmen. Tysta material och tryckknappar minimerar ljud ute i f\u00e4lt. Praktiska ficklayouter, dragkedjor med enkel \u00e5tkomst och justerbara h\u00e4ngslen g\u00f6r dessa h\u00e4ngselbyxor till ett mycket funktionellt val oavsett om du r\u00f6r dig i terr\u00e4ngen eller v\u00e4ntar p\u00e5 pass. Optifade Elevated II-kamouflaget s\u00e4kerst\u00e4ller effektiv visuell d\u00f6ljning i sn\u00f6iga och h\u00f6gl\u00e4nta skogsmilj\u00f6er.    <\/p>\n","protected":false},"excerpt":{"rendered":"<p>Sitka Stratus Bib 2.0 Insulated \u2013 Optifade Elevated II Sitka Stratus Bib 2.0 isolerade h\u00e4ngselbyxor levererar en h\u00f6gpresterande kombination av vindskydd, v\u00e4rme och praktisk anv\u00e4ndning \u2013 vilket g\u00f6r dem till en perfekt f\u00f6ljeslagare i kalla, bl\u00e5siga f\u00f6rh\u00e5llanden. Optifade Elevated II-kamouflaget hj\u00e4lper dig att sm\u00e4lta in i en m\u00e4ngd olika terr\u00e4nger, s\u00e4rskilt sn\u00f6iga milj\u00f6er, medan noggrant [&#8230;]\n","protected":false},"featured_media":294203,"comment_status":"open","ping_status":"closed","template":"","meta":[],"product_brand":[],"product_cat":[2814],"product_tag":[],"class_list":{"0":"post-294281","1":"product","2":"type-product","3":"status-publish","4":"has-post-thumbnail","6":"product_cat-byxor-sv","8":"first","9":"instock","10":"taxable","11":"shipping-taxable","12":"purchasable","13":"product-type-variable"},"composite_virtual":false,"composite_layout":"","composite_add_to_cart_form_location":"","composite_editable_in_cart":false,"composite_sold_individually_context":"","composite_shop_price_calc":"","composite_components":[],"composite_scenarios":[],"group_of_quantity":0,"min_quantity":0,"max_quantity":"","exclude_order_quantity_value_rules":"no","exclude_category_quantity_rules":"no","combine_variations":"no","exclude_global_add_ons":[],"addons":[],"_links":{"self":[{"href":"https:\/\/www.huntersfriend.eu\/sv\/wp-json\/wp\/v2\/product\/294281","targetHints":{"allow":["GET"]}}],"collection":[{"href":"https:\/\/www.huntersfriend.eu\/sv\/wp-json\/wp\/v2\/product"}],"about":[{"href":"https:\/\/www.huntersfriend.eu\/sv\/wp-json\/wp\/v2\/types\/product"}],"replies":[{"embeddable":true,"href":"https:\/\/www.huntersfriend.eu\/sv\/wp-json\/wp\/v2\/comments?post=294281"}],"wp:featuredmedia":[{"embeddable":true,"href":"https:\/\/www.huntersfriend.eu\/sv\/wp-json\/wp\/v2\/media\/294203"}],"wp:attachment":[{"href":"https:\/\/www.huntersfriend.eu\/sv\/wp-json\/wp\/v2\/media?parent=294281"}],"wp:term":[{"taxonomy":"product_brand","embeddable":true,"href":"https:\/\/www.huntersfriend.eu\/sv\/wp-json\/wp\/v2\/product_brand?post=294281"},{"taxonomy":"product_cat","embeddable":true,"href":"https:\/\/www.huntersfriend.eu\/sv\/wp-json\/wp\/v2\/product_cat?post=294281"},{"taxonomy":"product_tag","embeddable":true,"href":"https:\/\/www.huntersfriend.eu\/sv\/wp-json\/wp\/v2\/product_tag?post=294281"}],"curies":[{"name":"wp","href":"https:\/\/api.w.org\/{rel}","templated":true}]}}