{"id":294264,"date":"2026-01-29T12:13:29","date_gmt":"2026-01-29T10:13:29","guid":{"rendered":"https:\/\/www.huntersfriend.eu\/product\/sitka-jetstream-insulated-ws-mossa-elevated\/"},"modified":"2026-02-02T11:26:50","modified_gmt":"2026-02-02T09:26:50","slug":"sitka-jetstream-insulated-ws-mossa-elevated","status":"publish","type":"product","link":"https:\/\/www.huntersfriend.eu\/sv\/produkt\/sitka-jetstream-insulated-ws-mossa-elevated\/","title":{"rendered":"SITKA Jetstream Insulated WS M\u00f6ssa &#8211; Elevated"},"content":{"rendered":"<p data-start=\"0\" data-end=\"72\"><strong data-start=\"0\" data-end=\"72\">Sitka Jetstream Insulated WS M\u00f6ssa \u2013 Varm, mycket ventilerande m\u00f6ssa<\/strong><\/p>\n<p data-start=\"74\" data-end=\"581\">Sitka Jetstream Insulated WS M\u00f6ssa \u00e4r designad f\u00f6r att skydda ditt huvud fr\u00e5n vind och kyla utan att kompromissa med h\u00f6rsel eller komfort. Denna m\u00f6ssa \u00e4r ett idealiskt val f\u00f6r situationer d\u00e4r du r\u00f6r dig mellan varierande f\u00f6rh\u00e5llanden \u2013 som att sitta p\u00e5 pass eller f\u00f6rflytta dig genom terr\u00e4ng. Den presterar exceptionellt bra fr\u00e5n h\u00f6st till vinter, \u00e4ven i kallt v\u00e4der. F\u00e4rgalternativ inklusive Optifade Subalpine, Optifade Elevated II och Blaze Orange s\u00e4kerst\u00e4ller l\u00e4mplighet f\u00f6r olika terr\u00e4nger och jaktkrav.   <\/p>\n<h3 data-start=\"583\" data-end=\"606\">Anv\u00e4ndning och l\u00e4mplighet<\/h3>\n<p data-start=\"607\" data-end=\"1261\">Jetstream Insulated WS M\u00f6ssa \u00e4r byggd f\u00f6r att ge effektivt skydd mot vind och kyla samtidigt som funktionaliteten bibeh\u00e5lls. WINDSTOPPER\u00ae-membranet blockerar vindintr\u00e4ngning och avvisar l\u00e4tt fukt. Primaloft\u00ae Silver-isolering ger v\u00e4rme utan att g\u00f6ra m\u00f6ssan skrymmande eller tung. H\u00f6rseln \u00e4ventyras inte: \u00f6ronpanelerna har ljudgenomsl\u00e4ppligt material som g\u00f6r att du kan vara medveten om din omgivning. En stretchstickad panel baktill s\u00e4kerst\u00e4ller en \u00e5tsittande, bekv\u00e4m passform och f\u00f6rhindrar att m\u00f6ssan glider. M\u00f6ssan \u00e4r b\u00e4st l\u00e4mpad f\u00f6r svala h\u00f6stf\u00f6rh\u00e5llanden och tidig vinter; i extrem kyla kan den anv\u00e4ndas som en del av ett lagersystem.     <\/p>\n<ul data-start=\"1263\" data-end=\"1568\">\n<li data-start=\"1263\" data-end=\"1343\">\n<p data-start=\"1265\" data-end=\"1343\"><strong data-start=\"1265\" data-end=\"1287\">Optifade Subalpine<\/strong> sm\u00e4lter v\u00e4l in i t\u00e4t skogsterr\u00e4ng och undervegetation<\/p>\n<\/li>\n<li data-start=\"1344\" data-end=\"1479\">\n<p data-start=\"1346\" data-end=\"1479\"><strong data-start=\"1346\" data-end=\"1370\">Optifade Elevated II<\/strong> \u00e4r optimalt f\u00f6r mer \u00f6ppen terr\u00e4ng och upph\u00f6jda positioner, och presterar s\u00e4rskilt bra under vinterf\u00f6rh\u00e5llanden<\/p>\n<\/li>\n<li data-start=\"1480\" data-end=\"1568\">\n<p data-start=\"1482\" data-end=\"1568\"><strong data-start=\"1482\" data-end=\"1498\">Blaze Orange<\/strong> ger h\u00f6g synlighet f\u00f6r speciella situationer som gruppjakter<\/p>\n<\/li>\n<\/ul>\n<h3 data-start=\"1570\" data-end=\"1598\">Tekniska specifikationer<\/h3>\n<ul data-start=\"1599\" data-end=\"1888\" data-is-last-node=\"\" data-is-only-node=\"\">\n<li data-start=\"1599\" data-end=\"1688\">\n<p data-start=\"1601\" data-end=\"1688\"><strong data-start=\"1601\" data-end=\"1644\">WINDSTOPPER\u00ae by GORE-TEX Labs-membran:<\/strong> Vindt\u00e4tt och motst\u00e5ndskraftigt mot l\u00e4tt fukt<\/p>\n<\/li>\n<li data-start=\"1689\" data-end=\"1745\">\n<p data-start=\"1691\" data-end=\"1745\"><strong data-start=\"1691\" data-end=\"1724\">Primaloft\u00ae Silver-isolering:<\/strong> L\u00e4ttviktig v\u00e4rme<\/p>\n<\/li>\n<li data-start=\"1746\" data-end=\"1814\">\n<p data-start=\"1748\" data-end=\"1814\"><strong data-start=\"1748\" data-end=\"1779\">Ljudgenomsl\u00e4ppliga \u00f6ronpaneler:<\/strong> Bibeh\u00e5ller medvetenheten om omgivningen<\/p>\n<\/li>\n<li data-start=\"1815\" data-end=\"1888\" data-is-last-node=\"\">\n<p data-start=\"1817\" data-end=\"1888\" data-is-last-node=\"\"><strong data-start=\"1817\" data-end=\"1855\">\u00be-l\u00e4ngds stretchstickning baktill:<\/strong> F\u00f6rb\u00e4ttrar passform och \u00f6vergripande komfort<\/p>\n<\/li>\n<\/ul>\n","protected":false},"excerpt":{"rendered":"<p>Sitka Jetstream Insulated WS M\u00f6ssa \u2013 Varm, mycket ventilerande m\u00f6ssa Sitka Jetstream Insulated WS M\u00f6ssa \u00e4r designad f\u00f6r att skydda ditt huvud fr\u00e5n vind och kyla utan att kompromissa med h\u00f6rsel eller komfort. Denna m\u00f6ssa \u00e4r ett idealiskt val f\u00f6r situationer d\u00e4r du r\u00f6r dig mellan varierande f\u00f6rh\u00e5llanden \u2013 som att sitta p\u00e5 pass eller [&#8230;]\n","protected":false},"featured_media":294216,"comment_status":"open","ping_status":"closed","template":"","meta":[],"product_brand":[],"product_cat":[2716],"product_tag":[],"class_list":{"0":"post-294264","1":"product","2":"type-product","3":"status-publish","4":"has-post-thumbnail","6":"product_cat-hattar-och-huvudbonader","8":"first","9":"instock","10":"taxable","11":"shipping-taxable","12":"purchasable","13":"product-type-simple"},"composite_virtual":false,"composite_layout":"","composite_add_to_cart_form_location":"","composite_editable_in_cart":false,"composite_sold_individually_context":"","composite_shop_price_calc":"","composite_components":[],"composite_scenarios":[],"group_of_quantity":0,"min_quantity":0,"max_quantity":"","exclude_order_quantity_value_rules":"no","exclude_category_quantity_rules":"no","combine_variations":"no","exclude_global_add_ons":[],"addons":[],"_links":{"self":[{"href":"https:\/\/www.huntersfriend.eu\/sv\/wp-json\/wp\/v2\/product\/294264","targetHints":{"allow":["GET"]}}],"collection":[{"href":"https:\/\/www.huntersfriend.eu\/sv\/wp-json\/wp\/v2\/product"}],"about":[{"href":"https:\/\/www.huntersfriend.eu\/sv\/wp-json\/wp\/v2\/types\/product"}],"replies":[{"embeddable":true,"href":"https:\/\/www.huntersfriend.eu\/sv\/wp-json\/wp\/v2\/comments?post=294264"}],"wp:featuredmedia":[{"embeddable":true,"href":"https:\/\/www.huntersfriend.eu\/sv\/wp-json\/wp\/v2\/media\/294216"}],"wp:attachment":[{"href":"https:\/\/www.huntersfriend.eu\/sv\/wp-json\/wp\/v2\/media?parent=294264"}],"wp:term":[{"taxonomy":"product_brand","embeddable":true,"href":"https:\/\/www.huntersfriend.eu\/sv\/wp-json\/wp\/v2\/product_brand?post=294264"},{"taxonomy":"product_cat","embeddable":true,"href":"https:\/\/www.huntersfriend.eu\/sv\/wp-json\/wp\/v2\/product_cat?post=294264"},{"taxonomy":"product_tag","embeddable":true,"href":"https:\/\/www.huntersfriend.eu\/sv\/wp-json\/wp\/v2\/product_tag?post=294264"}],"curies":[{"name":"wp","href":"https:\/\/api.w.org\/{rel}","templated":true}]}}