{"id":294230,"date":"2026-01-29T12:13:47","date_gmt":"2026-01-29T10:13:47","guid":{"rendered":"https:\/\/www.huntersfriend.eu\/product\/sitka-fanatic-hoodie-for-dam-cover\/"},"modified":"2026-02-02T11:26:06","modified_gmt":"2026-02-02T09:26:06","slug":"sitka-fanatic-hoodie-for-dam-cover","status":"publish","type":"product","link":"https:\/\/www.huntersfriend.eu\/sv\/produkt\/sitka-fanatic-hoodie-for-dam-cover\/","title":{"rendered":"SITKA Fanatic Hoodie f\u00f6r dam \u2013 Cover"},"content":{"rendered":"<p data-start=\"0\" data-end=\"71\"><strong data-start=\"0\" data-end=\"71\">Sitka Fanatic Hoodie f\u00f6r dam \u2013 Skyddande och varm teknisk hoodie<\/strong><\/p>\n<p data-start=\"73\" data-end=\"665\">Sitka Fanatic Hoodie f\u00f6r dam \u00e4r en m\u00e5ngsidig, teknisk hoodie designad f\u00f6r kvinnor som vill kombinera komfort, funktionalitet och kamouflage i f\u00e4lt. Den \u00e4r konstruerad f\u00f6r att h\u00e5lla dig varm i svalare f\u00f6rh\u00e5llanden samtidigt som den erbjuder andningsf\u00f6rm\u00e5ga och r\u00f6relsefrihet under aktiv anv\u00e4ndning. Optifade Cover-kamouflaget sm\u00e4lter effektivt in i gr\u00f6n, t\u00e4t undervegetation och hj\u00e4lper till att h\u00e5lla dina r\u00f6relser obem\u00e4rkta. Huvan och det integrerade ansiktsskyddet ger extra skydd mot vind och insekter, medan den damspecifika sk\u00e4rningen s\u00e4kerst\u00e4ller en bekv\u00e4m, v\u00e4lsittande k\u00e4nsla \u00e4ven under l\u00e5nga dagar utomhus.   <\/p>\n<h3 data-start=\"667\" data-end=\"695\">Tekniska specifikationer<\/h3>\n<ul data-start=\"696\" data-end=\"1395\">\n<li data-start=\"696\" data-end=\"730\">\n<p data-start=\"698\" data-end=\"730\"><strong data-start=\"698\" data-end=\"713\">Kamouflage:<\/strong> Optifade Cover<\/p>\n<\/li>\n<li data-start=\"731\" data-end=\"749\">\n<p data-start=\"733\" data-end=\"749\"><strong data-start=\"733\" data-end=\"743\">Storlekar:<\/strong> S\u2013L<\/p>\n<\/li>\n<li data-start=\"750\" data-end=\"836\">\n<p data-start=\"752\" data-end=\"836\"><strong data-start=\"752\" data-end=\"770\">Kropp och huva:<\/strong> Kraftig Comfort Stretch Fleece (93 % polyester, 7 % elastan)<\/p>\n<\/li>\n<li data-start=\"837\" data-end=\"925\">\n<p data-start=\"839\" data-end=\"925\"><strong data-start=\"839\" data-end=\"857\">Ansiktsskydd:<\/strong> Snabbtorkande, l\u00e4ttvikts Stretch Mesh (88 % polyester, 12 % elastan)<\/p>\n<\/li>\n<li data-start=\"926\" data-end=\"1023\">\n<p data-start=\"928\" data-end=\"1023\"><strong data-start=\"928\" data-end=\"945\">Odor control:<\/strong> Polygiene\u00ae Odor Control Technology neutraliserar s\u00e4kert lukter orsakade av svett<\/p>\n<\/li>\n<li data-start=\"1024\" data-end=\"1105\">\n<p data-start=\"1026\" data-end=\"1105\"><strong data-start=\"1026\" data-end=\"1034\">Passform:<\/strong> Damspecifik passform med ledad m\u00f6nstring f\u00f6r \u00f6kad r\u00f6rlighet<\/p>\n<\/li>\n<li data-start=\"1106\" data-end=\"1220\">\n<p data-start=\"1108\" data-end=\"1220\"><strong data-start=\"1108\" data-end=\"1117\">Huva:<\/strong> \u00c5tsittande design som skyddar huvud och ansikte fr\u00e5n vind utan att begr\u00e4nsa synf\u00e4ltet<\/p>\n<\/li>\n<li data-start=\"1221\" data-end=\"1296\">\n<p data-start=\"1223\" data-end=\"1296\"><strong data-start=\"1223\" data-end=\"1233\">Muddar:<\/strong> Elastiska muddar h\u00e5ller \u00e4rmarna s\u00e4kert p\u00e5 plats under r\u00f6relse<\/p>\n<\/li>\n<li data-start=\"1297\" data-end=\"1395\">\n<p data-start=\"1299\" data-end=\"1395\"><strong data-start=\"1299\" data-end=\"1307\">Anv\u00e4ndning:<\/strong> L\u00e4mplig som ett frist\u00e5ende lager i svalt v\u00e4der eller som ett mellanlager i kallare f\u00f6rh\u00e5llanden<\/p>\n<\/li>\n<\/ul>\n<p data-start=\"1397\" data-end=\"1687\" data-is-last-node=\"\" data-is-only-node=\"\">Sitka Fanatic Hoodie f\u00f6r dam \u2013 Optifade Cover levererar en damspecifik passform, varma och flexibla material och luktkontrollteknik som h\u00e5ller din utrustning fr\u00e4schare l\u00e4ngre. Denna hoodie \u00e4r ett idealiskt val n\u00e4r du vill ha ett p\u00e5litligt plagg med l\u00e5g profil f\u00f6r jakt under hela s\u00e4songen. <\/p>\n","protected":false},"excerpt":{"rendered":"<p>Sitka Fanatic Hoodie f\u00f6r dam \u2013 Skyddande och varm teknisk hoodie Sitka Fanatic Hoodie f\u00f6r dam \u00e4r en m\u00e5ngsidig, teknisk hoodie designad f\u00f6r kvinnor som vill kombinera komfort, funktionalitet och kamouflage i f\u00e4lt. Den \u00e4r konstruerad f\u00f6r att h\u00e5lla dig varm i svalare f\u00f6rh\u00e5llanden samtidigt som den erbjuder andningsf\u00f6rm\u00e5ga och r\u00f6relsefrihet under aktiv anv\u00e4ndning. Optifade [&#8230;]\n","protected":false},"featured_media":294164,"comment_status":"open","ping_status":"closed","template":"","meta":[],"product_brand":[],"product_cat":[2710],"product_tag":[],"class_list":{"0":"post-294230","1":"product","2":"type-product","3":"status-publish","4":"has-post-thumbnail","6":"product_cat-jaktklader-for-dam","8":"first","9":"instock","10":"taxable","11":"shipping-taxable","12":"purchasable","13":"product-type-variable"},"composite_virtual":false,"composite_layout":"","composite_add_to_cart_form_location":"","composite_editable_in_cart":false,"composite_sold_individually_context":"","composite_shop_price_calc":"","composite_components":[],"composite_scenarios":[],"group_of_quantity":0,"min_quantity":0,"max_quantity":"","exclude_order_quantity_value_rules":"no","exclude_category_quantity_rules":"no","combine_variations":"no","exclude_global_add_ons":[],"addons":[],"_links":{"self":[{"href":"https:\/\/www.huntersfriend.eu\/sv\/wp-json\/wp\/v2\/product\/294230","targetHints":{"allow":["GET"]}}],"collection":[{"href":"https:\/\/www.huntersfriend.eu\/sv\/wp-json\/wp\/v2\/product"}],"about":[{"href":"https:\/\/www.huntersfriend.eu\/sv\/wp-json\/wp\/v2\/types\/product"}],"replies":[{"embeddable":true,"href":"https:\/\/www.huntersfriend.eu\/sv\/wp-json\/wp\/v2\/comments?post=294230"}],"wp:featuredmedia":[{"embeddable":true,"href":"https:\/\/www.huntersfriend.eu\/sv\/wp-json\/wp\/v2\/media\/294164"}],"wp:attachment":[{"href":"https:\/\/www.huntersfriend.eu\/sv\/wp-json\/wp\/v2\/media?parent=294230"}],"wp:term":[{"taxonomy":"product_brand","embeddable":true,"href":"https:\/\/www.huntersfriend.eu\/sv\/wp-json\/wp\/v2\/product_brand?post=294230"},{"taxonomy":"product_cat","embeddable":true,"href":"https:\/\/www.huntersfriend.eu\/sv\/wp-json\/wp\/v2\/product_cat?post=294230"},{"taxonomy":"product_tag","embeddable":true,"href":"https:\/\/www.huntersfriend.eu\/sv\/wp-json\/wp\/v2\/product_tag?post=294230"}],"curies":[{"name":"wp","href":"https:\/\/api.w.org\/{rel}","templated":true}]}}