{"id":294102,"date":"2025-11-19T10:43:49","date_gmt":"2025-11-19T08:43:49","guid":{"rendered":"https:\/\/www.huntersfriend.eu\/product\/sitka-downpour-jacka-cover\/"},"modified":"2026-01-30T14:35:50","modified_gmt":"2026-01-30T12:35:50","slug":"sitka-downpour-jacka-cover","status":"publish","type":"product","link":"https:\/\/www.huntersfriend.eu\/sv\/produkt\/sitka-downpour-jacka-cover\/","title":{"rendered":"SITKA Downpour-jacka \u2013 Cover"},"content":{"rendered":"<p>Downpour Jacket l\u00f6ser det urgamla problemet med bullriga regnkl\u00e4der. Ett 100 % vattent\u00e4tt och ventilerande 3-lagers GORE-TEX-tyg kombinerat med ett mjukt, persikof\u00e4rgat yttertyg h\u00e5ller dig fullst\u00e4ndigt tyst i tr\u00e4dst\u00e4llet. Whitetail-specifika funktioner inkluderar en vattent\u00e4t genomg\u00e5ngsport f\u00f6r sele som g\u00f6r att du kan b\u00e4ra jackan \u00f6ver en sele utan att p\u00e5verka huvan. Ventilationsdragkedjor under armarna ger f\u00f6rb\u00e4ttrad temperaturreglering under varmare tidiga s\u00e4songsstormar eller l\u00e4ngre vandringar till passet. Inga prasslande \u00e4rmar som bryter tystnaden, inga fuktiga baslager som avbryter turen \u2013 detta \u00e4r banbrytande design inbyggd i en av de viktigaste delarna av ditt system.    <\/p>\n<div class=\"feature_item\">Ventilerande 100 % vattent\u00e4tt GORE-TEX-tyg garanterar att du h\u00e5ller dig torr<\/div>\n<div class=\"feature_item\">GORE\u00ae C-Knit-baksida ger f\u00f6rb\u00e4ttrad passform och andningsf\u00f6rm\u00e5ga<\/div>\n<div class=\"feature_item\">Det persikof\u00e4rgade polyestertyget \u00e4r l\u00e4tt och extremt tyst<\/div>\n<div class=\"feature_item\">S\u00e4kerhetssele-genomf\u00f6ringen eliminerar behovet av att koppla bort selen n\u00e4r du l\u00e4gger till eller tar bort lager<\/div>\n<div class=\"feature_item\">Handfickor med dragkedja ger s\u00e4ker och l\u00e4ttillg\u00e4nglig f\u00f6rvaring n\u00e4r du b\u00e4r sele<\/div>\n<div class=\"feature_item\">Dragkedjor under armarna m\u00f6jligg\u00f6r b\u00e4ttre temperaturreglering under h\u00f6gintensiva perioder<\/div>\n<div class=\"feature_item\">Ficka med dragkedja f\u00f6r s\u00e4ker f\u00f6rvaring av telefon eller andra viktiga saker<\/div>\n<div class=\"feature_item\">Kardborreband vid handlederna h\u00e5ller vind och vatten ute<\/div>\n<div class=\"feature_item\">Konstruerad med h\u00e5llbart GORE\u00ae EPE-laminat<\/div>\n<div><\/div>\n<div>N\u00e4r vinden ligger r\u00e4tt ska gr\u00e5 himmel inte sakta ner dig. Vi har konstruerat Downpour-systemet utifr\u00e5n behoven hos j\u00e4gare som jagar vitsvanshjort, viktigast av allt behovet av att vara tyst. Branschledande vattent\u00e4tt material som andas tillhandah\u00e5lls av GORE-TEX f\u00f6r att s\u00e4kerst\u00e4lla att varje minut i passet \u00e4r torr. M\u00f6ten p\u00e5 n\u00e4ra h\u00e5ll med pilb\u00e5ge i l\u00f6vskogarna kan vara s\u00e4llsynta, s\u00e5 Downpour tillverkades f\u00f6r att vara fullst\u00e4ndigt tyst i tr\u00e4dkronorna medan du v\u00e4ntar p\u00e5 ljudet av steg nedifr\u00e5n.   <\/div>\n","protected":false},"excerpt":{"rendered":"<p>Downpour Jacket l\u00f6ser det urgamla problemet med bullriga regnkl\u00e4der. Ett 100 % vattent\u00e4tt och ventilerande 3-lagers GORE-TEX-tyg kombinerat med ett mjukt, persikof\u00e4rgat yttertyg h\u00e5ller dig fullst\u00e4ndigt tyst i tr\u00e4dst\u00e4llet. Whitetail-specifika funktioner inkluderar en vattent\u00e4t genomg\u00e5ngsport f\u00f6r sele som g\u00f6r att du kan b\u00e4ra jackan \u00f6ver en sele utan att p\u00e5verka huvan. Ventilationsdragkedjor under armarna ger [&#8230;]\n","protected":false},"featured_media":292275,"comment_status":"open","ping_status":"closed","template":"","meta":[],"product_brand":[],"product_cat":[2741],"product_tag":[],"class_list":{"0":"post-294102","1":"product","2":"type-product","3":"status-publish","4":"has-post-thumbnail","6":"product_cat-jackor","8":"first","9":"instock","10":"taxable","11":"shipping-taxable","12":"purchasable","13":"product-type-variable"},"composite_virtual":false,"composite_layout":"","composite_add_to_cart_form_location":"","composite_editable_in_cart":false,"composite_sold_individually_context":"","composite_shop_price_calc":"","composite_components":[],"composite_scenarios":[],"group_of_quantity":0,"min_quantity":0,"max_quantity":"","exclude_order_quantity_value_rules":"no","exclude_category_quantity_rules":"no","combine_variations":"no","exclude_global_add_ons":[],"addons":[],"_links":{"self":[{"href":"https:\/\/www.huntersfriend.eu\/sv\/wp-json\/wp\/v2\/product\/294102","targetHints":{"allow":["GET"]}}],"collection":[{"href":"https:\/\/www.huntersfriend.eu\/sv\/wp-json\/wp\/v2\/product"}],"about":[{"href":"https:\/\/www.huntersfriend.eu\/sv\/wp-json\/wp\/v2\/types\/product"}],"replies":[{"embeddable":true,"href":"https:\/\/www.huntersfriend.eu\/sv\/wp-json\/wp\/v2\/comments?post=294102"}],"wp:featuredmedia":[{"embeddable":true,"href":"https:\/\/www.huntersfriend.eu\/sv\/wp-json\/wp\/v2\/media\/292275"}],"wp:attachment":[{"href":"https:\/\/www.huntersfriend.eu\/sv\/wp-json\/wp\/v2\/media?parent=294102"}],"wp:term":[{"taxonomy":"product_brand","embeddable":true,"href":"https:\/\/www.huntersfriend.eu\/sv\/wp-json\/wp\/v2\/product_brand?post=294102"},{"taxonomy":"product_cat","embeddable":true,"href":"https:\/\/www.huntersfriend.eu\/sv\/wp-json\/wp\/v2\/product_cat?post=294102"},{"taxonomy":"product_tag","embeddable":true,"href":"https:\/\/www.huntersfriend.eu\/sv\/wp-json\/wp\/v2\/product_tag?post=294102"}],"curies":[{"name":"wp","href":"https:\/\/api.w.org\/{rel}","templated":true}]}}