{"id":294091,"date":"2025-11-13T14:35:01","date_gmt":"2025-11-13T12:35:01","guid":{"rendered":"https:\/\/www.huntersfriend.eu\/product\/sitka-back40-kanga-elevated\/"},"modified":"2026-04-01T22:18:28","modified_gmt":"2026-04-01T20:18:28","slug":"sitka-back40-kanga-elevated","status":"publish","type":"product","link":"https:\/\/www.huntersfriend.eu\/sv\/produkt\/sitka-back40-kanga-elevated\/","title":{"rendered":"SITKA Back40 K\u00e4nga \u2013 Elevated"},"content":{"rendered":"<p>Back40-st\u00f6veln omdefinierar prestandan hos h\u00f6ga st\u00f6vlar, fr\u00e5n f\u00f6rberedelser inf\u00f6r s\u00e4songen till sena jakter. Fr\u00e5n toppen av skaftet till botten av yttersulan \u00e4r denna st\u00f6vel konstruerad med komfort f\u00f6r hela dagen i varje aspekt av designen. 800 gram Thinsulate\u2122-isolering reglerar temperaturen under jakterna och uppgifterna du tar dig an. Den helt vattent\u00e4ta konstruktionen, de extra gummif\u00f6rst\u00e4rkningarna och en gummiyttersula med grepp f\u00f6r flera underlag skapar sinnebilden av p\u00e5litlig h\u00e5llbarhet.   <\/p>\n<div class=\"feature_item\">Den vattent\u00e4ta gummi- och neopren\u00f6verdelen \u00e4r zonalt gjuten f\u00f6r att ge extra komfort och skydd<\/div>\n<div class=\"feature_item\">Gjuten EVA-mellansula i full\u00e4ngd ger o\u00f6vertr\u00e4ffad komfort under foten<\/div>\n<div class=\"feature_item\">800 g Thinsulate\u2122-isoleringssystem ger temperaturreglering f\u00f6r alla \u00e5rstider<\/div>\n<div class=\"feature_item\">Gummiyttersula f\u00f6r flera underlag f\u00f6rst\u00e4rkt av v\u00e5rt egenutvecklade SITKA Apex Tread System f\u00f6r grepp p\u00e5 alla underlag<\/div>\n<div class=\"feature_item\">Egenutvecklad gjuten PU-fotb\u00e4dd \u00f6kar komforten under foten<\/div>\n<div class=\"feature_item\">Gummi\u00f6verdrag p\u00e5 h\u00e4l och t\u00e5 f\u00f6rst\u00e4rker h\u00e5llbarheten d\u00e4r du beh\u00f6ver det som mest<\/div>\n<div class=\"feature_item\">H\u00e4lkappa i gummi g\u00f6r det enkelt att ta av st\u00f6veln<\/div>\n<div class=\"feature_item\">Om du ligger mellan tv\u00e5 storlekar rekommenderar vi att du v\u00e4ljer den st\u00f6rre storleken<\/div>\n<div class=\"feature_item\">Komfortomr\u00e5de -29 \u00b0C till 4 \u00b0C<\/div>\n<div class=\"feature_item\">Storlek 43-st\u00f6vel ~ 46 cm h\u00f6jd, 44,7 cm vadomkrets<\/div>\n<div class=\"feature_item\">1205 g per st\u00f6vel (m\u00e4tt i storlek 43)<\/div>\n<div><\/div>\n<div>\n<div class=\"space-y-3\">\n<h5 class=\"typo-h5 text-neutral-900\">Storleksguide<\/h5>\n<table class=\"w-full table-fixed border-collapse\">\n<thead class=\"bg-grayscale-100\">\n<tr>\n<th class=\"px-2 py-3 border-3 border-grayscale-100\" align=\"center\">\n<h5 class=\"typo-h5\">K\u00e4ngstorlek<\/h5>\n<\/th>\n<th class=\"px-2 py-3 border-3 border-grayscale-100\" align=\"center\">\n<h5 class=\"typo-h5\">Herrskostorlek<\/h5>\n<\/th>\n<th class=\"px-2 py-3 border-3 border-grayscale-100\" align=\"center\">\n<h5 class=\"typo-h5\">Damskostorlek<\/h5>\n<\/th>\n<\/tr>\n<\/thead>\n<tbody>\n<tr>\n<td class=\"px-2 py-3 border-t border-grayscale-100\" align=\"center\" valign=\"middle\">\n<p class=\"typo-secondary\">4<\/p>\n<\/td>\n<td class=\"px-2 py-3 border-t border-grayscale-100\" align=\"center\" valign=\"middle\">\n<p class=\"typo-secondary\">4<\/p>\n<\/td>\n<td class=\"px-2 py-3 border-t border-grayscale-100\" align=\"center\" valign=\"middle\">\n<p class=\"typo-secondary\">5<\/p>\n<\/td>\n<\/tr>\n<tr>\n<td class=\"px-2 py-3 border-t border-grayscale-100\" align=\"center\" valign=\"middle\">\n<p class=\"typo-secondary\">5<\/p>\n<\/td>\n<td class=\"px-2 py-3 border-t border-grayscale-100\" align=\"center\" valign=\"middle\">\n<p class=\"typo-secondary\">5<\/p>\n<\/td>\n<td class=\"px-2 py-3 border-t border-grayscale-100\" align=\"center\" valign=\"middle\">\n<p class=\"typo-secondary\">6<\/p>\n<\/td>\n<\/tr>\n<tr>\n<td class=\"px-2 py-3 border-t border-grayscale-100\" align=\"center\" valign=\"middle\">\n<p class=\"typo-secondary\">6<\/p>\n<\/td>\n<td class=\"px-2 py-3 border-t border-grayscale-100\" align=\"center\" valign=\"middle\">\n<p class=\"typo-secondary\">6<\/p>\n<\/td>\n<td class=\"px-2 py-3 border-t border-grayscale-100\" align=\"center\" valign=\"middle\">\n<p class=\"typo-secondary\">7<\/p>\n<\/td>\n<\/tr>\n<tr>\n<td class=\"px-2 py-3 border-t border-grayscale-100\" align=\"center\" valign=\"middle\">\n<p class=\"typo-secondary\">7<\/p>\n<\/td>\n<td class=\"px-2 py-3 border-t border-grayscale-100\" align=\"center\" valign=\"middle\">\n<p class=\"typo-secondary\">7<\/p>\n<\/td>\n<td class=\"px-2 py-3 border-t border-grayscale-100\" align=\"center\" valign=\"middle\">\n<p class=\"typo-secondary\">8<\/p>\n<\/td>\n<\/tr>\n<tr>\n<td class=\"px-2 py-3 border-t border-grayscale-100\" align=\"center\" valign=\"middle\">\n<p class=\"typo-secondary\">8<\/p>\n<\/td>\n<td class=\"px-2 py-3 border-t border-grayscale-100\" align=\"center\" valign=\"middle\">\n<p class=\"typo-secondary\">8<\/p>\n<\/td>\n<td class=\"px-2 py-3 border-t border-grayscale-100\" align=\"center\" valign=\"middle\">\n<p class=\"typo-secondary\">9<\/p>\n<\/td>\n<\/tr>\n<tr>\n<td class=\"px-2 py-3 border-t border-grayscale-100\" align=\"center\" valign=\"middle\">\n<p class=\"typo-secondary\">9<\/p>\n<\/td>\n<td class=\"px-2 py-3 border-t border-grayscale-100\" align=\"center\" valign=\"middle\">\n<p class=\"typo-secondary\">9<\/p>\n<\/td>\n<td class=\"px-2 py-3 border-t border-grayscale-100\" align=\"center\" valign=\"middle\">\n<p class=\"typo-secondary\">10<\/p>\n<\/td>\n<\/tr>\n<tr>\n<td class=\"px-2 py-3 border-t border-grayscale-100\" align=\"center\" valign=\"middle\">\n<p class=\"typo-secondary\">10<\/p>\n<\/td>\n<td class=\"px-2 py-3 border-t border-grayscale-100\" align=\"center\" valign=\"middle\">\n<p class=\"typo-secondary\">10<\/p>\n<\/td>\n<td class=\"px-2 py-3 border-t border-grayscale-100\" align=\"center\" valign=\"middle\">\n<p class=\"typo-secondary\">11<\/p>\n<\/td>\n<\/tr>\n<tr>\n<td class=\"px-2 py-3 border-t border-grayscale-100\" align=\"center\" valign=\"middle\">\n<p class=\"typo-secondary\">11<\/p>\n<\/td>\n<td class=\"px-2 py-3 border-t border-grayscale-100\" align=\"center\" valign=\"middle\">\n<p class=\"typo-secondary\">11<\/p>\n<\/td>\n<td class=\"px-2 py-3 border-t border-grayscale-100\" align=\"center\" valign=\"middle\">\n<p class=\"typo-secondary\">12<\/p>\n<\/td>\n<\/tr>\n<tr>\n<td class=\"px-2 py-3 border-t border-grayscale-100\" align=\"center\" valign=\"middle\">\n<p class=\"typo-secondary\">12<\/p>\n<\/td>\n<td class=\"px-2 py-3 border-t border-grayscale-100\" align=\"center\" valign=\"middle\">\n<p class=\"typo-secondary\">12<\/p>\n<\/td>\n<td class=\"px-2 py-3 border-t border-grayscale-100\" align=\"center\" valign=\"middle\">\n<p class=\"typo-secondary\">13<\/p>\n<\/td>\n<\/tr>\n<tr>\n<td class=\"px-2 py-3 border-t border-grayscale-100\" align=\"center\" valign=\"middle\">\n<p class=\"typo-secondary\">13<\/p>\n<\/td>\n<td class=\"px-2 py-3 border-t border-grayscale-100\" align=\"center\" valign=\"middle\">\n<p class=\"typo-secondary\">13<\/p>\n<\/td>\n<td class=\"px-2 py-3 border-t border-grayscale-100\" align=\"center\" valign=\"middle\">\n<p class=\"typo-secondary\">14<\/p>\n<\/td>\n<\/tr>\n<tr>\n<td class=\"px-2 py-3 border-t border-grayscale-100\" align=\"center\" valign=\"middle\">\n<p class=\"typo-secondary\">14<\/p>\n<\/td>\n<td class=\"px-2 py-3 border-t border-grayscale-100\" align=\"center\" valign=\"middle\">\n<p class=\"typo-secondary\">14<\/p>\n<\/td>\n<td class=\"px-2 py-3 border-t border-grayscale-100\" align=\"center\" valign=\"middle\">\n<p class=\"typo-secondary\">15<\/p>\n<\/td>\n<\/tr>\n<\/tbody>\n<\/table>\n<\/div>\n<div class=\"space-y-3\">\n<h5 class=\"typo-h5 text-neutral-900\">Kragh\u00f6jd<\/h5>\n<table class=\"w-full table-fixed border-collapse\">\n<thead class=\"bg-grayscale-100\">\n<tr>\n<th class=\"px-2 py-3 border-3 border-grayscale-100\" align=\"center\">\n<h5 class=\"typo-h5\">Herrskostorlek<\/h5>\n<\/th>\n<th class=\"px-2 py-3 border-3 border-grayscale-100\" align=\"center\">\n<h5 class=\"typo-h5\">VentLite GTX<\/h5>\n<\/th>\n<th class=\"px-2 py-3 border-3 border-grayscale-100\" align=\"center\">\n<h5 class=\"typo-h5\">Back40 K\u00e4nga<\/h5>\n<\/th>\n<\/tr>\n<\/thead>\n<tbody>\n<tr>\n<td class=\"px-2 py-3 border-t border-grayscale-100\" align=\"center\" valign=\"middle\">\n<p class=\"typo-secondary\">10<\/p>\n<\/td>\n<td class=\"px-2 py-3 border-t border-grayscale-100\" align=\"center\" valign=\"middle\">\n<p class=\"typo-secondary\">18&#8243;<\/p>\n<\/td>\n<td class=\"px-2 py-3 border-t border-grayscale-100\" align=\"center\" valign=\"middle\">\n<p class=\"typo-secondary\">17,5&#8243;<\/p>\n<\/td>\n<\/tr>\n<\/tbody>\n<\/table>\n<\/div>\n<div class=\"space-y-3\">\n<h5 class=\"typo-h5 text-neutral-900\">Kragomkrets<\/h5>\n<table class=\"w-full table-fixed border-collapse\">\n<thead class=\"bg-grayscale-100\">\n<tr>\n<th class=\"px-2 py-3 border-3 border-grayscale-100\" align=\"center\">\n<h5 class=\"typo-h5\">Herrskostorlek<\/h5>\n<\/th>\n<th class=\"px-2 py-3 border-3 border-grayscale-100\" align=\"center\">\n<h5 class=\"typo-h5\">VentLite GTX (tum)<\/h5>\n<\/th>\n<th class=\"px-2 py-3 border-3 border-grayscale-100\" align=\"center\">\n<h5 class=\"typo-h5\">Back40 K\u00e4nga (tum)<\/h5>\n<\/th>\n<\/tr>\n<\/thead>\n<tbody>\n<tr>\n<td class=\"px-2 py-3 border-t border-grayscale-100\" align=\"center\" valign=\"middle\">\n<p class=\"typo-secondary\">6<\/p>\n<\/td>\n<td class=\"px-2 py-3 border-t border-grayscale-100\" align=\"center\" valign=\"middle\">\n<p class=\"typo-secondary\">16,1&#8243;<\/p>\n<\/td>\n<td class=\"px-2 py-3 border-t border-grayscale-100\" align=\"center\" valign=\"middle\">\n<p class=\"typo-secondary\">16,1&#8243;<\/p>\n<\/td>\n<\/tr>\n<tr>\n<td class=\"px-2 py-3 border-t border-grayscale-100\" align=\"center\" valign=\"middle\">\n<p class=\"typo-secondary\">7<\/p>\n<\/td>\n<td class=\"px-2 py-3 border-t border-grayscale-100\" align=\"center\" valign=\"middle\">\n<p class=\"typo-secondary\">16,5&#8243;<\/p>\n<\/td>\n<td class=\"px-2 py-3 border-t border-grayscale-100\" align=\"center\" valign=\"middle\">\n<p class=\"typo-secondary\">16,5&#8243;<\/p>\n<\/td>\n<\/tr>\n<tr>\n<td class=\"px-2 py-3 border-t border-grayscale-100\" align=\"center\" valign=\"middle\">\n<p class=\"typo-secondary\">8<\/p>\n<\/td>\n<td class=\"px-2 py-3 border-t border-grayscale-100\" align=\"center\" valign=\"middle\">\n<p class=\"typo-secondary\">17,0&#8243;<\/p>\n<\/td>\n<td class=\"px-2 py-3 border-t border-grayscale-100\" align=\"center\" valign=\"middle\">\n<p class=\"typo-secondary\">16,9&#8243;<\/p>\n<\/td>\n<\/tr>\n<tr>\n<td class=\"px-2 py-3 border-t border-grayscale-100\" align=\"center\" valign=\"middle\">\n<p class=\"typo-secondary\">9<\/p>\n<\/td>\n<td class=\"px-2 py-3 border-t border-grayscale-100\" align=\"center\" valign=\"middle\">\n<p class=\"typo-secondary\">17,6&#8243;<\/p>\n<\/td>\n<td class=\"px-2 py-3 border-t border-grayscale-100\" align=\"center\" valign=\"middle\">\n<p class=\"typo-secondary\">17,2&#8243;<\/p>\n<\/td>\n<\/tr>\n<tr>\n<td class=\"px-2 py-3 border-t border-grayscale-100\" align=\"center\" valign=\"middle\">\n<p class=\"typo-secondary\">10<\/p>\n<\/td>\n<td class=\"px-2 py-3 border-t border-grayscale-100\" align=\"center\" valign=\"middle\">\n<p class=\"typo-secondary\">18,1&#8243;<\/p>\n<\/td>\n<td class=\"px-2 py-3 border-t border-grayscale-100\" align=\"center\" valign=\"middle\">\n<p class=\"typo-secondary\">17,6&#8243;<\/p>\n<\/td>\n<\/tr>\n<tr>\n<td class=\"px-2 py-3 border-t border-grayscale-100\" align=\"center\" valign=\"middle\">\n<p class=\"typo-secondary\">11<\/p>\n<\/td>\n<td class=\"px-2 py-3 border-t border-grayscale-100\" align=\"center\" valign=\"middle\">\n<p class=\"typo-secondary\">18,6&#8243;<\/p>\n<\/td>\n<td class=\"px-2 py-3 border-t border-grayscale-100\" align=\"center\" valign=\"middle\">\n<p class=\"typo-secondary\">17,9&#8243;<\/p>\n<\/td>\n<\/tr>\n<tr>\n<td class=\"px-2 py-3 border-t border-grayscale-100\" align=\"center\" valign=\"middle\">\n<p class=\"typo-secondary\">12<\/p>\n<\/td>\n<td class=\"px-2 py-3 border-t border-grayscale-100\" align=\"center\" valign=\"middle\">\n<p class=\"typo-secondary\">19,2&#8243;<\/p>\n<\/td>\n<td class=\"px-2 py-3 border-t border-grayscale-100\" align=\"center\" valign=\"middle\">\n<p class=\"typo-secondary\">18,3&#8243;<\/p>\n<\/td>\n<\/tr>\n<tr>\n<td class=\"px-2 py-3 border-t border-grayscale-100\" align=\"center\" valign=\"middle\">\n<p class=\"typo-secondary\">13<\/p>\n<\/td>\n<td class=\"px-2 py-3 border-t border-grayscale-100\" align=\"center\" valign=\"middle\">\n<p class=\"typo-secondary\">19,7&#8243;<\/p>\n<\/td>\n<td class=\"px-2 py-3 border-t border-grayscale-100\" align=\"center\" valign=\"middle\">\n<p class=\"typo-secondary\">18,7&#8243;<\/p>\n<\/td>\n<\/tr>\n<tr>\n<td class=\"px-2 py-3 border-t border-grayscale-100\" align=\"center\" valign=\"middle\">\n<p class=\"typo-secondary\">14<\/p>\n<\/td>\n<td class=\"px-2 py-3 border-t border-grayscale-100\" align=\"center\" valign=\"middle\">\n<p class=\"typo-secondary\">20,2&#8243;<\/p>\n<\/td>\n<td class=\"px-2 py-3 border-t border-grayscale-100\" align=\"center\" valign=\"middle\">\n<p class=\"typo-secondary\">19,1&#8243;<\/p>\n<\/td>\n<\/tr>\n<\/tbody>\n<\/table>\n<\/div>\n<div class=\"space-y-3\">\n<h5 class=\"typo-h5 text-neutral-900\">Fotm\u00e5tt<\/h5>\n<table class=\"w-full table-fixed border-collapse\">\n<thead class=\"bg-grayscale-100\">\n<tr>\n<th class=\"px-2 py-3 border-3 border-grayscale-100\" align=\"center\">\n<h5 class=\"typo-h5\">Fotl\u00e4ngd i tum<\/h5>\n<\/th>\n<th class=\"px-2 py-3 border-3 border-grayscale-100\" align=\"center\">\n<h5 class=\"typo-h5\">Herrk\u00e4ngstorlek<\/h5>\n<\/th>\n<th class=\"px-2 py-3 border-3 border-grayscale-100\" align=\"center\">\n<h5 class=\"typo-h5\">Damk\u00e4ngstorlek<\/h5>\n<\/th>\n<\/tr>\n<\/thead>\n<tbody>\n<tr>\n<td class=\"px-2 py-3 border-t border-grayscale-100\" align=\"center\" valign=\"middle\">\n<p class=\"typo-secondary\">9 7\/8&#8243;<\/p>\n<\/td>\n<td class=\"px-2 py-3 border-t border-grayscale-100\" align=\"center\" valign=\"middle\">\n<p class=\"typo-secondary\">6<\/p>\n<\/td>\n<td class=\"px-2 py-3 border-t border-grayscale-100\" align=\"center\" valign=\"middle\">\n<p class=\"typo-secondary\">7<\/p>\n<\/td>\n<\/tr>\n<tr>\n<td class=\"px-2 py-3 border-t border-grayscale-100\" align=\"center\" valign=\"middle\">\n<p class=\"typo-secondary\">10 1\/4&#8243;<\/p>\n<\/td>\n<td class=\"px-2 py-3 border-t border-grayscale-100\" align=\"center\" valign=\"middle\">\n<p class=\"typo-secondary\">7<\/p>\n<\/td>\n<td class=\"px-2 py-3 border-t border-grayscale-100\" align=\"center\" valign=\"middle\">\n<p class=\"typo-secondary\">8<\/p>\n<\/td>\n<\/tr>\n<tr>\n<td class=\"px-2 py-3 border-t border-grayscale-100\" align=\"center\" valign=\"middle\">\n<p class=\"typo-secondary\">10 1\/2&#8243;<\/p>\n<\/td>\n<td class=\"px-2 py-3 border-t border-grayscale-100\" align=\"center\" valign=\"middle\">\n<p class=\"typo-secondary\">8<\/p>\n<\/td>\n<td class=\"px-2 py-3 border-t border-grayscale-100\" align=\"center\" valign=\"middle\">\n<p class=\"typo-secondary\">9<\/p>\n<\/td>\n<\/tr>\n<tr>\n<td class=\"px-2 py-3 border-t border-grayscale-100\" align=\"center\" valign=\"middle\">\n<p class=\"typo-secondary\">10 7\/8&#8243;<\/p>\n<\/td>\n<td class=\"px-2 py-3 border-t border-grayscale-100\" align=\"center\" valign=\"middle\">\n<p class=\"typo-secondary\">9<\/p>\n<\/td>\n<td class=\"px-2 py-3 border-t border-grayscale-100\" align=\"center\" valign=\"middle\">\n<p class=\"typo-secondary\">10<\/p>\n<\/td>\n<\/tr>\n<tr>\n<td class=\"px-2 py-3 border-t border-grayscale-100\" align=\"center\" valign=\"middle\">\n<p class=\"typo-secondary\">11 1\/4&#8243;<\/p>\n<\/td>\n<td class=\"px-2 py-3 border-t border-grayscale-100\" align=\"center\" valign=\"middle\">\n<p class=\"typo-secondary\">10<\/p>\n<\/td>\n<td class=\"px-2 py-3 border-t border-grayscale-100\" align=\"center\" valign=\"middle\">\n<p class=\"typo-secondary\">11<\/p>\n<\/td>\n<\/tr>\n<tr>\n<td class=\"px-2 py-3 border-t border-grayscale-100\" align=\"center\" valign=\"middle\">\n<p class=\"typo-secondary\">11 1\/2&#8243;<\/p>\n<\/td>\n<td class=\"px-2 py-3 border-t border-grayscale-100\" align=\"center\" valign=\"middle\">\n<p class=\"typo-secondary\">11<\/p>\n<\/td>\n<td class=\"px-2 py-3 border-t border-grayscale-100\" align=\"center\" valign=\"middle\">\n<p class=\"typo-secondary\">12<\/p>\n<\/td>\n<\/tr>\n<tr>\n<td class=\"px-2 py-3 border-t border-grayscale-100\" align=\"center\" valign=\"middle\">\n<p class=\"typo-secondary\">11 7\/8&#8243;<\/p>\n<\/td>\n<td class=\"px-2 py-3 border-t border-grayscale-100\" align=\"center\" valign=\"middle\">\n<p class=\"typo-secondary\">12<\/p>\n<\/td>\n<td class=\"px-2 py-3 border-t border-grayscale-100\" align=\"center\" valign=\"middle\">\n<p class=\"typo-secondary\">13<\/p>\n<\/td>\n<\/tr>\n<tr>\n<td class=\"px-2 py-3 border-t border-grayscale-100\" align=\"center\" valign=\"middle\">\n<p class=\"typo-secondary\">12 1\/4&#8243;<\/p>\n<\/td>\n<td class=\"px-2 py-3 border-t border-grayscale-100\" align=\"center\" valign=\"middle\">\n<p class=\"typo-secondary\">13<\/p>\n<\/td>\n<td class=\"px-2 py-3 border-t border-grayscale-100\" align=\"center\" valign=\"middle\">\n<p class=\"typo-secondary\">14<\/p>\n<\/td>\n<\/tr>\n<tr>\n<td class=\"px-2 py-3 border-t border-grayscale-100\" align=\"center\" valign=\"middle\">\n<p class=\"typo-secondary\">12 1\/2&#8243;<\/p>\n<\/td>\n<td class=\"px-2 py-3 border-t border-grayscale-100\" align=\"center\" valign=\"middle\">\n<p class=\"typo-secondary\">14<\/p>\n<\/td>\n<td class=\"px-2 py-3 border-t border-grayscale-100\" align=\"center\" valign=\"middle\">\n<p class=\"typo-secondary\">15<\/p>\n<\/td>\n<\/tr>\n<\/tbody>\n<\/table>\n<\/div>\n<\/div>\n","protected":false},"excerpt":{"rendered":"<p>Back40-st\u00f6veln omdefinierar prestandan hos h\u00f6ga st\u00f6vlar, fr\u00e5n f\u00f6rberedelser inf\u00f6r s\u00e4songen till sena jakter. Fr\u00e5n toppen av skaftet till botten av yttersulan \u00e4r denna st\u00f6vel konstruerad med komfort f\u00f6r hela dagen i varje aspekt av designen. 800 gram Thinsulate\u2122-isolering reglerar temperaturen under jakterna och uppgifterna du tar dig an. Den helt vattent\u00e4ta konstruktionen, de extra gummif\u00f6rst\u00e4rkningarna [&#8230;]\n","protected":false},"featured_media":292077,"comment_status":"open","ping_status":"closed","template":"","meta":[],"product_brand":[],"product_cat":[2679,2835],"product_tag":[],"class_list":{"0":"post-294091","1":"product","2":"type-product","3":"status-publish","4":"has-post-thumbnail","6":"product_cat-gummistovlar","7":"product_cat-jaktkangor","8":"product_shipping_class-medium-sv","10":"first","11":"instock","12":"featured","13":"taxable","14":"shipping-taxable","15":"purchasable","16":"product-type-variable"},"composite_virtual":false,"composite_layout":"","composite_add_to_cart_form_location":"","composite_editable_in_cart":false,"composite_sold_individually_context":"","composite_shop_price_calc":"","composite_components":[],"composite_scenarios":[],"group_of_quantity":0,"min_quantity":0,"max_quantity":"","exclude_order_quantity_value_rules":"no","exclude_category_quantity_rules":"no","combine_variations":"no","exclude_global_add_ons":[],"addons":[],"_links":{"self":[{"href":"https:\/\/www.huntersfriend.eu\/sv\/wp-json\/wp\/v2\/product\/294091","targetHints":{"allow":["GET"]}}],"collection":[{"href":"https:\/\/www.huntersfriend.eu\/sv\/wp-json\/wp\/v2\/product"}],"about":[{"href":"https:\/\/www.huntersfriend.eu\/sv\/wp-json\/wp\/v2\/types\/product"}],"replies":[{"embeddable":true,"href":"https:\/\/www.huntersfriend.eu\/sv\/wp-json\/wp\/v2\/comments?post=294091"}],"wp:featuredmedia":[{"embeddable":true,"href":"https:\/\/www.huntersfriend.eu\/sv\/wp-json\/wp\/v2\/media\/292077"}],"wp:attachment":[{"href":"https:\/\/www.huntersfriend.eu\/sv\/wp-json\/wp\/v2\/media?parent=294091"}],"wp:term":[{"taxonomy":"product_brand","embeddable":true,"href":"https:\/\/www.huntersfriend.eu\/sv\/wp-json\/wp\/v2\/product_brand?post=294091"},{"taxonomy":"product_cat","embeddable":true,"href":"https:\/\/www.huntersfriend.eu\/sv\/wp-json\/wp\/v2\/product_cat?post=294091"},{"taxonomy":"product_tag","embeddable":true,"href":"https:\/\/www.huntersfriend.eu\/sv\/wp-json\/wp\/v2\/product_tag?post=294091"}],"curies":[{"name":"wp","href":"https:\/\/api.w.org\/{rel}","templated":true}]}}