{"id":294086,"date":"2025-11-13T14:35:00","date_gmt":"2025-11-13T12:35:00","guid":{"rendered":"https:\/\/www.huntersfriend.eu\/product\/sitka-stratus-2-0-jacka-cover\/"},"modified":"2026-01-30T14:34:02","modified_gmt":"2026-01-30T12:34:02","slug":"sitka-stratus-2-0-jacka-cover","status":"publish","type":"product","link":"https:\/\/www.huntersfriend.eu\/sv\/produkt\/sitka-stratus-2-0-jacka-cover\/","title":{"rendered":"SITKA Stratus 2.0 Jacka \u2013 Cover"},"content":{"rendered":"<p>Stratus Jacka 2.0 \u00e4r tyst, vindt\u00e4t och anpassningsbar, och \u00e4r den kompletta l\u00f6sningen f\u00f6r jakt fr\u00e5n torn. Konstruerad med WINDSTOPPER\u00ae fr\u00e5n GORE-TEX Labs f\u00f6r att stoppa vinden, \u00e4r Stratus Jacka 2.0 bekv\u00e4m nog att b\u00e4ras ensam under det mildare v\u00e4dret mitt p\u00e5 s\u00e4songen eller med isolering under de kalla fronterna sent p\u00e5 s\u00e4songen. Vi kombinerade denna avancerade vindt\u00e4ta teknologi med ett borstat yttermaterial som ger en extremt tyst upplevelse n\u00e4r du drar en pilb\u00e5ge eller \u00e4ndrar din position, och den \u00e4r konstruerad med Constant-Connect s\u00e4kerhetsseleport f\u00f6r att s\u00e4kerst\u00e4lla att du alltid \u00e4r s\u00e4kert fastsp\u00e4nd i tornet. \u00c4ven om Stratus har varit en SITKA-grundpelare i flera \u00e5r, har den nya 2.0-designen ett uppgraderat ficksystem med avsedda fickor f\u00f6r avst\u00e5ndsm\u00e4tare och lockpipa f\u00f6r att h\u00e5lla dina viktigaste verktyg alltid redo. Finjusterad f\u00f6r att hantera de varierande f\u00f6rh\u00e5llanden som kommer med en l\u00e5ng s\u00e4song f\u00f6r vitsvanshjort, \u00e4r Stratus Jacka 2.0 den mest effektfulla delen av en hjortj\u00e4gares system.    <\/p>\n<ul class=\"jsx-1027194987 space-y-4 list-disc\">\n<li class=\"jsx-1027194987 remove-marker mt-[24px] md:mt-[60px]\">\n<div class=\"feature_item\">100 % vindt\u00e4t design med WINDSTOPPER\u00ae fr\u00e5n GORE-TEX LABS<\/div>\n<div class=\"feature_item\">Snabb\u00e5tkomlig h\u00e5llare f\u00f6r lockpipa med n\u00e4tbotten g\u00f6r att ljudet kan komma ut of\u00f6rvr\u00e4ngt<\/div>\n<div class=\"feature_item\">Extern ficka f\u00f6r avst\u00e5ndsm\u00e4tare med s\u00e4kerhets\u00f6gla m\u00f6jligg\u00f6r snabb \u00e5tkomst och enkel avst\u00e5ndsm\u00e4tning<\/div>\n<div class=\"feature_item\">Avtagbar huva med h\u00f6rselportar ger m\u00e5ngsidighet f\u00f6r att matcha v\u00e4dret utan att hindra vad du h\u00f6r<\/div>\n<div class=\"feature_item\">Br\u00f6st- och handfickor med dragkedja ger s\u00e4ker f\u00f6rvaring av viktiga saker<\/div>\n<div class=\"feature_item\">Constant-Connect s\u00e4kerhetssele-genomf\u00f6ringsport g\u00f6r att du kan vara s\u00e4kert fastsp\u00e4nd n\u00e4r du tar p\u00e5 eller av jackan<\/div>\n<div class=\"feature_item\">Borstat polyestermaterial \u00e4r tyst, mjukt och slitstarkt<\/div>\n<div class=\"feature_item\">Polyester LMC-fleecefoder ger l\u00e4tt v\u00e4rme<\/div>\n<\/li>\n<\/ul>\n","protected":false},"excerpt":{"rendered":"<p>Stratus Jacka 2.0 \u00e4r tyst, vindt\u00e4t och anpassningsbar, och \u00e4r den kompletta l\u00f6sningen f\u00f6r jakt fr\u00e5n torn. Konstruerad med WINDSTOPPER\u00ae fr\u00e5n GORE-TEX Labs f\u00f6r att stoppa vinden, \u00e4r Stratus Jacka 2.0 bekv\u00e4m nog att b\u00e4ras ensam under det mildare v\u00e4dret mitt p\u00e5 s\u00e4songen eller med isolering under de kalla fronterna sent p\u00e5 s\u00e4songen. Vi kombinerade [&#8230;]\n","protected":false},"featured_media":292090,"comment_status":"open","ping_status":"closed","template":"","meta":[],"product_brand":[],"product_cat":[2741],"product_tag":[],"class_list":{"0":"post-294086","1":"product","2":"type-product","3":"status-publish","4":"has-post-thumbnail","6":"product_cat-jackor","8":"first","9":"instock","10":"taxable","11":"shipping-taxable","12":"purchasable","13":"product-type-variable"},"composite_virtual":false,"composite_layout":"","composite_add_to_cart_form_location":"","composite_editable_in_cart":false,"composite_sold_individually_context":"","composite_shop_price_calc":"","composite_components":[],"composite_scenarios":[],"group_of_quantity":0,"min_quantity":0,"max_quantity":"","exclude_order_quantity_value_rules":"no","exclude_category_quantity_rules":"no","combine_variations":"no","exclude_global_add_ons":[],"addons":[],"_links":{"self":[{"href":"https:\/\/www.huntersfriend.eu\/sv\/wp-json\/wp\/v2\/product\/294086","targetHints":{"allow":["GET"]}}],"collection":[{"href":"https:\/\/www.huntersfriend.eu\/sv\/wp-json\/wp\/v2\/product"}],"about":[{"href":"https:\/\/www.huntersfriend.eu\/sv\/wp-json\/wp\/v2\/types\/product"}],"replies":[{"embeddable":true,"href":"https:\/\/www.huntersfriend.eu\/sv\/wp-json\/wp\/v2\/comments?post=294086"}],"wp:featuredmedia":[{"embeddable":true,"href":"https:\/\/www.huntersfriend.eu\/sv\/wp-json\/wp\/v2\/media\/292090"}],"wp:attachment":[{"href":"https:\/\/www.huntersfriend.eu\/sv\/wp-json\/wp\/v2\/media?parent=294086"}],"wp:term":[{"taxonomy":"product_brand","embeddable":true,"href":"https:\/\/www.huntersfriend.eu\/sv\/wp-json\/wp\/v2\/product_brand?post=294086"},{"taxonomy":"product_cat","embeddable":true,"href":"https:\/\/www.huntersfriend.eu\/sv\/wp-json\/wp\/v2\/product_cat?post=294086"},{"taxonomy":"product_tag","embeddable":true,"href":"https:\/\/www.huntersfriend.eu\/sv\/wp-json\/wp\/v2\/product_tag?post=294086"}],"curies":[{"name":"wp","href":"https:\/\/api.w.org\/{rel}","templated":true}]}}