{"id":294081,"date":"2025-11-13T14:34:59","date_gmt":"2025-11-13T12:34:59","guid":{"rendered":"https:\/\/www.huntersfriend.eu\/product\/sitka-stratus-bib-2-0-cover\/"},"modified":"2026-01-30T14:33:58","modified_gmt":"2026-01-30T12:33:58","slug":"sitka-stratus-bib-2-0-cover","status":"publish","type":"product","link":"https:\/\/www.huntersfriend.eu\/sv\/produkt\/sitka-stratus-bib-2-0-cover\/","title":{"rendered":"SITKA Stratus Bib 2.0 \u2013 Cover"},"content":{"rendered":"<p>Tysta, vindt\u00e4ta och anpassningsbara \u2013 Stratus Bib 2.0 \u00e4r den kompletta l\u00f6sningen f\u00f6r jakt fr\u00e5n tr\u00e4dstam. Konstruerade med WINDSTOPPER\u00ae fr\u00e5n GORE-TEX Labs f\u00f6r att stoppa vinden, \u00e4r Stratus Bib 2.0 bekv\u00e4ma nog att b\u00e4ras ensamma under det mildare v\u00e4dret mitt p\u00e5 s\u00e4songen eller med isolering under de kalla fronterna sent p\u00e5 s\u00e4songen. Vi kombinerade denna avancerade vindt\u00e4ta teknologi med ett noppningsfritt yttermaterial som inte bara \u00e4r extremt tyst utan ocks\u00e5 motst\u00e5r att plocka upp kardborrar n\u00e4r du \u00e4r i f\u00e4lt. De \u00e4r ocks\u00e5 utrustade med 7\/8-l\u00e5nga sidodragkedjor som l\u00e5ter dig snabbt ventilera benen under l\u00e5nga vandringar till passet och m\u00f6jligg\u00f6r enkel p\u00e5- och avtagning utan att beh\u00f6va ta av dig st\u00f6vlarna. Finjusterade f\u00f6r att hantera de varierande f\u00f6rh\u00e5llanden som kommer med en l\u00e5ng s\u00e4song f\u00f6r vitsvanshjort, \u00e4r Stratus Bib 2.0 den mest effektfulla delen av en hjortj\u00e4gares system.<\/p>\n<ul class=\"jsx-1027194987 space-y-4 list-disc\">\n<li class=\"jsx-1027194987 remove-marker mt-[24px] md:mt-[60px]\">\n<div class=\"feature_item\">100 % vindt\u00e4t design med WINDSTOPPER\u00ae fr\u00e5n GORE-TEX LABS<\/div>\n<div class=\"feature_item\">Noppningsfritt yttermaterial p\u00e5 underbenen \u00e4r slitstarkt och motst\u00e5ndskraftigt mot kardborrar<\/div>\n<div class=\"feature_item\">7\/8-l\u00e5nga sidodragkedjor l\u00e5ter dig ventilera benen under l\u00e5nga vandringar och erbjuder enkel p\u00e5- och avtagning utan att ta av dig st\u00f6vlarna<\/div>\n<div class=\"feature_item\">Tysta lastfickor med tryckknappar f\u00f6rvarar s\u00e4kert och ger tyst \u00e5tkomst till m\u00f6ssor, handskar och mindre utrustning<\/div>\n<div class=\"feature_item\">H\u00f6ga handfickor ger bekv\u00e4m handplacering<\/div>\n<div class=\"feature_item\">\u00d6ppna f\u00f6rvaringsfickor p\u00e5 l\u00e5ren ger snabb \u00e5tkomst till verktyg<\/div>\n<div class=\"feature_item\">Handfickdesign med en extra knivficka p\u00e5 h\u00f6ger sida<\/div>\n<div class=\"feature_item\">Borstat polyestermaterial \u00e4r tyst, mjukt och slitstarkt<\/div>\n<div class=\"feature_item\">Polyester LMC-fleecefoder ger l\u00e4tt v\u00e4rme<\/div>\n<div class=\"feature_item\">Str\u00f6mlinjeformad, justerbar upph\u00e4ngning eliminerar besv\u00e4rliga sp\u00e4nnen och erbjuder en l\u00e4ttanv\u00e4nd anpassad passform<\/div>\n<\/li>\n<\/ul>\n","protected":false},"excerpt":{"rendered":"<p>Tysta, vindt\u00e4ta och anpassningsbara \u2013 Stratus Bib 2.0 \u00e4r den kompletta l\u00f6sningen f\u00f6r jakt fr\u00e5n tr\u00e4dstam. Konstruerade med WINDSTOPPER\u00ae fr\u00e5n GORE-TEX Labs f\u00f6r att stoppa vinden, \u00e4r Stratus Bib 2.0 bekv\u00e4ma nog att b\u00e4ras ensamma under det mildare v\u00e4dret mitt p\u00e5 s\u00e4songen eller med isolering under de kalla fronterna sent p\u00e5 s\u00e4songen. Vi kombinerade denna [&#8230;]\n","protected":false},"featured_media":292112,"comment_status":"open","ping_status":"closed","template":"","meta":[],"product_brand":[],"product_cat":[2814],"product_tag":[],"class_list":{"0":"post-294081","1":"product","2":"type-product","3":"status-publish","4":"has-post-thumbnail","6":"product_cat-byxor-sv","8":"first","9":"instock","10":"taxable","11":"shipping-taxable","12":"purchasable","13":"product-type-variable"},"composite_virtual":false,"composite_layout":"","composite_add_to_cart_form_location":"","composite_editable_in_cart":false,"composite_sold_individually_context":"","composite_shop_price_calc":"","composite_components":[],"composite_scenarios":[],"group_of_quantity":0,"min_quantity":0,"max_quantity":"","exclude_order_quantity_value_rules":"no","exclude_category_quantity_rules":"no","combine_variations":"no","exclude_global_add_ons":[],"addons":[],"_links":{"self":[{"href":"https:\/\/www.huntersfriend.eu\/sv\/wp-json\/wp\/v2\/product\/294081","targetHints":{"allow":["GET"]}}],"collection":[{"href":"https:\/\/www.huntersfriend.eu\/sv\/wp-json\/wp\/v2\/product"}],"about":[{"href":"https:\/\/www.huntersfriend.eu\/sv\/wp-json\/wp\/v2\/types\/product"}],"replies":[{"embeddable":true,"href":"https:\/\/www.huntersfriend.eu\/sv\/wp-json\/wp\/v2\/comments?post=294081"}],"wp:featuredmedia":[{"embeddable":true,"href":"https:\/\/www.huntersfriend.eu\/sv\/wp-json\/wp\/v2\/media\/292112"}],"wp:attachment":[{"href":"https:\/\/www.huntersfriend.eu\/sv\/wp-json\/wp\/v2\/media?parent=294081"}],"wp:term":[{"taxonomy":"product_brand","embeddable":true,"href":"https:\/\/www.huntersfriend.eu\/sv\/wp-json\/wp\/v2\/product_brand?post=294081"},{"taxonomy":"product_cat","embeddable":true,"href":"https:\/\/www.huntersfriend.eu\/sv\/wp-json\/wp\/v2\/product_cat?post=294081"},{"taxonomy":"product_tag","embeddable":true,"href":"https:\/\/www.huntersfriend.eu\/sv\/wp-json\/wp\/v2\/product_tag?post=294081"}],"curies":[{"name":"wp","href":"https:\/\/api.w.org\/{rel}","templated":true}]}}