{"id":294080,"date":"2025-11-13T14:34:32","date_gmt":"2025-11-13T12:34:32","guid":{"rendered":"https:\/\/www.huntersfriend.eu\/product\/foxpro-bowfire-jaktlampa\/"},"modified":"2026-01-30T14:33:56","modified_gmt":"2026-01-30T12:33:56","slug":"foxpro-bowfire-jaktlampa","status":"publish","type":"product","link":"https:\/\/www.huntersfriend.eu\/sv\/produkt\/foxpro-bowfire-jaktlampa\/","title":{"rendered":"FoxPro Bowfire Jaktlampa"},"content":{"rendered":"<p data-start=\"39\" data-end=\"92\"><strong data-start=\"39\" data-end=\"92\">FOXPRO Bowfire \u2013 Avancerad belysning f\u00f6r b\u00e5gfiske och jakt<\/strong><\/p>\n<p data-start=\"94\" data-end=\"706\">FOXPRO Bowfire \u00e4r designad f\u00f6r att m\u00f6ta utmaningarna inom b\u00e5gfiske och g\u00f6ra upplevelsen mer anv\u00e4ndarv\u00e4nlig och effektiv. Dess innovativa och patenterade 3-f\u00e4rgs LED-teknik l\u00e5ter dig snabbt \u00e4ndra ljustonen utan att beh\u00f6va kr\u00e5ngliga modulbyten. V\u00e4xla enkelt mellan starkt, varmt eller kallt ljus beroende p\u00e5 vattnets klarhet eller grumlighet \u2013 enkelt genom att vrida p\u00e5 v\u00e4ljaren. Bowfire \u00e4r den perfekta f\u00f6ljeslagaren f\u00f6r b\u00e5gfiskare som vill optimera sin f\u00e5ngsteffektivitet i snabbt f\u00f6r\u00e4nderliga f\u00f6rh\u00e5llanden. V\u00e4lj Bowfire och njut av FOXPRO:s exceptionella kundsupport och f\u00f6rstklassiga teknik.    <\/p>\n<p data-start=\"708\" data-end=\"721\"><strong data-start=\"708\" data-end=\"721\">Funktioner:<\/strong><\/p>\n<ul data-start=\"723\" data-end=\"1569\">\n<li data-start=\"723\" data-end=\"832\">\n<p data-start=\"725\" data-end=\"832\"><strong data-start=\"725\" data-end=\"752\">3-f\u00e4rgs LED-teknik:<\/strong> Justera snabbt och enkelt ljustonen efter vattenf\u00f6rh\u00e5llandena.<\/p>\n<\/li>\n<li data-start=\"833\" data-end=\"954\">\n<p data-start=\"835\" data-end=\"954\"><strong data-start=\"835\" data-end=\"864\">M\u00e5ngsidiga belysningsl\u00e4gen:<\/strong> Anv\u00e4nd kontinuerlig belysning eller en momentan p\u00e5\/av-funktion, idealisk f\u00f6r ljusk\u00e4nslig fisk.<\/p>\n<\/li>\n<li data-start=\"955\" data-end=\"1045\">\n<p data-start=\"957\" data-end=\"1045\"><strong data-start=\"957\" data-end=\"978\">Dimningsfunktion:<\/strong> Justera ljusstyrkan perfekt f\u00f6r att matcha de omgivande f\u00f6rh\u00e5llandena.<\/p>\n<\/li>\n<li data-start=\"1046\" data-end=\"1207\">\n<p data-start=\"1048\" data-end=\"1207\"><strong data-start=\"1048\" data-end=\"1077\">Spot-till-Flood-justering:<\/strong> V\u00e4xla ljusk\u00e4glan fr\u00e5n en fokuserad spot till en bred flood f\u00f6r effektiv belysning b\u00e5de n\u00e4ra och fj\u00e4rran \u2013 oavsett om det \u00e4r p\u00e5 land eller i en b\u00e5t.<\/p>\n<\/li>\n<li data-start=\"1208\" data-end=\"1324\">\n<p data-start=\"1210\" data-end=\"1324\"><strong data-start=\"1210\" data-end=\"1235\">L\u00e5ngvarigt batteri:<\/strong> Inkluderar ett litiumjonbatteri med h\u00f6g kapacitet och laddare f\u00f6r l\u00e4ngre driftstider.<\/p>\n<\/li>\n<li data-start=\"1325\" data-end=\"1471\">\n<p data-start=\"1327\" data-end=\"1471\"><strong data-start=\"1327\" data-end=\"1352\">H\u00e5llbar och p\u00e5litlig:<\/strong> Levereras med 3 \u00e5rs LED-garanti och 1 \u00e5rs garanti p\u00e5 str\u00f6mbrytaren och tillbeh\u00f6r f\u00f6r l\u00e5ngsiktig prestanda.<\/p>\n<\/li>\n<li data-start=\"1472\" data-end=\"1569\">\n<p data-start=\"1474\" data-end=\"1569\"><strong data-start=\"1474\" data-end=\"1497\">M\u00e5ngsidig montering:<\/strong> Universellt b\u00e5gf\u00e4ste som \u00e4ven till\u00e5ter till\u00e4gg av en spinnrulle.<\/p>\n<\/li>\n<\/ul>\n","protected":false},"excerpt":{"rendered":"<p>FOXPRO Bowfire \u2013 Avancerad belysning f\u00f6r b\u00e5gfiske och jakt FOXPRO Bowfire \u00e4r designad f\u00f6r att m\u00f6ta utmaningarna inom b\u00e5gfiske och g\u00f6ra upplevelsen mer anv\u00e4ndarv\u00e4nlig och effektiv. Dess innovativa och patenterade 3-f\u00e4rgs LED-teknik l\u00e5ter dig snabbt \u00e4ndra ljustonen utan att beh\u00f6va kr\u00e5ngliga modulbyten. V\u00e4xla enkelt mellan starkt, varmt eller kallt ljus beroende p\u00e5 vattnets klarhet eller [&#8230;]\n","protected":false},"featured_media":292068,"comment_status":"open","ping_status":"closed","template":"","meta":[],"product_brand":[],"product_cat":[2910,2765,2525],"product_tag":[],"class_list":{"0":"post-294080","1":"product","2":"type-product","3":"status-publish","4":"has-post-thumbnail","6":"product_cat-delar-bagfiske","7":"product_cat-fyndlada-slutrea","8":"product_cat-jaktlampor","10":"first","11":"instock","12":"sale","13":"taxable","14":"shipping-taxable","15":"purchasable","16":"product-type-simple"},"composite_virtual":false,"composite_layout":"","composite_add_to_cart_form_location":"","composite_editable_in_cart":false,"composite_sold_individually_context":"","composite_shop_price_calc":"","composite_components":[],"composite_scenarios":[],"group_of_quantity":0,"min_quantity":0,"max_quantity":"","exclude_order_quantity_value_rules":"no","exclude_category_quantity_rules":"no","combine_variations":"no","exclude_global_add_ons":[],"addons":[],"_links":{"self":[{"href":"https:\/\/www.huntersfriend.eu\/sv\/wp-json\/wp\/v2\/product\/294080","targetHints":{"allow":["GET"]}}],"collection":[{"href":"https:\/\/www.huntersfriend.eu\/sv\/wp-json\/wp\/v2\/product"}],"about":[{"href":"https:\/\/www.huntersfriend.eu\/sv\/wp-json\/wp\/v2\/types\/product"}],"replies":[{"embeddable":true,"href":"https:\/\/www.huntersfriend.eu\/sv\/wp-json\/wp\/v2\/comments?post=294080"}],"wp:featuredmedia":[{"embeddable":true,"href":"https:\/\/www.huntersfriend.eu\/sv\/wp-json\/wp\/v2\/media\/292068"}],"wp:attachment":[{"href":"https:\/\/www.huntersfriend.eu\/sv\/wp-json\/wp\/v2\/media?parent=294080"}],"wp:term":[{"taxonomy":"product_brand","embeddable":true,"href":"https:\/\/www.huntersfriend.eu\/sv\/wp-json\/wp\/v2\/product_brand?post=294080"},{"taxonomy":"product_cat","embeddable":true,"href":"https:\/\/www.huntersfriend.eu\/sv\/wp-json\/wp\/v2\/product_cat?post=294080"},{"taxonomy":"product_tag","embeddable":true,"href":"https:\/\/www.huntersfriend.eu\/sv\/wp-json\/wp\/v2\/product_tag?post=294080"}],"curies":[{"name":"wp","href":"https:\/\/api.w.org\/{rel}","templated":true}]}}