{"id":294073,"date":"2026-01-29T12:13:45","date_gmt":"2026-01-29T10:13:45","guid":{"rendered":"https:\/\/www.huntersfriend.eu\/product\/sitka-verktygshink-skydd\/"},"modified":"2026-01-30T14:32:43","modified_gmt":"2026-01-30T12:32:43","slug":"sitka-verktygshink-skydd","status":"publish","type":"product","link":"https:\/\/www.huntersfriend.eu\/sv\/produkt\/sitka-verktygshink-skydd\/","title":{"rendered":"SITKA Verktygshink \u2013 Skydd"},"content":{"rendered":"<p data-start=\"0\" data-end=\"63\"><strong data-start=\"0\" data-end=\"63\">SITKA Verktygshink \u2013 en ryggs\u00e4ck med mycket praktiska detaljer<\/strong><\/p>\n<p data-start=\"65\" data-end=\"570\">Sitka Verktygshink \u00e4r en m\u00e5ngsidig ryggs\u00e4ck designad f\u00f6r att b\u00e4ra, organisera och h\u00e4nga all din viktiga utrustning \u2013 fr\u00e5n skogskanten till \u00f6ppna f\u00e4lt och tillbaka igen. Den h\u00e4r ryggs\u00e4cken \u00e4r byggd f\u00f6r att prestera fr\u00e5n gryning till skymning. Dess hinkliknande design g\u00f6r det enkelt att hitta din utrustning, medan m\u00e5nga fickor och interna fack h\u00e5ller allt organiserat och inom r\u00e4ckh\u00e5ll. Oavsett om du \u00e4r p\u00e5 skjutbanan, i ett g\u00f6msle eller tillbringar en hel dag utomhus, g\u00f6r den h\u00e4r ryggs\u00e4cken det enkelt och effektivt att utrusta dig.   <\/p>\n<h3 data-start=\"572\" data-end=\"600\">Tekniska specifikationer<\/h3>\n<ul data-start=\"601\" data-end=\"989\">\n<li data-start=\"601\" data-end=\"634\">\n<p data-start=\"603\" data-end=\"634\">Volym: ca 29,5 liter <\/p>\n<\/li>\n<li data-start=\"635\" data-end=\"690\">\n<p data-start=\"637\" data-end=\"690\">Antal fickor: 17 separata f\u00f6rvaringsfack<\/p>\n<\/li>\n<li data-start=\"691\" data-end=\"718\">\n<p data-start=\"693\" data-end=\"718\">Vikt: ca 1 420 g <\/p>\n<\/li>\n<li data-start=\"719\" data-end=\"777\">\n<p data-start=\"721\" data-end=\"777\">F\u00e4rgalternativ: Optifade Cover och Optifade Elevated II<\/p>\n<\/li>\n<li data-start=\"778\" data-end=\"989\">\n<p data-start=\"780\" data-end=\"989\">Material &amp; funktioner: vattenavvisande DWR-behandling, ventilerande meshpaneler, externa f\u00e4stpunkter och fickor f\u00f6r f\u00f6rem\u00e5l som flaska, kamera eller pilb\u00e5ge, plus ytterligare f\u00e4stpunkter f\u00f6r sm\u00e5 redskap<\/p>\n<\/li>\n<\/ul>\n<h3 data-start=\"991\" data-end=\"1047\">Optifade kamouflagem\u00f6nster och terr\u00e4ngl\u00e4mplighet<\/h3>\n<p data-start=\"1048\" data-end=\"1286\"><strong data-start=\"1048\" data-end=\"1067\">Optifade Cover:<\/strong><br data-start=\"1067\" data-end=\"1070\">Ett m\u00f6rkt, d\u00f6ljande m\u00f6nster som fungerar exceptionellt bra i skuggiga och t\u00e4ta skogsmilj\u00f6er. Perfekt f\u00f6r att sm\u00e4lta in i l\u00f6vverk, buskar och skogsterr\u00e4ng d\u00e4r det \u00e4r viktigt att minimera ljusstrimmor och skuggor. <\/p>\n<p data-start=\"1288\" data-end=\"1575\"><strong data-start=\"1288\" data-end=\"1313\">Optifade Elevated II:<\/strong><br data-start=\"1313\" data-end=\"1316\">Ett ljusare, mer brutet m\u00f6nster designat f\u00f6r \u00f6ppnare terr\u00e4ng, \u00e5sar, f\u00e4ltkanter och upph\u00f6jda omr\u00e5den. Ger en f\u00f6rdel i milj\u00f6er med starka kontraster mellan ljus och skugga eller begr\u00e4nsad h\u00f6g vegetation. Utm\u00e4rkt \u00e4ven f\u00f6r vinterf\u00f6rh\u00e5llanden.  <\/p>\n<h3 data-start=\"1577\" data-end=\"1615\">B\u00e4sta anv\u00e4ndningsomr\u00e5den f\u00f6r Verktygshinken<\/h3>\n<p data-start=\"1616\" data-end=\"2181\">Verktygshinken \u00e4r ett utm\u00e4rkt val n\u00e4r du beh\u00f6ver gener\u00f6s b\u00e4rkapacitet samtidigt som du h\u00e5ller din utrustning v\u00e4lorganiserad och l\u00e4ttillg\u00e4nglig. Den \u00e4r s\u00e4rskilt l\u00e4mplig f\u00f6r jaktdagar som kr\u00e4ver flera f\u00f6rem\u00e5l: lager av kl\u00e4der, mat och vatten, belysning, kamerautrustning, verktyg eller b\u00e5gskytteutrustning. Hinkdesignen g\u00f6r att ryggs\u00e4cken enkelt kan h\u00e4ngas eller s\u00e4kras s\u00e5 att din utrustning h\u00e5lls borta fr\u00e5n marken. Ryggs\u00e4cken \u00e4r ocks\u00e5 v\u00e4l l\u00e4mpad f\u00f6r vandring och allm\u00e4nt utomhusbruk n\u00e4r \u00f6ppen \u00e5tkomst, v\u00e4derskydd och starka f\u00e4st- och organiseringsalternativ \u00e4r viktiga.   <\/p>\n<h3 data-start=\"2183\" data-end=\"2195\">Kort sagt<\/h3>\n<p data-start=\"2196\" data-end=\"2650\" data-is-last-node=\"\" data-is-only-node=\"\">Sitka Verktygshink kombinerar stor kapacitet med genomt\u00e4nkt design f\u00f6r att h\u00e5lla din utrustning organiserad, transporten enkel och anv\u00e4ndningen smidig hela dagen. V\u00e4lj det m\u00f6nster som b\u00e4st matchar din terr\u00e4ng \u2013 m\u00f6rka Optifade Cover eller ljusare Elevated II \u2013 och du f\u00e5r en ryggs\u00e4ck som inte bara b\u00e4r utrustning, utan aktivt st\u00f6djer din jakt- eller utomhusupplevelse. N\u00e4r du beh\u00f6ver utrymme, organisation och f\u00f6rstklassig funktionalitet \u00e4r Verktygshinken ett p\u00e5litligt val.  <\/p>\n","protected":false},"excerpt":{"rendered":"<p>SITKA Verktygshink \u2013 en ryggs\u00e4ck med mycket praktiska detaljer Sitka Verktygshink \u00e4r en m\u00e5ngsidig ryggs\u00e4ck designad f\u00f6r att b\u00e4ra, organisera och h\u00e4nga all din viktiga utrustning \u2013 fr\u00e5n skogskanten till \u00f6ppna f\u00e4lt och tillbaka igen. Den h\u00e4r ryggs\u00e4cken \u00e4r byggd f\u00f6r att prestera fr\u00e5n gryning till skymning. Dess hinkliknande design g\u00f6r det enkelt att hitta [&#8230;]\n","protected":false},"featured_media":294010,"comment_status":"open","ping_status":"closed","template":"","meta":[],"product_brand":[],"product_cat":[2565],"product_tag":[],"class_list":{"0":"post-294073","1":"product","2":"type-product","3":"status-publish","4":"has-post-thumbnail","6":"product_cat-jaktryggsackar","8":"first","9":"instock","10":"taxable","11":"shipping-taxable","12":"purchasable","13":"product-type-simple"},"composite_virtual":false,"composite_layout":"","composite_add_to_cart_form_location":"","composite_editable_in_cart":false,"composite_sold_individually_context":"","composite_shop_price_calc":"","composite_components":[],"composite_scenarios":[],"group_of_quantity":0,"min_quantity":0,"max_quantity":"","exclude_order_quantity_value_rules":"no","exclude_category_quantity_rules":"no","combine_variations":"no","exclude_global_add_ons":[],"addons":[],"_links":{"self":[{"href":"https:\/\/www.huntersfriend.eu\/sv\/wp-json\/wp\/v2\/product\/294073","targetHints":{"allow":["GET"]}}],"collection":[{"href":"https:\/\/www.huntersfriend.eu\/sv\/wp-json\/wp\/v2\/product"}],"about":[{"href":"https:\/\/www.huntersfriend.eu\/sv\/wp-json\/wp\/v2\/types\/product"}],"replies":[{"embeddable":true,"href":"https:\/\/www.huntersfriend.eu\/sv\/wp-json\/wp\/v2\/comments?post=294073"}],"wp:featuredmedia":[{"embeddable":true,"href":"https:\/\/www.huntersfriend.eu\/sv\/wp-json\/wp\/v2\/media\/294010"}],"wp:attachment":[{"href":"https:\/\/www.huntersfriend.eu\/sv\/wp-json\/wp\/v2\/media?parent=294073"}],"wp:term":[{"taxonomy":"product_brand","embeddable":true,"href":"https:\/\/www.huntersfriend.eu\/sv\/wp-json\/wp\/v2\/product_brand?post=294073"},{"taxonomy":"product_cat","embeddable":true,"href":"https:\/\/www.huntersfriend.eu\/sv\/wp-json\/wp\/v2\/product_cat?post=294073"},{"taxonomy":"product_tag","embeddable":true,"href":"https:\/\/www.huntersfriend.eu\/sv\/wp-json\/wp\/v2\/product_tag?post=294073"}],"curies":[{"name":"wp","href":"https:\/\/api.w.org\/{rel}","templated":true}]}}